{"id":2577,"date":"2015-07-27T10:48:45","date_gmt":"2015-07-27T10:48:45","guid":{"rendered":"https:\/\/dermo.ultbit.com\/producto\/astroderm\/"},"modified":"2024-09-06T12:58:57","modified_gmt":"2024-09-06T10:58:57","slug":"astroderma","status":"publish","type":"product","link":"https:\/\/dermo.com\/pt\/catalogo\/astroderma\/","title":{"rendered":"Astroderm. Detergente l\u00edquido"},"content":{"rendered":"<p><strong>MODO DE EMPREGO:<\/strong><br \/>\nDosificar de 15 a 25 g de Astroderm por cada kg de roupa seca.<\/p>\n<p><strong>CARACTER\u00cdSTICAS T\u00c9CNICAS:<\/strong><br \/>\nAspecto: L\u00edquido.<br \/>\nCor: Azul.<br \/>\nCheiro: Jasmim.<br \/>\npH puro: 7,5 \u2013 8,5.<br \/>\nSolubilidade em agua: Soluble.<br \/>\nConcentra\u00e7\u00e3o em subst\u00e3ncia activa: 15 - 20%<\/p>\n<p><strong>PRESENTA\u00c7\u00c3O:<\/strong><br \/>\nJerrican pl\u00e1stico<\/p>\n<table>\n<tbody>\n<tr>\n<td>FORMATO<\/td>\n<td>\u00a0 \u00a0 \u00a0 \u00a05kg<\/td>\n<\/tr>\n<tr>\n<td>C\u00d3DIGO<\/td>\n<td>\u00a0 \u00a0001ASD05<\/td>\n<\/tr>\n<\/tbody>\n<\/table>","protected":false},"excerpt":{"rendered":"<h3>Astroderm<\/h3>\n<p class=\"Estndar\"><span lang=\"es\" xml:lang=\"es\">Detergente l\u00edquido para roupa branca, de espuma controlada, que pela sua formula\u00e7\u00e3o t\u00e9cnica, tanto pode ser usada em altas como em baixas temperaturas.\n\nElimina com facilidade as manchas mais rebeldes e cont\u00e9m branqueantes \u00f3pticos estabilizados.. Indicado para dosifica\u00e7ao automatica. N\u00e3o usar em prendas de l\u00e3 e seda.<\/span><\/p>\n<p class=\"Estndar\"><span lang=\"es\" xml:lang=\"es\">Remove facilmente as manchas mais dif\u00edceis e cont\u00e9m branqueadores \u00f3pticos estabilizados. Indicado para dosagem autom\u00e1tica. N\u00e3o use em roupas de l\u00e3 e seda.<\/span><\/p>","protected":false},"featured_media":2576,"template":"","meta":{"neve_meta_sidebar":"","neve_meta_container":"","neve_meta_enable_content_width":"off","neve_meta_content_width":100,"neve_meta_title_alignment":"","neve_meta_author_avatar":"","neve_post_elements_order":"","neve_meta_disable_header":"","neve_meta_disable_footer":"","neve_meta_disable_title":""},"product_brand":[],"product_cat":[391,369],"product_tag":[],"class_list":{"0":"post-2577","1":"product","2":"type-product","3":"status-publish","4":"has-post-thumbnail","6":"product_cat-detergente-liquido","7":"product_cat-lavanderia","9":"first","10":"instock","11":"shipping-taxable","12":"product-type-simple"},"yoast_head":"<!-- This site is optimized with the Yoast SEO plugin v27.0 - https:\/\/yoast.com\/product\/yoast-seo-wordpress\/ -->\n<title>Astroderm. Detergente l\u00edquido - Dermo | F\u00e1brica de detergentes<\/title>\n<meta name=\"robots\" content=\"index, follow, max-snippet:-1, max-image-preview:large, max-video-preview:-1\" \/>\n<link rel=\"canonical\" href=\"https:\/\/dermo.com\/pt\/catalogo\/astroderma\/\" \/>\n<meta property=\"og:locale\" content=\"pt_PT\" \/>\n<meta property=\"og:type\" content=\"article\" \/>\n<meta property=\"og:title\" content=\"Astroderm. Detergente l\u00edquido - Dermo | F\u00e1brica de detergentes\" \/>\n<meta property=\"og:description\" content=\"Astroderm Detergente l\u00edquido para ropa blanca, de espuma controlada, que por su tecnificada formulaci\u00f3n puede usarse tanto en altas como en bajas temperaturas. Elimina con facilidad las manchas mas rebeldes y contiene blanqueantes \u00f3pticos estabilizados. Indicado para dosificaci\u00f3n autom\u00e1tica. No usar en prendas de lana y seda.\" \/>\n<meta property=\"og:url\" content=\"https:\/\/dermo.com\/pt\/catalogo\/astroderma\/\" \/>\n<meta property=\"og:site_name\" content=\"Dermo | F\u00e1brica de detergentes\" \/>\n<meta property=\"article:modified_time\" content=\"2024-09-06T10:58:57+00:00\" \/>\n<meta property=\"og:image\" content=\"https:\/\/dermo.com\/wp-content\/uploads\/2015\/07\/63-Astroderm.-Detergente-liquido.jpg\" \/>\n\t<meta property=\"og:image:width\" content=\"768\" \/>\n\t<meta property=\"og:image:height\" content=\"853\" \/>\n\t<meta property=\"og:image:type\" content=\"image\/jpeg\" \/>\n<meta name=\"twitter:card\" content=\"summary_large_image\" \/>\n<meta name=\"twitter:label1\" content=\"Tempo estimado de leitura\" \/>\n\t<meta name=\"twitter:data1\" content=\"1 minuto\" \/>\n<script type=\"application\/ld+json\" class=\"yoast-schema-graph\">{\"@context\":\"https:\/\/schema.org\",\"@graph\":[{\"@type\":\"WebPage\",\"@id\":\"https:\/\/dermo.com\/catalogo\/astroderm\/\",\"url\":\"https:\/\/dermo.com\/catalogo\/astroderm\/\",\"name\":\"Astroderm. Detergente l\u00edquido - Dermo | F\u00e1brica de detergentes\",\"isPartOf\":{\"@id\":\"https:\/\/dermo.com\/#website\"},\"primaryImageOfPage\":{\"@id\":\"https:\/\/dermo.com\/catalogo\/astroderm\/#primaryimage\"},\"image\":{\"@id\":\"https:\/\/dermo.com\/catalogo\/astroderm\/#primaryimage\"},\"thumbnailUrl\":\"https:\/\/dermo.com\/wp-content\/uploads\/2015\/07\/63-Astroderm.-Detergente-liquido.jpg\",\"datePublished\":\"2015-07-27T10:48:45+00:00\",\"dateModified\":\"2024-09-06T10:58:57+00:00\",\"breadcrumb\":{\"@id\":\"https:\/\/dermo.com\/catalogo\/astroderm\/#breadcrumb\"},\"inLanguage\":\"pt-PT\",\"potentialAction\":[{\"@type\":\"ReadAction\",\"target\":[\"https:\/\/dermo.com\/catalogo\/astroderm\/\"]}]},{\"@type\":\"ImageObject\",\"inLanguage\":\"pt-PT\",\"@id\":\"https:\/\/dermo.com\/catalogo\/astroderm\/#primaryimage\",\"url\":\"https:\/\/dermo.com\/wp-content\/uploads\/2015\/07\/63-Astroderm.-Detergente-liquido.jpg\",\"contentUrl\":\"https:\/\/dermo.com\/wp-content\/uploads\/2015\/07\/63-Astroderm.-Detergente-liquido.jpg\",\"width\":768,\"height\":853,\"caption\":\"Astroderm. Detergente l\u00edquido\"},{\"@type\":\"BreadcrumbList\",\"@id\":\"https:\/\/dermo.com\/catalogo\/astroderm\/#breadcrumb\",\"itemListElement\":[{\"@type\":\"ListItem\",\"position\":1,\"name\":\"Portada\",\"item\":\"https:\/\/dermo.com\/\"},{\"@type\":\"ListItem\",\"position\":2,\"name\":\"Tienda\",\"item\":\"https:\/\/dermo.com\/tienda\/\"},{\"@type\":\"ListItem\",\"position\":3,\"name\":\"Astroderm. Detergente l\u00edquido\"}]},{\"@type\":\"WebSite\",\"@id\":\"https:\/\/dermo.com\/#website\",\"url\":\"https:\/\/dermo.com\/\",\"name\":\"Dermo | F\u00e1brica de detergentes\",\"description\":\"Tecnolog\u00eda avanzada, investigaci\u00f3n y desarrollo, respeto por el medio ambiente, competencia, formaci\u00f3n constante y alto nivel de profesionalidad en nuestro equipo humano, empe\u00f1ado en preservar la calidad de vida, la protecci\u00f3n del entorno natural contin\u00faan motiv\u00e1ndonos para desarrollar en nuestros laboratorios nuevos productos con ingredientes activos altamente biodegradables que hacen posible un desarrollo sostenible.\",\"potentialAction\":[{\"@type\":\"SearchAction\",\"target\":{\"@type\":\"EntryPoint\",\"urlTemplate\":\"https:\/\/dermo.com\/?s={search_term_string}\"},\"query-input\":{\"@type\":\"PropertyValueSpecification\",\"valueRequired\":true,\"valueName\":\"search_term_string\"}}],\"inLanguage\":\"pt-PT\"}]}<\/script>\n<!-- \/ Yoast SEO plugin. -->","yoast_head_json":{"title":"Astroderma. Detergente l\u00edquido - Dermo | f\u00e1brica de detergentes","robots":{"index":"index","follow":"follow","max-snippet":"max-snippet:-1","max-image-preview":"max-image-preview:large","max-video-preview":"max-video-preview:-1"},"canonical":"https:\/\/dermo.com\/pt\/catalogo\/astroderma\/","og_locale":"pt_PT","og_type":"article","og_title":"Astroderm. Detergente l\u00edquido - Dermo | F\u00e1brica de detergentes","og_description":"Astroderm Detergente l\u00edquido para ropa blanca, de espuma controlada, que por su tecnificada formulaci\u00f3n puede usarse tanto en altas como en bajas temperaturas. Elimina con facilidad las manchas mas rebeldes y contiene blanqueantes \u00f3pticos estabilizados. Indicado para dosificaci\u00f3n autom\u00e1tica. No usar en prendas de lana y seda.","og_url":"https:\/\/dermo.com\/pt\/catalogo\/astroderma\/","og_site_name":"Dermo | F\u00e1brica de detergentes","article_modified_time":"2024-09-06T10:58:57+00:00","og_image":[{"width":768,"height":853,"url":"https:\/\/dermo.com\/wp-content\/uploads\/2015\/07\/63-Astroderm.-Detergente-liquido.jpg","type":"image\/jpeg"}],"twitter_card":"summary_large_image","twitter_misc":{"Tempo estimado de leitura":"1 minuto"},"schema":{"@context":"https:\/\/schema.org","@graph":[{"@type":"WebPage","@id":"https:\/\/dermo.com\/catalogo\/astroderm\/","url":"https:\/\/dermo.com\/catalogo\/astroderm\/","name":"Astroderma. Detergente l\u00edquido - Dermo | f\u00e1brica de detergentes","isPartOf":{"@id":"https:\/\/dermo.com\/#website"},"primaryImageOfPage":{"@id":"https:\/\/dermo.com\/catalogo\/astroderm\/#primaryimage"},"image":{"@id":"https:\/\/dermo.com\/catalogo\/astroderm\/#primaryimage"},"thumbnailUrl":"https:\/\/dermo.com\/wp-content\/uploads\/2015\/07\/63-Astroderm.-Detergente-liquido.jpg","datePublished":"2015-07-27T10:48:45+00:00","dateModified":"2024-09-06T10:58:57+00:00","breadcrumb":{"@id":"https:\/\/dermo.com\/catalogo\/astroderm\/#breadcrumb"},"inLanguage":"pt-PT","potentialAction":[{"@type":"ReadAction","target":["https:\/\/dermo.com\/catalogo\/astroderm\/"]}]},{"@type":"ImageObject","inLanguage":"pt-PT","@id":"https:\/\/dermo.com\/catalogo\/astroderm\/#primaryimage","url":"https:\/\/dermo.com\/wp-content\/uploads\/2015\/07\/63-Astroderm.-Detergente-liquido.jpg","contentUrl":"https:\/\/dermo.com\/wp-content\/uploads\/2015\/07\/63-Astroderm.-Detergente-liquido.jpg","width":768,"height":853,"caption":"Astroderm. Detergente l\u00edquido"},{"@type":"BreadcrumbList","@id":"https:\/\/dermo.com\/catalogo\/astroderm\/#breadcrumb","itemListElement":[{"@type":"ListItem","position":1,"name":"Portada","item":"https:\/\/dermo.com\/"},{"@type":"ListItem","position":2,"name":"Tienda","item":"https:\/\/dermo.com\/tienda\/"},{"@type":"ListItem","position":3,"name":"Astroderm. Detergente l\u00edquido"}]},{"@type":"WebSite","@id":"https:\/\/dermo.com\/#website","url":"https:\/\/dermo.com\/","name":"Dermo | f\u00e1brica de detergentes","description":"A tecnologia avan\u00e7ada, a investiga\u00e7\u00e3o e desenvolvimento, o respeito pelo ambiente, a compet\u00eancia, a forma\u00e7\u00e3o constante e o elevado n\u00edvel de profissionalismo da nossa equipa humana, comprometida com a preserva\u00e7\u00e3o da qualidade de vida, a protec\u00e7\u00e3o do ambiente natural continuam a motivar-nos a desenvolver novos produtos nos nossos laborat\u00f3rios com princ\u00edpios ativos altamente biodegrad\u00e1veis que possibilitam o desenvolvimento sustent\u00e1vel.","potentialAction":[{"@type":"SearchAction","target":{"@type":"EntryPoint","urlTemplate":"https:\/\/dermo.com\/?s={search_term_string}"},"query-input":{"@type":"PropertyValueSpecification","valueRequired":true,"valueName":"search_term_string"}}],"inLanguage":"pt-PT"}]}},"_links":{"self":[{"href":"https:\/\/dermo.com\/pt\/wp-json\/wp\/v2\/product\/2577","targetHints":{"allow":["GET"]}}],"collection":[{"href":"https:\/\/dermo.com\/pt\/wp-json\/wp\/v2\/product"}],"about":[{"href":"https:\/\/dermo.com\/pt\/wp-json\/wp\/v2\/types\/product"}],"wp:featuredmedia":[{"embeddable":true,"href":"https:\/\/dermo.com\/pt\/wp-json\/wp\/v2\/media\/2576"}],"wp:attachment":[{"href":"https:\/\/dermo.com\/pt\/wp-json\/wp\/v2\/media?parent=2577"}],"wp:term":[{"taxonomy":"product_brand","embeddable":true,"href":"https:\/\/dermo.com\/pt\/wp-json\/wp\/v2\/product_brand?post=2577"},{"taxonomy":"product_cat","embeddable":true,"href":"https:\/\/dermo.com\/pt\/wp-json\/wp\/v2\/product_cat?post=2577"},{"taxonomy":"product_tag","embeddable":true,"href":"https:\/\/dermo.com\/pt\/wp-json\/wp\/v2\/product_tag?post=2577"}],"curies":[{"name":"wp","href":"https:\/\/api.w.org\/{rel}","templated":true}]}}