{"id":2597,"date":"2015-07-27T15:38:01","date_gmt":"2015-07-27T15:38:01","guid":{"rendered":"https:\/\/dermo.ultbit.com\/producto\/fugaz-lavavajillas-manual\/"},"modified":"2025-04-01T15:16:25","modified_gmt":"2025-04-01T13:16:25","slug":"maquina-de-lavar-louca-manual-fugaz","status":"publish","type":"product","link":"https:\/\/dermo.com\/pt\/catalogo\/maquina-de-lavar-louca-manual-fugaz\/","title":{"rendered":"Fugaz. Lava-lou\u00e7as manual"},"content":{"rendered":"<p><strong>MODO DE EMPREGO:<\/strong><br \/>\nDever-se-\u00e1 dosificar puro sobre a superf\u00edcie a tratar e a seguir esfregar at\u00e9 eliminar a sujeira.<\/p>\n<p><strong>CARACTER\u00cdSTICAS T\u00c9CNICAS:<\/strong><br \/>\nAspecto: L\u00edquid viscoso.<br \/>\nCor: Azul esverdeado.<br \/>\nCheiro: Lim\u00e3o.<br \/>\npH puro: 6,5 \u2013 7,5<br \/>\nSolubilidade em agua: Soluble.<\/p>\n<p><strong>PRESENTA\u00c7\u00c3O:<\/strong><br \/>\nJerrican pl\u00e1stico<\/p>\n<table>\n<tbody>\n<tr>\n<td>FORMATO<\/td>\n<td><\/td>\n<td>\u00a0 \u00a0 \u00a0 \u00a0 \u00a05kg<\/td>\n<\/tr>\n<tr>\n<td>C\u00d3DIGO<\/td>\n<td><\/td>\n<td>\u00a0 \u00a0 \u00a0 003FUB05<\/td>\n<\/tr>\n<\/tbody>\n<\/table>\n<p>&nbsp;<\/p>","protected":false},"excerpt":{"rendered":"<h3><\/h3>\n<p>Lavavajillas manual de pH neutro, ideal para a limpeza de utensilios de cocina em general, m\u00e3os, solos e qualquer outra superf\u00edcie a qual devamos limpar.<\/p>","protected":false},"featured_media":3997,"template":"","meta":{"neve_meta_sidebar":"","neve_meta_container":"","neve_meta_enable_content_width":"off","neve_meta_content_width":100,"neve_meta_title_alignment":"","neve_meta_author_avatar":"","neve_post_elements_order":"","neve_meta_disable_header":"","neve_meta_disable_footer":"","neve_meta_disable_title":""},"product_brand":[],"product_cat":[371],"product_tag":[],"class_list":{"0":"post-2597","1":"product","2":"type-product","3":"status-publish","4":"has-post-thumbnail","6":"product_cat-lavavajillas-manual","8":"first","9":"instock","10":"shipping-taxable","11":"product-type-simple"},"yoast_head":"<!-- This site is optimized with the Yoast SEO plugin v27.0 - https:\/\/yoast.com\/product\/yoast-seo-wordpress\/ -->\n<title>Fugaz. Lavavajillas manual - Dermo | F\u00e1brica de detergentes<\/title>\n<meta name=\"robots\" content=\"index, follow, max-snippet:-1, max-image-preview:large, max-video-preview:-1\" \/>\n<link rel=\"canonical\" href=\"https:\/\/dermo.com\/pt\/catalogo\/maquina-de-lavar-louca-manual-fugaz\/\" \/>\n<meta property=\"og:locale\" content=\"pt_PT\" \/>\n<meta property=\"og:type\" content=\"article\" \/>\n<meta property=\"og:title\" content=\"Fugaz. Lavavajillas manual - Dermo | F\u00e1brica de detergentes\" \/>\n<meta property=\"og:description\" content=\"Lavavajillas manual de pH neutro, ideal para la limpieza de utensilios de cocina en general, manos, suelos y cualquier otra superficie la cual debamos limpiar.\" \/>\n<meta property=\"og:url\" content=\"https:\/\/dermo.com\/pt\/catalogo\/maquina-de-lavar-louca-manual-fugaz\/\" \/>\n<meta property=\"og:site_name\" content=\"Dermo | F\u00e1brica de detergentes\" \/>\n<meta property=\"article:modified_time\" content=\"2025-04-01T13:16:25+00:00\" \/>\n<meta property=\"og:image\" content=\"https:\/\/dermo.com\/wp-content\/uploads\/2015\/07\/DL-21-Acibac-31.png\" \/>\n\t<meta property=\"og:image:width\" content=\"768\" \/>\n\t<meta property=\"og:image:height\" content=\"823\" \/>\n\t<meta property=\"og:image:type\" content=\"image\/png\" \/>\n<meta name=\"twitter:card\" content=\"summary_large_image\" \/>\n<meta name=\"twitter:label1\" content=\"Tempo estimado de leitura\" \/>\n\t<meta name=\"twitter:data1\" content=\"1 minuto\" \/>\n<script type=\"application\/ld+json\" class=\"yoast-schema-graph\">{\"@context\":\"https:\/\/schema.org\",\"@graph\":[{\"@type\":\"WebPage\",\"@id\":\"https:\/\/dermo.com\/catalogo\/fugaz-lavavajillas-manual\/\",\"url\":\"https:\/\/dermo.com\/catalogo\/fugaz-lavavajillas-manual\/\",\"name\":\"Fugaz. Lavavajillas manual - Dermo | F\u00e1brica de detergentes\",\"isPartOf\":{\"@id\":\"https:\/\/dermo.com\/#website\"},\"primaryImageOfPage\":{\"@id\":\"https:\/\/dermo.com\/catalogo\/fugaz-lavavajillas-manual\/#primaryimage\"},\"image\":{\"@id\":\"https:\/\/dermo.com\/catalogo\/fugaz-lavavajillas-manual\/#primaryimage\"},\"thumbnailUrl\":\"https:\/\/dermo.com\/wp-content\/uploads\/2015\/07\/DL-21-Acibac-31.png\",\"datePublished\":\"2015-07-27T15:38:01+00:00\",\"dateModified\":\"2025-04-01T13:16:25+00:00\",\"breadcrumb\":{\"@id\":\"https:\/\/dermo.com\/catalogo\/fugaz-lavavajillas-manual\/#breadcrumb\"},\"inLanguage\":\"pt-PT\",\"potentialAction\":[{\"@type\":\"ReadAction\",\"target\":[\"https:\/\/dermo.com\/catalogo\/fugaz-lavavajillas-manual\/\"]}]},{\"@type\":\"ImageObject\",\"inLanguage\":\"pt-PT\",\"@id\":\"https:\/\/dermo.com\/catalogo\/fugaz-lavavajillas-manual\/#primaryimage\",\"url\":\"https:\/\/dermo.com\/wp-content\/uploads\/2015\/07\/DL-21-Acibac-31.png\",\"contentUrl\":\"https:\/\/dermo.com\/wp-content\/uploads\/2015\/07\/DL-21-Acibac-31.png\",\"width\":768,\"height\":823},{\"@type\":\"BreadcrumbList\",\"@id\":\"https:\/\/dermo.com\/catalogo\/fugaz-lavavajillas-manual\/#breadcrumb\",\"itemListElement\":[{\"@type\":\"ListItem\",\"position\":1,\"name\":\"Portada\",\"item\":\"https:\/\/dermo.com\/\"},{\"@type\":\"ListItem\",\"position\":2,\"name\":\"Tienda\",\"item\":\"https:\/\/dermo.com\/tienda\/\"},{\"@type\":\"ListItem\",\"position\":3,\"name\":\"Fugaz. Lavavajillas manual\"}]},{\"@type\":\"WebSite\",\"@id\":\"https:\/\/dermo.com\/#website\",\"url\":\"https:\/\/dermo.com\/\",\"name\":\"Dermo | F\u00e1brica de detergentes\",\"description\":\"Tecnolog\u00eda avanzada, investigaci\u00f3n y desarrollo, respeto por el medio ambiente, competencia, formaci\u00f3n constante y alto nivel de profesionalidad en nuestro equipo humano, empe\u00f1ado en preservar la calidad de vida, la protecci\u00f3n del entorno natural contin\u00faan motiv\u00e1ndonos para desarrollar en nuestros laboratorios nuevos productos con ingredientes activos altamente biodegradables que hacen posible un desarrollo sostenible.\",\"potentialAction\":[{\"@type\":\"SearchAction\",\"target\":{\"@type\":\"EntryPoint\",\"urlTemplate\":\"https:\/\/dermo.com\/?s={search_term_string}\"},\"query-input\":{\"@type\":\"PropertyValueSpecification\",\"valueRequired\":true,\"valueName\":\"search_term_string\"}}],\"inLanguage\":\"pt-PT\"}]}<\/script>\n<!-- \/ Yoast SEO plugin. -->","yoast_head_json":{"title":"Fugaz. M\u00e1quina de lavar lou\u00e7a manual - Dermo | f\u00e1brica de detergentes","robots":{"index":"index","follow":"follow","max-snippet":"max-snippet:-1","max-image-preview":"max-image-preview:large","max-video-preview":"max-video-preview:-1"},"canonical":"https:\/\/dermo.com\/pt\/catalogo\/maquina-de-lavar-louca-manual-fugaz\/","og_locale":"pt_PT","og_type":"article","og_title":"Fugaz. Lavavajillas manual - Dermo | F\u00e1brica de detergentes","og_description":"Lavavajillas manual de pH neutro, ideal para la limpieza de utensilios de cocina en general, manos, suelos y cualquier otra superficie la cual debamos limpiar.","og_url":"https:\/\/dermo.com\/pt\/catalogo\/maquina-de-lavar-louca-manual-fugaz\/","og_site_name":"Dermo | F\u00e1brica de detergentes","article_modified_time":"2025-04-01T13:16:25+00:00","og_image":[{"width":768,"height":823,"url":"https:\/\/dermo.com\/wp-content\/uploads\/2015\/07\/DL-21-Acibac-31.png","type":"image\/png"}],"twitter_card":"summary_large_image","twitter_misc":{"Tempo estimado de leitura":"1 minuto"},"schema":{"@context":"https:\/\/schema.org","@graph":[{"@type":"WebPage","@id":"https:\/\/dermo.com\/catalogo\/fugaz-lavavajillas-manual\/","url":"https:\/\/dermo.com\/catalogo\/fugaz-lavavajillas-manual\/","name":"Fugaz. M\u00e1quina de lavar lou\u00e7a manual - Dermo | f\u00e1brica de detergentes","isPartOf":{"@id":"https:\/\/dermo.com\/#website"},"primaryImageOfPage":{"@id":"https:\/\/dermo.com\/catalogo\/fugaz-lavavajillas-manual\/#primaryimage"},"image":{"@id":"https:\/\/dermo.com\/catalogo\/fugaz-lavavajillas-manual\/#primaryimage"},"thumbnailUrl":"https:\/\/dermo.com\/wp-content\/uploads\/2015\/07\/DL-21-Acibac-31.png","datePublished":"2015-07-27T15:38:01+00:00","dateModified":"2025-04-01T13:16:25+00:00","breadcrumb":{"@id":"https:\/\/dermo.com\/catalogo\/fugaz-lavavajillas-manual\/#breadcrumb"},"inLanguage":"pt-PT","potentialAction":[{"@type":"ReadAction","target":["https:\/\/dermo.com\/catalogo\/fugaz-lavavajillas-manual\/"]}]},{"@type":"ImageObject","inLanguage":"pt-PT","@id":"https:\/\/dermo.com\/catalogo\/fugaz-lavavajillas-manual\/#primaryimage","url":"https:\/\/dermo.com\/wp-content\/uploads\/2015\/07\/DL-21-Acibac-31.png","contentUrl":"https:\/\/dermo.com\/wp-content\/uploads\/2015\/07\/DL-21-Acibac-31.png","width":768,"height":823},{"@type":"BreadcrumbList","@id":"https:\/\/dermo.com\/catalogo\/fugaz-lavavajillas-manual\/#breadcrumb","itemListElement":[{"@type":"ListItem","position":1,"name":"Portada","item":"https:\/\/dermo.com\/"},{"@type":"ListItem","position":2,"name":"Tienda","item":"https:\/\/dermo.com\/tienda\/"},{"@type":"ListItem","position":3,"name":"Fugaz. Lavavajillas manual"}]},{"@type":"WebSite","@id":"https:\/\/dermo.com\/#website","url":"https:\/\/dermo.com\/","name":"Dermo | f\u00e1brica de detergentes","description":"A tecnologia avan\u00e7ada, a investiga\u00e7\u00e3o e desenvolvimento, o respeito pelo ambiente, a compet\u00eancia, a forma\u00e7\u00e3o constante e o elevado n\u00edvel de profissionalismo da nossa equipa humana, comprometida com a preserva\u00e7\u00e3o da qualidade de vida, a protec\u00e7\u00e3o do ambiente natural continuam a motivar-nos a desenvolver novos produtos nos nossos laborat\u00f3rios com princ\u00edpios ativos altamente biodegrad\u00e1veis que possibilitam o desenvolvimento sustent\u00e1vel.","potentialAction":[{"@type":"SearchAction","target":{"@type":"EntryPoint","urlTemplate":"https:\/\/dermo.com\/?s={search_term_string}"},"query-input":{"@type":"PropertyValueSpecification","valueRequired":true,"valueName":"search_term_string"}}],"inLanguage":"pt-PT"}]}},"_links":{"self":[{"href":"https:\/\/dermo.com\/pt\/wp-json\/wp\/v2\/product\/2597","targetHints":{"allow":["GET"]}}],"collection":[{"href":"https:\/\/dermo.com\/pt\/wp-json\/wp\/v2\/product"}],"about":[{"href":"https:\/\/dermo.com\/pt\/wp-json\/wp\/v2\/types\/product"}],"wp:featuredmedia":[{"embeddable":true,"href":"https:\/\/dermo.com\/pt\/wp-json\/wp\/v2\/media\/3997"}],"wp:attachment":[{"href":"https:\/\/dermo.com\/pt\/wp-json\/wp\/v2\/media?parent=2597"}],"wp:term":[{"taxonomy":"product_brand","embeddable":true,"href":"https:\/\/dermo.com\/pt\/wp-json\/wp\/v2\/product_brand?post=2597"},{"taxonomy":"product_cat","embeddable":true,"href":"https:\/\/dermo.com\/pt\/wp-json\/wp\/v2\/product_cat?post=2597"},{"taxonomy":"product_tag","embeddable":true,"href":"https:\/\/dermo.com\/pt\/wp-json\/wp\/v2\/product_tag?post=2597"}],"curies":[{"name":"wp","href":"https:\/\/api.w.org\/{rel}","templated":true}]}}