{"id":2599,"date":"2015-07-27T16:41:17","date_gmt":"2015-07-27T16:41:17","guid":{"rendered":"https:\/\/dermo.ultbit.com\/producto\/audaz-high-foam\/"},"modified":"2025-03-17T10:42:56","modified_gmt":"2025-03-17T09:42:56","slug":"negrito-alta-espuma","status":"publish","type":"product","link":"https:\/\/dermo.com\/pt\/catalogo\/negrito-alta-espuma\/","title":{"rendered":"Audaz High Foam. Desengordurante de superf\u00edcies verticais"},"content":{"rendered":"<p><strong>MODO DE EMPREGO:<\/strong><br \/>\nDeve utilizar-se puro e necessariamente com um pulverizador. Pulverizar a superf\u00edcie a limpar deixando-a a repousar o tempo necess\u00e1rio em fun\u00e7\u00e3o da sujidade a eliminar. De seguida passar com um pano ou esponja.<br \/>\nNOTA: Utilizar com precau\u00e7\u00e3o em superf\u00edcies pintadas, lacadas ou de alum\u00ednio.<\/p>\n<p><strong>CARACTER\u00cdSTICAS T\u00c9CNICAS<\/strong><br \/>\nAspecto: L\u00edquid viscoso.<br \/>\nLaranja.<br \/>\nCheiro: Caracter\u00edstico.<br \/>\npH (10% em \u00e1gua): 12,5 \u2013 13,5<br \/>\nConcentra\u00e7\u00e3o de subst\u00e2ncia ativa: 9 \u2013 11%<br \/>\nNota: A viscosidade pode variar devido \u00e0 tixotropia do produto.<\/p>\n<p><strong>COMPOSI\u00c7\u00c3O<\/strong><br \/>\nTensoativos ani\u00f4nicos e n\u00e3o i\u00f4nicos, sequestrantes, modificadores de reologia, c\u00e1usticos, emulsificantes e<br \/>\ntingir.<\/p>\n<p><strong>PRESENTA\u00c7\u00c3O:<\/strong><br \/>\nJerrican pl\u00e1stico<\/p>\n<table>\n<tbody>\n<tr>\n<td>FORMATO<\/td>\n<td>\u00a0 \u00a0 \u00a0 \u00a0 \u00a01kg<\/td>\n<td>\u00a0 \u00a0 \u00a0 \u00a05kg<\/td>\n<\/tr>\n<tr>\n<td>C\u00d3DIGO<\/td>\n<td>\u00a0 \u00a0 \u00a0 004AER01<\/td>\n<td>\u00a0 \u00a0 004AER05<\/td>\n<\/tr>\n<\/tbody>\n<\/table>\n<p><strong>SEGURAN\u00c7A \/ TOXICOLOGIA<\/strong><br \/>\nCausa queimaduras graves na pele e les\u00f5es oculares graves. Mantenha fora do alcance das crian\u00e7as.<br \/>\nEm caso de acidente consulte o Servi\u00e7o de Informa\u00e7\u00e3o M\u00e9dica Toxicol\u00f3gica, Tel.<\/p>\n<p><strong>INFORMA\u00c7\u00d5ES ADICIONAIS<\/strong><br \/>\nPRODUTO INDUSTRIAL. USO PROFISSIONAL.<\/p>\n<p>&nbsp;<\/p>","protected":false},"excerpt":{"rendered":"<h3>Audaz High Foam<\/h3>\n<p class=\"Estndar\">Formulado especialmente para desengordurar todo o tipo de superf\u00edcies verticais, devido \u00e0 sua especial composi\u00e7\u00e3o, produce espuma que se adere permanentemente \u00e0s superf\u00edcies sem escorrer.<br \/>\nEspecialmente formulado para desengordurar todo o tipo de superf\u00edcies verticais, devido \u00e0 sua composi\u00e7\u00e3o especial, produz uma espuma que adere permanentemente \u00e0s superf\u00edcies verticais sem pingar, caracter\u00edstica que lhe confere grande efic\u00e1cia.<\/p>\n<table>\n<tbody>\n<tr>\n<td style=\"width: 100%;\">\n<div class=\"video-section\">\n<p class=\"Estndar\"><span lang=\"es\" xml:lang=\"es\"><strong>V\u00eddeos de aplica\u00e7\u00e3o de desengraxante em negrito:<\/strong><\/span><\/p>\n<details>\n<summary>V\u00eddeo de Aplica\u00e7\u00e3o \u2013 Espanhol<\/summary>\n<p><iframe src=\"https:\/\/www.youtube.com\/embed\/H6RI-bS6Xcw?rel=0\"><\/iframe><\/p>\n<\/details>\n<\/div>\n<\/td>\n<\/tr>\n<\/tbody>\n<\/table>","protected":false},"featured_media":2598,"template":"","meta":{"neve_meta_sidebar":"","neve_meta_container":"","neve_meta_enable_content_width":"off","neve_meta_content_width":100,"neve_meta_title_alignment":"","neve_meta_author_avatar":"","neve_post_elements_order":"","neve_meta_disable_header":"","neve_meta_disable_footer":"","neve_meta_disable_title":""},"product_brand":[],"product_cat":[383],"product_tag":[],"class_list":{"0":"post-2599","1":"product","2":"type-product","3":"status-publish","4":"has-post-thumbnail","6":"product_cat-desengrasantes","8":"first","9":"instock","10":"shipping-taxable","11":"product-type-simple"},"yoast_head":"<!-- This site is optimized with the Yoast SEO plugin v27.0 - https:\/\/yoast.com\/product\/yoast-seo-wordpress\/ -->\n<title>Audaz High Foam. Desengrasante Superficies Verticales - Dermo | F\u00e1brica de detergentes<\/title>\n<meta name=\"robots\" content=\"index, follow, max-snippet:-1, max-image-preview:large, max-video-preview:-1\" \/>\n<link rel=\"canonical\" href=\"https:\/\/dermo.com\/pt\/catalogo\/negrito-alta-espuma\/\" \/>\n<meta property=\"og:locale\" content=\"pt_PT\" \/>\n<meta property=\"og:type\" content=\"article\" \/>\n<meta property=\"og:title\" content=\"Audaz High Foam. Desengrasante Superficies Verticales - Dermo | F\u00e1brica de detergentes\" \/>\n<meta property=\"og:description\" content=\"Audaz High Foam Desengrasante tixopr\u00f3pico de gran poder emulsionante, altamente eficaz para disolver las grasas y suciedades, en superficies verticales y de complicado y dif\u00edcil acceso. Formulado especialmente para desengrasar todo tipo de superf\u00edcies verticales, debido a su especial composici\u00f3n, produce una espuma que se adhiere permanentemente a las superf\u00edcies verticales sin chorrear, caracter\u00edstica que le confiere su gran eficacia.       V\u00eddeos de Aplicaci\u00f3n Desengrasantes Audaz:  V\u00eddeo de Aplicaci\u00f3n - Espa\u00f1ol\" \/>\n<meta property=\"og:url\" content=\"https:\/\/dermo.com\/pt\/catalogo\/negrito-alta-espuma\/\" \/>\n<meta property=\"og:site_name\" content=\"Dermo | F\u00e1brica de detergentes\" \/>\n<meta property=\"article:modified_time\" content=\"2025-03-17T09:42:56+00:00\" \/>\n<meta property=\"og:image\" content=\"https:\/\/dermo.com\/wp-content\/uploads\/2015\/07\/73-Audaz-High-Foam.-Desengrasante-superficies-verticales.jpg\" \/>\n\t<meta property=\"og:image:width\" content=\"768\" \/>\n\t<meta property=\"og:image:height\" content=\"823\" \/>\n\t<meta property=\"og:image:type\" content=\"image\/jpeg\" \/>\n<meta name=\"twitter:card\" content=\"summary_large_image\" \/>\n<meta name=\"twitter:label1\" content=\"Tempo estimado de leitura\" \/>\n\t<meta name=\"twitter:data1\" content=\"1 minuto\" \/>\n<script type=\"application\/ld+json\" class=\"yoast-schema-graph\">{\"@context\":\"https:\/\/schema.org\",\"@graph\":[{\"@type\":\"WebPage\",\"@id\":\"https:\/\/dermo.com\/catalogo\/audaz-high-foam\/\",\"url\":\"https:\/\/dermo.com\/catalogo\/audaz-high-foam\/\",\"name\":\"Audaz High Foam. Desengrasante Superficies Verticales - Dermo | F\u00e1brica de detergentes\",\"isPartOf\":{\"@id\":\"https:\/\/dermo.com\/#website\"},\"primaryImageOfPage\":{\"@id\":\"https:\/\/dermo.com\/catalogo\/audaz-high-foam\/#primaryimage\"},\"image\":{\"@id\":\"https:\/\/dermo.com\/catalogo\/audaz-high-foam\/#primaryimage\"},\"thumbnailUrl\":\"https:\/\/dermo.com\/wp-content\/uploads\/2015\/07\/73-Audaz-High-Foam.-Desengrasante-superficies-verticales.jpg\",\"datePublished\":\"2015-07-27T16:41:17+00:00\",\"dateModified\":\"2025-03-17T09:42:56+00:00\",\"breadcrumb\":{\"@id\":\"https:\/\/dermo.com\/catalogo\/audaz-high-foam\/#breadcrumb\"},\"inLanguage\":\"pt-PT\",\"potentialAction\":[{\"@type\":\"ReadAction\",\"target\":[\"https:\/\/dermo.com\/catalogo\/audaz-high-foam\/\"]}]},{\"@type\":\"ImageObject\",\"inLanguage\":\"pt-PT\",\"@id\":\"https:\/\/dermo.com\/catalogo\/audaz-high-foam\/#primaryimage\",\"url\":\"https:\/\/dermo.com\/wp-content\/uploads\/2015\/07\/73-Audaz-High-Foam.-Desengrasante-superficies-verticales.jpg\",\"contentUrl\":\"https:\/\/dermo.com\/wp-content\/uploads\/2015\/07\/73-Audaz-High-Foam.-Desengrasante-superficies-verticales.jpg\",\"width\":768,\"height\":823,\"caption\":\"Audaz High Foam. Desengrasante superf\u00edcies verticales\"},{\"@type\":\"BreadcrumbList\",\"@id\":\"https:\/\/dermo.com\/catalogo\/audaz-high-foam\/#breadcrumb\",\"itemListElement\":[{\"@type\":\"ListItem\",\"position\":1,\"name\":\"Portada\",\"item\":\"https:\/\/dermo.com\/\"},{\"@type\":\"ListItem\",\"position\":2,\"name\":\"Tienda\",\"item\":\"https:\/\/dermo.com\/tienda\/\"},{\"@type\":\"ListItem\",\"position\":3,\"name\":\"Audaz High Foam. Desengrasante Superficies Verticales\"}]},{\"@type\":\"WebSite\",\"@id\":\"https:\/\/dermo.com\/#website\",\"url\":\"https:\/\/dermo.com\/\",\"name\":\"Dermo | F\u00e1brica de detergentes\",\"description\":\"Tecnolog\u00eda avanzada, investigaci\u00f3n y desarrollo, respeto por el medio ambiente, competencia, formaci\u00f3n constante y alto nivel de profesionalidad en nuestro equipo humano, empe\u00f1ado en preservar la calidad de vida, la protecci\u00f3n del entorno natural contin\u00faan motiv\u00e1ndonos para desarrollar en nuestros laboratorios nuevos productos con ingredientes activos altamente biodegradables que hacen posible un desarrollo sostenible.\",\"potentialAction\":[{\"@type\":\"SearchAction\",\"target\":{\"@type\":\"EntryPoint\",\"urlTemplate\":\"https:\/\/dermo.com\/?s={search_term_string}\"},\"query-input\":{\"@type\":\"PropertyValueSpecification\",\"valueRequired\":true,\"valueName\":\"search_term_string\"}}],\"inLanguage\":\"pt-PT\"}]}<\/script>\n<!-- \/ Yoast SEO plugin. -->","yoast_head_json":{"title":"Espuma alta ousada. Desengordurante Vertical para Superf\u00edcies - Dermo | f\u00e1brica de detergentes","robots":{"index":"index","follow":"follow","max-snippet":"max-snippet:-1","max-image-preview":"max-image-preview:large","max-video-preview":"max-video-preview:-1"},"canonical":"https:\/\/dermo.com\/pt\/catalogo\/negrito-alta-espuma\/","og_locale":"pt_PT","og_type":"article","og_title":"Audaz High Foam. Desengrasante Superficies Verticales - Dermo | F\u00e1brica de detergentes","og_description":"Audaz High Foam Desengrasante tixopr\u00f3pico de gran poder emulsionante, altamente eficaz para disolver las grasas y suciedades, en superficies verticales y de complicado y dif\u00edcil acceso. Formulado especialmente para desengrasar todo tipo de superf\u00edcies verticales, debido a su especial composici\u00f3n, produce una espuma que se adhiere permanentemente a las superf\u00edcies verticales sin chorrear, caracter\u00edstica que le confiere su gran eficacia.       V\u00eddeos de Aplicaci\u00f3n Desengrasantes Audaz:  V\u00eddeo de Aplicaci\u00f3n - Espa\u00f1ol","og_url":"https:\/\/dermo.com\/pt\/catalogo\/negrito-alta-espuma\/","og_site_name":"Dermo | F\u00e1brica de detergentes","article_modified_time":"2025-03-17T09:42:56+00:00","og_image":[{"width":768,"height":823,"url":"https:\/\/dermo.com\/wp-content\/uploads\/2015\/07\/73-Audaz-High-Foam.-Desengrasante-superficies-verticales.jpg","type":"image\/jpeg"}],"twitter_card":"summary_large_image","twitter_misc":{"Tempo estimado de leitura":"1 minuto"},"schema":{"@context":"https:\/\/schema.org","@graph":[{"@type":"WebPage","@id":"https:\/\/dermo.com\/catalogo\/audaz-high-foam\/","url":"https:\/\/dermo.com\/catalogo\/audaz-high-foam\/","name":"Espuma alta ousada. Desengordurante Vertical para Superf\u00edcies - Dermo | f\u00e1brica de detergentes","isPartOf":{"@id":"https:\/\/dermo.com\/#website"},"primaryImageOfPage":{"@id":"https:\/\/dermo.com\/catalogo\/audaz-high-foam\/#primaryimage"},"image":{"@id":"https:\/\/dermo.com\/catalogo\/audaz-high-foam\/#primaryimage"},"thumbnailUrl":"https:\/\/dermo.com\/wp-content\/uploads\/2015\/07\/73-Audaz-High-Foam.-Desengrasante-superficies-verticales.jpg","datePublished":"2015-07-27T16:41:17+00:00","dateModified":"2025-03-17T09:42:56+00:00","breadcrumb":{"@id":"https:\/\/dermo.com\/catalogo\/audaz-high-foam\/#breadcrumb"},"inLanguage":"pt-PT","potentialAction":[{"@type":"ReadAction","target":["https:\/\/dermo.com\/catalogo\/audaz-high-foam\/"]}]},{"@type":"ImageObject","inLanguage":"pt-PT","@id":"https:\/\/dermo.com\/catalogo\/audaz-high-foam\/#primaryimage","url":"https:\/\/dermo.com\/wp-content\/uploads\/2015\/07\/73-Audaz-High-Foam.-Desengrasante-superficies-verticales.jpg","contentUrl":"https:\/\/dermo.com\/wp-content\/uploads\/2015\/07\/73-Audaz-High-Foam.-Desengrasante-superficies-verticales.jpg","width":768,"height":823,"caption":"Audaz High Foam. Desengrasante superf\u00edcies verticales"},{"@type":"BreadcrumbList","@id":"https:\/\/dermo.com\/catalogo\/audaz-high-foam\/#breadcrumb","itemListElement":[{"@type":"ListItem","position":1,"name":"Portada","item":"https:\/\/dermo.com\/"},{"@type":"ListItem","position":2,"name":"Tienda","item":"https:\/\/dermo.com\/tienda\/"},{"@type":"ListItem","position":3,"name":"Audaz High Foam. Desengrasante Superficies Verticales"}]},{"@type":"WebSite","@id":"https:\/\/dermo.com\/#website","url":"https:\/\/dermo.com\/","name":"Dermo | f\u00e1brica de detergentes","description":"A tecnologia avan\u00e7ada, a investiga\u00e7\u00e3o e desenvolvimento, o respeito pelo ambiente, a compet\u00eancia, a forma\u00e7\u00e3o constante e o elevado n\u00edvel de profissionalismo da nossa equipa humana, comprometida com a preserva\u00e7\u00e3o da qualidade de vida, a protec\u00e7\u00e3o do ambiente natural continuam a motivar-nos a desenvolver novos produtos nos nossos laborat\u00f3rios com princ\u00edpios ativos altamente biodegrad\u00e1veis que possibilitam o desenvolvimento sustent\u00e1vel.","potentialAction":[{"@type":"SearchAction","target":{"@type":"EntryPoint","urlTemplate":"https:\/\/dermo.com\/?s={search_term_string}"},"query-input":{"@type":"PropertyValueSpecification","valueRequired":true,"valueName":"search_term_string"}}],"inLanguage":"pt-PT"}]}},"_links":{"self":[{"href":"https:\/\/dermo.com\/pt\/wp-json\/wp\/v2\/product\/2599","targetHints":{"allow":["GET"]}}],"collection":[{"href":"https:\/\/dermo.com\/pt\/wp-json\/wp\/v2\/product"}],"about":[{"href":"https:\/\/dermo.com\/pt\/wp-json\/wp\/v2\/types\/product"}],"wp:featuredmedia":[{"embeddable":true,"href":"https:\/\/dermo.com\/pt\/wp-json\/wp\/v2\/media\/2598"}],"wp:attachment":[{"href":"https:\/\/dermo.com\/pt\/wp-json\/wp\/v2\/media?parent=2599"}],"wp:term":[{"taxonomy":"product_brand","embeddable":true,"href":"https:\/\/dermo.com\/pt\/wp-json\/wp\/v2\/product_brand?post=2599"},{"taxonomy":"product_cat","embeddable":true,"href":"https:\/\/dermo.com\/pt\/wp-json\/wp\/v2\/product_cat?post=2599"},{"taxonomy":"product_tag","embeddable":true,"href":"https:\/\/dermo.com\/pt\/wp-json\/wp\/v2\/product_tag?post=2599"}],"curies":[{"name":"wp","href":"https:\/\/api.w.org\/{rel}","templated":true}]}}