{"id":2603,"date":"2015-07-27T16:59:17","date_gmt":"2015-07-27T16:59:17","guid":{"rendered":"https:\/\/dermo.ultbit.com\/producto\/audaz-lemon\/"},"modified":"2025-03-17T12:14:32","modified_gmt":"2025-03-17T11:14:32","slug":"limao-ousado","status":"publish","type":"product","link":"https:\/\/dermo.com\/pt\/catalogo\/limao-ousado\/","title":{"rendered":"Audaz Lemon. Desengraxante concentrado"},"content":{"rendered":"<p><strong>MODO DE EMPREGO:<\/strong><br \/>\nPode ser usado puro em sujidades fortes, mas na maioria dos casos basta dilu\u00ed-lo entre 5% e 10% em \u00e1gua.<\/p>\n<ul>\n<li><strong>Superf\u00edcies:<\/strong> Me\u00e7a 5 a 10% de produto em \u00e1gua. Esfregue com uma esponja ou pano. Enx\u00e1gue com \u00e1gua limpa e deixe secar.<\/li>\n<li><strong>Pisos:<\/strong> Me\u00e7a 0,5 a 1% e esfregue como de costume.<\/li>\n<li><strong>Limpeza de imers\u00e3o: <\/strong>Mergulhar numa solu\u00e7\u00e3o de 5 a 10% de produto por litro de \u00e1gua quente. Esfregue ou escove para remover detritos presos. Enx\u00e1gue com \u00e1gua e deixe secar ao ar.<br \/>\nFunciona tanto a frio como a quente, mas deve-se levar em considera\u00e7\u00e3o que quando quente pode liberar vapores irritantes.<br \/>\nObserva\u00e7\u00e3o: N\u00e3o utilizar em ferro ou alum\u00ednio.<\/li>\n<\/ul>\n<p><strong>CARACTER\u00cdSTICAS T\u00c9CNICAS<\/strong><br \/>\nAspecto: L\u00edquido.<br \/>\nCor: Amarelo<br \/>\nCheiro: Lim\u00e3o<br \/>\npH puro: 12,5-13,5<br \/>\nDensidade: 1,00 \u2013 1,04 g\/cc.<br \/>\nSolubilidade em agua: Soluble.<br \/>\nConcentra\u00e7\u00e3o de subst\u00e2ncia ativa: 12 -15%<\/p>\n<p><strong>PRESENTA\u00c7\u00c3O:<\/strong><\/p>\n<p>Jerrican pl\u00e1stico<\/p>\n<table>\n<tbody>\n<tr>\n<td>FORMATO<\/td>\n<td>\u00a0 \u00a0 \u00a0 \u00a0 \u00a0 1kg<\/td>\n<td>\u00a0 \u00a0 \u00a0 \u00a0 5kg<\/td>\n<td><\/td>\n<\/tr>\n<tr>\n<td>C\u00d3DIGO<\/td>\n<td>\u00a0 \u00a0 \u00a0004ALE01<\/td>\n<td>\u00a0 \u00a0 004ALE05<\/td>\n<td><\/td>\n<\/tr>\n<\/tbody>\n<\/table>","protected":false},"excerpt":{"rendered":"<h3>Audaz Lemon<\/h3>\n<p class=\"Estndar\">Produto liquido concentrado com grande poder emulsionante, que dissolve as gorduras e sujidades.<br \/>\nIndicado para superf\u00edces resistentes a pH alcalino: pisos, paredes, mesas de trabalho, utens\u00edlios e equipamentos.<\/p>\n<table>\n<tbody>\n<tr>\n<td style=\"width: 100%;\">\n<div class=\"video-section\">\n<p class=\"Estndar\"><span lang=\"es\" xml:lang=\"es\"><strong>V\u00eddeos de aplica\u00e7\u00e3o de desengraxante em negrito:<\/strong><\/span><\/p>\n<details>\n<summary>V\u00eddeo de Aplica\u00e7\u00e3o \u2013 Espanhol<\/summary>\n<p><iframe src=\"https:\/\/www.youtube.com\/embed\/H6RI-bS6Xcw?rel=0\"><\/iframe><\/p>\n<\/details>\n<\/div>\n<\/td>\n<\/tr>\n<\/tbody>\n<\/table>","protected":false},"featured_media":2602,"template":"","meta":{"neve_meta_sidebar":"","neve_meta_container":"","neve_meta_enable_content_width":"off","neve_meta_content_width":100,"neve_meta_title_alignment":"","neve_meta_author_avatar":"","neve_post_elements_order":"","neve_meta_disable_header":"","neve_meta_disable_footer":"","neve_meta_disable_title":""},"product_brand":[],"product_cat":[383],"product_tag":[],"class_list":{"0":"post-2603","1":"product","2":"type-product","3":"status-publish","4":"has-post-thumbnail","6":"product_cat-desengrasantes","8":"first","9":"instock","10":"shipping-taxable","11":"product-type-simple"},"yoast_head":"<!-- This site is optimized with the Yoast SEO plugin v27.0 - https:\/\/yoast.com\/product\/yoast-seo-wordpress\/ -->\n<title>Audaz Lemon. Desengrasante concentrado - Dermo | F\u00e1brica de detergentes<\/title>\n<meta name=\"robots\" content=\"index, follow, max-snippet:-1, max-image-preview:large, max-video-preview:-1\" \/>\n<link rel=\"canonical\" href=\"https:\/\/dermo.com\/pt\/catalogo\/limao-ousado\/\" \/>\n<meta property=\"og:locale\" content=\"pt_PT\" \/>\n<meta property=\"og:type\" content=\"article\" \/>\n<meta property=\"og:title\" content=\"Audaz Lemon. Desengrasante concentrado - Dermo | F\u00e1brica de detergentes\" \/>\n<meta property=\"og:description\" content=\"Audaz Lemon Producto l\u00edquido concentrado con gran poder emulsionante, que disuelve las grasas y la suciedad. Concebido para desengrasar todo tipo de superf\u00edcies resistentes a pH alcalino: suelos, paredes, mesas de trabajo, utensilios, equipos, etc.       V\u00eddeos de Aplicaci\u00f3n Desengrasantes Audaz:  V\u00eddeo de Aplicaci\u00f3n - Espa\u00f1ol\" \/>\n<meta property=\"og:url\" content=\"https:\/\/dermo.com\/pt\/catalogo\/limao-ousado\/\" \/>\n<meta property=\"og:site_name\" content=\"Dermo | F\u00e1brica de detergentes\" \/>\n<meta property=\"article:modified_time\" content=\"2025-03-17T11:14:32+00:00\" \/>\n<meta property=\"og:image\" content=\"https:\/\/dermo.com\/wp-content\/uploads\/2015\/07\/76-Audaz-Lemon.-Desengrasante-concentrado.jpg\" \/>\n\t<meta property=\"og:image:width\" content=\"768\" \/>\n\t<meta property=\"og:image:height\" content=\"823\" \/>\n\t<meta property=\"og:image:type\" content=\"image\/jpeg\" \/>\n<meta name=\"twitter:card\" content=\"summary_large_image\" \/>\n<meta name=\"twitter:label1\" content=\"Tempo estimado de leitura\" \/>\n\t<meta name=\"twitter:data1\" content=\"1 minuto\" \/>\n<script type=\"application\/ld+json\" class=\"yoast-schema-graph\">{\"@context\":\"https:\/\/schema.org\",\"@graph\":[{\"@type\":\"WebPage\",\"@id\":\"https:\/\/dermo.com\/catalogo\/audaz-lemon\/\",\"url\":\"https:\/\/dermo.com\/catalogo\/audaz-lemon\/\",\"name\":\"Audaz Lemon. Desengrasante concentrado - Dermo | F\u00e1brica de detergentes\",\"isPartOf\":{\"@id\":\"https:\/\/dermo.com\/#website\"},\"primaryImageOfPage\":{\"@id\":\"https:\/\/dermo.com\/catalogo\/audaz-lemon\/#primaryimage\"},\"image\":{\"@id\":\"https:\/\/dermo.com\/catalogo\/audaz-lemon\/#primaryimage\"},\"thumbnailUrl\":\"https:\/\/dermo.com\/wp-content\/uploads\/2015\/07\/76-Audaz-Lemon.-Desengrasante-concentrado.jpg\",\"datePublished\":\"2015-07-27T16:59:17+00:00\",\"dateModified\":\"2025-03-17T11:14:32+00:00\",\"breadcrumb\":{\"@id\":\"https:\/\/dermo.com\/catalogo\/audaz-lemon\/#breadcrumb\"},\"inLanguage\":\"pt-PT\",\"potentialAction\":[{\"@type\":\"ReadAction\",\"target\":[\"https:\/\/dermo.com\/catalogo\/audaz-lemon\/\"]}]},{\"@type\":\"ImageObject\",\"inLanguage\":\"pt-PT\",\"@id\":\"https:\/\/dermo.com\/catalogo\/audaz-lemon\/#primaryimage\",\"url\":\"https:\/\/dermo.com\/wp-content\/uploads\/2015\/07\/76-Audaz-Lemon.-Desengrasante-concentrado.jpg\",\"contentUrl\":\"https:\/\/dermo.com\/wp-content\/uploads\/2015\/07\/76-Audaz-Lemon.-Desengrasante-concentrado.jpg\",\"width\":768,\"height\":823,\"caption\":\"Audaz Lemon. Desengrasante concentrado\"},{\"@type\":\"BreadcrumbList\",\"@id\":\"https:\/\/dermo.com\/catalogo\/audaz-lemon\/#breadcrumb\",\"itemListElement\":[{\"@type\":\"ListItem\",\"position\":1,\"name\":\"Portada\",\"item\":\"https:\/\/dermo.com\/\"},{\"@type\":\"ListItem\",\"position\":2,\"name\":\"Tienda\",\"item\":\"https:\/\/dermo.com\/tienda\/\"},{\"@type\":\"ListItem\",\"position\":3,\"name\":\"Audaz Lemon. Desengrasante concentrado\"}]},{\"@type\":\"WebSite\",\"@id\":\"https:\/\/dermo.com\/#website\",\"url\":\"https:\/\/dermo.com\/\",\"name\":\"Dermo | F\u00e1brica de detergentes\",\"description\":\"Tecnolog\u00eda avanzada, investigaci\u00f3n y desarrollo, respeto por el medio ambiente, competencia, formaci\u00f3n constante y alto nivel de profesionalidad en nuestro equipo humano, empe\u00f1ado en preservar la calidad de vida, la protecci\u00f3n del entorno natural contin\u00faan motiv\u00e1ndonos para desarrollar en nuestros laboratorios nuevos productos con ingredientes activos altamente biodegradables que hacen posible un desarrollo sostenible.\",\"potentialAction\":[{\"@type\":\"SearchAction\",\"target\":{\"@type\":\"EntryPoint\",\"urlTemplate\":\"https:\/\/dermo.com\/?s={search_term_string}\"},\"query-input\":{\"@type\":\"PropertyValueSpecification\",\"valueRequired\":true,\"valueName\":\"search_term_string\"}}],\"inLanguage\":\"pt-PT\"}]}<\/script>\n<!-- \/ Yoast SEO plugin. -->","yoast_head_json":{"title":"Lim\u00e3o Ousado. Desengordurante concentrado - Dermo | f\u00e1brica de detergentes","robots":{"index":"index","follow":"follow","max-snippet":"max-snippet:-1","max-image-preview":"max-image-preview:large","max-video-preview":"max-video-preview:-1"},"canonical":"https:\/\/dermo.com\/pt\/catalogo\/limao-ousado\/","og_locale":"pt_PT","og_type":"article","og_title":"Audaz Lemon. Desengrasante concentrado - Dermo | F\u00e1brica de detergentes","og_description":"Audaz Lemon Producto l\u00edquido concentrado con gran poder emulsionante, que disuelve las grasas y la suciedad. Concebido para desengrasar todo tipo de superf\u00edcies resistentes a pH alcalino: suelos, paredes, mesas de trabajo, utensilios, equipos, etc.       V\u00eddeos de Aplicaci\u00f3n Desengrasantes Audaz:  V\u00eddeo de Aplicaci\u00f3n - Espa\u00f1ol","og_url":"https:\/\/dermo.com\/pt\/catalogo\/limao-ousado\/","og_site_name":"Dermo | F\u00e1brica de detergentes","article_modified_time":"2025-03-17T11:14:32+00:00","og_image":[{"width":768,"height":823,"url":"https:\/\/dermo.com\/wp-content\/uploads\/2015\/07\/76-Audaz-Lemon.-Desengrasante-concentrado.jpg","type":"image\/jpeg"}],"twitter_card":"summary_large_image","twitter_misc":{"Tempo estimado de leitura":"1 minuto"},"schema":{"@context":"https:\/\/schema.org","@graph":[{"@type":"WebPage","@id":"https:\/\/dermo.com\/catalogo\/audaz-lemon\/","url":"https:\/\/dermo.com\/catalogo\/audaz-lemon\/","name":"Lim\u00e3o Ousado. Desengordurante concentrado - Dermo | f\u00e1brica de detergentes","isPartOf":{"@id":"https:\/\/dermo.com\/#website"},"primaryImageOfPage":{"@id":"https:\/\/dermo.com\/catalogo\/audaz-lemon\/#primaryimage"},"image":{"@id":"https:\/\/dermo.com\/catalogo\/audaz-lemon\/#primaryimage"},"thumbnailUrl":"https:\/\/dermo.com\/wp-content\/uploads\/2015\/07\/76-Audaz-Lemon.-Desengrasante-concentrado.jpg","datePublished":"2015-07-27T16:59:17+00:00","dateModified":"2025-03-17T11:14:32+00:00","breadcrumb":{"@id":"https:\/\/dermo.com\/catalogo\/audaz-lemon\/#breadcrumb"},"inLanguage":"pt-PT","potentialAction":[{"@type":"ReadAction","target":["https:\/\/dermo.com\/catalogo\/audaz-lemon\/"]}]},{"@type":"ImageObject","inLanguage":"pt-PT","@id":"https:\/\/dermo.com\/catalogo\/audaz-lemon\/#primaryimage","url":"https:\/\/dermo.com\/wp-content\/uploads\/2015\/07\/76-Audaz-Lemon.-Desengrasante-concentrado.jpg","contentUrl":"https:\/\/dermo.com\/wp-content\/uploads\/2015\/07\/76-Audaz-Lemon.-Desengrasante-concentrado.jpg","width":768,"height":823,"caption":"Audaz Lemon. Desengrasante concentrado"},{"@type":"BreadcrumbList","@id":"https:\/\/dermo.com\/catalogo\/audaz-lemon\/#breadcrumb","itemListElement":[{"@type":"ListItem","position":1,"name":"Portada","item":"https:\/\/dermo.com\/"},{"@type":"ListItem","position":2,"name":"Tienda","item":"https:\/\/dermo.com\/tienda\/"},{"@type":"ListItem","position":3,"name":"Audaz Lemon. Desengrasante concentrado"}]},{"@type":"WebSite","@id":"https:\/\/dermo.com\/#website","url":"https:\/\/dermo.com\/","name":"Dermo | f\u00e1brica de detergentes","description":"A tecnologia avan\u00e7ada, a investiga\u00e7\u00e3o e desenvolvimento, o respeito pelo ambiente, a compet\u00eancia, a forma\u00e7\u00e3o constante e o elevado n\u00edvel de profissionalismo da nossa equipa humana, comprometida com a preserva\u00e7\u00e3o da qualidade de vida, a protec\u00e7\u00e3o do ambiente natural continuam a motivar-nos a desenvolver novos produtos nos nossos laborat\u00f3rios com princ\u00edpios ativos altamente biodegrad\u00e1veis que possibilitam o desenvolvimento sustent\u00e1vel.","potentialAction":[{"@type":"SearchAction","target":{"@type":"EntryPoint","urlTemplate":"https:\/\/dermo.com\/?s={search_term_string}"},"query-input":{"@type":"PropertyValueSpecification","valueRequired":true,"valueName":"search_term_string"}}],"inLanguage":"pt-PT"}]}},"_links":{"self":[{"href":"https:\/\/dermo.com\/pt\/wp-json\/wp\/v2\/product\/2603","targetHints":{"allow":["GET"]}}],"collection":[{"href":"https:\/\/dermo.com\/pt\/wp-json\/wp\/v2\/product"}],"about":[{"href":"https:\/\/dermo.com\/pt\/wp-json\/wp\/v2\/types\/product"}],"wp:featuredmedia":[{"embeddable":true,"href":"https:\/\/dermo.com\/pt\/wp-json\/wp\/v2\/media\/2602"}],"wp:attachment":[{"href":"https:\/\/dermo.com\/pt\/wp-json\/wp\/v2\/media?parent=2603"}],"wp:term":[{"taxonomy":"product_brand","embeddable":true,"href":"https:\/\/dermo.com\/pt\/wp-json\/wp\/v2\/product_brand?post=2603"},{"taxonomy":"product_cat","embeddable":true,"href":"https:\/\/dermo.com\/pt\/wp-json\/wp\/v2\/product_cat?post=2603"},{"taxonomy":"product_tag","embeddable":true,"href":"https:\/\/dermo.com\/pt\/wp-json\/wp\/v2\/product_tag?post=2603"}],"curies":[{"name":"wp","href":"https:\/\/api.w.org\/{rel}","templated":true}]}}