{"id":2605,"date":"2015-07-27T17:02:59","date_gmt":"2015-07-27T17:02:59","guid":{"rendered":"https:\/\/dermo.ultbit.com\/producto\/audaz-planchas\/"},"modified":"2025-03-17T12:42:31","modified_gmt":"2025-03-17T11:42:31","slug":"tabuas-ousadas","status":"publish","type":"product","link":"https:\/\/dermo.com\/pt\/catalogo\/tabuas-ousadas\/","title":{"rendered":"Audaz Planchas. Desengordurante de ferro"},"content":{"rendered":"<p><strong>MODO DE EMPREGO:<\/strong><br \/>\n<strong><em>Limpeza de fornos e grelhas:<\/em><\/strong><br \/>\nRemova os restos de comida presos com o raspador.<br \/>\nA temperatura do forno ou da chapa deve estar entre 60 e 80\u00baC.<br \/>\nAplicar o produto puro diretamente na superf\u00edcie. Deixe agir por alguns minutos, dependendo do n\u00edvel de sujeira. Depois de retirar a graxa, adicione um pouco de \u00e1gua e retire a sujeira solta com uma esponja ou pano \u00famido. Enx\u00e1g\u00fce bem com \u00e1gua e deixe secar.<br \/>\n<strong><em>Filtros de cap\u00f4:<\/em><\/strong><br \/>\nMergulhe os filtros numa solu\u00e7\u00e3o de 3 a 10% (dependendo da sujidade) com \u00e1gua quente. Deixe agir por pelo menos 20 minutos. Enx\u00e1gue e deixe secar.<br \/>\n<em><strong>Fritadeiras:<\/strong><\/em><br \/>\nEncha a fritadeira com uma solu\u00e7\u00e3o de 3 a 10 % (150 a 500 ml por 5 litros de \u00e1gua). Ligue a fritadeira e deixe ferver por 10 a 15 minutos. Depois de esfriar, esvazie-o e remova quaisquer res\u00edduos das paredes e das resist\u00eancias com um esfreg\u00e3o. Enx\u00e1gue com bastante \u00e1gua e deixe secar.<br \/>\nPode liberar vapores irritantes.<br \/>\nN\u00c3O USE EM ALUM\u00cdNIO.<\/p>\n<p><strong>CARACTER\u00cdSTICAS T\u00c9CNICAS<\/strong><br \/>\nAspecto: L\u00edquido.<br \/>\nCor: \u00c2mbar.<br \/>\nCheiro: Caracter\u00edstico.<br \/>\npH (10% em \u00e1gua): 13 \u2013 14<br \/>\nDensidade: 1,20 \u2013 1,30 g\/cc<br \/>\nConcentra\u00e7\u00e3o de subst\u00e2ncia ativa: 39 \u2013 42%<\/p>\n<p><strong>COMPOSI\u00c7\u00c3O<\/strong><br \/>\nTensoativos anfot\u00e9ricos, aminas, sequestrantes, c\u00e1usticos, emulsificantes e corantes.<\/p>\n<p><strong>PRESENTA\u00c7\u00c3O:<\/strong><\/p>\n<table>\n<tbody>\n<tr>\n<td>FORMATO<\/td>\n<td>1.250kg<\/td>\n<td>6kg<\/td>\n<td><\/td>\n<\/tr>\n<tr>\n<td>C\u00d3DIGO<\/td>\n<td>004AUP01<\/td>\n<td>004AUP06<\/td>\n<td><\/td>\n<\/tr>\n<\/tbody>\n<\/table>\n<p><strong>SEGURAN\u00c7A \/ TOXICOLOGIA<\/strong><br \/>\nProduto corrosivo. Causa queimaduras.<br \/>\nUse roupas, luvas e prote\u00e7\u00e3o para os olhos\/face adequadas.<br \/>\nEm caso de acidente consulte o Servi\u00e7o de Informa\u00e7\u00e3o M\u00e9dica Toxicol\u00f3gica. Tel.: 915 620 420.<\/p>\n<p><strong>INFORMA\u00c7\u00d5ES ADICIONAIS<\/strong><br \/>\nPRODUTO INDUSTRIAL. USO PROFISSIONAL.<\/p>\n<p>&nbsp;<\/p>","protected":false},"excerpt":{"rendered":"<h3>Audaz Planchas<\/h3>\n<p class=\"Estndar\">Desengordurante l\u00edquido concentrado que elimina com efic\u00e1cia a gordura requeimada e carbonizada das placas de cozinha, com a m\u00ednimo de esfor\u00e7o. Tamb\u00e9m \u00e9 eficaz para desengordurar todo o tipo de superf\u00edcies, para a limpeza de metais antes de serem pintados, ... Devidamente dissovido, n\u00e3o ataca pinturas, borrachas ou pl\u00e1sticos.<\/p>\n<table>\n<tbody>\n<tr>\n<td style=\"width: 50%;\">\n<p class=\"Estndar\"><span lang=\"es\" xml:lang=\"es\"><strong>V\u00eddeos de aplica\u00e7\u00e3o do Audaz Irons:<\/strong><\/span><\/p>\n<details>\n<summary>V\u00eddeo de Aplica\u00e7\u00e3o \u2013 Espanhol<\/summary>\n<p><iframe src=\"https:\/\/www.youtube.com\/embed\/5nxt6rtLx8s?rel=0\"><\/iframe><\/p>\n<\/details>\n<\/td>\n<\/tr>\n<\/tbody>\n<\/table>","protected":false},"featured_media":2604,"template":"","meta":{"neve_meta_sidebar":"","neve_meta_container":"","neve_meta_enable_content_width":"off","neve_meta_content_width":100,"neve_meta_title_alignment":"","neve_meta_author_avatar":"","neve_post_elements_order":"","neve_meta_disable_header":"","neve_meta_disable_footer":"","neve_meta_disable_title":""},"product_brand":[],"product_cat":[383,372,370,374],"product_tag":[],"class_list":{"0":"post-2605","1":"product","2":"type-product","3":"status-publish","4":"has-post-thumbnail","6":"product_cat-desengrasantes","7":"product_cat-geriatricos","8":"product_cat-hoteles","9":"product_cat-restauracion","11":"first","12":"instock","13":"shipping-taxable","14":"product-type-simple"},"yoast_head":"<!-- This site is optimized with the Yoast SEO plugin v27.0 - https:\/\/yoast.com\/product\/yoast-seo-wordpress\/ -->\n<title>Audaz Planchas. Desengrasante planchas - Dermo | F\u00e1brica de detergentes<\/title>\n<meta name=\"robots\" content=\"index, follow, max-snippet:-1, max-image-preview:large, max-video-preview:-1\" \/>\n<link rel=\"canonical\" href=\"https:\/\/dermo.com\/pt\/catalogo\/tabuas-ousadas\/\" \/>\n<meta property=\"og:locale\" content=\"pt_PT\" \/>\n<meta property=\"og:type\" content=\"article\" \/>\n<meta property=\"og:title\" content=\"Audaz Planchas. Desengrasante planchas - Dermo | F\u00e1brica de detergentes\" \/>\n<meta property=\"og:description\" content=\"Audaz Planchas Desengrasante l\u00edquido concentrado, que elimina con eficacia la grasa requemada y carbonizada de las planchas de cocina, hornos y parrillas con m\u00ednimo esfuerzo. Disuelto con agua, tambi\u00e9n es adecuado para la limpieza de freidoras. Elimina el \u00f3xido, al mismo tiempo que actua como antioxidante de las superficies tratadas.      V\u00eddeos de Aplicaci\u00f3n Audaz Planchas:  V\u00eddeo de Aplicaci\u00f3n - Espa\u00f1ol\" \/>\n<meta property=\"og:url\" content=\"https:\/\/dermo.com\/pt\/catalogo\/tabuas-ousadas\/\" \/>\n<meta property=\"og:site_name\" content=\"Dermo | F\u00e1brica de detergentes\" \/>\n<meta property=\"article:modified_time\" content=\"2025-03-17T11:42:31+00:00\" \/>\n<meta property=\"og:image\" content=\"https:\/\/dermo.com\/wp-content\/uploads\/2015\/07\/77-Audaz-Planchas.-Desengrasante-planchas.jpg\" \/>\n\t<meta property=\"og:image:width\" content=\"768\" \/>\n\t<meta property=\"og:image:height\" content=\"823\" \/>\n\t<meta property=\"og:image:type\" content=\"image\/jpeg\" \/>\n<meta name=\"twitter:card\" content=\"summary_large_image\" \/>\n<meta name=\"twitter:label1\" content=\"Tempo estimado de leitura\" \/>\n\t<meta name=\"twitter:data1\" content=\"2 minutos\" \/>\n<script type=\"application\/ld+json\" class=\"yoast-schema-graph\">{\"@context\":\"https:\/\/schema.org\",\"@graph\":[{\"@type\":\"WebPage\",\"@id\":\"https:\/\/dermo.com\/catalogo\/audaz-planchas\/\",\"url\":\"https:\/\/dermo.com\/catalogo\/audaz-planchas\/\",\"name\":\"Audaz Planchas. Desengrasante planchas - Dermo | F\u00e1brica de detergentes\",\"isPartOf\":{\"@id\":\"https:\/\/dermo.com\/#website\"},\"primaryImageOfPage\":{\"@id\":\"https:\/\/dermo.com\/catalogo\/audaz-planchas\/#primaryimage\"},\"image\":{\"@id\":\"https:\/\/dermo.com\/catalogo\/audaz-planchas\/#primaryimage\"},\"thumbnailUrl\":\"https:\/\/dermo.com\/wp-content\/uploads\/2015\/07\/77-Audaz-Planchas.-Desengrasante-planchas.jpg\",\"datePublished\":\"2015-07-27T17:02:59+00:00\",\"dateModified\":\"2025-03-17T11:42:31+00:00\",\"breadcrumb\":{\"@id\":\"https:\/\/dermo.com\/catalogo\/audaz-planchas\/#breadcrumb\"},\"inLanguage\":\"pt-PT\",\"potentialAction\":[{\"@type\":\"ReadAction\",\"target\":[\"https:\/\/dermo.com\/catalogo\/audaz-planchas\/\"]}]},{\"@type\":\"ImageObject\",\"inLanguage\":\"pt-PT\",\"@id\":\"https:\/\/dermo.com\/catalogo\/audaz-planchas\/#primaryimage\",\"url\":\"https:\/\/dermo.com\/wp-content\/uploads\/2015\/07\/77-Audaz-Planchas.-Desengrasante-planchas.jpg\",\"contentUrl\":\"https:\/\/dermo.com\/wp-content\/uploads\/2015\/07\/77-Audaz-Planchas.-Desengrasante-planchas.jpg\",\"width\":768,\"height\":823,\"caption\":\"Audaz Planchas. Desengrasante planchas\"},{\"@type\":\"BreadcrumbList\",\"@id\":\"https:\/\/dermo.com\/catalogo\/audaz-planchas\/#breadcrumb\",\"itemListElement\":[{\"@type\":\"ListItem\",\"position\":1,\"name\":\"Portada\",\"item\":\"https:\/\/dermo.com\/\"},{\"@type\":\"ListItem\",\"position\":2,\"name\":\"Tienda\",\"item\":\"https:\/\/dermo.com\/tienda\/\"},{\"@type\":\"ListItem\",\"position\":3,\"name\":\"Audaz Planchas. Desengrasante planchas\"}]},{\"@type\":\"WebSite\",\"@id\":\"https:\/\/dermo.com\/#website\",\"url\":\"https:\/\/dermo.com\/\",\"name\":\"Dermo | F\u00e1brica de detergentes\",\"description\":\"Tecnolog\u00eda avanzada, investigaci\u00f3n y desarrollo, respeto por el medio ambiente, competencia, formaci\u00f3n constante y alto nivel de profesionalidad en nuestro equipo humano, empe\u00f1ado en preservar la calidad de vida, la protecci\u00f3n del entorno natural contin\u00faan motiv\u00e1ndonos para desarrollar en nuestros laboratorios nuevos productos con ingredientes activos altamente biodegradables que hacen posible un desarrollo sostenible.\",\"potentialAction\":[{\"@type\":\"SearchAction\",\"target\":{\"@type\":\"EntryPoint\",\"urlTemplate\":\"https:\/\/dermo.com\/?s={search_term_string}\"},\"query-input\":{\"@type\":\"PropertyValueSpecification\",\"valueRequired\":true,\"valueName\":\"search_term_string\"}}],\"inLanguage\":\"pt-PT\"}]}<\/script>\n<!-- \/ Yoast SEO plugin. -->","yoast_head_json":{"title":"Pranchas ousadas. Desengordurante para ferro - Dermo | f\u00e1brica de detergentes","robots":{"index":"index","follow":"follow","max-snippet":"max-snippet:-1","max-image-preview":"max-image-preview:large","max-video-preview":"max-video-preview:-1"},"canonical":"https:\/\/dermo.com\/pt\/catalogo\/tabuas-ousadas\/","og_locale":"pt_PT","og_type":"article","og_title":"Audaz Planchas. Desengrasante planchas - Dermo | F\u00e1brica de detergentes","og_description":"Audaz Planchas Desengrasante l\u00edquido concentrado, que elimina con eficacia la grasa requemada y carbonizada de las planchas de cocina, hornos y parrillas con m\u00ednimo esfuerzo. Disuelto con agua, tambi\u00e9n es adecuado para la limpieza de freidoras. Elimina el \u00f3xido, al mismo tiempo que actua como antioxidante de las superficies tratadas.      V\u00eddeos de Aplicaci\u00f3n Audaz Planchas:  V\u00eddeo de Aplicaci\u00f3n - Espa\u00f1ol","og_url":"https:\/\/dermo.com\/pt\/catalogo\/tabuas-ousadas\/","og_site_name":"Dermo | F\u00e1brica de detergentes","article_modified_time":"2025-03-17T11:42:31+00:00","og_image":[{"width":768,"height":823,"url":"https:\/\/dermo.com\/wp-content\/uploads\/2015\/07\/77-Audaz-Planchas.-Desengrasante-planchas.jpg","type":"image\/jpeg"}],"twitter_card":"summary_large_image","twitter_misc":{"Tempo estimado de leitura":"2 minutos"},"schema":{"@context":"https:\/\/schema.org","@graph":[{"@type":"WebPage","@id":"https:\/\/dermo.com\/catalogo\/audaz-planchas\/","url":"https:\/\/dermo.com\/catalogo\/audaz-planchas\/","name":"Pranchas ousadas. Desengordurante para ferro - Dermo | f\u00e1brica de detergentes","isPartOf":{"@id":"https:\/\/dermo.com\/#website"},"primaryImageOfPage":{"@id":"https:\/\/dermo.com\/catalogo\/audaz-planchas\/#primaryimage"},"image":{"@id":"https:\/\/dermo.com\/catalogo\/audaz-planchas\/#primaryimage"},"thumbnailUrl":"https:\/\/dermo.com\/wp-content\/uploads\/2015\/07\/77-Audaz-Planchas.-Desengrasante-planchas.jpg","datePublished":"2015-07-27T17:02:59+00:00","dateModified":"2025-03-17T11:42:31+00:00","breadcrumb":{"@id":"https:\/\/dermo.com\/catalogo\/audaz-planchas\/#breadcrumb"},"inLanguage":"pt-PT","potentialAction":[{"@type":"ReadAction","target":["https:\/\/dermo.com\/catalogo\/audaz-planchas\/"]}]},{"@type":"ImageObject","inLanguage":"pt-PT","@id":"https:\/\/dermo.com\/catalogo\/audaz-planchas\/#primaryimage","url":"https:\/\/dermo.com\/wp-content\/uploads\/2015\/07\/77-Audaz-Planchas.-Desengrasante-planchas.jpg","contentUrl":"https:\/\/dermo.com\/wp-content\/uploads\/2015\/07\/77-Audaz-Planchas.-Desengrasante-planchas.jpg","width":768,"height":823,"caption":"Audaz Planchas. Desengrasante planchas"},{"@type":"BreadcrumbList","@id":"https:\/\/dermo.com\/catalogo\/audaz-planchas\/#breadcrumb","itemListElement":[{"@type":"ListItem","position":1,"name":"Portada","item":"https:\/\/dermo.com\/"},{"@type":"ListItem","position":2,"name":"Tienda","item":"https:\/\/dermo.com\/tienda\/"},{"@type":"ListItem","position":3,"name":"Audaz Planchas. Desengrasante planchas"}]},{"@type":"WebSite","@id":"https:\/\/dermo.com\/#website","url":"https:\/\/dermo.com\/","name":"Dermo | f\u00e1brica de detergentes","description":"A tecnologia avan\u00e7ada, a investiga\u00e7\u00e3o e desenvolvimento, o respeito pelo ambiente, a compet\u00eancia, a forma\u00e7\u00e3o constante e o elevado n\u00edvel de profissionalismo da nossa equipa humana, comprometida com a preserva\u00e7\u00e3o da qualidade de vida, a protec\u00e7\u00e3o do ambiente natural continuam a motivar-nos a desenvolver novos produtos nos nossos laborat\u00f3rios com princ\u00edpios ativos altamente biodegrad\u00e1veis que possibilitam o desenvolvimento sustent\u00e1vel.","potentialAction":[{"@type":"SearchAction","target":{"@type":"EntryPoint","urlTemplate":"https:\/\/dermo.com\/?s={search_term_string}"},"query-input":{"@type":"PropertyValueSpecification","valueRequired":true,"valueName":"search_term_string"}}],"inLanguage":"pt-PT"}]}},"_links":{"self":[{"href":"https:\/\/dermo.com\/pt\/wp-json\/wp\/v2\/product\/2605","targetHints":{"allow":["GET"]}}],"collection":[{"href":"https:\/\/dermo.com\/pt\/wp-json\/wp\/v2\/product"}],"about":[{"href":"https:\/\/dermo.com\/pt\/wp-json\/wp\/v2\/types\/product"}],"wp:featuredmedia":[{"embeddable":true,"href":"https:\/\/dermo.com\/pt\/wp-json\/wp\/v2\/media\/2604"}],"wp:attachment":[{"href":"https:\/\/dermo.com\/pt\/wp-json\/wp\/v2\/media?parent=2605"}],"wp:term":[{"taxonomy":"product_brand","embeddable":true,"href":"https:\/\/dermo.com\/pt\/wp-json\/wp\/v2\/product_brand?post=2605"},{"taxonomy":"product_cat","embeddable":true,"href":"https:\/\/dermo.com\/pt\/wp-json\/wp\/v2\/product_cat?post=2605"},{"taxonomy":"product_tag","embeddable":true,"href":"https:\/\/dermo.com\/pt\/wp-json\/wp\/v2\/product_tag?post=2605"}],"curies":[{"name":"wp","href":"https:\/\/api.w.org\/{rel}","templated":true}]}}