{"id":2613,"date":"2015-07-27T17:59:00","date_gmt":"2015-07-27T17:59:00","guid":{"rendered":"https:\/\/dermo.ultbit.com\/producto\/zz88\/"},"modified":"2024-09-06T12:45:30","modified_gmt":"2024-09-06T10:45:30","slug":"zz88","status":"publish","type":"product","link":"https:\/\/dermo.com\/pt\/catalogo\/zz88\/","title":{"rendered":"ZZ 88. Desentupidor de tubagem"},"content":{"rendered":"<p><b>MODO DE EMPREGO:<\/b><br \/>\n1.     Deixar muito pouca \u00e1gua no esgoto\/ desaguamento.<br \/>\n2. Verter o produto de forma lenta e directamente sobre o esgoto\/desaguamento.<br \/>\n3. Esperar um m\u00ednimo de 5 minutos para o produto actuar.<br \/>\n4. Deitar um bocado de \u00e1gua fria.<br \/>\n5. Passado uns minutos deitar \u00e1gua abundantemente.<\/p>\n<p><b>Dosifica\u00e7\u00e3o:<\/b><br \/>\n- Esgotos de ch\u00e3o: 1 litro.<br \/>\n- Tubos: 1\/2 litro.<br \/>\n- Al\u00e7ap\u00e3o de gordura: 1 litro ou mais dependendo da sujeira.<br \/>\n- Po\u00e7os: 4 litros por cada 1000 litros, inserindo uma mangueira para chegar ao fundo do po\u00e7o.<\/p>\n<p><b>OBSERVA\u00c7\u00d5ES:<\/b><br \/>\nPode usar com a maioria de metais excepto com alum\u00ednio.<br \/>\nNUNCA VERTER \u00c1GUA DIRECTAMENTE SOBRE O PRODUTO.<\/p>\n<p><b>CARACTER\u00cdSTICAS T\u00c9CNICAS<\/b><br \/>\nAspecto: L\u00edquido.<br \/>\nCor: Castanho escuro.<br \/>\nCheiro: Caracter\u00edstico.<br \/>\npH: Fortemente \u00e1cido.<br \/>\nDensidade: 1,82 \u2013 1,84 g\/cc.<br \/>\nConcentra\u00e7\u00e3o de subst\u00e2ncia ativa: 95 \u2013 98%.<\/p>\n<p><b>PRESENTA\u00c7\u00c3O:<\/b><br \/>\nJerrican pl\u00e1stico<\/p>\n<table>\n<tbody>\n<tr>\n<td><strong>FORMATO<\/strong><\/td>\n<td><strong>C\u00d3DIGO<\/strong><\/td>\n<\/tr>\n<tr>\n<td>1,5 kg<\/td>\n<td>005ZZ001<\/td>\n<\/tr>\n<\/tbody>\n<\/table>","protected":false},"excerpt":{"rendered":"<h3>ZZ 88<\/h3>\n<p>Produto especial para eliminar residuos org\u00e2nicos e inorg\u00e2nicos dos esgotos e canos, tais como gorduras, tecidos, papel, p\u00ealo, celulose, compressas, tabaco, ...<\/p>\n<p class=\"Estndar\"><span lang=\"es\" xml:lang=\"es\">Actua sem necessidade de ac\u00e7\u00e3o mec\u00e2nica ou manual.<\/span><\/p>\n<p class=\"Estndar\"><span lang=\"es\" xml:lang=\"es\">Devido \u00e0 sua extrema pot\u00eancia deve usar-se seguindo cuidadosamente as instruc\u00e7\u00f5es de uso.<\/span><\/p>","protected":false},"featured_media":3992,"template":"","meta":{"neve_meta_sidebar":"","neve_meta_container":"","neve_meta_enable_content_width":"off","neve_meta_content_width":100,"neve_meta_title_alignment":"","neve_meta_author_avatar":"","neve_post_elements_order":"","neve_meta_disable_header":"","neve_meta_disable_footer":"","neve_meta_disable_title":""},"product_brand":[],"product_cat":[386],"product_tag":[],"class_list":{"0":"post-2613","1":"product","2":"type-product","3":"status-publish","4":"has-post-thumbnail","6":"product_cat-limpieza-de-banos","8":"first","9":"instock","10":"shipping-taxable","11":"product-type-simple"},"yoast_head":"<!-- This site is optimized with the Yoast SEO plugin v27.0 - https:\/\/yoast.com\/product\/yoast-seo-wordpress\/ -->\n<title>ZZ 88. Desatascador tuber\u00edas - Dermo | F\u00e1brica de detergentes<\/title>\n<meta name=\"robots\" content=\"index, follow, max-snippet:-1, max-image-preview:large, max-video-preview:-1\" \/>\n<link rel=\"canonical\" href=\"https:\/\/dermo.com\/pt\/catalogo\/zz88\/\" \/>\n<meta property=\"og:locale\" content=\"pt_PT\" \/>\n<meta property=\"og:type\" content=\"article\" \/>\n<meta property=\"og:title\" content=\"ZZ 88. Desatascador tuber\u00edas - Dermo | F\u00e1brica de detergentes\" \/>\n<meta property=\"og:description\" content=\"ZZ 88 Producto especial para eliminar residuos org\u00e1nicos e inorg\u00e1nicos de los desag\u00fces como grasa, tela, papel, pelo, celulosa, compresas, tabaco, \u2026 Act\u00faa sin necesidad de acciones mec\u00e1nicas ni manuales. Debido a su extrema potencia debe usarse siguiendo cuidadosamente las instrucciones de uso.\" \/>\n<meta property=\"og:url\" content=\"https:\/\/dermo.com\/pt\/catalogo\/zz88\/\" \/>\n<meta property=\"og:site_name\" content=\"Dermo | F\u00e1brica de detergentes\" \/>\n<meta property=\"article:modified_time\" content=\"2024-09-06T10:45:30+00:00\" \/>\n<meta property=\"og:image\" content=\"https:\/\/dermo.com\/wp-content\/uploads\/2015\/07\/DL-21-Acibac-26.png\" \/>\n\t<meta property=\"og:image:width\" content=\"768\" \/>\n\t<meta property=\"og:image:height\" content=\"823\" \/>\n\t<meta property=\"og:image:type\" content=\"image\/png\" \/>\n<meta name=\"twitter:card\" content=\"summary_large_image\" \/>\n<meta name=\"twitter:label1\" content=\"Tempo estimado de leitura\" \/>\n\t<meta name=\"twitter:data1\" content=\"1 minuto\" \/>\n<script type=\"application\/ld+json\" class=\"yoast-schema-graph\">{\"@context\":\"https:\/\/schema.org\",\"@graph\":[{\"@type\":\"WebPage\",\"@id\":\"https:\/\/dermo.com\/catalogo\/zz88\/\",\"url\":\"https:\/\/dermo.com\/catalogo\/zz88\/\",\"name\":\"ZZ 88. Desatascador tuber\u00edas - Dermo | F\u00e1brica de detergentes\",\"isPartOf\":{\"@id\":\"https:\/\/dermo.com\/#website\"},\"primaryImageOfPage\":{\"@id\":\"https:\/\/dermo.com\/catalogo\/zz88\/#primaryimage\"},\"image\":{\"@id\":\"https:\/\/dermo.com\/catalogo\/zz88\/#primaryimage\"},\"thumbnailUrl\":\"https:\/\/dermo.com\/wp-content\/uploads\/2015\/07\/DL-21-Acibac-26.png\",\"datePublished\":\"2015-07-27T17:59:00+00:00\",\"dateModified\":\"2024-09-06T10:45:30+00:00\",\"breadcrumb\":{\"@id\":\"https:\/\/dermo.com\/catalogo\/zz88\/#breadcrumb\"},\"inLanguage\":\"pt-PT\",\"potentialAction\":[{\"@type\":\"ReadAction\",\"target\":[\"https:\/\/dermo.com\/catalogo\/zz88\/\"]}]},{\"@type\":\"ImageObject\",\"inLanguage\":\"pt-PT\",\"@id\":\"https:\/\/dermo.com\/catalogo\/zz88\/#primaryimage\",\"url\":\"https:\/\/dermo.com\/wp-content\/uploads\/2015\/07\/DL-21-Acibac-26.png\",\"contentUrl\":\"https:\/\/dermo.com\/wp-content\/uploads\/2015\/07\/DL-21-Acibac-26.png\",\"width\":768,\"height\":823},{\"@type\":\"BreadcrumbList\",\"@id\":\"https:\/\/dermo.com\/catalogo\/zz88\/#breadcrumb\",\"itemListElement\":[{\"@type\":\"ListItem\",\"position\":1,\"name\":\"Portada\",\"item\":\"https:\/\/dermo.com\/\"},{\"@type\":\"ListItem\",\"position\":2,\"name\":\"Tienda\",\"item\":\"https:\/\/dermo.com\/tienda\/\"},{\"@type\":\"ListItem\",\"position\":3,\"name\":\"ZZ 88. Desatascador tuber\u00edas\"}]},{\"@type\":\"WebSite\",\"@id\":\"https:\/\/dermo.com\/#website\",\"url\":\"https:\/\/dermo.com\/\",\"name\":\"Dermo | F\u00e1brica de detergentes\",\"description\":\"Tecnolog\u00eda avanzada, investigaci\u00f3n y desarrollo, respeto por el medio ambiente, competencia, formaci\u00f3n constante y alto nivel de profesionalidad en nuestro equipo humano, empe\u00f1ado en preservar la calidad de vida, la protecci\u00f3n del entorno natural contin\u00faan motiv\u00e1ndonos para desarrollar en nuestros laboratorios nuevos productos con ingredientes activos altamente biodegradables que hacen posible un desarrollo sostenible.\",\"potentialAction\":[{\"@type\":\"SearchAction\",\"target\":{\"@type\":\"EntryPoint\",\"urlTemplate\":\"https:\/\/dermo.com\/?s={search_term_string}\"},\"query-input\":{\"@type\":\"PropertyValueSpecification\",\"valueRequired\":true,\"valueName\":\"search_term_string\"}}],\"inLanguage\":\"pt-PT\"}]}<\/script>\n<!-- \/ Yoast SEO plugin. -->","yoast_head_json":{"title":"ZZ 88. Desbloqueador de tubos - Dermo | f\u00e1brica de detergentes","robots":{"index":"index","follow":"follow","max-snippet":"max-snippet:-1","max-image-preview":"max-image-preview:large","max-video-preview":"max-video-preview:-1"},"canonical":"https:\/\/dermo.com\/pt\/catalogo\/zz88\/","og_locale":"pt_PT","og_type":"article","og_title":"ZZ 88. Desatascador tuber\u00edas - Dermo | F\u00e1brica de detergentes","og_description":"ZZ 88 Producto especial para eliminar residuos org\u00e1nicos e inorg\u00e1nicos de los desag\u00fces como grasa, tela, papel, pelo, celulosa, compresas, tabaco, \u2026 Act\u00faa sin necesidad de acciones mec\u00e1nicas ni manuales. Debido a su extrema potencia debe usarse siguiendo cuidadosamente las instrucciones de uso.","og_url":"https:\/\/dermo.com\/pt\/catalogo\/zz88\/","og_site_name":"Dermo | F\u00e1brica de detergentes","article_modified_time":"2024-09-06T10:45:30+00:00","og_image":[{"width":768,"height":823,"url":"https:\/\/dermo.com\/wp-content\/uploads\/2015\/07\/DL-21-Acibac-26.png","type":"image\/png"}],"twitter_card":"summary_large_image","twitter_misc":{"Tempo estimado de leitura":"1 minuto"},"schema":{"@context":"https:\/\/schema.org","@graph":[{"@type":"WebPage","@id":"https:\/\/dermo.com\/catalogo\/zz88\/","url":"https:\/\/dermo.com\/catalogo\/zz88\/","name":"ZZ 88. Desbloqueador de tubos - Dermo | f\u00e1brica de detergentes","isPartOf":{"@id":"https:\/\/dermo.com\/#website"},"primaryImageOfPage":{"@id":"https:\/\/dermo.com\/catalogo\/zz88\/#primaryimage"},"image":{"@id":"https:\/\/dermo.com\/catalogo\/zz88\/#primaryimage"},"thumbnailUrl":"https:\/\/dermo.com\/wp-content\/uploads\/2015\/07\/DL-21-Acibac-26.png","datePublished":"2015-07-27T17:59:00+00:00","dateModified":"2024-09-06T10:45:30+00:00","breadcrumb":{"@id":"https:\/\/dermo.com\/catalogo\/zz88\/#breadcrumb"},"inLanguage":"pt-PT","potentialAction":[{"@type":"ReadAction","target":["https:\/\/dermo.com\/catalogo\/zz88\/"]}]},{"@type":"ImageObject","inLanguage":"pt-PT","@id":"https:\/\/dermo.com\/catalogo\/zz88\/#primaryimage","url":"https:\/\/dermo.com\/wp-content\/uploads\/2015\/07\/DL-21-Acibac-26.png","contentUrl":"https:\/\/dermo.com\/wp-content\/uploads\/2015\/07\/DL-21-Acibac-26.png","width":768,"height":823},{"@type":"BreadcrumbList","@id":"https:\/\/dermo.com\/catalogo\/zz88\/#breadcrumb","itemListElement":[{"@type":"ListItem","position":1,"name":"Portada","item":"https:\/\/dermo.com\/"},{"@type":"ListItem","position":2,"name":"Tienda","item":"https:\/\/dermo.com\/tienda\/"},{"@type":"ListItem","position":3,"name":"ZZ 88. Desatascador tuber\u00edas"}]},{"@type":"WebSite","@id":"https:\/\/dermo.com\/#website","url":"https:\/\/dermo.com\/","name":"Dermo | f\u00e1brica de detergentes","description":"A tecnologia avan\u00e7ada, a investiga\u00e7\u00e3o e desenvolvimento, o respeito pelo ambiente, a compet\u00eancia, a forma\u00e7\u00e3o constante e o elevado n\u00edvel de profissionalismo da nossa equipa humana, comprometida com a preserva\u00e7\u00e3o da qualidade de vida, a protec\u00e7\u00e3o do ambiente natural continuam a motivar-nos a desenvolver novos produtos nos nossos laborat\u00f3rios com princ\u00edpios ativos altamente biodegrad\u00e1veis que possibilitam o desenvolvimento sustent\u00e1vel.","potentialAction":[{"@type":"SearchAction","target":{"@type":"EntryPoint","urlTemplate":"https:\/\/dermo.com\/?s={search_term_string}"},"query-input":{"@type":"PropertyValueSpecification","valueRequired":true,"valueName":"search_term_string"}}],"inLanguage":"pt-PT"}]}},"_links":{"self":[{"href":"https:\/\/dermo.com\/pt\/wp-json\/wp\/v2\/product\/2613","targetHints":{"allow":["GET"]}}],"collection":[{"href":"https:\/\/dermo.com\/pt\/wp-json\/wp\/v2\/product"}],"about":[{"href":"https:\/\/dermo.com\/pt\/wp-json\/wp\/v2\/types\/product"}],"wp:featuredmedia":[{"embeddable":true,"href":"https:\/\/dermo.com\/pt\/wp-json\/wp\/v2\/media\/3992"}],"wp:attachment":[{"href":"https:\/\/dermo.com\/pt\/wp-json\/wp\/v2\/media?parent=2613"}],"wp:term":[{"taxonomy":"product_brand","embeddable":true,"href":"https:\/\/dermo.com\/pt\/wp-json\/wp\/v2\/product_brand?post=2613"},{"taxonomy":"product_cat","embeddable":true,"href":"https:\/\/dermo.com\/pt\/wp-json\/wp\/v2\/product_cat?post=2613"},{"taxonomy":"product_tag","embeddable":true,"href":"https:\/\/dermo.com\/pt\/wp-json\/wp\/v2\/product_tag?post=2613"}],"curies":[{"name":"wp","href":"https:\/\/api.w.org\/{rel}","templated":true}]}}