{"id":2621,"date":"2015-07-27T18:22:29","date_gmt":"2015-07-27T18:22:29","guid":{"rendered":"https:\/\/dermo.ultbit.com\/producto\/tropic-dust\/"},"modified":"2025-02-21T13:28:48","modified_gmt":"2025-02-21T12:28:48","slug":"poeira-tropical","status":"publish","type":"product","link":"https:\/\/dermo.com\/pt\/catalogo\/poeira-tropical\/","title":{"rendered":"Tropic WC Dust. Ambientador de gota"},"content":{"rendered":"<p><strong>MODO DE EMPREGO:<\/strong><br \/>\nAplicar umas gotas \u00e0 volta da sanita e no interior da mesma e em todos os pontos onde se verifica a liberta\u00e7\u00e3o de odores desagrad\u00e1veis.<\/p>\n<p><strong>CARACTER\u00cdSTICAS T\u00c9CNICAS<\/strong><br \/>\nAspecto: L\u00edquido.<br \/>\nCor: Azul.<br \/>\nCheiro: Pefume.<br \/>\nDensidade: 0,85 \u2013 0,95 g\/cc.<\/p>\n<p><strong>COMPOSI\u00c7\u00c3O<\/strong><br \/>\n\u00c1lcoois, emulsionantes, ess\u00eancias e corantes.<br \/>\nPRESENTA\u00c7\u00c3O:<br \/>\nJerrican pl\u00e1stico<\/p>\n<table width=\"860\">\n<tbody>\n<tr>\n<td width=\"220\">FORMATO<\/td>\n<td width=\"220\">500ml<\/td>\n<td width=\"220\">1 litro<\/td>\n<td width=\"200\">5 litros<\/td>\n<\/tr>\n<tr>\n<td width=\"220\">C\u00d3DIGO<\/td>\n<td>005WCD00<\/td>\n<td>005WCD01<\/td>\n<td>005WCD05<\/td>\n<\/tr>\n<\/tbody>\n<\/table>\n<p><strong>SEGURAN\u00c7A \/ TOXICOLOGIA<\/strong><br \/>\nProduto inflam\u00e1vel. Nocivo se ingerido. Use luvas\/roupas\/\u00f3culos\/m\u00e1scara de prote\u00e7\u00e3o. Em caso de acidente consulte o Servi\u00e7o de Informa\u00e7\u00e3o M\u00e9dica Toxicol\u00f3gica. Tel.: 915 620 420.<\/p>\n<p><strong>INFORMA\u00c7\u00d5ES ADICIONAIS<\/strong><br \/>\nPRODUTO INDUSTRIAL. USO PROFISSIONAL.<\/p>","protected":false},"excerpt":{"rendered":"<h3>Tropic Dust<\/h3>\n<p class=\"Estndar\">Ambientador l\u00edquido de gota de larga dura\u00e7\u00e3o. Aplicado de forma correcta, o seu agrad\u00e1vel e persistente aroma, mant\u00e9-se durante 24 horas. Faz desaparecer os odores por muito desagrad\u00e1veis que sejam. Especialmente criado para ambientar casas de banho e lavabos.<\/p>\n<table>\n<tbody>\n<tr>\n<td style=\"width: 50%;\">\n<p class=\"Estndar\"><span lang=\"es\" xml:lang=\"es\"><strong>V\u00eddeos de aplica\u00e7\u00e3o do ambientador Tropic:<\/strong><\/span><\/p>\n<details>\n<summary><span lang=\"es\" xml:lang=\"es\">V\u00eddeo de aplica\u00e7\u00e3o \u2013 <\/span>Espanhol<\/summary>\n<p><iframe src=\"https:\/\/www.youtube.com\/embed\/xH8vw9CTbww?rel=0\"><\/iframe><\/p>\n<\/details>\n<details>\n<summary><span lang=\"es\" xml:lang=\"es\">V\u00eddeo de aplica\u00e7\u00e3o \u2013 <\/span>Ingl\u00eas<\/summary>\n<p><iframe src=\"https:\/\/www.youtube.com\/embed\/gm5igHf0Iw4?rel=0\"><\/iframe><\/p>\n<\/details>\n<details>\n<summary><span lang=\"es\" xml:lang=\"es\">V\u00eddeo de aplica\u00e7\u00e3o \u2013 <\/span>Franc\u00eas<\/summary>\n<p><iframe src=\"https:\/\/www.youtube.com\/embed\/u4TYu1n9HKc?rel=0\"><\/iframe><\/p>\n<\/details>\n<details>\n<summary><span lang=\"es\" xml:lang=\"es\">V\u00eddeo de aplica\u00e7\u00e3o \u2013 <\/span>Portugu\u00eas<\/summary>\n<p><iframe src=\"https:\/\/www.youtube.com\/embed\/q0mEvOE3_Rw?rel=0\"><\/iframe><\/p>\n<\/details>\n<details>\n<summary><span lang=\"es\" xml:lang=\"es\">V\u00eddeo de aplica\u00e7\u00e3o \u2013 <\/span>\u00e1rabe<\/summary>\n<p><iframe src=\"https:\/\/www.youtube.com\/embed\/_7LSCjHjFzc?rel=0\"><\/iframe><\/p>\n<\/details>\n<\/td>\n<\/tr>\n<\/tbody>\n<\/table>","protected":false},"featured_media":3838,"template":"","meta":{"neve_meta_sidebar":"","neve_meta_container":"","neve_meta_enable_content_width":"off","neve_meta_content_width":100,"neve_meta_title_alignment":"","neve_meta_author_avatar":"","neve_post_elements_order":"","neve_meta_disable_header":"","neve_meta_disable_footer":"","neve_meta_disable_title":""},"product_brand":[],"product_cat":[388,1095,372,370,386,374,376],"product_tag":[],"class_list":{"0":"post-2621","1":"product","2":"type-product","3":"status-publish","4":"has-post-thumbnail","6":"product_cat-ambientadores","7":"product_cat-escuelas-sectores","8":"product_cat-geriatricos","9":"product_cat-hoteles","10":"product_cat-limpieza-de-banos","11":"product_cat-restauracion","12":"product_cat-servicios-de-limpieza","14":"first","15":"instock","16":"shipping-taxable","17":"product-type-simple"},"yoast_head":"<!-- This site is optimized with the Yoast SEO plugin v27.0 - https:\/\/yoast.com\/product\/yoast-seo-wordpress\/ -->\n<title>Tropic Dust. Ambientador goteo - Dermo | F\u00e1brica de detergentes<\/title>\n<meta name=\"robots\" content=\"index, follow, max-snippet:-1, max-image-preview:large, max-video-preview:-1\" \/>\n<link rel=\"canonical\" href=\"https:\/\/dermo.com\/pt\/catalogo\/poeira-tropical\/\" \/>\n<meta property=\"og:locale\" content=\"pt_PT\" \/>\n<meta property=\"og:type\" content=\"article\" \/>\n<meta property=\"og:title\" content=\"Tropic Dust. Ambientador goteo - Dermo | F\u00e1brica de detergentes\" \/>\n<meta property=\"og:description\" content=\"Tropic Dust Ambientador l\u00edquido de goteo de larga duraci\u00f3n. Aplicado de forma correcta, su agradable y persistente aroma se mantiene durante 24 horas. Hace desaparecer los olores por muy desagradables que sean. Especialmente creado para ambientar cuartos de ba\u00f1o, aseos y lavabos.      V\u00eddeos de Aplicaci\u00f3n Ambientadores Tropic:  V\u00eddeo de Aplicaci\u00f3n - Espa\u00f1ol  V\u00eddeo de Aplicaci\u00f3n - Ingl\u00e9s  V\u00eddeo de Aplicaci\u00f3n - Franc\u00e9s  V\u00eddeo de Aplicaci\u00f3n - Portugu\u00e9s  V\u00eddeo de Aplicaci\u00f3n - \u00c1rabe\" \/>\n<meta property=\"og:url\" content=\"https:\/\/dermo.com\/pt\/catalogo\/poeira-tropical\/\" \/>\n<meta property=\"og:site_name\" content=\"Dermo | F\u00e1brica de detergentes\" \/>\n<meta property=\"article:modified_time\" content=\"2025-02-21T12:28:48+00:00\" \/>\n<meta property=\"og:image\" content=\"https:\/\/dermo.com\/wp-content\/uploads\/2015\/07\/Tropic-Dust.-Ambientador-Goteo.png\" \/>\n\t<meta property=\"og:image:width\" content=\"768\" \/>\n\t<meta property=\"og:image:height\" content=\"823\" \/>\n\t<meta property=\"og:image:type\" content=\"image\/png\" \/>\n<meta name=\"twitter:card\" content=\"summary_large_image\" \/>\n<meta name=\"twitter:label1\" content=\"Tempo estimado de leitura\" \/>\n\t<meta name=\"twitter:data1\" content=\"1 minuto\" \/>\n<script type=\"application\/ld+json\" class=\"yoast-schema-graph\">{\"@context\":\"https:\/\/schema.org\",\"@graph\":[{\"@type\":\"WebPage\",\"@id\":\"https:\/\/dermo.com\/catalogo\/tropic-dust\/\",\"url\":\"https:\/\/dermo.com\/catalogo\/tropic-dust\/\",\"name\":\"Tropic Dust. Ambientador goteo - Dermo | F\u00e1brica de detergentes\",\"isPartOf\":{\"@id\":\"https:\/\/dermo.com\/#website\"},\"primaryImageOfPage\":{\"@id\":\"https:\/\/dermo.com\/catalogo\/tropic-dust\/#primaryimage\"},\"image\":{\"@id\":\"https:\/\/dermo.com\/catalogo\/tropic-dust\/#primaryimage\"},\"thumbnailUrl\":\"https:\/\/dermo.com\/wp-content\/uploads\/2015\/07\/Tropic-Dust.-Ambientador-Goteo.png\",\"datePublished\":\"2015-07-27T18:22:29+00:00\",\"dateModified\":\"2025-02-21T12:28:48+00:00\",\"breadcrumb\":{\"@id\":\"https:\/\/dermo.com\/catalogo\/tropic-dust\/#breadcrumb\"},\"inLanguage\":\"pt-PT\",\"potentialAction\":[{\"@type\":\"ReadAction\",\"target\":[\"https:\/\/dermo.com\/catalogo\/tropic-dust\/\"]}]},{\"@type\":\"ImageObject\",\"inLanguage\":\"pt-PT\",\"@id\":\"https:\/\/dermo.com\/catalogo\/tropic-dust\/#primaryimage\",\"url\":\"https:\/\/dermo.com\/wp-content\/uploads\/2015\/07\/Tropic-Dust.-Ambientador-Goteo.png\",\"contentUrl\":\"https:\/\/dermo.com\/wp-content\/uploads\/2015\/07\/Tropic-Dust.-Ambientador-Goteo.png\",\"width\":768,\"height\":823},{\"@type\":\"BreadcrumbList\",\"@id\":\"https:\/\/dermo.com\/catalogo\/tropic-dust\/#breadcrumb\",\"itemListElement\":[{\"@type\":\"ListItem\",\"position\":1,\"name\":\"Portada\",\"item\":\"https:\/\/dermo.com\/\"},{\"@type\":\"ListItem\",\"position\":2,\"name\":\"Tienda\",\"item\":\"https:\/\/dermo.com\/tienda\/\"},{\"@type\":\"ListItem\",\"position\":3,\"name\":\"Tropic Dust. Ambientador goteo\"}]},{\"@type\":\"WebSite\",\"@id\":\"https:\/\/dermo.com\/#website\",\"url\":\"https:\/\/dermo.com\/\",\"name\":\"Dermo | F\u00e1brica de detergentes\",\"description\":\"Tecnolog\u00eda avanzada, investigaci\u00f3n y desarrollo, respeto por el medio ambiente, competencia, formaci\u00f3n constante y alto nivel de profesionalidad en nuestro equipo humano, empe\u00f1ado en preservar la calidad de vida, la protecci\u00f3n del entorno natural contin\u00faan motiv\u00e1ndonos para desarrollar en nuestros laboratorios nuevos productos con ingredientes activos altamente biodegradables que hacen posible un desarrollo sostenible.\",\"potentialAction\":[{\"@type\":\"SearchAction\",\"target\":{\"@type\":\"EntryPoint\",\"urlTemplate\":\"https:\/\/dermo.com\/?s={search_term_string}\"},\"query-input\":{\"@type\":\"PropertyValueSpecification\",\"valueRequired\":true,\"valueName\":\"search_term_string\"}}],\"inLanguage\":\"pt-PT\"}]}<\/script>\n<!-- \/ Yoast SEO plugin. -->","yoast_head_json":{"title":"Poeira Tr\u00f3pica. Ambientador gota a gota - Dermo | f\u00e1brica de detergentes","robots":{"index":"index","follow":"follow","max-snippet":"max-snippet:-1","max-image-preview":"max-image-preview:large","max-video-preview":"max-video-preview:-1"},"canonical":"https:\/\/dermo.com\/pt\/catalogo\/poeira-tropical\/","og_locale":"pt_PT","og_type":"article","og_title":"Tropic Dust. Ambientador goteo - Dermo | F\u00e1brica de detergentes","og_description":"Tropic Dust Ambientador l\u00edquido de goteo de larga duraci\u00f3n. Aplicado de forma correcta, su agradable y persistente aroma se mantiene durante 24 horas. Hace desaparecer los olores por muy desagradables que sean. Especialmente creado para ambientar cuartos de ba\u00f1o, aseos y lavabos.      V\u00eddeos de Aplicaci\u00f3n Ambientadores Tropic:  V\u00eddeo de Aplicaci\u00f3n - Espa\u00f1ol  V\u00eddeo de Aplicaci\u00f3n - Ingl\u00e9s  V\u00eddeo de Aplicaci\u00f3n - Franc\u00e9s  V\u00eddeo de Aplicaci\u00f3n - Portugu\u00e9s  V\u00eddeo de Aplicaci\u00f3n - \u00c1rabe","og_url":"https:\/\/dermo.com\/pt\/catalogo\/poeira-tropical\/","og_site_name":"Dermo | F\u00e1brica de detergentes","article_modified_time":"2025-02-21T12:28:48+00:00","og_image":[{"width":768,"height":823,"url":"https:\/\/dermo.com\/wp-content\/uploads\/2015\/07\/Tropic-Dust.-Ambientador-Goteo.png","type":"image\/png"}],"twitter_card":"summary_large_image","twitter_misc":{"Tempo estimado de leitura":"1 minuto"},"schema":{"@context":"https:\/\/schema.org","@graph":[{"@type":"WebPage","@id":"https:\/\/dermo.com\/catalogo\/tropic-dust\/","url":"https:\/\/dermo.com\/catalogo\/tropic-dust\/","name":"Poeira Tr\u00f3pica. Ambientador gota a gota - Dermo | f\u00e1brica de detergentes","isPartOf":{"@id":"https:\/\/dermo.com\/#website"},"primaryImageOfPage":{"@id":"https:\/\/dermo.com\/catalogo\/tropic-dust\/#primaryimage"},"image":{"@id":"https:\/\/dermo.com\/catalogo\/tropic-dust\/#primaryimage"},"thumbnailUrl":"https:\/\/dermo.com\/wp-content\/uploads\/2015\/07\/Tropic-Dust.-Ambientador-Goteo.png","datePublished":"2015-07-27T18:22:29+00:00","dateModified":"2025-02-21T12:28:48+00:00","breadcrumb":{"@id":"https:\/\/dermo.com\/catalogo\/tropic-dust\/#breadcrumb"},"inLanguage":"pt-PT","potentialAction":[{"@type":"ReadAction","target":["https:\/\/dermo.com\/catalogo\/tropic-dust\/"]}]},{"@type":"ImageObject","inLanguage":"pt-PT","@id":"https:\/\/dermo.com\/catalogo\/tropic-dust\/#primaryimage","url":"https:\/\/dermo.com\/wp-content\/uploads\/2015\/07\/Tropic-Dust.-Ambientador-Goteo.png","contentUrl":"https:\/\/dermo.com\/wp-content\/uploads\/2015\/07\/Tropic-Dust.-Ambientador-Goteo.png","width":768,"height":823},{"@type":"BreadcrumbList","@id":"https:\/\/dermo.com\/catalogo\/tropic-dust\/#breadcrumb","itemListElement":[{"@type":"ListItem","position":1,"name":"Portada","item":"https:\/\/dermo.com\/"},{"@type":"ListItem","position":2,"name":"Tienda","item":"https:\/\/dermo.com\/tienda\/"},{"@type":"ListItem","position":3,"name":"Tropic Dust. Ambientador goteo"}]},{"@type":"WebSite","@id":"https:\/\/dermo.com\/#website","url":"https:\/\/dermo.com\/","name":"Dermo | f\u00e1brica de detergentes","description":"A tecnologia avan\u00e7ada, a investiga\u00e7\u00e3o e desenvolvimento, o respeito pelo ambiente, a compet\u00eancia, a forma\u00e7\u00e3o constante e o elevado n\u00edvel de profissionalismo da nossa equipa humana, comprometida com a preserva\u00e7\u00e3o da qualidade de vida, a protec\u00e7\u00e3o do ambiente natural continuam a motivar-nos a desenvolver novos produtos nos nossos laborat\u00f3rios com princ\u00edpios ativos altamente biodegrad\u00e1veis que possibilitam o desenvolvimento sustent\u00e1vel.","potentialAction":[{"@type":"SearchAction","target":{"@type":"EntryPoint","urlTemplate":"https:\/\/dermo.com\/?s={search_term_string}"},"query-input":{"@type":"PropertyValueSpecification","valueRequired":true,"valueName":"search_term_string"}}],"inLanguage":"pt-PT"}]}},"_links":{"self":[{"href":"https:\/\/dermo.com\/pt\/wp-json\/wp\/v2\/product\/2621","targetHints":{"allow":["GET"]}}],"collection":[{"href":"https:\/\/dermo.com\/pt\/wp-json\/wp\/v2\/product"}],"about":[{"href":"https:\/\/dermo.com\/pt\/wp-json\/wp\/v2\/types\/product"}],"wp:featuredmedia":[{"embeddable":true,"href":"https:\/\/dermo.com\/pt\/wp-json\/wp\/v2\/media\/3838"}],"wp:attachment":[{"href":"https:\/\/dermo.com\/pt\/wp-json\/wp\/v2\/media?parent=2621"}],"wp:term":[{"taxonomy":"product_brand","embeddable":true,"href":"https:\/\/dermo.com\/pt\/wp-json\/wp\/v2\/product_brand?post=2621"},{"taxonomy":"product_cat","embeddable":true,"href":"https:\/\/dermo.com\/pt\/wp-json\/wp\/v2\/product_cat?post=2621"},{"taxonomy":"product_tag","embeddable":true,"href":"https:\/\/dermo.com\/pt\/wp-json\/wp\/v2\/product_tag?post=2621"}],"curies":[{"name":"wp","href":"https:\/\/api.w.org\/{rel}","templated":true}]}}