{"id":2625,"date":"2015-07-27T18:31:28","date_gmt":"2015-07-27T18:31:28","guid":{"rendered":"https:\/\/dermo.ultbit.com\/producto\/tropic-mandarina\/"},"modified":"2025-02-25T10:22:26","modified_gmt":"2025-02-25T09:22:26","slug":"tangerina-tropical","status":"publish","type":"product","link":"https:\/\/dermo.com\/pt\/catalogo\/tangerina-tropical\/","title":{"rendered":"Tropic Mandarina. ambientador de gotejamento"},"content":{"rendered":"<p><strong>MODO DE EMPREGO:<\/strong><br \/>\nAplique algumas gotas em todos os pontos que possam escapar odores desagrad\u00e1veis.<\/p>\n<p><strong>CARACTER\u00cdSTICAS T\u00c9CNICAS<\/strong><br \/>\nAspecto: L\u00edquido.<br \/>\nCor: Sem cor.<br \/>\nCheiro: Tangerina.<br \/>\nDensidade: 0,90 \u2013 0,95 g\/cc.<\/p>\n<p><strong>COMPOSI\u00c7\u00c3O<\/strong><br \/>\n\u00c1lcoois, emulsionantes, ess\u00eancias.<\/p>\n<p><strong>PRESENTA\u00c7\u00c3O:<\/strong><br \/>\nJerrican pl\u00e1stico<\/p>\n<table>\n<tbody>\n<tr>\n<td width=\"120\">FORMATO<\/td>\n<td width=\"120\">\u00a0 \u00a0 500 ml<\/td>\n<td width=\"120\">\u00a0 \u00a0 1L<\/td>\n<td width=\"120\">\u00a0 \u00a0 5L<\/td>\n<\/tr>\n<tr>\n<td width=\"120\">C\u00d3DIGO<\/td>\n<td width=\"120\">005TMD00<\/td>\n<td width=\"120\">005TMD01<\/td>\n<td width=\"120\">005TMD05<\/td>\n<\/tr>\n<\/tbody>\n<\/table>\n<p><strong>SEGURAN\u00c7A \/ TOXICOLOGIA<\/strong><br \/>\nL\u00edquidos e vapores inflam\u00e1veis. Causa irrita\u00e7\u00e3o ocular grave. Pode causar sonol\u00eancia e tontura.<br \/>\nConservar em local fresco e seco entre 5 e 25\u00baC. Em caso de acidente, consulte o Servi\u00e7o M\u00e9dico de<br \/>\nInforma\u00e7\u00f5es toxicol\u00f3gicas. Tel.: 915 620 420.<\/p>\n<p><strong>INFORMA\u00c7\u00d5ES ADICIONAIS<\/strong><br \/>\nPRODUTO INDUSTRIAL. USO PROFISSIONAL.<\/p>","protected":false},"excerpt":{"rendered":"<h3>Tropic Mandarina<\/h3>\n<p class=\"Estndar\">Ambientador l\u00edquido por gotejamento de longa dura\u00e7\u00e3o. Correctamente implementada, seu aroma agrad\u00e1vel e persistente \u00e9 mantido por 24 horas. Remove o odor extremamente desagrad\u00e1vel.<\/p>\n<table>\n<tbody>\n<tr>\n<td style=\"width: 100%;\">\n<div class=\"video-section\">\n<p class=\"Estndar\"><span lang=\"es\" xml:lang=\"es\"><strong>V\u00eddeos de aplica\u00e7\u00e3o de ambientadores Tropic:<\/strong><\/span><\/p>\n<details>\n<summary>V\u00eddeo de Aplica\u00e7\u00e3o \u2013 Ingl\u00eas<\/summary>\n<p><iframe src=\"https:\/\/www.youtube.com\/embed\/gm5igHf0Iw4?rel=0\"><\/iframe><\/p>\n<\/details>\n<details>\n<summary>V\u00eddeo de Aplica\u00e7\u00e3o \u2013 Portugu\u00eas<\/summary>\n<p><iframe src=\"https:\/\/www.youtube.com\/embed\/q0mEvOE3_Rw?rel=0\"><\/iframe><\/p>\n<\/details>\n<details>\n<summary>V\u00eddeo de Aplica\u00e7\u00e3o \u2013 Franc\u00eas<\/summary>\n<p><iframe src=\"https:\/\/www.youtube.com\/embed\/u4TYu1n9HKc?rel=0\"><\/iframe><\/p>\n<\/details>\n<details>\n<summary>V\u00eddeo de Aplica\u00e7\u00e3o \u2013 Espanhol<\/summary>\n<p><iframe src=\"https:\/\/www.youtube.com\/embed\/xH8vw9CTbww?rel=0\"><\/iframe><\/p>\n<\/details>\n<\/div>\n<\/td>\n<\/tr>\n<\/tbody>\n<\/table>","protected":false},"featured_media":3064,"template":"","meta":{"neve_meta_sidebar":"","neve_meta_container":"","neve_meta_enable_content_width":"off","neve_meta_content_width":100,"neve_meta_title_alignment":"","neve_meta_author_avatar":"","neve_post_elements_order":"","neve_meta_disable_header":"","neve_meta_disable_footer":"","neve_meta_disable_title":""},"product_brand":[],"product_cat":[388],"product_tag":[],"class_list":{"0":"post-2625","1":"product","2":"type-product","3":"status-publish","4":"has-post-thumbnail","6":"product_cat-ambientadores","8":"first","9":"instock","10":"shipping-taxable","11":"product-type-simple"},"yoast_head":"<!-- This site is optimized with the Yoast SEO plugin v27.0 - https:\/\/yoast.com\/product\/yoast-seo-wordpress\/ -->\n<title>Tropic Mandarina. Ambientador goteo - Dermo | F\u00e1brica de detergentes<\/title>\n<meta name=\"robots\" content=\"index, follow, max-snippet:-1, max-image-preview:large, max-video-preview:-1\" \/>\n<link rel=\"canonical\" href=\"https:\/\/dermo.com\/pt\/catalogo\/tangerina-tropical\/\" \/>\n<meta property=\"og:locale\" content=\"pt_PT\" \/>\n<meta property=\"og:type\" content=\"article\" \/>\n<meta property=\"og:title\" content=\"Tropic Mandarina. Ambientador goteo - Dermo | F\u00e1brica de detergentes\" \/>\n<meta property=\"og:description\" content=\"Tropic Mandarina Ambientador l\u00edquido de goteo de larga duraci\u00f3n. Aplicado de forma correcta, su agradable y persistente aroma se mantiene durante 24 horas. Hace desaparecer los olores por muy desagradables que sean.       V\u00eddeos de Aplicaci\u00f3n Ambientadores tropic:  Application Video - English  V\u00eddeo de aplica\u00e7\u00e3o - Portugu\u00eas  Vid\u00e9o d&#039;application - Fran\u00e7ais  V\u00eddeo de Aplicaci\u00f3n - Espa\u00f1ol\" \/>\n<meta property=\"og:url\" content=\"https:\/\/dermo.com\/pt\/catalogo\/tangerina-tropical\/\" \/>\n<meta property=\"og:site_name\" content=\"Dermo | F\u00e1brica de detergentes\" \/>\n<meta property=\"article:modified_time\" content=\"2025-02-25T09:22:26+00:00\" \/>\n<meta property=\"og:image\" content=\"https:\/\/dermo.com\/wp-content\/uploads\/2015\/07\/Tropic-Mandarina.-Ambientador-Goteo.png\" \/>\n\t<meta property=\"og:image:width\" content=\"547\" \/>\n\t<meta property=\"og:image:height\" content=\"547\" \/>\n\t<meta property=\"og:image:type\" content=\"image\/png\" \/>\n<meta name=\"twitter:card\" content=\"summary_large_image\" \/>\n<meta name=\"twitter:label1\" content=\"Tempo estimado de leitura\" \/>\n\t<meta name=\"twitter:data1\" content=\"1 minuto\" \/>\n<script type=\"application\/ld+json\" class=\"yoast-schema-graph\">{\"@context\":\"https:\/\/schema.org\",\"@graph\":[{\"@type\":\"WebPage\",\"@id\":\"https:\/\/dermo.com\/catalogo\/tropic-mandarina\/\",\"url\":\"https:\/\/dermo.com\/catalogo\/tropic-mandarina\/\",\"name\":\"Tropic Mandarina. Ambientador goteo - Dermo | F\u00e1brica de detergentes\",\"isPartOf\":{\"@id\":\"https:\/\/dermo.com\/#website\"},\"primaryImageOfPage\":{\"@id\":\"https:\/\/dermo.com\/catalogo\/tropic-mandarina\/#primaryimage\"},\"image\":{\"@id\":\"https:\/\/dermo.com\/catalogo\/tropic-mandarina\/#primaryimage\"},\"thumbnailUrl\":\"https:\/\/dermo.com\/wp-content\/uploads\/2015\/07\/Tropic-Mandarina.-Ambientador-Goteo.png\",\"datePublished\":\"2015-07-27T18:31:28+00:00\",\"dateModified\":\"2025-02-25T09:22:26+00:00\",\"breadcrumb\":{\"@id\":\"https:\/\/dermo.com\/catalogo\/tropic-mandarina\/#breadcrumb\"},\"inLanguage\":\"pt-PT\",\"potentialAction\":[{\"@type\":\"ReadAction\",\"target\":[\"https:\/\/dermo.com\/catalogo\/tropic-mandarina\/\"]}]},{\"@type\":\"ImageObject\",\"inLanguage\":\"pt-PT\",\"@id\":\"https:\/\/dermo.com\/catalogo\/tropic-mandarina\/#primaryimage\",\"url\":\"https:\/\/dermo.com\/wp-content\/uploads\/2015\/07\/Tropic-Mandarina.-Ambientador-Goteo.png\",\"contentUrl\":\"https:\/\/dermo.com\/wp-content\/uploads\/2015\/07\/Tropic-Mandarina.-Ambientador-Goteo.png\",\"width\":547,\"height\":547},{\"@type\":\"BreadcrumbList\",\"@id\":\"https:\/\/dermo.com\/catalogo\/tropic-mandarina\/#breadcrumb\",\"itemListElement\":[{\"@type\":\"ListItem\",\"position\":1,\"name\":\"Portada\",\"item\":\"https:\/\/dermo.com\/\"},{\"@type\":\"ListItem\",\"position\":2,\"name\":\"Tienda\",\"item\":\"https:\/\/dermo.com\/tienda\/\"},{\"@type\":\"ListItem\",\"position\":3,\"name\":\"Tropic Mandarina. Ambientador goteo\"}]},{\"@type\":\"WebSite\",\"@id\":\"https:\/\/dermo.com\/#website\",\"url\":\"https:\/\/dermo.com\/\",\"name\":\"Dermo | F\u00e1brica de detergentes\",\"description\":\"Tecnolog\u00eda avanzada, investigaci\u00f3n y desarrollo, respeto por el medio ambiente, competencia, formaci\u00f3n constante y alto nivel de profesionalidad en nuestro equipo humano, empe\u00f1ado en preservar la calidad de vida, la protecci\u00f3n del entorno natural contin\u00faan motiv\u00e1ndonos para desarrollar en nuestros laboratorios nuevos productos con ingredientes activos altamente biodegradables que hacen posible un desarrollo sostenible.\",\"potentialAction\":[{\"@type\":\"SearchAction\",\"target\":{\"@type\":\"EntryPoint\",\"urlTemplate\":\"https:\/\/dermo.com\/?s={search_term_string}\"},\"query-input\":{\"@type\":\"PropertyValueSpecification\",\"valueRequired\":true,\"valueName\":\"search_term_string\"}}],\"inLanguage\":\"pt-PT\"}]}<\/script>\n<!-- \/ Yoast SEO plugin. -->","yoast_head_json":{"title":"Tangerina Tr\u00f3pica. Ambientador gota a gota - Dermo | f\u00e1brica de detergentes","robots":{"index":"index","follow":"follow","max-snippet":"max-snippet:-1","max-image-preview":"max-image-preview:large","max-video-preview":"max-video-preview:-1"},"canonical":"https:\/\/dermo.com\/pt\/catalogo\/tangerina-tropical\/","og_locale":"pt_PT","og_type":"article","og_title":"Tropic Mandarina. Ambientador goteo - Dermo | F\u00e1brica de detergentes","og_description":"Tropic Mandarina Ambientador l\u00edquido de goteo de larga duraci\u00f3n. Aplicado de forma correcta, su agradable y persistente aroma se mantiene durante 24 horas. Hace desaparecer los olores por muy desagradables que sean.       V\u00eddeos de Aplicaci\u00f3n Ambientadores tropic:  Application Video - English  V\u00eddeo de aplica\u00e7\u00e3o - Portugu\u00eas  Vid\u00e9o d'application - Fran\u00e7ais  V\u00eddeo de Aplicaci\u00f3n - Espa\u00f1ol","og_url":"https:\/\/dermo.com\/pt\/catalogo\/tangerina-tropical\/","og_site_name":"Dermo | F\u00e1brica de detergentes","article_modified_time":"2025-02-25T09:22:26+00:00","og_image":[{"width":547,"height":547,"url":"https:\/\/dermo.com\/wp-content\/uploads\/2015\/07\/Tropic-Mandarina.-Ambientador-Goteo.png","type":"image\/png"}],"twitter_card":"summary_large_image","twitter_misc":{"Tempo estimado de leitura":"1 minuto"},"schema":{"@context":"https:\/\/schema.org","@graph":[{"@type":"WebPage","@id":"https:\/\/dermo.com\/catalogo\/tropic-mandarina\/","url":"https:\/\/dermo.com\/catalogo\/tropic-mandarina\/","name":"Tangerina Tr\u00f3pica. Ambientador gota a gota - Dermo | f\u00e1brica de detergentes","isPartOf":{"@id":"https:\/\/dermo.com\/#website"},"primaryImageOfPage":{"@id":"https:\/\/dermo.com\/catalogo\/tropic-mandarina\/#primaryimage"},"image":{"@id":"https:\/\/dermo.com\/catalogo\/tropic-mandarina\/#primaryimage"},"thumbnailUrl":"https:\/\/dermo.com\/wp-content\/uploads\/2015\/07\/Tropic-Mandarina.-Ambientador-Goteo.png","datePublished":"2015-07-27T18:31:28+00:00","dateModified":"2025-02-25T09:22:26+00:00","breadcrumb":{"@id":"https:\/\/dermo.com\/catalogo\/tropic-mandarina\/#breadcrumb"},"inLanguage":"pt-PT","potentialAction":[{"@type":"ReadAction","target":["https:\/\/dermo.com\/catalogo\/tropic-mandarina\/"]}]},{"@type":"ImageObject","inLanguage":"pt-PT","@id":"https:\/\/dermo.com\/catalogo\/tropic-mandarina\/#primaryimage","url":"https:\/\/dermo.com\/wp-content\/uploads\/2015\/07\/Tropic-Mandarina.-Ambientador-Goteo.png","contentUrl":"https:\/\/dermo.com\/wp-content\/uploads\/2015\/07\/Tropic-Mandarina.-Ambientador-Goteo.png","width":547,"height":547},{"@type":"BreadcrumbList","@id":"https:\/\/dermo.com\/catalogo\/tropic-mandarina\/#breadcrumb","itemListElement":[{"@type":"ListItem","position":1,"name":"Portada","item":"https:\/\/dermo.com\/"},{"@type":"ListItem","position":2,"name":"Tienda","item":"https:\/\/dermo.com\/tienda\/"},{"@type":"ListItem","position":3,"name":"Tropic Mandarina. Ambientador goteo"}]},{"@type":"WebSite","@id":"https:\/\/dermo.com\/#website","url":"https:\/\/dermo.com\/","name":"Dermo | f\u00e1brica de detergentes","description":"A tecnologia avan\u00e7ada, a investiga\u00e7\u00e3o e desenvolvimento, o respeito pelo ambiente, a compet\u00eancia, a forma\u00e7\u00e3o constante e o elevado n\u00edvel de profissionalismo da nossa equipa humana, comprometida com a preserva\u00e7\u00e3o da qualidade de vida, a protec\u00e7\u00e3o do ambiente natural continuam a motivar-nos a desenvolver novos produtos nos nossos laborat\u00f3rios com princ\u00edpios ativos altamente biodegrad\u00e1veis que possibilitam o desenvolvimento sustent\u00e1vel.","potentialAction":[{"@type":"SearchAction","target":{"@type":"EntryPoint","urlTemplate":"https:\/\/dermo.com\/?s={search_term_string}"},"query-input":{"@type":"PropertyValueSpecification","valueRequired":true,"valueName":"search_term_string"}}],"inLanguage":"pt-PT"}]}},"_links":{"self":[{"href":"https:\/\/dermo.com\/pt\/wp-json\/wp\/v2\/product\/2625","targetHints":{"allow":["GET"]}}],"collection":[{"href":"https:\/\/dermo.com\/pt\/wp-json\/wp\/v2\/product"}],"about":[{"href":"https:\/\/dermo.com\/pt\/wp-json\/wp\/v2\/types\/product"}],"wp:featuredmedia":[{"embeddable":true,"href":"https:\/\/dermo.com\/pt\/wp-json\/wp\/v2\/media\/3064"}],"wp:attachment":[{"href":"https:\/\/dermo.com\/pt\/wp-json\/wp\/v2\/media?parent=2625"}],"wp:term":[{"taxonomy":"product_brand","embeddable":true,"href":"https:\/\/dermo.com\/pt\/wp-json\/wp\/v2\/product_brand?post=2625"},{"taxonomy":"product_cat","embeddable":true,"href":"https:\/\/dermo.com\/pt\/wp-json\/wp\/v2\/product_cat?post=2625"},{"taxonomy":"product_tag","embeddable":true,"href":"https:\/\/dermo.com\/pt\/wp-json\/wp\/v2\/product_tag?post=2625"}],"curies":[{"name":"wp","href":"https:\/\/api.w.org\/{rel}","templated":true}]}}