{"id":2637,"date":"2015-07-27T18:57:58","date_gmt":"2015-07-27T18:57:58","guid":{"rendered":"https:\/\/dermo.ultbit.com\/producto\/limtot-apple\/"},"modified":"2025-04-11T10:31:28","modified_gmt":"2025-04-11T08:31:28","slug":"maca-limtot","status":"publish","type":"product","link":"https:\/\/dermo.com\/pt\/catalogo\/maca-limtot\/","title":{"rendered":"Limtot Apple. Limpador multiusos"},"content":{"rendered":"<p><strong>MODO DE EMPREGO:<\/strong><br \/>\nDevido \u00e0 multiplicidade de aplica\u00e7\u00f5es que possui, pode ser usado desde puro at\u00e9 uma dilui\u00e7\u00e3o de 5%.<br \/>\nPode ser aplicado com um pano, pulverizador ou misturado em \u00e1gua num balde. N\u00e3o necessita de enxaguar.<\/p>\n<p><strong>CARACTER\u00cdSTICAS T\u00c9CNICAS:<\/strong><br \/>\nAspecto: L\u00edquido transparente.<br \/>\nCor: Verde.<br \/>\nCheiro: Ma\u00e7\u00e3.<br \/>\npH puro: 9 -10.<br \/>\nDensidade: 0,98 \u2013 0,99 g\/cc.<br \/>\nSolubilidade em agua: Soluble.<br \/>\nConcentra\u00e7\u00e3o em subst\u00e3ncia activa: 9 - 12%<\/p>\n<p><strong>PRESENTA\u00c7\u00c3O:<\/strong><br \/>\nJerrican pl\u00e1stico<\/p>\n<table>\n<tbody>\n<tr>\n<td>FORMATO<\/td>\n<td>\u00a0 \u00a0 \u00a0 1kg<\/td>\n<td>\u00a0 \u00a0 \u00a05kg<\/td>\n<td><\/td>\n<\/tr>\n<tr>\n<td>C\u00d3DIGO<\/td>\n<td>\u00a0 004LIA01<\/td>\n<td>\u00a0 004LIA05<\/td>\n<td><\/td>\n<\/tr>\n<\/tbody>\n<\/table>","protected":false},"excerpt":{"rendered":"<p class=\"Estndar\"><span lang=\"es\" xml:lang=\"es\">Detergente l\u00edquido com bio-alco\u00f3l, desengordura e abrilhanta superf\u00edcies esmaltadas, lacados, sint\u00e9ticos, cer\u00e2micas, sanit\u00e1rios, lavabos, torneiras, m\u00f3veis de f\u00f3rmica, m\u00e1rmores, etc.<\/span><\/p>\n<p class=\"Estndar\"><span lang=\"es\" xml:lang=\"es\">V\u00e1lido para superf\u00edcies n\u00e3o enceradas.<\/span><\/p>","protected":false},"featured_media":2636,"template":"","meta":{"neve_meta_sidebar":"","neve_meta_container":"","neve_meta_enable_content_width":"off","neve_meta_content_width":100,"neve_meta_title_alignment":"","neve_meta_author_avatar":"","neve_post_elements_order":"","neve_meta_disable_header":"","neve_meta_disable_footer":"","neve_meta_disable_title":""},"product_brand":[],"product_cat":[1095,387,386],"product_tag":[],"class_list":{"0":"post-2637","1":"product","2":"type-product","3":"status-publish","4":"has-post-thumbnail","6":"product_cat-escuelas-sectores","7":"product_cat-limpiadores-multiusos","8":"product_cat-limpieza-de-banos","10":"first","11":"instock","12":"shipping-taxable","13":"product-type-simple"},"yoast_head":"<!-- This site is optimized with the Yoast SEO plugin v27.0 - https:\/\/yoast.com\/product\/yoast-seo-wordpress\/ -->\n<title>Limtot Apple. Limpiador multiusos - Dermo | F\u00e1brica de detergentes<\/title>\n<meta name=\"robots\" content=\"index, follow, max-snippet:-1, max-image-preview:large, max-video-preview:-1\" \/>\n<link rel=\"canonical\" href=\"https:\/\/dermo.com\/pt\/catalogo\/maca-limtot\/\" \/>\n<meta property=\"og:locale\" content=\"pt_PT\" \/>\n<meta property=\"og:type\" content=\"article\" \/>\n<meta property=\"og:title\" content=\"Limtot Apple. Limpiador multiusos - Dermo | F\u00e1brica de detergentes\" \/>\n<meta property=\"og:description\" content=\"Detergente con bio-alcohol de secado r\u00e1pido que limpia y abrillanta superficies esmaltadas, lacadas, sint\u00e9ticas, cer\u00e1micas, sanitarios, lavabos, grifer\u00eda, muebles de f\u00f3rmica, skai, m\u00e1rmol\u2026 V\u00e1lido para suelos no encerados.\" \/>\n<meta property=\"og:url\" content=\"https:\/\/dermo.com\/pt\/catalogo\/maca-limtot\/\" \/>\n<meta property=\"og:site_name\" content=\"Dermo | F\u00e1brica de detergentes\" \/>\n<meta property=\"article:modified_time\" content=\"2025-04-11T08:31:28+00:00\" \/>\n<meta property=\"og:image\" content=\"https:\/\/dermo.com\/wp-content\/uploads\/2015\/07\/91-Limtot-Apple.-Limpiador-multiusos.jpg\" \/>\n\t<meta property=\"og:image:width\" content=\"768\" \/>\n\t<meta property=\"og:image:height\" content=\"794\" \/>\n\t<meta property=\"og:image:type\" content=\"image\/jpeg\" \/>\n<meta name=\"twitter:card\" content=\"summary_large_image\" \/>\n<meta name=\"twitter:label1\" content=\"Tempo estimado de leitura\" \/>\n\t<meta name=\"twitter:data1\" content=\"1 minuto\" \/>\n<script type=\"application\/ld+json\" class=\"yoast-schema-graph\">{\"@context\":\"https:\/\/schema.org\",\"@graph\":[{\"@type\":\"WebPage\",\"@id\":\"https:\/\/dermo.com\/catalogo\/limtot-apple\/\",\"url\":\"https:\/\/dermo.com\/catalogo\/limtot-apple\/\",\"name\":\"Limtot Apple. Limpiador multiusos - Dermo | F\u00e1brica de detergentes\",\"isPartOf\":{\"@id\":\"https:\/\/dermo.com\/#website\"},\"primaryImageOfPage\":{\"@id\":\"https:\/\/dermo.com\/catalogo\/limtot-apple\/#primaryimage\"},\"image\":{\"@id\":\"https:\/\/dermo.com\/catalogo\/limtot-apple\/#primaryimage\"},\"thumbnailUrl\":\"https:\/\/dermo.com\/wp-content\/uploads\/2015\/07\/91-Limtot-Apple.-Limpiador-multiusos.jpg\",\"datePublished\":\"2015-07-27T18:57:58+00:00\",\"dateModified\":\"2025-04-11T08:31:28+00:00\",\"breadcrumb\":{\"@id\":\"https:\/\/dermo.com\/catalogo\/limtot-apple\/#breadcrumb\"},\"inLanguage\":\"pt-PT\",\"potentialAction\":[{\"@type\":\"ReadAction\",\"target\":[\"https:\/\/dermo.com\/catalogo\/limtot-apple\/\"]}]},{\"@type\":\"ImageObject\",\"inLanguage\":\"pt-PT\",\"@id\":\"https:\/\/dermo.com\/catalogo\/limtot-apple\/#primaryimage\",\"url\":\"https:\/\/dermo.com\/wp-content\/uploads\/2015\/07\/91-Limtot-Apple.-Limpiador-multiusos.jpg\",\"contentUrl\":\"https:\/\/dermo.com\/wp-content\/uploads\/2015\/07\/91-Limtot-Apple.-Limpiador-multiusos.jpg\",\"width\":768,\"height\":794,\"caption\":\"Limtot Apple. Limpiador multiusos\"},{\"@type\":\"BreadcrumbList\",\"@id\":\"https:\/\/dermo.com\/catalogo\/limtot-apple\/#breadcrumb\",\"itemListElement\":[{\"@type\":\"ListItem\",\"position\":1,\"name\":\"Portada\",\"item\":\"https:\/\/dermo.com\/\"},{\"@type\":\"ListItem\",\"position\":2,\"name\":\"Tienda\",\"item\":\"https:\/\/dermo.com\/tienda\/\"},{\"@type\":\"ListItem\",\"position\":3,\"name\":\"Limtot Apple. Limpiador multiusos\"}]},{\"@type\":\"WebSite\",\"@id\":\"https:\/\/dermo.com\/#website\",\"url\":\"https:\/\/dermo.com\/\",\"name\":\"Dermo | F\u00e1brica de detergentes\",\"description\":\"Tecnolog\u00eda avanzada, investigaci\u00f3n y desarrollo, respeto por el medio ambiente, competencia, formaci\u00f3n constante y alto nivel de profesionalidad en nuestro equipo humano, empe\u00f1ado en preservar la calidad de vida, la protecci\u00f3n del entorno natural contin\u00faan motiv\u00e1ndonos para desarrollar en nuestros laboratorios nuevos productos con ingredientes activos altamente biodegradables que hacen posible un desarrollo sostenible.\",\"potentialAction\":[{\"@type\":\"SearchAction\",\"target\":{\"@type\":\"EntryPoint\",\"urlTemplate\":\"https:\/\/dermo.com\/?s={search_term_string}\"},\"query-input\":{\"@type\":\"PropertyValueSpecification\",\"valueRequired\":true,\"valueName\":\"search_term_string\"}}],\"inLanguage\":\"pt-PT\"}]}<\/script>\n<!-- \/ Yoast SEO plugin. -->","yoast_head_json":{"title":"Ma\u00e7\u00e3 Limtot. Limpador Multiuso - Dermo | f\u00e1brica de detergentes","robots":{"index":"index","follow":"follow","max-snippet":"max-snippet:-1","max-image-preview":"max-image-preview:large","max-video-preview":"max-video-preview:-1"},"canonical":"https:\/\/dermo.com\/pt\/catalogo\/maca-limtot\/","og_locale":"pt_PT","og_type":"article","og_title":"Limtot Apple. Limpiador multiusos - Dermo | F\u00e1brica de detergentes","og_description":"Detergente con bio-alcohol de secado r\u00e1pido que limpia y abrillanta superficies esmaltadas, lacadas, sint\u00e9ticas, cer\u00e1micas, sanitarios, lavabos, grifer\u00eda, muebles de f\u00f3rmica, skai, m\u00e1rmol\u2026 V\u00e1lido para suelos no encerados.","og_url":"https:\/\/dermo.com\/pt\/catalogo\/maca-limtot\/","og_site_name":"Dermo | F\u00e1brica de detergentes","article_modified_time":"2025-04-11T08:31:28+00:00","og_image":[{"width":768,"height":794,"url":"https:\/\/dermo.com\/wp-content\/uploads\/2015\/07\/91-Limtot-Apple.-Limpiador-multiusos.jpg","type":"image\/jpeg"}],"twitter_card":"summary_large_image","twitter_misc":{"Tempo estimado de leitura":"1 minuto"},"schema":{"@context":"https:\/\/schema.org","@graph":[{"@type":"WebPage","@id":"https:\/\/dermo.com\/catalogo\/limtot-apple\/","url":"https:\/\/dermo.com\/catalogo\/limtot-apple\/","name":"Ma\u00e7\u00e3 Limtot. Limpador Multiuso - Dermo | f\u00e1brica de detergentes","isPartOf":{"@id":"https:\/\/dermo.com\/#website"},"primaryImageOfPage":{"@id":"https:\/\/dermo.com\/catalogo\/limtot-apple\/#primaryimage"},"image":{"@id":"https:\/\/dermo.com\/catalogo\/limtot-apple\/#primaryimage"},"thumbnailUrl":"https:\/\/dermo.com\/wp-content\/uploads\/2015\/07\/91-Limtot-Apple.-Limpiador-multiusos.jpg","datePublished":"2015-07-27T18:57:58+00:00","dateModified":"2025-04-11T08:31:28+00:00","breadcrumb":{"@id":"https:\/\/dermo.com\/catalogo\/limtot-apple\/#breadcrumb"},"inLanguage":"pt-PT","potentialAction":[{"@type":"ReadAction","target":["https:\/\/dermo.com\/catalogo\/limtot-apple\/"]}]},{"@type":"ImageObject","inLanguage":"pt-PT","@id":"https:\/\/dermo.com\/catalogo\/limtot-apple\/#primaryimage","url":"https:\/\/dermo.com\/wp-content\/uploads\/2015\/07\/91-Limtot-Apple.-Limpiador-multiusos.jpg","contentUrl":"https:\/\/dermo.com\/wp-content\/uploads\/2015\/07\/91-Limtot-Apple.-Limpiador-multiusos.jpg","width":768,"height":794,"caption":"Limtot Apple. Limpiador multiusos"},{"@type":"BreadcrumbList","@id":"https:\/\/dermo.com\/catalogo\/limtot-apple\/#breadcrumb","itemListElement":[{"@type":"ListItem","position":1,"name":"Portada","item":"https:\/\/dermo.com\/"},{"@type":"ListItem","position":2,"name":"Tienda","item":"https:\/\/dermo.com\/tienda\/"},{"@type":"ListItem","position":3,"name":"Limtot Apple. Limpiador multiusos"}]},{"@type":"WebSite","@id":"https:\/\/dermo.com\/#website","url":"https:\/\/dermo.com\/","name":"Dermo | f\u00e1brica de detergentes","description":"A tecnologia avan\u00e7ada, a investiga\u00e7\u00e3o e desenvolvimento, o respeito pelo ambiente, a compet\u00eancia, a forma\u00e7\u00e3o constante e o elevado n\u00edvel de profissionalismo da nossa equipa humana, comprometida com a preserva\u00e7\u00e3o da qualidade de vida, a protec\u00e7\u00e3o do ambiente natural continuam a motivar-nos a desenvolver novos produtos nos nossos laborat\u00f3rios com princ\u00edpios ativos altamente biodegrad\u00e1veis que possibilitam o desenvolvimento sustent\u00e1vel.","potentialAction":[{"@type":"SearchAction","target":{"@type":"EntryPoint","urlTemplate":"https:\/\/dermo.com\/?s={search_term_string}"},"query-input":{"@type":"PropertyValueSpecification","valueRequired":true,"valueName":"search_term_string"}}],"inLanguage":"pt-PT"}]}},"_links":{"self":[{"href":"https:\/\/dermo.com\/pt\/wp-json\/wp\/v2\/product\/2637","targetHints":{"allow":["GET"]}}],"collection":[{"href":"https:\/\/dermo.com\/pt\/wp-json\/wp\/v2\/product"}],"about":[{"href":"https:\/\/dermo.com\/pt\/wp-json\/wp\/v2\/types\/product"}],"wp:featuredmedia":[{"embeddable":true,"href":"https:\/\/dermo.com\/pt\/wp-json\/wp\/v2\/media\/2636"}],"wp:attachment":[{"href":"https:\/\/dermo.com\/pt\/wp-json\/wp\/v2\/media?parent=2637"}],"wp:term":[{"taxonomy":"product_brand","embeddable":true,"href":"https:\/\/dermo.com\/pt\/wp-json\/wp\/v2\/product_brand?post=2637"},{"taxonomy":"product_cat","embeddable":true,"href":"https:\/\/dermo.com\/pt\/wp-json\/wp\/v2\/product_cat?post=2637"},{"taxonomy":"product_tag","embeddable":true,"href":"https:\/\/dermo.com\/pt\/wp-json\/wp\/v2\/product_tag?post=2637"}],"curies":[{"name":"wp","href":"https:\/\/api.w.org\/{rel}","templated":true}]}}