{"id":2643,"date":"2015-07-28T10:15:57","date_gmt":"2015-07-28T10:15:57","guid":{"rendered":"https:\/\/dermo.ultbit.com\/producto\/jaspe\/"},"modified":"2025-02-21T12:47:09","modified_gmt":"2025-02-21T11:47:09","slug":"jaspe","status":"publish","type":"product","link":"https:\/\/dermo.com\/pt\/catalogo\/jaspe\/","title":{"rendered":"Jaspe. Abrilhantador"},"content":{"rendered":"<p><strong>MODO DE EMPREGO:<\/strong><br \/>\nDosear na \u00e1gua de enxaguamento entre 1 e 10 gramas por litro de Jaspe segundo a temperatura e a dureza da \u00e1gua. Em zonas de \u00e1guas muito duras, recomenda-se baixar ao m\u00e1ximo a temperatura de enxaguamento.<br \/>\nNota: Se a temperatura superior a 35\u00baC, o produto pode enturbiarse mas isso n\u00e3o afecta as propriedades do produto, nem \u00e9 um simal de que o produto \u00e9 defeituoso.<\/p>\n<p><strong>CARACTER\u00cdSTICAS T\u00c9CNICAS<\/strong><br \/>\nAspecto: L\u00edquido.<br \/>\nCor: Azul.<br \/>\nCheiro: Caracter\u00edstico.<br \/>\npH puro: 6 \u20137.<br \/>\nSolubilidade em agua: Soluble.<br \/>\nDensidade: 0,96 \u2013 0,98 g\/cc<br \/>\nConcentra\u00e7\u00e3o de subst\u00e2ncia ativa: 18 \u2013 20%<\/p>\n<p>Jerrican pl\u00e1stico<\/p>\n<table>\n<tbody>\n<tr>\n<td>FORMATO<\/td>\n<td>\u00a0 \u00a0 \u00a0 \u00a01L<\/td>\n<td>\u00a0 \u00a0 \u00a0 \u00a05L<\/td>\n<td>\u00a0 \u00a0 \u00a0 10L<\/td>\n<td>\u00a0 \u00a0 \u00a0 25L<\/td>\n<\/tr>\n<tr>\n<td>C\u00d3DIGO<\/td>\n<td>\u00a0 \u00a0003JAS01<\/td>\n<td>\u00a0 \u00a0003JAS05<\/td>\n<td>\u00a0 \u00a0003JAS10<\/td>\n<td>\u00a0 \u00a0003JAS25<\/td>\n<\/tr>\n<\/tbody>\n<\/table>\n<p>&nbsp;<\/p>","protected":false},"excerpt":{"rendered":"<h3>Jaspe<\/h3>\n<p class=\"Estndar\"><span lang=\"es\" xml:lang=\"es\">L\u00edquido indicado para o abrilhantamiento e secagem de lou\u00e7a em m\u00e1quinas autom\u00e1ticas.<\/span><\/p>\n<p class=\"Estndar\"><span lang=\"es\" xml:lang=\"es\">Acelera e secagem e evitar a redeposi\u00e7\u00e3o de calc\u00e1rio na lou\u00e7a.\u00a0<\/span><\/p>","protected":false},"featured_media":3966,"template":"","meta":{"neve_meta_sidebar":"","neve_meta_container":"","neve_meta_enable_content_width":"off","neve_meta_content_width":100,"neve_meta_title_alignment":"","neve_meta_author_avatar":"","neve_post_elements_order":"","neve_meta_disable_header":"","neve_meta_disable_footer":"","neve_meta_disable_title":""},"product_brand":[],"product_cat":[375,372,370,374],"product_tag":[],"class_list":{"0":"post-2643","1":"product","2":"type-product","3":"status-publish","4":"has-post-thumbnail","6":"product_cat-abrillantadores-de-vajilla","7":"product_cat-geriatricos","8":"product_cat-hoteles","9":"product_cat-restauracion","11":"first","12":"instock","13":"shipping-taxable","14":"product-type-simple"},"yoast_head":"<!-- This site is optimized with the Yoast SEO plugin v27.0 - https:\/\/yoast.com\/product\/yoast-seo-wordpress\/ -->\n<title>Jaspe. Abrillantador - Dermo | F\u00e1brica de detergentes<\/title>\n<meta name=\"robots\" content=\"index, follow, max-snippet:-1, max-image-preview:large, max-video-preview:-1\" \/>\n<link rel=\"canonical\" href=\"https:\/\/dermo.com\/pt\/catalogo\/jaspe\/\" \/>\n<meta property=\"og:locale\" content=\"pt_PT\" \/>\n<meta property=\"og:type\" content=\"article\" \/>\n<meta property=\"og:title\" content=\"Jaspe. Abrillantador - Dermo | F\u00e1brica de detergentes\" \/>\n<meta property=\"og:description\" content=\"Jaspe L\u00edquido indicado para el abrillantado y secado de vajillas en m\u00e1quinas autom\u00e1ticas. Acelera el secado y evita la redeposici\u00f3n de cal en la vajilla.\u00a0\" \/>\n<meta property=\"og:url\" content=\"https:\/\/dermo.com\/pt\/catalogo\/jaspe\/\" \/>\n<meta property=\"og:site_name\" content=\"Dermo | F\u00e1brica de detergentes\" \/>\n<meta property=\"article:modified_time\" content=\"2025-02-21T11:47:09+00:00\" \/>\n<meta property=\"og:image\" content=\"https:\/\/dermo.com\/wp-content\/uploads\/2015\/07\/Diseno-sin-titulo-19.png\" \/>\n\t<meta property=\"og:image:width\" content=\"768\" \/>\n\t<meta property=\"og:image:height\" content=\"823\" \/>\n\t<meta property=\"og:image:type\" content=\"image\/png\" \/>\n<meta name=\"twitter:card\" content=\"summary_large_image\" \/>\n<meta name=\"twitter:label1\" content=\"Tempo estimado de leitura\" \/>\n\t<meta name=\"twitter:data1\" content=\"1 minuto\" \/>\n<script type=\"application\/ld+json\" class=\"yoast-schema-graph\">{\"@context\":\"https:\/\/schema.org\",\"@graph\":[{\"@type\":\"WebPage\",\"@id\":\"https:\/\/dermo.com\/catalogo\/jaspe\/\",\"url\":\"https:\/\/dermo.com\/catalogo\/jaspe\/\",\"name\":\"Jaspe. Abrillantador - Dermo | F\u00e1brica de detergentes\",\"isPartOf\":{\"@id\":\"https:\/\/dermo.com\/#website\"},\"primaryImageOfPage\":{\"@id\":\"https:\/\/dermo.com\/catalogo\/jaspe\/#primaryimage\"},\"image\":{\"@id\":\"https:\/\/dermo.com\/catalogo\/jaspe\/#primaryimage\"},\"thumbnailUrl\":\"https:\/\/dermo.com\/wp-content\/uploads\/2015\/07\/Diseno-sin-titulo-19.png\",\"datePublished\":\"2015-07-28T10:15:57+00:00\",\"dateModified\":\"2025-02-21T11:47:09+00:00\",\"breadcrumb\":{\"@id\":\"https:\/\/dermo.com\/catalogo\/jaspe\/#breadcrumb\"},\"inLanguage\":\"pt-PT\",\"potentialAction\":[{\"@type\":\"ReadAction\",\"target\":[\"https:\/\/dermo.com\/catalogo\/jaspe\/\"]}]},{\"@type\":\"ImageObject\",\"inLanguage\":\"pt-PT\",\"@id\":\"https:\/\/dermo.com\/catalogo\/jaspe\/#primaryimage\",\"url\":\"https:\/\/dermo.com\/wp-content\/uploads\/2015\/07\/Diseno-sin-titulo-19.png\",\"contentUrl\":\"https:\/\/dermo.com\/wp-content\/uploads\/2015\/07\/Diseno-sin-titulo-19.png\",\"width\":768,\"height\":823},{\"@type\":\"BreadcrumbList\",\"@id\":\"https:\/\/dermo.com\/catalogo\/jaspe\/#breadcrumb\",\"itemListElement\":[{\"@type\":\"ListItem\",\"position\":1,\"name\":\"Portada\",\"item\":\"https:\/\/dermo.com\/\"},{\"@type\":\"ListItem\",\"position\":2,\"name\":\"Tienda\",\"item\":\"https:\/\/dermo.com\/tienda\/\"},{\"@type\":\"ListItem\",\"position\":3,\"name\":\"Jaspe. Abrillantador\"}]},{\"@type\":\"WebSite\",\"@id\":\"https:\/\/dermo.com\/#website\",\"url\":\"https:\/\/dermo.com\/\",\"name\":\"Dermo | F\u00e1brica de detergentes\",\"description\":\"Tecnolog\u00eda avanzada, investigaci\u00f3n y desarrollo, respeto por el medio ambiente, competencia, formaci\u00f3n constante y alto nivel de profesionalidad en nuestro equipo humano, empe\u00f1ado en preservar la calidad de vida, la protecci\u00f3n del entorno natural contin\u00faan motiv\u00e1ndonos para desarrollar en nuestros laboratorios nuevos productos con ingredientes activos altamente biodegradables que hacen posible un desarrollo sostenible.\",\"potentialAction\":[{\"@type\":\"SearchAction\",\"target\":{\"@type\":\"EntryPoint\",\"urlTemplate\":\"https:\/\/dermo.com\/?s={search_term_string}\"},\"query-input\":{\"@type\":\"PropertyValueSpecification\",\"valueRequired\":true,\"valueName\":\"search_term_string\"}}],\"inLanguage\":\"pt-PT\"}]}<\/script>\n<!-- \/ Yoast SEO plugin. -->","yoast_head_json":{"title":"Jaspe. Polidor - Dermo | f\u00e1brica de detergentes","robots":{"index":"index","follow":"follow","max-snippet":"max-snippet:-1","max-image-preview":"max-image-preview:large","max-video-preview":"max-video-preview:-1"},"canonical":"https:\/\/dermo.com\/pt\/catalogo\/jaspe\/","og_locale":"pt_PT","og_type":"article","og_title":"Jaspe. Abrillantador - Dermo | F\u00e1brica de detergentes","og_description":"Jaspe L\u00edquido indicado para el abrillantado y secado de vajillas en m\u00e1quinas autom\u00e1ticas. Acelera el secado y evita la redeposici\u00f3n de cal en la vajilla.\u00a0","og_url":"https:\/\/dermo.com\/pt\/catalogo\/jaspe\/","og_site_name":"Dermo | F\u00e1brica de detergentes","article_modified_time":"2025-02-21T11:47:09+00:00","og_image":[{"width":768,"height":823,"url":"https:\/\/dermo.com\/wp-content\/uploads\/2015\/07\/Diseno-sin-titulo-19.png","type":"image\/png"}],"twitter_card":"summary_large_image","twitter_misc":{"Tempo estimado de leitura":"1 minuto"},"schema":{"@context":"https:\/\/schema.org","@graph":[{"@type":"WebPage","@id":"https:\/\/dermo.com\/catalogo\/jaspe\/","url":"https:\/\/dermo.com\/catalogo\/jaspe\/","name":"Jaspe. Polidor - Dermo | f\u00e1brica de detergentes","isPartOf":{"@id":"https:\/\/dermo.com\/#website"},"primaryImageOfPage":{"@id":"https:\/\/dermo.com\/catalogo\/jaspe\/#primaryimage"},"image":{"@id":"https:\/\/dermo.com\/catalogo\/jaspe\/#primaryimage"},"thumbnailUrl":"https:\/\/dermo.com\/wp-content\/uploads\/2015\/07\/Diseno-sin-titulo-19.png","datePublished":"2015-07-28T10:15:57+00:00","dateModified":"2025-02-21T11:47:09+00:00","breadcrumb":{"@id":"https:\/\/dermo.com\/catalogo\/jaspe\/#breadcrumb"},"inLanguage":"pt-PT","potentialAction":[{"@type":"ReadAction","target":["https:\/\/dermo.com\/catalogo\/jaspe\/"]}]},{"@type":"ImageObject","inLanguage":"pt-PT","@id":"https:\/\/dermo.com\/catalogo\/jaspe\/#primaryimage","url":"https:\/\/dermo.com\/wp-content\/uploads\/2015\/07\/Diseno-sin-titulo-19.png","contentUrl":"https:\/\/dermo.com\/wp-content\/uploads\/2015\/07\/Diseno-sin-titulo-19.png","width":768,"height":823},{"@type":"BreadcrumbList","@id":"https:\/\/dermo.com\/catalogo\/jaspe\/#breadcrumb","itemListElement":[{"@type":"ListItem","position":1,"name":"Portada","item":"https:\/\/dermo.com\/"},{"@type":"ListItem","position":2,"name":"Tienda","item":"https:\/\/dermo.com\/tienda\/"},{"@type":"ListItem","position":3,"name":"Jaspe. Abrillantador"}]},{"@type":"WebSite","@id":"https:\/\/dermo.com\/#website","url":"https:\/\/dermo.com\/","name":"Dermo | f\u00e1brica de detergentes","description":"A tecnologia avan\u00e7ada, a investiga\u00e7\u00e3o e desenvolvimento, o respeito pelo ambiente, a compet\u00eancia, a forma\u00e7\u00e3o constante e o elevado n\u00edvel de profissionalismo da nossa equipa humana, comprometida com a preserva\u00e7\u00e3o da qualidade de vida, a protec\u00e7\u00e3o do ambiente natural continuam a motivar-nos a desenvolver novos produtos nos nossos laborat\u00f3rios com princ\u00edpios ativos altamente biodegrad\u00e1veis que possibilitam o desenvolvimento sustent\u00e1vel.","potentialAction":[{"@type":"SearchAction","target":{"@type":"EntryPoint","urlTemplate":"https:\/\/dermo.com\/?s={search_term_string}"},"query-input":{"@type":"PropertyValueSpecification","valueRequired":true,"valueName":"search_term_string"}}],"inLanguage":"pt-PT"}]}},"_links":{"self":[{"href":"https:\/\/dermo.com\/pt\/wp-json\/wp\/v2\/product\/2643","targetHints":{"allow":["GET"]}}],"collection":[{"href":"https:\/\/dermo.com\/pt\/wp-json\/wp\/v2\/product"}],"about":[{"href":"https:\/\/dermo.com\/pt\/wp-json\/wp\/v2\/types\/product"}],"wp:featuredmedia":[{"embeddable":true,"href":"https:\/\/dermo.com\/pt\/wp-json\/wp\/v2\/media\/3966"}],"wp:attachment":[{"href":"https:\/\/dermo.com\/pt\/wp-json\/wp\/v2\/media?parent=2643"}],"wp:term":[{"taxonomy":"product_brand","embeddable":true,"href":"https:\/\/dermo.com\/pt\/wp-json\/wp\/v2\/product_brand?post=2643"},{"taxonomy":"product_cat","embeddable":true,"href":"https:\/\/dermo.com\/pt\/wp-json\/wp\/v2\/product_cat?post=2643"},{"taxonomy":"product_tag","embeddable":true,"href":"https:\/\/dermo.com\/pt\/wp-json\/wp\/v2\/product_tag?post=2643"}],"curies":[{"name":"wp","href":"https:\/\/api.w.org\/{rel}","templated":true}]}}