{"id":2649,"date":"2015-07-28T10:41:39","date_gmt":"2015-07-28T10:41:39","guid":{"rendered":"https:\/\/dermo.ultbit.com\/producto\/fial2\/"},"modified":"2025-04-01T10:22:51","modified_gmt":"2025-04-01T08:22:51","slug":"fial2","status":"publish","type":"product","link":"https:\/\/dermo.com\/pt\/catalogo\/fial2\/","title":{"rendered":"Fial 2. Lava-lou\u00e7as aguas semi-duras"},"content":{"rendered":"<p><strong>MODO DE EMPREGO:<\/strong><br \/>\nDosear Fial 2 entre 2 e 6 g\/litro dependendo da dureza e temperatura da \u00e1gua (recomenda-se entre 50\u00baC e<br \/>\n(65\u00baC). Pode ser introduzido manualmente na m\u00e1quina ou por dosagem autom\u00e1tica.<\/p>\n<p><strong>CARACTER\u00cdSTICAS T\u00c9CNICAS<\/strong><br \/>\nAspecto: L\u00edquido.<br \/>\nCor: Amarelo.<br \/>\npH (10%, \u00e1gua): 12,5 \u2013 13,5<br \/>\nDensidade: 1,18 \u2013 1,20 g\/cc.<br \/>\nConcentra\u00e7\u00e3o de subst\u00e2ncia ativa: 22-25%<\/p>\n<p><strong>COMPOSI\u00c7\u00c3O<\/strong><br \/>\n\u00c1lcalis, fosfonatos e poliacrilatos.<\/p>\n<p><strong>PRESENTA\u00c7\u00c3O:<\/strong><br \/>\nEnvases de pl\u00e1stico:<\/p>\n<table>\n<tbody>\n<tr>\n<td>FORMATO<\/td>\n<td>\u00a0 \u00a0 \u00a0 6kg<\/td>\n<td>\u00a0 \u00a0 \u00a012kg<\/td>\n<td>\u00a0 \u00a0 \u00a025kg<\/td>\n<\/tr>\n<tr>\n<td>C\u00d3DIGO<\/td>\n<td>\u00a0 \u00a0003FIE06<\/td>\n<td>\u00a0 \u00a0003FIE12<\/td>\n<td>\u00a0 \u00a0003FIE25<\/td>\n<\/tr>\n<\/tbody>\n<\/table>\n<p><strong>SEGURAN\u00c7A \/ TOXICOLOGIA<\/strong><br \/>\nCausa queimaduras graves na pele e les\u00f5es oculares graves. Use luvas\/\u00f3culos de prote\u00e7\u00e3o<br \/>\nprote\u00e7\u00e3o. Mantenha fora do alcance das crian\u00e7as. Em caso de acidente, consulte o Servi\u00e7o M\u00e9dico do<br \/>\nInforma\u00e7\u00f5es toxicol\u00f3gicas. Tel.: 915 620 420.<\/p>\n<p><strong>INFORMA\u00c7\u00d5ES ADICIONAIS<\/strong><br \/>\nPRODUTO INDUSTRIAL. USO PROFISSIONAL.<\/p>","protected":false},"excerpt":{"rendered":"<h3><\/h3>\n<p class=\"Estndar\">Detergente l\u00edquido para a lavagem de lou\u00e7as em m\u00e1quinas autom\u00e1ticas. \u00c9 alcalino, com espuma controlada e alto poder de limpeza. Protege as partes met\u00e1licas e os circuitos da m\u00e1quina, evitando a sua corros\u00e3o.<\/p>","protected":false},"featured_media":2648,"template":"","meta":{"neve_meta_sidebar":"","neve_meta_container":"","neve_meta_enable_content_width":"off","neve_meta_content_width":100,"neve_meta_title_alignment":"","neve_meta_author_avatar":"","neve_post_elements_order":"","neve_meta_disable_header":"","neve_meta_disable_footer":"","neve_meta_disable_title":""},"product_brand":[],"product_cat":[372,370,373,374],"product_tag":[],"class_list":{"0":"post-2649","1":"product","2":"type-product","3":"status-publish","4":"has-post-thumbnail","6":"product_cat-geriatricos","7":"product_cat-hoteles","8":"product_cat-lavavajillas-automaticas","9":"product_cat-restauracion","11":"first","12":"instock","13":"shipping-taxable","14":"product-type-simple"},"yoast_head":"<!-- This site is optimized with the Yoast SEO plugin v27.0 - https:\/\/yoast.com\/product\/yoast-seo-wordpress\/ -->\n<title>Fial 2. Lavavajillas aguas semi duras - Dermo | F\u00e1brica de detergentes<\/title>\n<meta name=\"robots\" content=\"index, follow, max-snippet:-1, max-image-preview:large, max-video-preview:-1\" \/>\n<link rel=\"canonical\" href=\"https:\/\/dermo.com\/pt\/catalogo\/fial2\/\" \/>\n<meta property=\"og:locale\" content=\"pt_PT\" \/>\n<meta property=\"og:type\" content=\"article\" \/>\n<meta property=\"og:title\" content=\"Fial 2. Lavavajillas aguas semi duras - Dermo | F\u00e1brica de detergentes\" \/>\n<meta property=\"og:description\" content=\"Detergente alcalino l\u00edquido de espuma controlada para el lavado de lavavajillas autom\u00e1ticas en aguas semi-duras. Protege las partes met\u00e1licas y circuitos de la m\u00e1quina evitando su corrosi\u00f3n.\" \/>\n<meta property=\"og:url\" content=\"https:\/\/dermo.com\/pt\/catalogo\/fial2\/\" \/>\n<meta property=\"og:site_name\" content=\"Dermo | F\u00e1brica de detergentes\" \/>\n<meta property=\"article:modified_time\" content=\"2025-04-01T08:22:51+00:00\" \/>\n<meta property=\"og:image\" content=\"https:\/\/dermo.com\/wp-content\/uploads\/2015\/07\/99-Fial-2.-Lavavajillas-aguas-semi-duras.jpg\" \/>\n\t<meta property=\"og:image:width\" content=\"768\" \/>\n\t<meta property=\"og:image:height\" content=\"823\" \/>\n\t<meta property=\"og:image:type\" content=\"image\/jpeg\" \/>\n<meta name=\"twitter:card\" content=\"summary_large_image\" \/>\n<meta name=\"twitter:label1\" content=\"Tempo estimado de leitura\" \/>\n\t<meta name=\"twitter:data1\" content=\"1 minuto\" \/>\n<script type=\"application\/ld+json\" class=\"yoast-schema-graph\">{\"@context\":\"https:\/\/schema.org\",\"@graph\":[{\"@type\":\"WebPage\",\"@id\":\"https:\/\/dermo.com\/catalogo\/fial2\/\",\"url\":\"https:\/\/dermo.com\/catalogo\/fial2\/\",\"name\":\"Fial 2. Lavavajillas aguas semi duras - Dermo | F\u00e1brica de detergentes\",\"isPartOf\":{\"@id\":\"https:\/\/dermo.com\/#website\"},\"primaryImageOfPage\":{\"@id\":\"https:\/\/dermo.com\/catalogo\/fial2\/#primaryimage\"},\"image\":{\"@id\":\"https:\/\/dermo.com\/catalogo\/fial2\/#primaryimage\"},\"thumbnailUrl\":\"https:\/\/dermo.com\/wp-content\/uploads\/2015\/07\/99-Fial-2.-Lavavajillas-aguas-semi-duras.jpg\",\"datePublished\":\"2015-07-28T10:41:39+00:00\",\"dateModified\":\"2025-04-01T08:22:51+00:00\",\"breadcrumb\":{\"@id\":\"https:\/\/dermo.com\/catalogo\/fial2\/#breadcrumb\"},\"inLanguage\":\"pt-PT\",\"potentialAction\":[{\"@type\":\"ReadAction\",\"target\":[\"https:\/\/dermo.com\/catalogo\/fial2\/\"]}]},{\"@type\":\"ImageObject\",\"inLanguage\":\"pt-PT\",\"@id\":\"https:\/\/dermo.com\/catalogo\/fial2\/#primaryimage\",\"url\":\"https:\/\/dermo.com\/wp-content\/uploads\/2015\/07\/99-Fial-2.-Lavavajillas-aguas-semi-duras.jpg\",\"contentUrl\":\"https:\/\/dermo.com\/wp-content\/uploads\/2015\/07\/99-Fial-2.-Lavavajillas-aguas-semi-duras.jpg\",\"width\":768,\"height\":823,\"caption\":\"Fial 2. Lavavajillas aguas semi duras\"},{\"@type\":\"BreadcrumbList\",\"@id\":\"https:\/\/dermo.com\/catalogo\/fial2\/#breadcrumb\",\"itemListElement\":[{\"@type\":\"ListItem\",\"position\":1,\"name\":\"Portada\",\"item\":\"https:\/\/dermo.com\/\"},{\"@type\":\"ListItem\",\"position\":2,\"name\":\"Tienda\",\"item\":\"https:\/\/dermo.com\/tienda\/\"},{\"@type\":\"ListItem\",\"position\":3,\"name\":\"Fial 2. Lavavajillas aguas semi duras\"}]},{\"@type\":\"WebSite\",\"@id\":\"https:\/\/dermo.com\/#website\",\"url\":\"https:\/\/dermo.com\/\",\"name\":\"Dermo | F\u00e1brica de detergentes\",\"description\":\"Tecnolog\u00eda avanzada, investigaci\u00f3n y desarrollo, respeto por el medio ambiente, competencia, formaci\u00f3n constante y alto nivel de profesionalidad en nuestro equipo humano, empe\u00f1ado en preservar la calidad de vida, la protecci\u00f3n del entorno natural contin\u00faan motiv\u00e1ndonos para desarrollar en nuestros laboratorios nuevos productos con ingredientes activos altamente biodegradables que hacen posible un desarrollo sostenible.\",\"potentialAction\":[{\"@type\":\"SearchAction\",\"target\":{\"@type\":\"EntryPoint\",\"urlTemplate\":\"https:\/\/dermo.com\/?s={search_term_string}\"},\"query-input\":{\"@type\":\"PropertyValueSpecification\",\"valueRequired\":true,\"valueName\":\"search_term_string\"}}],\"inLanguage\":\"pt-PT\"}]}<\/script>\n<!-- \/ Yoast SEO plugin. -->","yoast_head_json":{"title":"Fial 2. M\u00e1quina de lavar loi\u00e7a de \u00e1gua semidura - Dermo | f\u00e1brica de detergentes","robots":{"index":"index","follow":"follow","max-snippet":"max-snippet:-1","max-image-preview":"max-image-preview:large","max-video-preview":"max-video-preview:-1"},"canonical":"https:\/\/dermo.com\/pt\/catalogo\/fial2\/","og_locale":"pt_PT","og_type":"article","og_title":"Fial 2. Lavavajillas aguas semi duras - Dermo | F\u00e1brica de detergentes","og_description":"Detergente alcalino l\u00edquido de espuma controlada para el lavado de lavavajillas autom\u00e1ticas en aguas semi-duras. Protege las partes met\u00e1licas y circuitos de la m\u00e1quina evitando su corrosi\u00f3n.","og_url":"https:\/\/dermo.com\/pt\/catalogo\/fial2\/","og_site_name":"Dermo | F\u00e1brica de detergentes","article_modified_time":"2025-04-01T08:22:51+00:00","og_image":[{"width":768,"height":823,"url":"https:\/\/dermo.com\/wp-content\/uploads\/2015\/07\/99-Fial-2.-Lavavajillas-aguas-semi-duras.jpg","type":"image\/jpeg"}],"twitter_card":"summary_large_image","twitter_misc":{"Tempo estimado de leitura":"1 minuto"},"schema":{"@context":"https:\/\/schema.org","@graph":[{"@type":"WebPage","@id":"https:\/\/dermo.com\/catalogo\/fial2\/","url":"https:\/\/dermo.com\/catalogo\/fial2\/","name":"Fial 2. M\u00e1quina de lavar loi\u00e7a de \u00e1gua semidura - Dermo | f\u00e1brica de detergentes","isPartOf":{"@id":"https:\/\/dermo.com\/#website"},"primaryImageOfPage":{"@id":"https:\/\/dermo.com\/catalogo\/fial2\/#primaryimage"},"image":{"@id":"https:\/\/dermo.com\/catalogo\/fial2\/#primaryimage"},"thumbnailUrl":"https:\/\/dermo.com\/wp-content\/uploads\/2015\/07\/99-Fial-2.-Lavavajillas-aguas-semi-duras.jpg","datePublished":"2015-07-28T10:41:39+00:00","dateModified":"2025-04-01T08:22:51+00:00","breadcrumb":{"@id":"https:\/\/dermo.com\/catalogo\/fial2\/#breadcrumb"},"inLanguage":"pt-PT","potentialAction":[{"@type":"ReadAction","target":["https:\/\/dermo.com\/catalogo\/fial2\/"]}]},{"@type":"ImageObject","inLanguage":"pt-PT","@id":"https:\/\/dermo.com\/catalogo\/fial2\/#primaryimage","url":"https:\/\/dermo.com\/wp-content\/uploads\/2015\/07\/99-Fial-2.-Lavavajillas-aguas-semi-duras.jpg","contentUrl":"https:\/\/dermo.com\/wp-content\/uploads\/2015\/07\/99-Fial-2.-Lavavajillas-aguas-semi-duras.jpg","width":768,"height":823,"caption":"Fial 2. Lavavajillas aguas semi duras"},{"@type":"BreadcrumbList","@id":"https:\/\/dermo.com\/catalogo\/fial2\/#breadcrumb","itemListElement":[{"@type":"ListItem","position":1,"name":"Portada","item":"https:\/\/dermo.com\/"},{"@type":"ListItem","position":2,"name":"Tienda","item":"https:\/\/dermo.com\/tienda\/"},{"@type":"ListItem","position":3,"name":"Fial 2. Lavavajillas aguas semi duras"}]},{"@type":"WebSite","@id":"https:\/\/dermo.com\/#website","url":"https:\/\/dermo.com\/","name":"Dermo | f\u00e1brica de detergentes","description":"A tecnologia avan\u00e7ada, a investiga\u00e7\u00e3o e desenvolvimento, o respeito pelo ambiente, a compet\u00eancia, a forma\u00e7\u00e3o constante e o elevado n\u00edvel de profissionalismo da nossa equipa humana, comprometida com a preserva\u00e7\u00e3o da qualidade de vida, a protec\u00e7\u00e3o do ambiente natural continuam a motivar-nos a desenvolver novos produtos nos nossos laborat\u00f3rios com princ\u00edpios ativos altamente biodegrad\u00e1veis que possibilitam o desenvolvimento sustent\u00e1vel.","potentialAction":[{"@type":"SearchAction","target":{"@type":"EntryPoint","urlTemplate":"https:\/\/dermo.com\/?s={search_term_string}"},"query-input":{"@type":"PropertyValueSpecification","valueRequired":true,"valueName":"search_term_string"}}],"inLanguage":"pt-PT"}]}},"_links":{"self":[{"href":"https:\/\/dermo.com\/pt\/wp-json\/wp\/v2\/product\/2649","targetHints":{"allow":["GET"]}}],"collection":[{"href":"https:\/\/dermo.com\/pt\/wp-json\/wp\/v2\/product"}],"about":[{"href":"https:\/\/dermo.com\/pt\/wp-json\/wp\/v2\/types\/product"}],"wp:featuredmedia":[{"embeddable":true,"href":"https:\/\/dermo.com\/pt\/wp-json\/wp\/v2\/media\/2648"}],"wp:attachment":[{"href":"https:\/\/dermo.com\/pt\/wp-json\/wp\/v2\/media?parent=2649"}],"wp:term":[{"taxonomy":"product_brand","embeddable":true,"href":"https:\/\/dermo.com\/pt\/wp-json\/wp\/v2\/product_brand?post=2649"},{"taxonomy":"product_cat","embeddable":true,"href":"https:\/\/dermo.com\/pt\/wp-json\/wp\/v2\/product_cat?post=2649"},{"taxonomy":"product_tag","embeddable":true,"href":"https:\/\/dermo.com\/pt\/wp-json\/wp\/v2\/product_tag?post=2649"}],"curies":[{"name":"wp","href":"https:\/\/api.w.org\/{rel}","templated":true}]}}