{"id":2657,"date":"2015-07-28T12:43:55","date_gmt":"2015-07-28T12:43:55","guid":{"rendered":"https:\/\/dermo.ultbit.com\/producto\/3en1\/"},"modified":"2025-04-01T12:00:25","modified_gmt":"2025-04-01T10:00:25","slug":"3-em-1","status":"publish","type":"product","link":"https:\/\/dermo.com\/pt\/catalogo\/3-em-1\/","title":{"rendered":"3 en 1. Lava-lou\u00e7as em pastilhas"},"content":{"rendered":"<p><strong>MODO DE EMPREGO:<br \/>\n<\/strong>Depositar uma tableta no compartimento para detergente.<br \/>\nSe o compartimento resulta demasiado pequeno, ponha a tableta no cesto para cobertos ou no fundo do lavavajillas. Neste caso, n\u00e3o fa\u00e7a prelavado.<\/p>\n<p><strong>CARACTER\u00cdSTICAS T\u00c9CNICAS:<\/strong><br \/>\nApar\u00eancia: Tablet<br \/>\nCor: Verde e azul<br \/>\nOdor: Caracter\u00edstico<br \/>\npH (1%, \u00e1gua): 11-12<\/p>\n<p><strong>PRESENTA\u00c7\u00c3O:<br \/>\n<\/strong>Balde de pl\u00e1stico com 60 comprimidos:<\/p>\n<table>\n<tbody>\n<tr>\n<td>FORMATO<\/td>\n<td>\u00a0 \u00a0 \u00a0Caixa com 4 baldes de pl\u00e1stico<\/p>\n<p><em>\u00a0 \u00a0 (4 unidades x 60 comprimidos)<\/em><\/td>\n<\/tr>\n<tr>\n<td>C\u00d3DIGO<\/td>\n<td>\u00a0 \u00a0 \u00a0 \u00a0 \u00a0 \u00a0 \u00a0 \u00a0003LAV60<\/td>\n<\/tr>\n<\/tbody>\n<\/table>","protected":false},"excerpt":{"rendered":"<h3><\/h3>\n<p>Pastilhas lavavajillas 3 em 1: detergente, higienizante e abrillantador.<\/p>\n<p>Cont\u00e9m agentes rebajadores da dureza do \u00e1gua que evitam a redeposici\u00f3n de calcio e magnesio nos utensilios.<\/p>","protected":false},"featured_media":2656,"template":"","meta":{"neve_meta_sidebar":"","neve_meta_container":"","neve_meta_enable_content_width":"off","neve_meta_content_width":100,"neve_meta_title_alignment":"","neve_meta_author_avatar":"","neve_post_elements_order":"","neve_meta_disable_header":"","neve_meta_disable_footer":"","neve_meta_disable_title":""},"product_brand":[],"product_cat":[373],"product_tag":[],"class_list":{"0":"post-2657","1":"product","2":"type-product","3":"status-publish","4":"has-post-thumbnail","6":"product_cat-lavavajillas-automaticas","8":"first","9":"instock","10":"shipping-taxable","11":"product-type-simple"},"yoast_head":"<!-- This site is optimized with the Yoast SEO plugin v27.0 - https:\/\/yoast.com\/product\/yoast-seo-wordpress\/ -->\n<title>3 en 1. Lavavajillas en pastillas - Dermo | F\u00e1brica de detergentes<\/title>\n<meta name=\"robots\" content=\"index, follow, max-snippet:-1, max-image-preview:large, max-video-preview:-1\" \/>\n<link rel=\"canonical\" href=\"https:\/\/dermo.com\/pt\/catalogo\/3-em-1\/\" \/>\n<meta property=\"og:locale\" content=\"pt_PT\" \/>\n<meta property=\"og:type\" content=\"article\" \/>\n<meta property=\"og:title\" content=\"3 en 1. Lavavajillas en pastillas - Dermo | F\u00e1brica de detergentes\" \/>\n<meta property=\"og:description\" content=\"Pastillas lavavajillas 3 en 1: detergente, higienizante y abrillantador.  Contiene agentes rebajadores de la dureza del agua que evitan la redeposici\u00f3n de calcio y magnesio en los utensilios.\" \/>\n<meta property=\"og:url\" content=\"https:\/\/dermo.com\/pt\/catalogo\/3-em-1\/\" \/>\n<meta property=\"og:site_name\" content=\"Dermo | F\u00e1brica de detergentes\" \/>\n<meta property=\"article:modified_time\" content=\"2025-04-01T10:00:25+00:00\" \/>\n<meta property=\"og:image\" content=\"https:\/\/dermo.com\/wp-content\/uploads\/2015\/07\/148-3-en-1.-Lavavajillas-en-pastillas.jpg\" \/>\n\t<meta property=\"og:image:width\" content=\"768\" \/>\n\t<meta property=\"og:image:height\" content=\"977\" \/>\n\t<meta property=\"og:image:type\" content=\"image\/jpeg\" \/>\n<meta name=\"twitter:card\" content=\"summary_large_image\" \/>\n<meta name=\"twitter:label1\" content=\"Tempo estimado de leitura\" \/>\n\t<meta name=\"twitter:data1\" content=\"1 minuto\" \/>\n<script type=\"application\/ld+json\" class=\"yoast-schema-graph\">{\"@context\":\"https:\/\/schema.org\",\"@graph\":[{\"@type\":\"WebPage\",\"@id\":\"https:\/\/dermo.com\/catalogo\/3en1\/\",\"url\":\"https:\/\/dermo.com\/catalogo\/3en1\/\",\"name\":\"3 en 1. Lavavajillas en pastillas - Dermo | F\u00e1brica de detergentes\",\"isPartOf\":{\"@id\":\"https:\/\/dermo.com\/#website\"},\"primaryImageOfPage\":{\"@id\":\"https:\/\/dermo.com\/catalogo\/3en1\/#primaryimage\"},\"image\":{\"@id\":\"https:\/\/dermo.com\/catalogo\/3en1\/#primaryimage\"},\"thumbnailUrl\":\"https:\/\/dermo.com\/wp-content\/uploads\/2015\/07\/148-3-en-1.-Lavavajillas-en-pastillas.jpg\",\"datePublished\":\"2015-07-28T12:43:55+00:00\",\"dateModified\":\"2025-04-01T10:00:25+00:00\",\"breadcrumb\":{\"@id\":\"https:\/\/dermo.com\/catalogo\/3en1\/#breadcrumb\"},\"inLanguage\":\"pt-PT\",\"potentialAction\":[{\"@type\":\"ReadAction\",\"target\":[\"https:\/\/dermo.com\/catalogo\/3en1\/\"]}]},{\"@type\":\"ImageObject\",\"inLanguage\":\"pt-PT\",\"@id\":\"https:\/\/dermo.com\/catalogo\/3en1\/#primaryimage\",\"url\":\"https:\/\/dermo.com\/wp-content\/uploads\/2015\/07\/148-3-en-1.-Lavavajillas-en-pastillas.jpg\",\"contentUrl\":\"https:\/\/dermo.com\/wp-content\/uploads\/2015\/07\/148-3-en-1.-Lavavajillas-en-pastillas.jpg\",\"width\":768,\"height\":977,\"caption\":\"3 en 1. Lavavajillas en pastillas\"},{\"@type\":\"BreadcrumbList\",\"@id\":\"https:\/\/dermo.com\/catalogo\/3en1\/#breadcrumb\",\"itemListElement\":[{\"@type\":\"ListItem\",\"position\":1,\"name\":\"Portada\",\"item\":\"https:\/\/dermo.com\/\"},{\"@type\":\"ListItem\",\"position\":2,\"name\":\"Tienda\",\"item\":\"https:\/\/dermo.com\/tienda\/\"},{\"@type\":\"ListItem\",\"position\":3,\"name\":\"3 en 1. Lavavajillas en pastillas\"}]},{\"@type\":\"WebSite\",\"@id\":\"https:\/\/dermo.com\/#website\",\"url\":\"https:\/\/dermo.com\/\",\"name\":\"Dermo | F\u00e1brica de detergentes\",\"description\":\"Tecnolog\u00eda avanzada, investigaci\u00f3n y desarrollo, respeto por el medio ambiente, competencia, formaci\u00f3n constante y alto nivel de profesionalidad en nuestro equipo humano, empe\u00f1ado en preservar la calidad de vida, la protecci\u00f3n del entorno natural contin\u00faan motiv\u00e1ndonos para desarrollar en nuestros laboratorios nuevos productos con ingredientes activos altamente biodegradables que hacen posible un desarrollo sostenible.\",\"potentialAction\":[{\"@type\":\"SearchAction\",\"target\":{\"@type\":\"EntryPoint\",\"urlTemplate\":\"https:\/\/dermo.com\/?s={search_term_string}\"},\"query-input\":{\"@type\":\"PropertyValueSpecification\",\"valueRequired\":true,\"valueName\":\"search_term_string\"}}],\"inLanguage\":\"pt-PT\"}]}<\/script>\n<!-- \/ Yoast SEO plugin. -->","yoast_head_json":{"title":"3 em 1. Pastilhas para m\u00e1quina de lavar lou\u00e7a - Dermo | f\u00e1brica de detergentes","robots":{"index":"index","follow":"follow","max-snippet":"max-snippet:-1","max-image-preview":"max-image-preview:large","max-video-preview":"max-video-preview:-1"},"canonical":"https:\/\/dermo.com\/pt\/catalogo\/3-em-1\/","og_locale":"pt_PT","og_type":"article","og_title":"3 en 1. Lavavajillas en pastillas - Dermo | F\u00e1brica de detergentes","og_description":"Pastillas lavavajillas 3 en 1: detergente, higienizante y abrillantador.  Contiene agentes rebajadores de la dureza del agua que evitan la redeposici\u00f3n de calcio y magnesio en los utensilios.","og_url":"https:\/\/dermo.com\/pt\/catalogo\/3-em-1\/","og_site_name":"Dermo | F\u00e1brica de detergentes","article_modified_time":"2025-04-01T10:00:25+00:00","og_image":[{"width":768,"height":977,"url":"https:\/\/dermo.com\/wp-content\/uploads\/2015\/07\/148-3-en-1.-Lavavajillas-en-pastillas.jpg","type":"image\/jpeg"}],"twitter_card":"summary_large_image","twitter_misc":{"Tempo estimado de leitura":"1 minuto"},"schema":{"@context":"https:\/\/schema.org","@graph":[{"@type":"WebPage","@id":"https:\/\/dermo.com\/catalogo\/3en1\/","url":"https:\/\/dermo.com\/catalogo\/3en1\/","name":"3 em 1. Pastilhas para m\u00e1quina de lavar lou\u00e7a - Dermo | f\u00e1brica de detergentes","isPartOf":{"@id":"https:\/\/dermo.com\/#website"},"primaryImageOfPage":{"@id":"https:\/\/dermo.com\/catalogo\/3en1\/#primaryimage"},"image":{"@id":"https:\/\/dermo.com\/catalogo\/3en1\/#primaryimage"},"thumbnailUrl":"https:\/\/dermo.com\/wp-content\/uploads\/2015\/07\/148-3-en-1.-Lavavajillas-en-pastillas.jpg","datePublished":"2015-07-28T12:43:55+00:00","dateModified":"2025-04-01T10:00:25+00:00","breadcrumb":{"@id":"https:\/\/dermo.com\/catalogo\/3en1\/#breadcrumb"},"inLanguage":"pt-PT","potentialAction":[{"@type":"ReadAction","target":["https:\/\/dermo.com\/catalogo\/3en1\/"]}]},{"@type":"ImageObject","inLanguage":"pt-PT","@id":"https:\/\/dermo.com\/catalogo\/3en1\/#primaryimage","url":"https:\/\/dermo.com\/wp-content\/uploads\/2015\/07\/148-3-en-1.-Lavavajillas-en-pastillas.jpg","contentUrl":"https:\/\/dermo.com\/wp-content\/uploads\/2015\/07\/148-3-en-1.-Lavavajillas-en-pastillas.jpg","width":768,"height":977,"caption":"3 en 1. Lavavajillas en pastillas"},{"@type":"BreadcrumbList","@id":"https:\/\/dermo.com\/catalogo\/3en1\/#breadcrumb","itemListElement":[{"@type":"ListItem","position":1,"name":"Portada","item":"https:\/\/dermo.com\/"},{"@type":"ListItem","position":2,"name":"Tienda","item":"https:\/\/dermo.com\/tienda\/"},{"@type":"ListItem","position":3,"name":"3 en 1. Lavavajillas en pastillas"}]},{"@type":"WebSite","@id":"https:\/\/dermo.com\/#website","url":"https:\/\/dermo.com\/","name":"Dermo | f\u00e1brica de detergentes","description":"A tecnologia avan\u00e7ada, a investiga\u00e7\u00e3o e desenvolvimento, o respeito pelo ambiente, a compet\u00eancia, a forma\u00e7\u00e3o constante e o elevado n\u00edvel de profissionalismo da nossa equipa humana, comprometida com a preserva\u00e7\u00e3o da qualidade de vida, a protec\u00e7\u00e3o do ambiente natural continuam a motivar-nos a desenvolver novos produtos nos nossos laborat\u00f3rios com princ\u00edpios ativos altamente biodegrad\u00e1veis que possibilitam o desenvolvimento sustent\u00e1vel.","potentialAction":[{"@type":"SearchAction","target":{"@type":"EntryPoint","urlTemplate":"https:\/\/dermo.com\/?s={search_term_string}"},"query-input":{"@type":"PropertyValueSpecification","valueRequired":true,"valueName":"search_term_string"}}],"inLanguage":"pt-PT"}]}},"_links":{"self":[{"href":"https:\/\/dermo.com\/pt\/wp-json\/wp\/v2\/product\/2657","targetHints":{"allow":["GET"]}}],"collection":[{"href":"https:\/\/dermo.com\/pt\/wp-json\/wp\/v2\/product"}],"about":[{"href":"https:\/\/dermo.com\/pt\/wp-json\/wp\/v2\/types\/product"}],"wp:featuredmedia":[{"embeddable":true,"href":"https:\/\/dermo.com\/pt\/wp-json\/wp\/v2\/media\/2656"}],"wp:attachment":[{"href":"https:\/\/dermo.com\/pt\/wp-json\/wp\/v2\/media?parent=2657"}],"wp:term":[{"taxonomy":"product_brand","embeddable":true,"href":"https:\/\/dermo.com\/pt\/wp-json\/wp\/v2\/product_brand?post=2657"},{"taxonomy":"product_cat","embeddable":true,"href":"https:\/\/dermo.com\/pt\/wp-json\/wp\/v2\/product_cat?post=2657"},{"taxonomy":"product_tag","embeddable":true,"href":"https:\/\/dermo.com\/pt\/wp-json\/wp\/v2\/product_tag?post=2657"}],"curies":[{"name":"wp","href":"https:\/\/api.w.org\/{rel}","templated":true}]}}