{"id":2661,"date":"2015-07-28T12:53:33","date_gmt":"2015-07-28T12:53:33","guid":{"rendered":"https:\/\/dermo.ultbit.com\/producto\/limcal\/"},"modified":"2025-05-14T11:58:58","modified_gmt":"2025-05-14T09:58:58","slug":"limcal","status":"publish","type":"product","link":"https:\/\/dermo.com\/pt\/catalogo\/limcal\/","title":{"rendered":"Limcal. Desincrustante"},"content":{"rendered":"<p><strong>MODO DE EMPREGO:<\/strong><br \/>\n<strong>M\u00e1quinas de lavar lou\u00e7a<\/strong>: Realizar um ciclo de lavagem a v\u00e1cuo, dosando o produto de 5% a 10%. Repita o processo a cada 15 dias para uma manuten\u00e7\u00e3o ideal da m\u00e1quina.<br \/>\n<strong>Recupera\u00e7\u00e3o de talheres<\/strong>: Diluir o produto de 3 a 5% em recipiente com \u00e1gua. Mergulhe os pratos por 5 a 10 minutos. Enx\u00e1gue com bastante \u00e1gua.<br \/>\n<strong>Limpeza em final de obra e piscinas<\/strong>: Verifique se o material \u00e9 resistente aos \u00e1cidos (gr\u00e9s, cer\u00e2mica, gr\u00e9s, granito, ard\u00f3sia). Diluir entre 40 e 60% em \u00e1gua. Aplicar na superf\u00edcie e esfregar com pincel. Enxaguar com \u00e1gua at\u00e9 pH neutro. N\u00e3o use em calc\u00e1rio ou m\u00e1rmore.<br \/>\n<strong>Equipamento de constru\u00e7\u00e3o<\/strong>: Para retirar restos de cimento de betoneiras, carrinhos de m\u00e3o... utilizar 20 a 50% dilu\u00eddo.<br \/>\n<strong>Limpeza conjunta:<\/strong> Diluir entre 30 e 40% em \u00e1gua. Aplicar nas juntas e esfregar imediatamente com uma escova ou esfreg\u00e3o. Ap\u00f3s a aplica\u00e7\u00e3o neutralizar com bastante \u00e1gua.<\/p>\n<p><strong>CARACTER\u00cdSTICAS T\u00c9CNICAS<\/strong><br \/>\nAspecto: L\u00edquido opaco.<br \/>\nCor: Branco.<br \/>\nCheiro: Almendras amargas.<br \/>\npH puro: &lt;1.<br \/>\nDensidade: 1,05-1,07 g\/cc<br \/>\nConcentra\u00e7\u00e3o da subst\u00e2ncia ativa: 17 -20%<\/p>\n<p><strong>COMPOSI\u00c7\u00c3O<\/strong><br \/>\n\u00c1cidos inorg\u00e2nicos, perfume.<\/p>\n<p><strong>PRESENTA\u00c7\u00c3O:<\/strong><br \/>\nJerrican pl\u00e1stico<\/p>\n<table>\n<tbody>\n<tr>\n<td>FORMATO<\/td>\n<td>\u00a0 \u00a0 \u00a01kg<\/td>\n<td>\u00a0 \u00a0 \u00a0 5kg<\/td>\n<td><\/td>\n<\/tr>\n<tr>\n<td>C\u00d3DIGO<\/td>\n<td>\u00a0 \u00a0003LIM01<\/td>\n<td>\u00a0 \u00a0003LIM05<\/td>\n<td><\/td>\n<\/tr>\n<\/tbody>\n<\/table>\n<p><strong>SEGURAN\u00c7A \/ TOXICOLOGIA<\/strong><br \/>\nCausa queimaduras graves na pele e les\u00f5es oculares graves. Use luvas\/roupas\/\u00f3culos de prote\u00e7\u00e3o.<br \/>\nEm caso de acidente consulte o Servi\u00e7o de Informa\u00e7\u00e3o M\u00e9dica Toxicol\u00f3gica. Tel.: 915 620 420.<\/p>\n<p><strong>INFORMA\u00c7\u00d5ES ADICIONAIS<\/strong><br \/>\nPRODUTO INDUSTRIAL. USO PROFISSIONAL.<\/p>","protected":false},"excerpt":{"rendered":"<p>&nbsp;<\/p>\n<p class=\"Estndar\">Desincrustante seguro e efectivo de elevado poder, para circuitos de \u00e1gua quente ou fria.<br \/>\nDissolve incrusta\u00e7\u00f5es j\u00e1 formadas de calc\u00e1rio ou de \u00f3xido. Eficaz em tubagens,<br \/>\nazulejos, lava-lou\u00e7as e ,\u00e1quinas de lavar roupa, limpeza de piscinas, limpeza de final de obras, ...<\/p>","protected":false},"featured_media":2660,"template":"","meta":{"neve_meta_sidebar":"","neve_meta_container":"","neve_meta_enable_content_width":"off","neve_meta_content_width":100,"neve_meta_title_alignment":"","neve_meta_author_avatar":"","neve_post_elements_order":"","neve_meta_disable_header":"","neve_meta_disable_footer":"","neve_meta_disable_title":""},"product_brand":[],"product_cat":[377,385,382,381],"product_tag":[],"class_list":{"0":"post-2661","1":"product","2":"type-product","3":"status-publish","4":"has-post-thumbnail","6":"product_cat-desincrustantes","7":"product_cat-industria-y-automocion-productos","8":"product_cat-limpiadores-especificos","9":"product_cat-tratamiento-de-suelos","11":"first","12":"instock","13":"shipping-taxable","14":"product-type-simple"},"yoast_head":"<!-- This site is optimized with the Yoast SEO plugin v27.0 - https:\/\/yoast.com\/product\/yoast-seo-wordpress\/ -->\n<title>Limcal. Desincrustante - Dermo | F\u00e1brica de detergentes<\/title>\n<meta name=\"robots\" content=\"index, follow, max-snippet:-1, max-image-preview:large, max-video-preview:-1\" \/>\n<link rel=\"canonical\" href=\"https:\/\/dermo.com\/pt\/catalogo\/limcal\/\" \/>\n<meta property=\"og:locale\" content=\"pt_PT\" \/>\n<meta property=\"og:type\" content=\"article\" \/>\n<meta property=\"og:title\" content=\"Limcal. Desincrustante - Dermo | F\u00e1brica de detergentes\" \/>\n<meta property=\"og:description\" content=\"&nbsp; Desincrustante para circuitos de agua caliente o fr\u00eda de m\u00e1quinas lavavajillas, lavadoras.... Disuelve incrustaciones de cal y \u00f3xido. V\u00e1lido para limpiezas de final de obra y piscinas (restos de cemento, suciedad ambiental, salitre, \u00f3xido, cal) y como limpiador de juntas de baldosas.\" \/>\n<meta property=\"og:url\" content=\"https:\/\/dermo.com\/pt\/catalogo\/limcal\/\" \/>\n<meta property=\"og:site_name\" content=\"Dermo | F\u00e1brica de detergentes\" \/>\n<meta property=\"article:modified_time\" content=\"2025-05-14T09:58:58+00:00\" \/>\n<meta property=\"og:image\" content=\"https:\/\/dermo.com\/wp-content\/uploads\/2015\/07\/104-Limcal.-Desincrustante.jpg\" \/>\n\t<meta property=\"og:image:width\" content=\"768\" \/>\n\t<meta property=\"og:image:height\" content=\"794\" \/>\n\t<meta property=\"og:image:type\" content=\"image\/jpeg\" \/>\n<meta name=\"twitter:card\" content=\"summary_large_image\" \/>\n<meta name=\"twitter:label1\" content=\"Tempo estimado de leitura\" \/>\n\t<meta name=\"twitter:data1\" content=\"2 minutos\" \/>\n<script type=\"application\/ld+json\" class=\"yoast-schema-graph\">{\"@context\":\"https:\/\/schema.org\",\"@graph\":[{\"@type\":\"WebPage\",\"@id\":\"https:\/\/dermo.com\/catalogo\/limcal\/\",\"url\":\"https:\/\/dermo.com\/catalogo\/limcal\/\",\"name\":\"Limcal. Desincrustante - Dermo | F\u00e1brica de detergentes\",\"isPartOf\":{\"@id\":\"https:\/\/dermo.com\/#website\"},\"primaryImageOfPage\":{\"@id\":\"https:\/\/dermo.com\/catalogo\/limcal\/#primaryimage\"},\"image\":{\"@id\":\"https:\/\/dermo.com\/catalogo\/limcal\/#primaryimage\"},\"thumbnailUrl\":\"https:\/\/dermo.com\/wp-content\/uploads\/2015\/07\/104-Limcal.-Desincrustante.jpg\",\"datePublished\":\"2015-07-28T12:53:33+00:00\",\"dateModified\":\"2025-05-14T09:58:58+00:00\",\"breadcrumb\":{\"@id\":\"https:\/\/dermo.com\/catalogo\/limcal\/#breadcrumb\"},\"inLanguage\":\"pt-PT\",\"potentialAction\":[{\"@type\":\"ReadAction\",\"target\":[\"https:\/\/dermo.com\/catalogo\/limcal\/\"]}]},{\"@type\":\"ImageObject\",\"inLanguage\":\"pt-PT\",\"@id\":\"https:\/\/dermo.com\/catalogo\/limcal\/#primaryimage\",\"url\":\"https:\/\/dermo.com\/wp-content\/uploads\/2015\/07\/104-Limcal.-Desincrustante.jpg\",\"contentUrl\":\"https:\/\/dermo.com\/wp-content\/uploads\/2015\/07\/104-Limcal.-Desincrustante.jpg\",\"width\":768,\"height\":794,\"caption\":\"Limcal. Desincrustante\"},{\"@type\":\"BreadcrumbList\",\"@id\":\"https:\/\/dermo.com\/catalogo\/limcal\/#breadcrumb\",\"itemListElement\":[{\"@type\":\"ListItem\",\"position\":1,\"name\":\"Portada\",\"item\":\"https:\/\/dermo.com\/\"},{\"@type\":\"ListItem\",\"position\":2,\"name\":\"Tienda\",\"item\":\"https:\/\/dermo.com\/tienda\/\"},{\"@type\":\"ListItem\",\"position\":3,\"name\":\"Limcal. Desincrustante\"}]},{\"@type\":\"WebSite\",\"@id\":\"https:\/\/dermo.com\/#website\",\"url\":\"https:\/\/dermo.com\/\",\"name\":\"Dermo | F\u00e1brica de detergentes\",\"description\":\"Tecnolog\u00eda avanzada, investigaci\u00f3n y desarrollo, respeto por el medio ambiente, competencia, formaci\u00f3n constante y alto nivel de profesionalidad en nuestro equipo humano, empe\u00f1ado en preservar la calidad de vida, la protecci\u00f3n del entorno natural contin\u00faan motiv\u00e1ndonos para desarrollar en nuestros laboratorios nuevos productos con ingredientes activos altamente biodegradables que hacen posible un desarrollo sostenible.\",\"potentialAction\":[{\"@type\":\"SearchAction\",\"target\":{\"@type\":\"EntryPoint\",\"urlTemplate\":\"https:\/\/dermo.com\/?s={search_term_string}\"},\"query-input\":{\"@type\":\"PropertyValueSpecification\",\"valueRequired\":true,\"valueName\":\"search_term_string\"}}],\"inLanguage\":\"pt-PT\"}]}<\/script>\n<!-- \/ Yoast SEO plugin. -->","yoast_head_json":{"title":"Limcal. Desincrustante - Dermo | f\u00e1brica de detergentes","robots":{"index":"index","follow":"follow","max-snippet":"max-snippet:-1","max-image-preview":"max-image-preview:large","max-video-preview":"max-video-preview:-1"},"canonical":"https:\/\/dermo.com\/pt\/catalogo\/limcal\/","og_locale":"pt_PT","og_type":"article","og_title":"Limcal. Desincrustante - Dermo | F\u00e1brica de detergentes","og_description":"&nbsp; Desincrustante para circuitos de agua caliente o fr\u00eda de m\u00e1quinas lavavajillas, lavadoras.... Disuelve incrustaciones de cal y \u00f3xido. V\u00e1lido para limpiezas de final de obra y piscinas (restos de cemento, suciedad ambiental, salitre, \u00f3xido, cal) y como limpiador de juntas de baldosas.","og_url":"https:\/\/dermo.com\/pt\/catalogo\/limcal\/","og_site_name":"Dermo | F\u00e1brica de detergentes","article_modified_time":"2025-05-14T09:58:58+00:00","og_image":[{"width":768,"height":794,"url":"https:\/\/dermo.com\/wp-content\/uploads\/2015\/07\/104-Limcal.-Desincrustante.jpg","type":"image\/jpeg"}],"twitter_card":"summary_large_image","twitter_misc":{"Tempo estimado de leitura":"2 minutos"},"schema":{"@context":"https:\/\/schema.org","@graph":[{"@type":"WebPage","@id":"https:\/\/dermo.com\/catalogo\/limcal\/","url":"https:\/\/dermo.com\/catalogo\/limcal\/","name":"Limcal. Desincrustante - Dermo | f\u00e1brica de detergentes","isPartOf":{"@id":"https:\/\/dermo.com\/#website"},"primaryImageOfPage":{"@id":"https:\/\/dermo.com\/catalogo\/limcal\/#primaryimage"},"image":{"@id":"https:\/\/dermo.com\/catalogo\/limcal\/#primaryimage"},"thumbnailUrl":"https:\/\/dermo.com\/wp-content\/uploads\/2015\/07\/104-Limcal.-Desincrustante.jpg","datePublished":"2015-07-28T12:53:33+00:00","dateModified":"2025-05-14T09:58:58+00:00","breadcrumb":{"@id":"https:\/\/dermo.com\/catalogo\/limcal\/#breadcrumb"},"inLanguage":"pt-PT","potentialAction":[{"@type":"ReadAction","target":["https:\/\/dermo.com\/catalogo\/limcal\/"]}]},{"@type":"ImageObject","inLanguage":"pt-PT","@id":"https:\/\/dermo.com\/catalogo\/limcal\/#primaryimage","url":"https:\/\/dermo.com\/wp-content\/uploads\/2015\/07\/104-Limcal.-Desincrustante.jpg","contentUrl":"https:\/\/dermo.com\/wp-content\/uploads\/2015\/07\/104-Limcal.-Desincrustante.jpg","width":768,"height":794,"caption":"Limcal. Desincrustante"},{"@type":"BreadcrumbList","@id":"https:\/\/dermo.com\/catalogo\/limcal\/#breadcrumb","itemListElement":[{"@type":"ListItem","position":1,"name":"Portada","item":"https:\/\/dermo.com\/"},{"@type":"ListItem","position":2,"name":"Tienda","item":"https:\/\/dermo.com\/tienda\/"},{"@type":"ListItem","position":3,"name":"Limcal. Desincrustante"}]},{"@type":"WebSite","@id":"https:\/\/dermo.com\/#website","url":"https:\/\/dermo.com\/","name":"Dermo | f\u00e1brica de detergentes","description":"A tecnologia avan\u00e7ada, a investiga\u00e7\u00e3o e desenvolvimento, o respeito pelo ambiente, a compet\u00eancia, a forma\u00e7\u00e3o constante e o elevado n\u00edvel de profissionalismo da nossa equipa humana, comprometida com a preserva\u00e7\u00e3o da qualidade de vida, a protec\u00e7\u00e3o do ambiente natural continuam a motivar-nos a desenvolver novos produtos nos nossos laborat\u00f3rios com princ\u00edpios ativos altamente biodegrad\u00e1veis que possibilitam o desenvolvimento sustent\u00e1vel.","potentialAction":[{"@type":"SearchAction","target":{"@type":"EntryPoint","urlTemplate":"https:\/\/dermo.com\/?s={search_term_string}"},"query-input":{"@type":"PropertyValueSpecification","valueRequired":true,"valueName":"search_term_string"}}],"inLanguage":"pt-PT"}]}},"_links":{"self":[{"href":"https:\/\/dermo.com\/pt\/wp-json\/wp\/v2\/product\/2661","targetHints":{"allow":["GET"]}}],"collection":[{"href":"https:\/\/dermo.com\/pt\/wp-json\/wp\/v2\/product"}],"about":[{"href":"https:\/\/dermo.com\/pt\/wp-json\/wp\/v2\/types\/product"}],"wp:featuredmedia":[{"embeddable":true,"href":"https:\/\/dermo.com\/pt\/wp-json\/wp\/v2\/media\/2660"}],"wp:attachment":[{"href":"https:\/\/dermo.com\/pt\/wp-json\/wp\/v2\/media?parent=2661"}],"wp:term":[{"taxonomy":"product_brand","embeddable":true,"href":"https:\/\/dermo.com\/pt\/wp-json\/wp\/v2\/product_brand?post=2661"},{"taxonomy":"product_cat","embeddable":true,"href":"https:\/\/dermo.com\/pt\/wp-json\/wp\/v2\/product_cat?post=2661"},{"taxonomy":"product_tag","embeddable":true,"href":"https:\/\/dermo.com\/pt\/wp-json\/wp\/v2\/product_tag?post=2661"}],"curies":[{"name":"wp","href":"https:\/\/api.w.org\/{rel}","templated":true}]}}