{"id":2677,"date":"2015-07-28T15:19:45","date_gmt":"2015-07-28T15:19:45","guid":{"rendered":"https:\/\/dermo.ultbit.com\/producto\/marsella\/"},"modified":"2024-09-10T09:35:49","modified_gmt":"2024-09-10T07:35:49","slug":"marselha","status":"publish","type":"product","link":"https:\/\/dermo.com\/pt\/catalogo\/marselha\/","title":{"rendered":"Detergente ao sab\u00e3o de Marsella. Detergente l\u00edquido"},"content":{"rendered":"<p><strong>MODO DE EMPREGO:<\/strong><br \/>\nDosificar de 15 a 50 cm3 por cada kg de roupa a lavar, em fun\u00e7ao da sujidade e da dureza da \u00e1gua.<\/p>\n<p><strong>CARACTER\u00cdSTICAS T\u00c9CNICAS<\/strong><br \/>\nAspecto: L\u00edquid viscoso.<br \/>\nCor: Branco.<br \/>\nCheiro: Perfume Sabonete de Marselha.<br \/>\npH puro: 7,5 \u2013 8,5.<br \/>\nSolubilidade em agua: Soluble.<br \/>\nConcentra\u00e7\u00e3o de subst\u00e2ncia ativa: 15 -17%.<\/p>\n<p><strong>COMPOSI\u00c7\u00c3O<\/strong><br \/>\nTensoativos ani\u00f4nicos e n\u00e3o i\u00f4nicos, sab\u00f5es, dispersantes, opacificantes, conservantes e perfumes.<\/p>\n<p><strong>PRESENTA\u00c7\u00c3O:<\/strong><br \/>\nJerrican pl\u00e1stico<\/p>\n<table class=\"alignleft\" width=\"216\">\n<tbody>\n<tr>\n<td width=\"64\">FORMATO<\/td>\n<td style=\"text-align: center;\" width=\"76\">3kg<\/td>\n<td style=\"text-align: center;\" width=\"76\">5kg<\/td>\n<\/tr>\n<tr>\n<td style=\"text-align: center;\">C\u00d3DIGO<\/td>\n<td style=\"text-align: center;\">\u00a0 \u00a0001MAR03<\/td>\n<td style=\"text-align: center;\">\u00a0 \u00a0001MAR05<\/td>\n<\/tr>\n<\/tbody>\n<\/table>\n<p>&nbsp;<\/p>\n<p>&nbsp;<\/p>\n<p>&nbsp;<\/p>\n<p><strong>SEGURAN\u00c7A \/ TOXICOLOGIA<\/strong><br \/>\nCausa irrita\u00e7\u00e3o ocular grave. Mantenha fora do alcance das crian\u00e7as.<br \/>\nEm caso de acidente consulte o Servi\u00e7o de Informa\u00e7\u00e3o M\u00e9dica Toxicol\u00f3gica. Tel.: 915 620 420.<\/p>","protected":false},"excerpt":{"rendered":"<h3>Detergente ao sab\u00e3o de Marsella<\/h3>\n<p class=\"Estndar\">Detergente l\u00edquido de espuma controlada com s\u00e3bao de Marsella. Ideal para toda a roupa, dando-lhe uma grande suavidade e o agrad\u00e1vel odor do sab\u00e3o de marsella.<\/p>","protected":false},"featured_media":2676,"template":"","meta":{"neve_meta_sidebar":"","neve_meta_container":"","neve_meta_enable_content_width":"off","neve_meta_content_width":100,"neve_meta_title_alignment":"","neve_meta_author_avatar":"","neve_post_elements_order":"","neve_meta_disable_header":"","neve_meta_disable_footer":"","neve_meta_disable_title":""},"product_brand":[],"product_cat":[391,369],"product_tag":[],"class_list":{"0":"post-2677","1":"product","2":"type-product","3":"status-publish","4":"has-post-thumbnail","6":"product_cat-detergente-liquido","7":"product_cat-lavanderia","9":"first","10":"instock","11":"shipping-taxable","12":"product-type-simple"},"yoast_head":"<!-- This site is optimized with the Yoast SEO plugin v27.0 - https:\/\/yoast.com\/product\/yoast-seo-wordpress\/ -->\n<title>Detergente al Jab\u00f3n de Marsella. Detergente l\u00edquido - Dermo | F\u00e1brica de detergentes<\/title>\n<meta name=\"robots\" content=\"index, follow, max-snippet:-1, max-image-preview:large, max-video-preview:-1\" \/>\n<link rel=\"canonical\" href=\"https:\/\/dermo.com\/pt\/catalogo\/marselha\/\" \/>\n<meta property=\"og:locale\" content=\"pt_PT\" \/>\n<meta property=\"og:type\" content=\"article\" \/>\n<meta property=\"og:title\" content=\"Detergente al Jab\u00f3n de Marsella. Detergente l\u00edquido - Dermo | F\u00e1brica de detergentes\" \/>\n<meta property=\"og:description\" content=\"Detergente al Jab\u00f3n de Marsella Detergente l\u00edquido de espuma controlada al jab\u00f3n de Marsella. Ideal para toda la colada, dot\u00e1ndola de una gran suavidad y el agradable olor del jab\u00f3n de marsella.\" \/>\n<meta property=\"og:url\" content=\"https:\/\/dermo.com\/pt\/catalogo\/marselha\/\" \/>\n<meta property=\"og:site_name\" content=\"Dermo | F\u00e1brica de detergentes\" \/>\n<meta property=\"article:modified_time\" content=\"2024-09-10T07:35:49+00:00\" \/>\n<meta property=\"og:image\" content=\"https:\/\/dermo.com\/wp-content\/uploads\/2015\/07\/113-Detergente-al-Jabon-de-Marsella.-Detergente-liquido.jpg\" \/>\n\t<meta property=\"og:image:width\" content=\"768\" \/>\n\t<meta property=\"og:image:height\" content=\"768\" \/>\n\t<meta property=\"og:image:type\" content=\"image\/jpeg\" \/>\n<meta name=\"twitter:card\" content=\"summary_large_image\" \/>\n<meta name=\"twitter:label1\" content=\"Tempo estimado de leitura\" \/>\n\t<meta name=\"twitter:data1\" content=\"1 minuto\" \/>\n<script type=\"application\/ld+json\" class=\"yoast-schema-graph\">{\"@context\":\"https:\/\/schema.org\",\"@graph\":[{\"@type\":\"WebPage\",\"@id\":\"https:\/\/dermo.com\/catalogo\/marsella\/\",\"url\":\"https:\/\/dermo.com\/catalogo\/marsella\/\",\"name\":\"Detergente al Jab\u00f3n de Marsella. Detergente l\u00edquido - Dermo | F\u00e1brica de detergentes\",\"isPartOf\":{\"@id\":\"https:\/\/dermo.com\/#website\"},\"primaryImageOfPage\":{\"@id\":\"https:\/\/dermo.com\/catalogo\/marsella\/#primaryimage\"},\"image\":{\"@id\":\"https:\/\/dermo.com\/catalogo\/marsella\/#primaryimage\"},\"thumbnailUrl\":\"https:\/\/dermo.com\/wp-content\/uploads\/2015\/07\/113-Detergente-al-Jabon-de-Marsella.-Detergente-liquido.jpg\",\"datePublished\":\"2015-07-28T15:19:45+00:00\",\"dateModified\":\"2024-09-10T07:35:49+00:00\",\"breadcrumb\":{\"@id\":\"https:\/\/dermo.com\/catalogo\/marsella\/#breadcrumb\"},\"inLanguage\":\"pt-PT\",\"potentialAction\":[{\"@type\":\"ReadAction\",\"target\":[\"https:\/\/dermo.com\/catalogo\/marsella\/\"]}]},{\"@type\":\"ImageObject\",\"inLanguage\":\"pt-PT\",\"@id\":\"https:\/\/dermo.com\/catalogo\/marsella\/#primaryimage\",\"url\":\"https:\/\/dermo.com\/wp-content\/uploads\/2015\/07\/113-Detergente-al-Jabon-de-Marsella.-Detergente-liquido.jpg\",\"contentUrl\":\"https:\/\/dermo.com\/wp-content\/uploads\/2015\/07\/113-Detergente-al-Jabon-de-Marsella.-Detergente-liquido.jpg\",\"width\":768,\"height\":768,\"caption\":\"Detergente al Jab\u00f3n de Marsella. Detergente l\u00edquido\"},{\"@type\":\"BreadcrumbList\",\"@id\":\"https:\/\/dermo.com\/catalogo\/marsella\/#breadcrumb\",\"itemListElement\":[{\"@type\":\"ListItem\",\"position\":1,\"name\":\"Portada\",\"item\":\"https:\/\/dermo.com\/\"},{\"@type\":\"ListItem\",\"position\":2,\"name\":\"Tienda\",\"item\":\"https:\/\/dermo.com\/tienda\/\"},{\"@type\":\"ListItem\",\"position\":3,\"name\":\"Detergente al Jab\u00f3n de Marsella. Detergente l\u00edquido\"}]},{\"@type\":\"WebSite\",\"@id\":\"https:\/\/dermo.com\/#website\",\"url\":\"https:\/\/dermo.com\/\",\"name\":\"Dermo | F\u00e1brica de detergentes\",\"description\":\"Tecnolog\u00eda avanzada, investigaci\u00f3n y desarrollo, respeto por el medio ambiente, competencia, formaci\u00f3n constante y alto nivel de profesionalidad en nuestro equipo humano, empe\u00f1ado en preservar la calidad de vida, la protecci\u00f3n del entorno natural contin\u00faan motiv\u00e1ndonos para desarrollar en nuestros laboratorios nuevos productos con ingredientes activos altamente biodegradables que hacen posible un desarrollo sostenible.\",\"potentialAction\":[{\"@type\":\"SearchAction\",\"target\":{\"@type\":\"EntryPoint\",\"urlTemplate\":\"https:\/\/dermo.com\/?s={search_term_string}\"},\"query-input\":{\"@type\":\"PropertyValueSpecification\",\"valueRequired\":true,\"valueName\":\"search_term_string\"}}],\"inLanguage\":\"pt-PT\"}]}<\/script>\n<!-- \/ Yoast SEO plugin. -->","yoast_head_json":{"title":"Detergente de sab\u00e3o de Marselha. Detergente l\u00edquido - Dermo | f\u00e1brica de detergentes","robots":{"index":"index","follow":"follow","max-snippet":"max-snippet:-1","max-image-preview":"max-image-preview:large","max-video-preview":"max-video-preview:-1"},"canonical":"https:\/\/dermo.com\/pt\/catalogo\/marselha\/","og_locale":"pt_PT","og_type":"article","og_title":"Detergente al Jab\u00f3n de Marsella. Detergente l\u00edquido - Dermo | F\u00e1brica de detergentes","og_description":"Detergente al Jab\u00f3n de Marsella Detergente l\u00edquido de espuma controlada al jab\u00f3n de Marsella. Ideal para toda la colada, dot\u00e1ndola de una gran suavidad y el agradable olor del jab\u00f3n de marsella.","og_url":"https:\/\/dermo.com\/pt\/catalogo\/marselha\/","og_site_name":"Dermo | F\u00e1brica de detergentes","article_modified_time":"2024-09-10T07:35:49+00:00","og_image":[{"width":768,"height":768,"url":"https:\/\/dermo.com\/wp-content\/uploads\/2015\/07\/113-Detergente-al-Jabon-de-Marsella.-Detergente-liquido.jpg","type":"image\/jpeg"}],"twitter_card":"summary_large_image","twitter_misc":{"Tempo estimado de leitura":"1 minuto"},"schema":{"@context":"https:\/\/schema.org","@graph":[{"@type":"WebPage","@id":"https:\/\/dermo.com\/catalogo\/marsella\/","url":"https:\/\/dermo.com\/catalogo\/marsella\/","name":"Detergente de sab\u00e3o de Marselha. Detergente l\u00edquido - Dermo | f\u00e1brica de detergentes","isPartOf":{"@id":"https:\/\/dermo.com\/#website"},"primaryImageOfPage":{"@id":"https:\/\/dermo.com\/catalogo\/marsella\/#primaryimage"},"image":{"@id":"https:\/\/dermo.com\/catalogo\/marsella\/#primaryimage"},"thumbnailUrl":"https:\/\/dermo.com\/wp-content\/uploads\/2015\/07\/113-Detergente-al-Jabon-de-Marsella.-Detergente-liquido.jpg","datePublished":"2015-07-28T15:19:45+00:00","dateModified":"2024-09-10T07:35:49+00:00","breadcrumb":{"@id":"https:\/\/dermo.com\/catalogo\/marsella\/#breadcrumb"},"inLanguage":"pt-PT","potentialAction":[{"@type":"ReadAction","target":["https:\/\/dermo.com\/catalogo\/marsella\/"]}]},{"@type":"ImageObject","inLanguage":"pt-PT","@id":"https:\/\/dermo.com\/catalogo\/marsella\/#primaryimage","url":"https:\/\/dermo.com\/wp-content\/uploads\/2015\/07\/113-Detergente-al-Jabon-de-Marsella.-Detergente-liquido.jpg","contentUrl":"https:\/\/dermo.com\/wp-content\/uploads\/2015\/07\/113-Detergente-al-Jabon-de-Marsella.-Detergente-liquido.jpg","width":768,"height":768,"caption":"Detergente al Jab\u00f3n de Marsella. Detergente l\u00edquido"},{"@type":"BreadcrumbList","@id":"https:\/\/dermo.com\/catalogo\/marsella\/#breadcrumb","itemListElement":[{"@type":"ListItem","position":1,"name":"Portada","item":"https:\/\/dermo.com\/"},{"@type":"ListItem","position":2,"name":"Tienda","item":"https:\/\/dermo.com\/tienda\/"},{"@type":"ListItem","position":3,"name":"Detergente al Jab\u00f3n de Marsella. Detergente l\u00edquido"}]},{"@type":"WebSite","@id":"https:\/\/dermo.com\/#website","url":"https:\/\/dermo.com\/","name":"Dermo | f\u00e1brica de detergentes","description":"A tecnologia avan\u00e7ada, a investiga\u00e7\u00e3o e desenvolvimento, o respeito pelo ambiente, a compet\u00eancia, a forma\u00e7\u00e3o constante e o elevado n\u00edvel de profissionalismo da nossa equipa humana, comprometida com a preserva\u00e7\u00e3o da qualidade de vida, a protec\u00e7\u00e3o do ambiente natural continuam a motivar-nos a desenvolver novos produtos nos nossos laborat\u00f3rios com princ\u00edpios ativos altamente biodegrad\u00e1veis que possibilitam o desenvolvimento sustent\u00e1vel.","potentialAction":[{"@type":"SearchAction","target":{"@type":"EntryPoint","urlTemplate":"https:\/\/dermo.com\/?s={search_term_string}"},"query-input":{"@type":"PropertyValueSpecification","valueRequired":true,"valueName":"search_term_string"}}],"inLanguage":"pt-PT"}]}},"_links":{"self":[{"href":"https:\/\/dermo.com\/pt\/wp-json\/wp\/v2\/product\/2677","targetHints":{"allow":["GET"]}}],"collection":[{"href":"https:\/\/dermo.com\/pt\/wp-json\/wp\/v2\/product"}],"about":[{"href":"https:\/\/dermo.com\/pt\/wp-json\/wp\/v2\/types\/product"}],"wp:featuredmedia":[{"embeddable":true,"href":"https:\/\/dermo.com\/pt\/wp-json\/wp\/v2\/media\/2676"}],"wp:attachment":[{"href":"https:\/\/dermo.com\/pt\/wp-json\/wp\/v2\/media?parent=2677"}],"wp:term":[{"taxonomy":"product_brand","embeddable":true,"href":"https:\/\/dermo.com\/pt\/wp-json\/wp\/v2\/product_brand?post=2677"},{"taxonomy":"product_cat","embeddable":true,"href":"https:\/\/dermo.com\/pt\/wp-json\/wp\/v2\/product_cat?post=2677"},{"taxonomy":"product_tag","embeddable":true,"href":"https:\/\/dermo.com\/pt\/wp-json\/wp\/v2\/product_tag?post=2677"}],"curies":[{"name":"wp","href":"https:\/\/api.w.org\/{rel}","templated":true}]}}