{"id":2683,"date":"2015-07-28T15:42:51","date_gmt":"2015-07-28T15:42:51","guid":{"rendered":"https:\/\/dermo.ultbit.com\/producto\/prelax-liquido\/"},"modified":"2024-09-10T09:37:04","modified_gmt":"2024-09-10T07:37:04","slug":"prelax-liquido","status":"publish","type":"product","link":"https:\/\/dermo.com\/pt\/catalogo\/prelax-liquido\/","title":{"rendered":"Prelax L\u00edquido. Detergente alcalino"},"content":{"rendered":"<p><strong>MODO DE EMPREGO:<\/strong><br \/>\nDependendo da alcalinidade e pH que se pretenda obter, dose de 0,5 a 1 g de Prelax l\u00edquido por litro de \u00e1gua j\u00e1 s\u00e3o suficientes para alcan\u00e7ar niveis altos de alcalinidade.<\/p>\n<p><strong>CARACTER\u00cdSTICAS T\u00c9CNICAS:<\/strong><br \/>\nAspecto: L\u00edquido.<br \/>\nCor: Amarelo.<br \/>\nCheiro: Sem perfume.<br \/>\npH (10%, \u00e1gua): 12 \u2013 14.<br \/>\nDensidade: 1,08 \u2013 1,10 g\/cc<br \/>\nConcentra\u00e7\u00e3o de subst\u00e2ncia ativa: 14 \u2013 16%<\/p>\n<p><strong>PRESENTA\u00c7\u00c3O:<\/strong><br \/>\nJerrican pl\u00e1stico<\/p>\n<table>\n<tbody>\n<tr>\n<td>FORMATO<\/td>\n<td>\u00a0 \u00a0 \u00a0 \u00a025kg<\/td>\n<\/tr>\n<tr>\n<td>C\u00d3DIGO<\/td>\n<td>\u00a0 \u00a0001PRL25<\/td>\n<\/tr>\n<\/tbody>\n<\/table>","protected":false},"excerpt":{"rendered":"<h3>L\u00edquido Pr\u00e9-relaxado<\/h3>\n<p class=\"Estndar\"><span lang=\"es\" xml:lang=\"es\">Detergente auxiliar alcalino de pr\u00e9-lavagem e lavagem.<\/span><\/p>\n<p class=\"Estndar\"><span lang=\"es\" xml:lang=\"es\">Prelax liquido \u00e9 um produto com grande poder dispersante da sujidade e com um elevado poder sequestrante.<\/span><\/p>\n<p class=\"Estndar\"><span lang=\"es\" xml:lang=\"es\">Especial para processos de lavagem de roupa muito suja onde \u00e9 necess\u00e1rio uma grande alcalinidade.<\/span><\/p>\n<p class=\"Estndar\"><span lang=\"es\" xml:lang=\"es\">Pode utilizar-se combinado com detergentes ricos em tensioactivos.<\/span><\/p>","protected":false},"featured_media":4199,"template":"","meta":{"neve_meta_sidebar":"","neve_meta_container":"","neve_meta_enable_content_width":"off","neve_meta_content_width":100,"neve_meta_title_alignment":"","neve_meta_author_avatar":"","neve_post_elements_order":"","neve_meta_disable_header":"","neve_meta_disable_footer":"","neve_meta_disable_title":""},"product_brand":[],"product_cat":[394,369],"product_tag":[],"class_list":{"0":"post-2683","1":"product","2":"type-product","3":"status-publish","4":"has-post-thumbnail","6":"product_cat-dosificacion-automatica","7":"product_cat-lavanderia","9":"first","10":"instock","11":"shipping-taxable","12":"product-type-simple"},"yoast_head":"<!-- This site is optimized with the Yoast SEO plugin v27.0 - https:\/\/yoast.com\/product\/yoast-seo-wordpress\/ -->\n<title>Prelax Liquido. Detergente alcalino - Dermo | F\u00e1brica de detergentes<\/title>\n<meta name=\"robots\" content=\"index, follow, max-snippet:-1, max-image-preview:large, max-video-preview:-1\" \/>\n<link rel=\"canonical\" href=\"https:\/\/dermo.com\/pt\/catalogo\/prelax-liquido\/\" \/>\n<meta property=\"og:locale\" content=\"pt_PT\" \/>\n<meta property=\"og:type\" content=\"article\" \/>\n<meta property=\"og:title\" content=\"Prelax Liquido. Detergente alcalino - Dermo | F\u00e1brica de detergentes\" \/>\n<meta property=\"og:description\" content=\"Prelax\u00a0L\u00edquido Detergente auxiliar alcalino de prelavado y lavado. Prelax l\u00edquido es un producto con alto poder dispersante de la suciedad y con un elevado poder secuestrante. Especial para procesos de lavado de ropa muy sucia donde se necesita una gran alcalinidad. Puede utilizarse combinado con detergentes ricos en tensioactivos.\" \/>\n<meta property=\"og:url\" content=\"https:\/\/dermo.com\/pt\/catalogo\/prelax-liquido\/\" \/>\n<meta property=\"og:site_name\" content=\"Dermo | F\u00e1brica de detergentes\" \/>\n<meta property=\"article:modified_time\" content=\"2024-09-10T07:37:04+00:00\" \/>\n<meta property=\"og:image\" content=\"https:\/\/dermo.com\/wp-content\/uploads\/2015\/07\/Prelax-Liquido.-Detergente-Alcalino.png\" \/>\n\t<meta property=\"og:image:width\" content=\"768\" \/>\n\t<meta property=\"og:image:height\" content=\"823\" \/>\n\t<meta property=\"og:image:type\" content=\"image\/png\" \/>\n<meta name=\"twitter:card\" content=\"summary_large_image\" \/>\n<meta name=\"twitter:label1\" content=\"Tempo estimado de leitura\" \/>\n\t<meta name=\"twitter:data1\" content=\"1 minuto\" \/>\n<script type=\"application\/ld+json\" class=\"yoast-schema-graph\">{\"@context\":\"https:\/\/schema.org\",\"@graph\":[{\"@type\":\"WebPage\",\"@id\":\"https:\/\/dermo.com\/catalogo\/prelax-liquido\/\",\"url\":\"https:\/\/dermo.com\/catalogo\/prelax-liquido\/\",\"name\":\"Prelax Liquido. Detergente alcalino - Dermo | F\u00e1brica de detergentes\",\"isPartOf\":{\"@id\":\"https:\/\/dermo.com\/#website\"},\"primaryImageOfPage\":{\"@id\":\"https:\/\/dermo.com\/catalogo\/prelax-liquido\/#primaryimage\"},\"image\":{\"@id\":\"https:\/\/dermo.com\/catalogo\/prelax-liquido\/#primaryimage\"},\"thumbnailUrl\":\"https:\/\/dermo.com\/wp-content\/uploads\/2015\/07\/Prelax-Liquido.-Detergente-Alcalino.png\",\"datePublished\":\"2015-07-28T15:42:51+00:00\",\"dateModified\":\"2024-09-10T07:37:04+00:00\",\"breadcrumb\":{\"@id\":\"https:\/\/dermo.com\/catalogo\/prelax-liquido\/#breadcrumb\"},\"inLanguage\":\"pt-PT\",\"potentialAction\":[{\"@type\":\"ReadAction\",\"target\":[\"https:\/\/dermo.com\/catalogo\/prelax-liquido\/\"]}]},{\"@type\":\"ImageObject\",\"inLanguage\":\"pt-PT\",\"@id\":\"https:\/\/dermo.com\/catalogo\/prelax-liquido\/#primaryimage\",\"url\":\"https:\/\/dermo.com\/wp-content\/uploads\/2015\/07\/Prelax-Liquido.-Detergente-Alcalino.png\",\"contentUrl\":\"https:\/\/dermo.com\/wp-content\/uploads\/2015\/07\/Prelax-Liquido.-Detergente-Alcalino.png\",\"width\":768,\"height\":823},{\"@type\":\"BreadcrumbList\",\"@id\":\"https:\/\/dermo.com\/catalogo\/prelax-liquido\/#breadcrumb\",\"itemListElement\":[{\"@type\":\"ListItem\",\"position\":1,\"name\":\"Portada\",\"item\":\"https:\/\/dermo.com\/\"},{\"@type\":\"ListItem\",\"position\":2,\"name\":\"Tienda\",\"item\":\"https:\/\/dermo.com\/tienda\/\"},{\"@type\":\"ListItem\",\"position\":3,\"name\":\"Prelax Liquido. Detergente alcalino\"}]},{\"@type\":\"WebSite\",\"@id\":\"https:\/\/dermo.com\/#website\",\"url\":\"https:\/\/dermo.com\/\",\"name\":\"Dermo | F\u00e1brica de detergentes\",\"description\":\"Tecnolog\u00eda avanzada, investigaci\u00f3n y desarrollo, respeto por el medio ambiente, competencia, formaci\u00f3n constante y alto nivel de profesionalidad en nuestro equipo humano, empe\u00f1ado en preservar la calidad de vida, la protecci\u00f3n del entorno natural contin\u00faan motiv\u00e1ndonos para desarrollar en nuestros laboratorios nuevos productos con ingredientes activos altamente biodegradables que hacen posible un desarrollo sostenible.\",\"potentialAction\":[{\"@type\":\"SearchAction\",\"target\":{\"@type\":\"EntryPoint\",\"urlTemplate\":\"https:\/\/dermo.com\/?s={search_term_string}\"},\"query-input\":{\"@type\":\"PropertyValueSpecification\",\"valueRequired\":true,\"valueName\":\"search_term_string\"}}],\"inLanguage\":\"pt-PT\"}]}<\/script>\n<!-- \/ Yoast SEO plugin. -->","yoast_head_json":{"title":"Pr\u00e9lax L\u00edquido. Detergente alcalino - Dermo | f\u00e1brica de detergentes","robots":{"index":"index","follow":"follow","max-snippet":"max-snippet:-1","max-image-preview":"max-image-preview:large","max-video-preview":"max-video-preview:-1"},"canonical":"https:\/\/dermo.com\/pt\/catalogo\/prelax-liquido\/","og_locale":"pt_PT","og_type":"article","og_title":"Prelax Liquido. Detergente alcalino - Dermo | F\u00e1brica de detergentes","og_description":"Prelax\u00a0L\u00edquido Detergente auxiliar alcalino de prelavado y lavado. Prelax l\u00edquido es un producto con alto poder dispersante de la suciedad y con un elevado poder secuestrante. Especial para procesos de lavado de ropa muy sucia donde se necesita una gran alcalinidad. Puede utilizarse combinado con detergentes ricos en tensioactivos.","og_url":"https:\/\/dermo.com\/pt\/catalogo\/prelax-liquido\/","og_site_name":"Dermo | F\u00e1brica de detergentes","article_modified_time":"2024-09-10T07:37:04+00:00","og_image":[{"width":768,"height":823,"url":"https:\/\/dermo.com\/wp-content\/uploads\/2015\/07\/Prelax-Liquido.-Detergente-Alcalino.png","type":"image\/png"}],"twitter_card":"summary_large_image","twitter_misc":{"Tempo estimado de leitura":"1 minuto"},"schema":{"@context":"https:\/\/schema.org","@graph":[{"@type":"WebPage","@id":"https:\/\/dermo.com\/catalogo\/prelax-liquido\/","url":"https:\/\/dermo.com\/catalogo\/prelax-liquido\/","name":"Pr\u00e9lax L\u00edquido. Detergente alcalino - Dermo | f\u00e1brica de detergentes","isPartOf":{"@id":"https:\/\/dermo.com\/#website"},"primaryImageOfPage":{"@id":"https:\/\/dermo.com\/catalogo\/prelax-liquido\/#primaryimage"},"image":{"@id":"https:\/\/dermo.com\/catalogo\/prelax-liquido\/#primaryimage"},"thumbnailUrl":"https:\/\/dermo.com\/wp-content\/uploads\/2015\/07\/Prelax-Liquido.-Detergente-Alcalino.png","datePublished":"2015-07-28T15:42:51+00:00","dateModified":"2024-09-10T07:37:04+00:00","breadcrumb":{"@id":"https:\/\/dermo.com\/catalogo\/prelax-liquido\/#breadcrumb"},"inLanguage":"pt-PT","potentialAction":[{"@type":"ReadAction","target":["https:\/\/dermo.com\/catalogo\/prelax-liquido\/"]}]},{"@type":"ImageObject","inLanguage":"pt-PT","@id":"https:\/\/dermo.com\/catalogo\/prelax-liquido\/#primaryimage","url":"https:\/\/dermo.com\/wp-content\/uploads\/2015\/07\/Prelax-Liquido.-Detergente-Alcalino.png","contentUrl":"https:\/\/dermo.com\/wp-content\/uploads\/2015\/07\/Prelax-Liquido.-Detergente-Alcalino.png","width":768,"height":823},{"@type":"BreadcrumbList","@id":"https:\/\/dermo.com\/catalogo\/prelax-liquido\/#breadcrumb","itemListElement":[{"@type":"ListItem","position":1,"name":"Portada","item":"https:\/\/dermo.com\/"},{"@type":"ListItem","position":2,"name":"Tienda","item":"https:\/\/dermo.com\/tienda\/"},{"@type":"ListItem","position":3,"name":"Prelax Liquido. Detergente alcalino"}]},{"@type":"WebSite","@id":"https:\/\/dermo.com\/#website","url":"https:\/\/dermo.com\/","name":"Dermo | f\u00e1brica de detergentes","description":"A tecnologia avan\u00e7ada, a investiga\u00e7\u00e3o e desenvolvimento, o respeito pelo ambiente, a compet\u00eancia, a forma\u00e7\u00e3o constante e o elevado n\u00edvel de profissionalismo da nossa equipa humana, comprometida com a preserva\u00e7\u00e3o da qualidade de vida, a protec\u00e7\u00e3o do ambiente natural continuam a motivar-nos a desenvolver novos produtos nos nossos laborat\u00f3rios com princ\u00edpios ativos altamente biodegrad\u00e1veis que possibilitam o desenvolvimento sustent\u00e1vel.","potentialAction":[{"@type":"SearchAction","target":{"@type":"EntryPoint","urlTemplate":"https:\/\/dermo.com\/?s={search_term_string}"},"query-input":{"@type":"PropertyValueSpecification","valueRequired":true,"valueName":"search_term_string"}}],"inLanguage":"pt-PT"}]}},"_links":{"self":[{"href":"https:\/\/dermo.com\/pt\/wp-json\/wp\/v2\/product\/2683","targetHints":{"allow":["GET"]}}],"collection":[{"href":"https:\/\/dermo.com\/pt\/wp-json\/wp\/v2\/product"}],"about":[{"href":"https:\/\/dermo.com\/pt\/wp-json\/wp\/v2\/types\/product"}],"wp:featuredmedia":[{"embeddable":true,"href":"https:\/\/dermo.com\/pt\/wp-json\/wp\/v2\/media\/4199"}],"wp:attachment":[{"href":"https:\/\/dermo.com\/pt\/wp-json\/wp\/v2\/media?parent=2683"}],"wp:term":[{"taxonomy":"product_brand","embeddable":true,"href":"https:\/\/dermo.com\/pt\/wp-json\/wp\/v2\/product_brand?post=2683"},{"taxonomy":"product_cat","embeddable":true,"href":"https:\/\/dermo.com\/pt\/wp-json\/wp\/v2\/product_cat?post=2683"},{"taxonomy":"product_tag","embeddable":true,"href":"https:\/\/dermo.com\/pt\/wp-json\/wp\/v2\/product_tag?post=2683"}],"curies":[{"name":"wp","href":"https:\/\/api.w.org\/{rel}","templated":true}]}}