{"id":2685,"date":"2015-07-28T15:48:22","date_gmt":"2015-07-28T15:48:22","guid":{"rendered":"https:\/\/dermo.ultbit.com\/producto\/oxigeno-activo\/"},"modified":"2025-02-21T12:01:58","modified_gmt":"2025-02-21T11:01:58","slug":"oxigenio-ativo","status":"publish","type":"product","link":"https:\/\/dermo.com\/pt\/catalogo\/oxigenio-ativo\/","title":{"rendered":"Oxig\u00eanio Ativo"},"content":{"rendered":"<p><strong>MODO DE EMPREGO:<\/strong><br \/>\nADITIVO D\u00c9 LAVAGEM: Aditivar 50 na cubeta do detergente ou diretamente no cilindro da lavadora. Depois, adicione o detergente de maneira habitual. Para um rendimento melhor do produto a \u00e1gua deve estar a 40\u00baC.<\/p>\n<p>PARA MANCHAS DIF\u00cdCEIS: Deixar a roupa em remolho (entre 1 e 5 horas) com \u00e1gua t\u00e9pida ou quente, dosando 50 ml do produto por litro da \u00e1gua.<\/p>\n<p class=\"Estndar\"><span lang=\"es\" xml:lang=\"es\">UTILISATION DIRECTE : Diluer le produit dans de l\u2019eau ti\u00e8de ou chaude, en dosant 12,5 ml par litre d\u2019eau et appliquer directement sur la t\u00e2che \u00e0 traiter. Laisser agir 10 \u00e0 30 minutes. Apr\u00e8s ce temps, frotter avec une \u00e9ponge ou une serviette humide et laisser s\u00e9cher.<\/span><\/p>\n<p><strong>CARACTER\u00cdSTICAS T\u00c9CNICAS:<\/strong><br \/>\nApar\u00eancia: S\u00f3lido Granulado.<br \/>\nCor: Branco.<br \/>\npH (1%, \u00e1gua): 10 \u2013 11,5.<br \/>\nDensidade aparente: 1,10 \u2013 1,20<\/p>\n<p><strong>PRESENTA\u00c7\u00c3O:<\/strong><br \/>\nBaldes de pl\u00e1stico.<\/p>\n<table>\n<tbody>\n<tr>\n<td>FORMATO<\/td>\n<td>\u00a0 \u00a0 \u00a0 2kg<\/td>\n<td>\u00a0 \u00a0 \u00a010kg<\/td>\n<td><\/td>\n<\/tr>\n<tr>\n<td>C\u00d3DIGO<\/td>\n<td>\u00a0 002DAO02<\/td>\n<td>\u00a0 002DAO10<\/td>\n<td><\/td>\n<\/tr>\n<\/tbody>\n<\/table>","protected":false},"excerpt":{"rendered":"<h3>Oxig\u00eanio Ativo<\/h3>\n<p class=\"Estndar\"><span lang=\"es\" xml:lang=\"es\">Removedor em p\u00f3 com alto procentagem em oxig\u00eanio activo.<\/span><\/p>\n<p class=\"Estndar\"><span lang=\"es\" xml:lang=\"es\">Fortalece a a\u00e7\u00e3o do detergente se for adicionado \u00e0 m\u00e1quina de lavar.\u00a0<\/span>Para manchas dif\u00edceis, utilize o produto de molho.<\/p>\n<p class=\"Estndar\"><span lang=\"es\" xml:lang=\"es\">Muito \u00fatil para eliminat as manchas dos tapetes, dos panos da tabela, dos cadeiras, dos sofas e de alguma outra superf\u00edcie lav\u00e1vel com \u00e1gua.<\/span><\/p>","protected":false},"featured_media":4200,"template":"","meta":{"neve_meta_sidebar":"","neve_meta_container":"","neve_meta_enable_content_width":"off","neve_meta_content_width":100,"neve_meta_title_alignment":"","neve_meta_author_avatar":"","neve_post_elements_order":"","neve_meta_disable_header":"","neve_meta_disable_footer":"","neve_meta_disable_title":""},"product_brand":[],"product_cat":[393,369],"product_tag":[],"class_list":{"0":"post-2685","1":"product","2":"type-product","3":"status-publish","4":"has-post-thumbnail","6":"product_cat-complementos-de-lavado","7":"product_cat-lavanderia","9":"first","10":"instock","11":"shipping-taxable","12":"product-type-simple"},"yoast_head":"<!-- This site is optimized with the Yoast SEO plugin v27.0 - https:\/\/yoast.com\/product\/yoast-seo-wordpress\/ -->\n<title>Oxigeno Activo - Dermo | F\u00e1brica de detergentes<\/title>\n<meta name=\"robots\" content=\"index, follow, max-snippet:-1, max-image-preview:large, max-video-preview:-1\" \/>\n<link rel=\"canonical\" href=\"https:\/\/dermo.com\/pt\/catalogo\/oxigenio-ativo\/\" \/>\n<meta property=\"og:locale\" content=\"pt_PT\" \/>\n<meta property=\"og:type\" content=\"article\" \/>\n<meta property=\"og:title\" content=\"Oxigeno Activo - Dermo | F\u00e1brica de detergentes\" \/>\n<meta property=\"og:description\" content=\"Oxigeno Activo Quitamanchas en polvo que puede utilizarse en tejidos blancos,\u00a0de color, y\u00a0sobre cualquier tipo de superficie lavable con agua. Refuerza la acci\u00f3n del detergente si se incorpora en la lavadora.\u00a0Para manchas dif\u00edciles utilizar el producto en remojo. Muy \u00fatil para eliminar manchas de alfombras, manteles, sillas, sof\u00e1s y cualquier otra superf\u00edcie lavable con agua.\" \/>\n<meta property=\"og:url\" content=\"https:\/\/dermo.com\/pt\/catalogo\/oxigenio-ativo\/\" \/>\n<meta property=\"og:site_name\" content=\"Dermo | F\u00e1brica de detergentes\" \/>\n<meta property=\"article:modified_time\" content=\"2025-02-21T11:01:58+00:00\" \/>\n<meta property=\"og:image\" content=\"https:\/\/dermo.com\/wp-content\/uploads\/2015\/07\/Oxigeno-Activo.png\" \/>\n\t<meta property=\"og:image:width\" content=\"768\" \/>\n\t<meta property=\"og:image:height\" content=\"823\" \/>\n\t<meta property=\"og:image:type\" content=\"image\/png\" \/>\n<meta name=\"twitter:card\" content=\"summary_large_image\" \/>\n<meta name=\"twitter:label1\" content=\"Tempo estimado de leitura\" \/>\n\t<meta name=\"twitter:data1\" content=\"1 minuto\" \/>\n<script type=\"application\/ld+json\" class=\"yoast-schema-graph\">{\"@context\":\"https:\/\/schema.org\",\"@graph\":[{\"@type\":\"WebPage\",\"@id\":\"https:\/\/dermo.com\/catalogo\/oxigeno-activo\/\",\"url\":\"https:\/\/dermo.com\/catalogo\/oxigeno-activo\/\",\"name\":\"Oxigeno Activo - Dermo | F\u00e1brica de detergentes\",\"isPartOf\":{\"@id\":\"https:\/\/dermo.com\/#website\"},\"primaryImageOfPage\":{\"@id\":\"https:\/\/dermo.com\/catalogo\/oxigeno-activo\/#primaryimage\"},\"image\":{\"@id\":\"https:\/\/dermo.com\/catalogo\/oxigeno-activo\/#primaryimage\"},\"thumbnailUrl\":\"https:\/\/dermo.com\/wp-content\/uploads\/2015\/07\/Oxigeno-Activo.png\",\"datePublished\":\"2015-07-28T15:48:22+00:00\",\"dateModified\":\"2025-02-21T11:01:58+00:00\",\"breadcrumb\":{\"@id\":\"https:\/\/dermo.com\/catalogo\/oxigeno-activo\/#breadcrumb\"},\"inLanguage\":\"pt-PT\",\"potentialAction\":[{\"@type\":\"ReadAction\",\"target\":[\"https:\/\/dermo.com\/catalogo\/oxigeno-activo\/\"]}]},{\"@type\":\"ImageObject\",\"inLanguage\":\"pt-PT\",\"@id\":\"https:\/\/dermo.com\/catalogo\/oxigeno-activo\/#primaryimage\",\"url\":\"https:\/\/dermo.com\/wp-content\/uploads\/2015\/07\/Oxigeno-Activo.png\",\"contentUrl\":\"https:\/\/dermo.com\/wp-content\/uploads\/2015\/07\/Oxigeno-Activo.png\",\"width\":768,\"height\":823},{\"@type\":\"BreadcrumbList\",\"@id\":\"https:\/\/dermo.com\/catalogo\/oxigeno-activo\/#breadcrumb\",\"itemListElement\":[{\"@type\":\"ListItem\",\"position\":1,\"name\":\"Portada\",\"item\":\"https:\/\/dermo.com\/\"},{\"@type\":\"ListItem\",\"position\":2,\"name\":\"Tienda\",\"item\":\"https:\/\/dermo.com\/tienda\/\"},{\"@type\":\"ListItem\",\"position\":3,\"name\":\"Oxigeno Activo\"}]},{\"@type\":\"WebSite\",\"@id\":\"https:\/\/dermo.com\/#website\",\"url\":\"https:\/\/dermo.com\/\",\"name\":\"Dermo | F\u00e1brica de detergentes\",\"description\":\"Tecnolog\u00eda avanzada, investigaci\u00f3n y desarrollo, respeto por el medio ambiente, competencia, formaci\u00f3n constante y alto nivel de profesionalidad en nuestro equipo humano, empe\u00f1ado en preservar la calidad de vida, la protecci\u00f3n del entorno natural contin\u00faan motiv\u00e1ndonos para desarrollar en nuestros laboratorios nuevos productos con ingredientes activos altamente biodegradables que hacen posible un desarrollo sostenible.\",\"potentialAction\":[{\"@type\":\"SearchAction\",\"target\":{\"@type\":\"EntryPoint\",\"urlTemplate\":\"https:\/\/dermo.com\/?s={search_term_string}\"},\"query-input\":{\"@type\":\"PropertyValueSpecification\",\"valueRequired\":true,\"valueName\":\"search_term_string\"}}],\"inLanguage\":\"pt-PT\"}]}<\/script>\n<!-- \/ Yoast SEO plugin. -->","yoast_head_json":{"title":"Oxig\u00eanio Ativo - Dermo | f\u00e1brica de detergentes","robots":{"index":"index","follow":"follow","max-snippet":"max-snippet:-1","max-image-preview":"max-image-preview:large","max-video-preview":"max-video-preview:-1"},"canonical":"https:\/\/dermo.com\/pt\/catalogo\/oxigenio-ativo\/","og_locale":"pt_PT","og_type":"article","og_title":"Oxigeno Activo - Dermo | F\u00e1brica de detergentes","og_description":"Oxigeno Activo Quitamanchas en polvo que puede utilizarse en tejidos blancos,\u00a0de color, y\u00a0sobre cualquier tipo de superficie lavable con agua. Refuerza la acci\u00f3n del detergente si se incorpora en la lavadora.\u00a0Para manchas dif\u00edciles utilizar el producto en remojo. Muy \u00fatil para eliminar manchas de alfombras, manteles, sillas, sof\u00e1s y cualquier otra superf\u00edcie lavable con agua.","og_url":"https:\/\/dermo.com\/pt\/catalogo\/oxigenio-ativo\/","og_site_name":"Dermo | F\u00e1brica de detergentes","article_modified_time":"2025-02-21T11:01:58+00:00","og_image":[{"width":768,"height":823,"url":"https:\/\/dermo.com\/wp-content\/uploads\/2015\/07\/Oxigeno-Activo.png","type":"image\/png"}],"twitter_card":"summary_large_image","twitter_misc":{"Tempo estimado de leitura":"1 minuto"},"schema":{"@context":"https:\/\/schema.org","@graph":[{"@type":"WebPage","@id":"https:\/\/dermo.com\/catalogo\/oxigeno-activo\/","url":"https:\/\/dermo.com\/catalogo\/oxigeno-activo\/","name":"Oxig\u00eanio Ativo - Dermo | f\u00e1brica de detergentes","isPartOf":{"@id":"https:\/\/dermo.com\/#website"},"primaryImageOfPage":{"@id":"https:\/\/dermo.com\/catalogo\/oxigeno-activo\/#primaryimage"},"image":{"@id":"https:\/\/dermo.com\/catalogo\/oxigeno-activo\/#primaryimage"},"thumbnailUrl":"https:\/\/dermo.com\/wp-content\/uploads\/2015\/07\/Oxigeno-Activo.png","datePublished":"2015-07-28T15:48:22+00:00","dateModified":"2025-02-21T11:01:58+00:00","breadcrumb":{"@id":"https:\/\/dermo.com\/catalogo\/oxigeno-activo\/#breadcrumb"},"inLanguage":"pt-PT","potentialAction":[{"@type":"ReadAction","target":["https:\/\/dermo.com\/catalogo\/oxigeno-activo\/"]}]},{"@type":"ImageObject","inLanguage":"pt-PT","@id":"https:\/\/dermo.com\/catalogo\/oxigeno-activo\/#primaryimage","url":"https:\/\/dermo.com\/wp-content\/uploads\/2015\/07\/Oxigeno-Activo.png","contentUrl":"https:\/\/dermo.com\/wp-content\/uploads\/2015\/07\/Oxigeno-Activo.png","width":768,"height":823},{"@type":"BreadcrumbList","@id":"https:\/\/dermo.com\/catalogo\/oxigeno-activo\/#breadcrumb","itemListElement":[{"@type":"ListItem","position":1,"name":"Portada","item":"https:\/\/dermo.com\/"},{"@type":"ListItem","position":2,"name":"Tienda","item":"https:\/\/dermo.com\/tienda\/"},{"@type":"ListItem","position":3,"name":"Oxigeno Activo"}]},{"@type":"WebSite","@id":"https:\/\/dermo.com\/#website","url":"https:\/\/dermo.com\/","name":"Dermo | f\u00e1brica de detergentes","description":"A tecnologia avan\u00e7ada, a investiga\u00e7\u00e3o e desenvolvimento, o respeito pelo ambiente, a compet\u00eancia, a forma\u00e7\u00e3o constante e o elevado n\u00edvel de profissionalismo da nossa equipa humana, comprometida com a preserva\u00e7\u00e3o da qualidade de vida, a protec\u00e7\u00e3o do ambiente natural continuam a motivar-nos a desenvolver novos produtos nos nossos laborat\u00f3rios com princ\u00edpios ativos altamente biodegrad\u00e1veis que possibilitam o desenvolvimento sustent\u00e1vel.","potentialAction":[{"@type":"SearchAction","target":{"@type":"EntryPoint","urlTemplate":"https:\/\/dermo.com\/?s={search_term_string}"},"query-input":{"@type":"PropertyValueSpecification","valueRequired":true,"valueName":"search_term_string"}}],"inLanguage":"pt-PT"}]}},"_links":{"self":[{"href":"https:\/\/dermo.com\/pt\/wp-json\/wp\/v2\/product\/2685","targetHints":{"allow":["GET"]}}],"collection":[{"href":"https:\/\/dermo.com\/pt\/wp-json\/wp\/v2\/product"}],"about":[{"href":"https:\/\/dermo.com\/pt\/wp-json\/wp\/v2\/types\/product"}],"wp:featuredmedia":[{"embeddable":true,"href":"https:\/\/dermo.com\/pt\/wp-json\/wp\/v2\/media\/4200"}],"wp:attachment":[{"href":"https:\/\/dermo.com\/pt\/wp-json\/wp\/v2\/media?parent=2685"}],"wp:term":[{"taxonomy":"product_brand","embeddable":true,"href":"https:\/\/dermo.com\/pt\/wp-json\/wp\/v2\/product_brand?post=2685"},{"taxonomy":"product_cat","embeddable":true,"href":"https:\/\/dermo.com\/pt\/wp-json\/wp\/v2\/product_cat?post=2685"},{"taxonomy":"product_tag","embeddable":true,"href":"https:\/\/dermo.com\/pt\/wp-json\/wp\/v2\/product_tag?post=2685"}],"curies":[{"name":"wp","href":"https:\/\/api.w.org\/{rel}","templated":true}]}}