{"id":2687,"date":"2015-07-28T15:51:20","date_gmt":"2015-07-28T15:51:20","guid":{"rendered":"https:\/\/dermo.ultbit.com\/producto\/oxi-100\/"},"modified":"2025-02-21T12:00:50","modified_gmt":"2025-02-21T11:00:50","slug":"oxi-100","status":"publish","type":"product","link":"https:\/\/dermo.com\/pt\/catalogo\/oxi-100\/","title":{"rendered":"OXI-100. Alvejante oxigenado"},"content":{"rendered":"<p><strong>MODO DE EMPREGO:<\/strong><br \/>\nDosificar na fase de blanqueo de 3 a 10 ml por quilo de roupa seca a temperaturas entre 70 e 90\u00baC. Para obter um bom rendimento do OXI-100 e um m\u00ednimo deterioro da roupa, a temperatura da solu\u00e7\u00e3o de lavagem deveria manter-se entre 80 e 90\u00baC e o pH entre 9 e 10.5. Aplica\u00e7\u00f5es a temperaturas superiores a 90\u00baC e pH superior a 10.5 podem da\u00f1ar as fibras naturais como o algod\u00e3o. Para um blanqueo a baixa temperatura (60-80\u00baC) o pH da solu\u00e7\u00e3o de lavagem deveria estar entre 11-11.5. A temperaturas inferiores a 60\u00baC o rendimento do produto \u00e9 m\u00ednimo. N\u00e3o usar em prendas com manchas de sangue. As manchas de sangue em contacto com o per\u00f3xido fixar-se. e ser\u00e3o dif\u00edceis de eliminar, portanto, evitar o contacto do OXI-100 com prendas manchadas de sangue na fase incial de lavagem (t=0-8 minutos). Para o tratamento de roupa com manchas de sangue efectuar um prelavado com detergente e \u00e1gua fria. N\u00e3o usas em prendas de nylon.<\/p>\n<p><strong>CARACTER\u00cdSTICAS T\u00c9CNICAS<\/strong><br \/>\nApar\u00eancia: L\u00edquido incolor<br \/>\nCheiro: Picante<br \/>\npH: 1 \u2013 4<br \/>\nPonto de congelamento: -52oC<br \/>\nPonto de ebuli\u00e7\u00e3o: 115oC<br \/>\nDensidade relativa: 1,2 kg\/l<br \/>\nSolubilidade: Em \u00e1gua, sol\u00favel em todas as propor\u00e7\u00f5es.<\/p>\n<p><strong>COMPOSI\u00c7\u00c3O<\/strong><br \/>\nAlvejantes \u00e0 base de oxig\u00eanio.<\/p>\n<p><strong>PRESENTA\u00c7\u00c3O:<\/strong><br \/>\nEnvases de pl\u00e1stico:<\/p>\n<table>\n<tbody>\n<tr>\n<td>FORMATO<\/td>\n<td>\u00a0 \u00a0 \u00a0 \u00a025kg<\/td>\n<\/tr>\n<tr>\n<td>C\u00d3DIGO<\/td>\n<td>\u00a0 \u00a0002OXI25<\/td>\n<\/tr>\n<\/tbody>\n<\/table>\n<p><strong>SEGURAN\u00c7A \/ TOXICOLOGIA<\/strong><br \/>\nNocivo se ingerido. Causa queimaduras graves na pele e les\u00f5es oculares graves. Pode irritar o<br \/>\ntrato respirat\u00f3rio. Use luvas\/roupas\/\u00f3culos de prote\u00e7\u00e3o. Mantenha fora do alcance das crian\u00e7as. Em<br \/>\nEm caso de acidente consulte o Servi\u00e7o de Informa\u00e7\u00e3o M\u00e9dica Toxicol\u00f3gica. Tel.: 915 620 420.<\/p>\n<p><strong>INFORMA\u00c7\u00d5ES ADICIONAIS<\/strong><br \/>\nPRODUTO INDUSTRIAL. USO PROFISSIONAL.<br \/>\nO Regulamento (UE) 2019\/1148 restringe a aquisi\u00e7\u00e3o, introdu\u00e7\u00e3o, posse ou utiliza\u00e7\u00e3o deste produto por indiv\u00edduos. Todas as transa\u00e7\u00f5es suspeitas, bem como desaparecimentos e roubos significativos, devem ser comunicadas ao Ponto de Contacto Nacional.<\/p>","protected":false},"excerpt":{"rendered":"<h3>OXI-100<\/h3>\n<p class=\"Estndar\">Blanqueador auxiliar de lavagem baseada em per\u00f3xido de hidrog\u00e9nio para todo tipo de roupa branca e de cor especialmente indicada para seu uso em lavander\u00edas comerciais, centros hospitalares, etc. Tem propriedades oxidantes, desodorizantes, blanqueadoras e removedor de manchas.<\/p>","protected":false},"featured_media":13778,"template":"","meta":{"neve_meta_sidebar":"","neve_meta_container":"","neve_meta_enable_content_width":"off","neve_meta_content_width":100,"neve_meta_title_alignment":"","neve_meta_author_avatar":"","neve_post_elements_order":"","neve_meta_disable_header":"","neve_meta_disable_footer":"","neve_meta_disable_title":""},"product_brand":[],"product_cat":[394,369],"product_tag":[],"class_list":{"0":"post-2687","1":"product","2":"type-product","3":"status-publish","4":"has-post-thumbnail","6":"product_cat-dosificacion-automatica","7":"product_cat-lavanderia","9":"first","10":"instock","11":"shipping-taxable","12":"product-type-simple"},"yoast_head":"<!-- This site is optimized with the Yoast SEO plugin v27.0 - https:\/\/yoast.com\/product\/yoast-seo-wordpress\/ -->\n<title>OXI-100. Blanqueador oxigenado - Dermo | F\u00e1brica de detergentes<\/title>\n<meta name=\"robots\" content=\"index, follow, max-snippet:-1, max-image-preview:large, max-video-preview:-1\" \/>\n<link rel=\"canonical\" href=\"https:\/\/dermo.com\/pt\/catalogo\/oxi-100\/\" \/>\n<meta property=\"og:locale\" content=\"pt_PT\" \/>\n<meta property=\"og:type\" content=\"article\" \/>\n<meta property=\"og:title\" content=\"OXI-100. Blanqueador oxigenado - Dermo | F\u00e1brica de detergentes\" \/>\n<meta property=\"og:description\" content=\"OXI-100 Blanqueador auxiliar de lavado basado en per\u00f3xido de hidr\u00f3geno para todo tipo de ropa blanca y de color especialmente indicado para su uso en lavander\u00edas comerciales, centros hospitalarios, etc. Tiene propiedades oxidantes, desodorizantes, blanqueadoras y quitamanchas.\" \/>\n<meta property=\"og:url\" content=\"https:\/\/dermo.com\/pt\/catalogo\/oxi-100\/\" \/>\n<meta property=\"og:site_name\" content=\"Dermo | F\u00e1brica de detergentes\" \/>\n<meta property=\"article:modified_time\" content=\"2025-02-21T11:00:50+00:00\" \/>\n<meta property=\"og:image\" content=\"https:\/\/dermo.com\/wp-content\/uploads\/2015\/07\/9A8A7976-scaled.jpg\" \/>\n\t<meta property=\"og:image:width\" content=\"1920\" \/>\n\t<meta property=\"og:image:height\" content=\"2560\" \/>\n\t<meta property=\"og:image:type\" content=\"image\/jpeg\" \/>\n<meta name=\"twitter:card\" content=\"summary_large_image\" \/>\n<meta name=\"twitter:label1\" content=\"Tempo estimado de leitura\" \/>\n\t<meta name=\"twitter:data1\" content=\"2 minutos\" \/>\n<script type=\"application\/ld+json\" class=\"yoast-schema-graph\">{\"@context\":\"https:\/\/schema.org\",\"@graph\":[{\"@type\":\"WebPage\",\"@id\":\"https:\/\/dermo.com\/catalogo\/oxi-100\/\",\"url\":\"https:\/\/dermo.com\/catalogo\/oxi-100\/\",\"name\":\"OXI-100. Blanqueador oxigenado - Dermo | F\u00e1brica de detergentes\",\"isPartOf\":{\"@id\":\"https:\/\/dermo.com\/#website\"},\"primaryImageOfPage\":{\"@id\":\"https:\/\/dermo.com\/catalogo\/oxi-100\/#primaryimage\"},\"image\":{\"@id\":\"https:\/\/dermo.com\/catalogo\/oxi-100\/#primaryimage\"},\"thumbnailUrl\":\"https:\/\/dermo.com\/wp-content\/uploads\/2015\/07\/9A8A7976-scaled.jpg\",\"datePublished\":\"2015-07-28T15:51:20+00:00\",\"dateModified\":\"2025-02-21T11:00:50+00:00\",\"breadcrumb\":{\"@id\":\"https:\/\/dermo.com\/catalogo\/oxi-100\/#breadcrumb\"},\"inLanguage\":\"pt-PT\",\"potentialAction\":[{\"@type\":\"ReadAction\",\"target\":[\"https:\/\/dermo.com\/catalogo\/oxi-100\/\"]}]},{\"@type\":\"ImageObject\",\"inLanguage\":\"pt-PT\",\"@id\":\"https:\/\/dermo.com\/catalogo\/oxi-100\/#primaryimage\",\"url\":\"https:\/\/dermo.com\/wp-content\/uploads\/2015\/07\/9A8A7976-scaled.jpg\",\"contentUrl\":\"https:\/\/dermo.com\/wp-content\/uploads\/2015\/07\/9A8A7976-scaled.jpg\",\"width\":1920,\"height\":2560},{\"@type\":\"BreadcrumbList\",\"@id\":\"https:\/\/dermo.com\/catalogo\/oxi-100\/#breadcrumb\",\"itemListElement\":[{\"@type\":\"ListItem\",\"position\":1,\"name\":\"Portada\",\"item\":\"https:\/\/dermo.com\/\"},{\"@type\":\"ListItem\",\"position\":2,\"name\":\"Tienda\",\"item\":\"https:\/\/dermo.com\/tienda\/\"},{\"@type\":\"ListItem\",\"position\":3,\"name\":\"OXI-100. Blanqueador oxigenado\"}]},{\"@type\":\"WebSite\",\"@id\":\"https:\/\/dermo.com\/#website\",\"url\":\"https:\/\/dermo.com\/\",\"name\":\"Dermo | F\u00e1brica de detergentes\",\"description\":\"Tecnolog\u00eda avanzada, investigaci\u00f3n y desarrollo, respeto por el medio ambiente, competencia, formaci\u00f3n constante y alto nivel de profesionalidad en nuestro equipo humano, empe\u00f1ado en preservar la calidad de vida, la protecci\u00f3n del entorno natural contin\u00faan motiv\u00e1ndonos para desarrollar en nuestros laboratorios nuevos productos con ingredientes activos altamente biodegradables que hacen posible un desarrollo sostenible.\",\"potentialAction\":[{\"@type\":\"SearchAction\",\"target\":{\"@type\":\"EntryPoint\",\"urlTemplate\":\"https:\/\/dermo.com\/?s={search_term_string}\"},\"query-input\":{\"@type\":\"PropertyValueSpecification\",\"valueRequired\":true,\"valueName\":\"search_term_string\"}}],\"inLanguage\":\"pt-PT\"}]}<\/script>\n<!-- \/ Yoast SEO plugin. -->","yoast_head_json":{"title":"OXI-100. Clareamento oxigenado - Dermo | f\u00e1brica de detergentes","robots":{"index":"index","follow":"follow","max-snippet":"max-snippet:-1","max-image-preview":"max-image-preview:large","max-video-preview":"max-video-preview:-1"},"canonical":"https:\/\/dermo.com\/pt\/catalogo\/oxi-100\/","og_locale":"pt_PT","og_type":"article","og_title":"OXI-100. Blanqueador oxigenado - Dermo | F\u00e1brica de detergentes","og_description":"OXI-100 Blanqueador auxiliar de lavado basado en per\u00f3xido de hidr\u00f3geno para todo tipo de ropa blanca y de color especialmente indicado para su uso en lavander\u00edas comerciales, centros hospitalarios, etc. Tiene propiedades oxidantes, desodorizantes, blanqueadoras y quitamanchas.","og_url":"https:\/\/dermo.com\/pt\/catalogo\/oxi-100\/","og_site_name":"Dermo | F\u00e1brica de detergentes","article_modified_time":"2025-02-21T11:00:50+00:00","og_image":[{"width":1920,"height":2560,"url":"https:\/\/dermo.com\/wp-content\/uploads\/2015\/07\/9A8A7976-scaled.jpg","type":"image\/jpeg"}],"twitter_card":"summary_large_image","twitter_misc":{"Tempo estimado de leitura":"2 minutos"},"schema":{"@context":"https:\/\/schema.org","@graph":[{"@type":"WebPage","@id":"https:\/\/dermo.com\/catalogo\/oxi-100\/","url":"https:\/\/dermo.com\/catalogo\/oxi-100\/","name":"OXI-100. Clareamento oxigenado - Dermo | f\u00e1brica de detergentes","isPartOf":{"@id":"https:\/\/dermo.com\/#website"},"primaryImageOfPage":{"@id":"https:\/\/dermo.com\/catalogo\/oxi-100\/#primaryimage"},"image":{"@id":"https:\/\/dermo.com\/catalogo\/oxi-100\/#primaryimage"},"thumbnailUrl":"https:\/\/dermo.com\/wp-content\/uploads\/2015\/07\/9A8A7976-scaled.jpg","datePublished":"2015-07-28T15:51:20+00:00","dateModified":"2025-02-21T11:00:50+00:00","breadcrumb":{"@id":"https:\/\/dermo.com\/catalogo\/oxi-100\/#breadcrumb"},"inLanguage":"pt-PT","potentialAction":[{"@type":"ReadAction","target":["https:\/\/dermo.com\/catalogo\/oxi-100\/"]}]},{"@type":"ImageObject","inLanguage":"pt-PT","@id":"https:\/\/dermo.com\/catalogo\/oxi-100\/#primaryimage","url":"https:\/\/dermo.com\/wp-content\/uploads\/2015\/07\/9A8A7976-scaled.jpg","contentUrl":"https:\/\/dermo.com\/wp-content\/uploads\/2015\/07\/9A8A7976-scaled.jpg","width":1920,"height":2560},{"@type":"BreadcrumbList","@id":"https:\/\/dermo.com\/catalogo\/oxi-100\/#breadcrumb","itemListElement":[{"@type":"ListItem","position":1,"name":"Portada","item":"https:\/\/dermo.com\/"},{"@type":"ListItem","position":2,"name":"Tienda","item":"https:\/\/dermo.com\/tienda\/"},{"@type":"ListItem","position":3,"name":"OXI-100. Blanqueador oxigenado"}]},{"@type":"WebSite","@id":"https:\/\/dermo.com\/#website","url":"https:\/\/dermo.com\/","name":"Dermo | f\u00e1brica de detergentes","description":"A tecnologia avan\u00e7ada, a investiga\u00e7\u00e3o e desenvolvimento, o respeito pelo ambiente, a compet\u00eancia, a forma\u00e7\u00e3o constante e o elevado n\u00edvel de profissionalismo da nossa equipa humana, comprometida com a preserva\u00e7\u00e3o da qualidade de vida, a protec\u00e7\u00e3o do ambiente natural continuam a motivar-nos a desenvolver novos produtos nos nossos laborat\u00f3rios com princ\u00edpios ativos altamente biodegrad\u00e1veis que possibilitam o desenvolvimento sustent\u00e1vel.","potentialAction":[{"@type":"SearchAction","target":{"@type":"EntryPoint","urlTemplate":"https:\/\/dermo.com\/?s={search_term_string}"},"query-input":{"@type":"PropertyValueSpecification","valueRequired":true,"valueName":"search_term_string"}}],"inLanguage":"pt-PT"}]}},"_links":{"self":[{"href":"https:\/\/dermo.com\/pt\/wp-json\/wp\/v2\/product\/2687","targetHints":{"allow":["GET"]}}],"collection":[{"href":"https:\/\/dermo.com\/pt\/wp-json\/wp\/v2\/product"}],"about":[{"href":"https:\/\/dermo.com\/pt\/wp-json\/wp\/v2\/types\/product"}],"wp:featuredmedia":[{"embeddable":true,"href":"https:\/\/dermo.com\/pt\/wp-json\/wp\/v2\/media\/13778"}],"wp:attachment":[{"href":"https:\/\/dermo.com\/pt\/wp-json\/wp\/v2\/media?parent=2687"}],"wp:term":[{"taxonomy":"product_brand","embeddable":true,"href":"https:\/\/dermo.com\/pt\/wp-json\/wp\/v2\/product_brand?post=2687"},{"taxonomy":"product_cat","embeddable":true,"href":"https:\/\/dermo.com\/pt\/wp-json\/wp\/v2\/product_cat?post=2687"},{"taxonomy":"product_tag","embeddable":true,"href":"https:\/\/dermo.com\/pt\/wp-json\/wp\/v2\/product_tag?post=2687"}],"curies":[{"name":"wp","href":"https:\/\/api.w.org\/{rel}","templated":true}]}}