{"id":2691,"date":"2015-07-28T16:08:37","date_gmt":"2015-07-28T16:08:37","guid":{"rendered":"https:\/\/dermo.ultbit.com\/producto\/suavil\/"},"modified":"2024-09-10T09:38:46","modified_gmt":"2024-09-10T07:38:46","slug":"macio","status":"publish","type":"product","link":"https:\/\/dermo.com\/pt\/catalogo\/macio\/","title":{"rendered":"Suavil. Amaciante"},"content":{"rendered":"<p><strong>MODO DE EMPREGO:<\/strong><br \/>\nNo \u00faltimo enx\u00e1gue, dosar 5 a 10g por kg de roupa seca.<br \/>\nN\u00e3o deve ser utilizado em roupas de fibra de poli\u00e9ster, como panos de limpeza e roupas hidrorrepelentes, bem como em esfreg\u00f5es e panos de microfibra.<\/p>\n<p><strong>CARACTER\u00cdSTICAS T\u00c9CNICAS:<\/strong><br \/>\nAspecto: L\u00edquido opaco.<br \/>\nCor: Azul.<br \/>\nCheiro: Marinho.<br \/>\npH puro: 3-4<br \/>\nConcentra\u00e7\u00e3o de subst\u00e2ncia ativa: 4-6%<\/p>\n<p><strong>PRESENTA\u00c7\u00c3O:<\/strong><br \/>\nJerrican pl\u00e1stico<\/p>\n<table>\n<tbody>\n<tr>\n<td>FORMATO<\/td>\n<td>\u00a0 \u00a0 \u00a0 5kg<\/td>\n<\/tr>\n<tr>\n<td>C\u00d3DIGO<\/td>\n<td>\u00a0 \u00a0002SUA05<\/td>\n<\/tr>\n<\/tbody>\n<\/table>","protected":false},"excerpt":{"rendered":"<h3>Suavil<\/h3>\n<p class=\"Estndar\"><span lang=\"es\" xml:lang=\"es\">Amaciador para todo o tipo de fibras. Proporciona um secagem mais r\u00e1pida, facilita a engomagem, repele a sujidade e tem uma ac\u00e7\u00e3o anti-est\u00e1tica. Prolonga a vida dos tecidos e evita a forma\u00e7\u00e3o de fungos na roupa armazenada, deixando-a agradavelmente perfumada.<\/span><\/p>","protected":false},"featured_media":2690,"template":"","meta":{"neve_meta_sidebar":"","neve_meta_container":"","neve_meta_enable_content_width":"off","neve_meta_content_width":100,"neve_meta_title_alignment":"","neve_meta_author_avatar":"","neve_post_elements_order":"","neve_meta_disable_header":"","neve_meta_disable_footer":"","neve_meta_disable_title":""},"product_brand":[],"product_cat":[369,392],"product_tag":[],"class_list":{"0":"post-2691","1":"product","2":"type-product","3":"status-publish","4":"has-post-thumbnail","6":"product_cat-lavanderia","7":"product_cat-suavizantes","9":"first","10":"instock","11":"shipping-taxable","12":"product-type-simple"},"yoast_head":"<!-- This site is optimized with the Yoast SEO plugin v27.0 - https:\/\/yoast.com\/product\/yoast-seo-wordpress\/ -->\n<title>Suavil. Suavizante - Dermo | F\u00e1brica de detergentes<\/title>\n<meta name=\"robots\" content=\"index, follow, max-snippet:-1, max-image-preview:large, max-video-preview:-1\" \/>\n<link rel=\"canonical\" href=\"https:\/\/dermo.com\/pt\/catalogo\/macio\/\" \/>\n<meta property=\"og:locale\" content=\"pt_PT\" \/>\n<meta property=\"og:type\" content=\"article\" \/>\n<meta property=\"og:title\" content=\"Suavil. Suavizante - Dermo | F\u00e1brica de detergentes\" \/>\n<meta property=\"og:description\" content=\"Suavil Suavizante textil perfumado. Proporciona adem\u00e1s rapidez de secado, mejor planchado\/calandrado, repelencia a la suciedad y acci\u00f3n antiest\u00e1tica. Alarga la vida del tejido y evita la formaci\u00f3n de moho sobre la ropa almacenada, dej\u00e1ndola agradablemente perfumada.\" \/>\n<meta property=\"og:url\" content=\"https:\/\/dermo.com\/pt\/catalogo\/macio\/\" \/>\n<meta property=\"og:site_name\" content=\"Dermo | F\u00e1brica de detergentes\" \/>\n<meta property=\"article:modified_time\" content=\"2024-09-10T07:38:46+00:00\" \/>\n<meta property=\"og:image\" content=\"https:\/\/dermo.com\/wp-content\/uploads\/2015\/07\/115-Suavil.-Suavizante.jpg\" \/>\n\t<meta property=\"og:image:width\" content=\"819\" \/>\n\t<meta property=\"og:image:height\" content=\"768\" \/>\n\t<meta property=\"og:image:type\" content=\"image\/jpeg\" \/>\n<meta name=\"twitter:card\" content=\"summary_large_image\" \/>\n<meta name=\"twitter:label1\" content=\"Tempo estimado de leitura\" \/>\n\t<meta name=\"twitter:data1\" content=\"1 minuto\" \/>\n<script type=\"application\/ld+json\" class=\"yoast-schema-graph\">{\"@context\":\"https:\/\/schema.org\",\"@graph\":[{\"@type\":\"WebPage\",\"@id\":\"https:\/\/dermo.com\/catalogo\/suavil\/\",\"url\":\"https:\/\/dermo.com\/catalogo\/suavil\/\",\"name\":\"Suavil. Suavizante - Dermo | F\u00e1brica de detergentes\",\"isPartOf\":{\"@id\":\"https:\/\/dermo.com\/#website\"},\"primaryImageOfPage\":{\"@id\":\"https:\/\/dermo.com\/catalogo\/suavil\/#primaryimage\"},\"image\":{\"@id\":\"https:\/\/dermo.com\/catalogo\/suavil\/#primaryimage\"},\"thumbnailUrl\":\"https:\/\/dermo.com\/wp-content\/uploads\/2015\/07\/115-Suavil.-Suavizante.jpg\",\"datePublished\":\"2015-07-28T16:08:37+00:00\",\"dateModified\":\"2024-09-10T07:38:46+00:00\",\"breadcrumb\":{\"@id\":\"https:\/\/dermo.com\/catalogo\/suavil\/#breadcrumb\"},\"inLanguage\":\"pt-PT\",\"potentialAction\":[{\"@type\":\"ReadAction\",\"target\":[\"https:\/\/dermo.com\/catalogo\/suavil\/\"]}]},{\"@type\":\"ImageObject\",\"inLanguage\":\"pt-PT\",\"@id\":\"https:\/\/dermo.com\/catalogo\/suavil\/#primaryimage\",\"url\":\"https:\/\/dermo.com\/wp-content\/uploads\/2015\/07\/115-Suavil.-Suavizante.jpg\",\"contentUrl\":\"https:\/\/dermo.com\/wp-content\/uploads\/2015\/07\/115-Suavil.-Suavizante.jpg\",\"width\":819,\"height\":768,\"caption\":\"Suavil. Suavizante\"},{\"@type\":\"BreadcrumbList\",\"@id\":\"https:\/\/dermo.com\/catalogo\/suavil\/#breadcrumb\",\"itemListElement\":[{\"@type\":\"ListItem\",\"position\":1,\"name\":\"Portada\",\"item\":\"https:\/\/dermo.com\/\"},{\"@type\":\"ListItem\",\"position\":2,\"name\":\"Tienda\",\"item\":\"https:\/\/dermo.com\/tienda\/\"},{\"@type\":\"ListItem\",\"position\":3,\"name\":\"Suavil. Suavizante\"}]},{\"@type\":\"WebSite\",\"@id\":\"https:\/\/dermo.com\/#website\",\"url\":\"https:\/\/dermo.com\/\",\"name\":\"Dermo | F\u00e1brica de detergentes\",\"description\":\"Tecnolog\u00eda avanzada, investigaci\u00f3n y desarrollo, respeto por el medio ambiente, competencia, formaci\u00f3n constante y alto nivel de profesionalidad en nuestro equipo humano, empe\u00f1ado en preservar la calidad de vida, la protecci\u00f3n del entorno natural contin\u00faan motiv\u00e1ndonos para desarrollar en nuestros laboratorios nuevos productos con ingredientes activos altamente biodegradables que hacen posible un desarrollo sostenible.\",\"potentialAction\":[{\"@type\":\"SearchAction\",\"target\":{\"@type\":\"EntryPoint\",\"urlTemplate\":\"https:\/\/dermo.com\/?s={search_term_string}\"},\"query-input\":{\"@type\":\"PropertyValueSpecification\",\"valueRequired\":true,\"valueName\":\"search_term_string\"}}],\"inLanguage\":\"pt-PT\"}]}<\/script>\n<!-- \/ Yoast SEO plugin. -->","yoast_head_json":{"title":"Macio. Suaviza\u00e7\u00e3o - Dermo | f\u00e1brica de detergentes","robots":{"index":"index","follow":"follow","max-snippet":"max-snippet:-1","max-image-preview":"max-image-preview:large","max-video-preview":"max-video-preview:-1"},"canonical":"https:\/\/dermo.com\/pt\/catalogo\/macio\/","og_locale":"pt_PT","og_type":"article","og_title":"Suavil. Suavizante - Dermo | F\u00e1brica de detergentes","og_description":"Suavil Suavizante textil perfumado. Proporciona adem\u00e1s rapidez de secado, mejor planchado\/calandrado, repelencia a la suciedad y acci\u00f3n antiest\u00e1tica. Alarga la vida del tejido y evita la formaci\u00f3n de moho sobre la ropa almacenada, dej\u00e1ndola agradablemente perfumada.","og_url":"https:\/\/dermo.com\/pt\/catalogo\/macio\/","og_site_name":"Dermo | F\u00e1brica de detergentes","article_modified_time":"2024-09-10T07:38:46+00:00","og_image":[{"width":819,"height":768,"url":"https:\/\/dermo.com\/wp-content\/uploads\/2015\/07\/115-Suavil.-Suavizante.jpg","type":"image\/jpeg"}],"twitter_card":"summary_large_image","twitter_misc":{"Tempo estimado de leitura":"1 minuto"},"schema":{"@context":"https:\/\/schema.org","@graph":[{"@type":"WebPage","@id":"https:\/\/dermo.com\/catalogo\/suavil\/","url":"https:\/\/dermo.com\/catalogo\/suavil\/","name":"Macio. Suaviza\u00e7\u00e3o - Dermo | f\u00e1brica de detergentes","isPartOf":{"@id":"https:\/\/dermo.com\/#website"},"primaryImageOfPage":{"@id":"https:\/\/dermo.com\/catalogo\/suavil\/#primaryimage"},"image":{"@id":"https:\/\/dermo.com\/catalogo\/suavil\/#primaryimage"},"thumbnailUrl":"https:\/\/dermo.com\/wp-content\/uploads\/2015\/07\/115-Suavil.-Suavizante.jpg","datePublished":"2015-07-28T16:08:37+00:00","dateModified":"2024-09-10T07:38:46+00:00","breadcrumb":{"@id":"https:\/\/dermo.com\/catalogo\/suavil\/#breadcrumb"},"inLanguage":"pt-PT","potentialAction":[{"@type":"ReadAction","target":["https:\/\/dermo.com\/catalogo\/suavil\/"]}]},{"@type":"ImageObject","inLanguage":"pt-PT","@id":"https:\/\/dermo.com\/catalogo\/suavil\/#primaryimage","url":"https:\/\/dermo.com\/wp-content\/uploads\/2015\/07\/115-Suavil.-Suavizante.jpg","contentUrl":"https:\/\/dermo.com\/wp-content\/uploads\/2015\/07\/115-Suavil.-Suavizante.jpg","width":819,"height":768,"caption":"Suavil. Suavizante"},{"@type":"BreadcrumbList","@id":"https:\/\/dermo.com\/catalogo\/suavil\/#breadcrumb","itemListElement":[{"@type":"ListItem","position":1,"name":"Portada","item":"https:\/\/dermo.com\/"},{"@type":"ListItem","position":2,"name":"Tienda","item":"https:\/\/dermo.com\/tienda\/"},{"@type":"ListItem","position":3,"name":"Suavil. Suavizante"}]},{"@type":"WebSite","@id":"https:\/\/dermo.com\/#website","url":"https:\/\/dermo.com\/","name":"Dermo | f\u00e1brica de detergentes","description":"A tecnologia avan\u00e7ada, a investiga\u00e7\u00e3o e desenvolvimento, o respeito pelo ambiente, a compet\u00eancia, a forma\u00e7\u00e3o constante e o elevado n\u00edvel de profissionalismo da nossa equipa humana, comprometida com a preserva\u00e7\u00e3o da qualidade de vida, a protec\u00e7\u00e3o do ambiente natural continuam a motivar-nos a desenvolver novos produtos nos nossos laborat\u00f3rios com princ\u00edpios ativos altamente biodegrad\u00e1veis que possibilitam o desenvolvimento sustent\u00e1vel.","potentialAction":[{"@type":"SearchAction","target":{"@type":"EntryPoint","urlTemplate":"https:\/\/dermo.com\/?s={search_term_string}"},"query-input":{"@type":"PropertyValueSpecification","valueRequired":true,"valueName":"search_term_string"}}],"inLanguage":"pt-PT"}]}},"_links":{"self":[{"href":"https:\/\/dermo.com\/pt\/wp-json\/wp\/v2\/product\/2691","targetHints":{"allow":["GET"]}}],"collection":[{"href":"https:\/\/dermo.com\/pt\/wp-json\/wp\/v2\/product"}],"about":[{"href":"https:\/\/dermo.com\/pt\/wp-json\/wp\/v2\/types\/product"}],"wp:featuredmedia":[{"embeddable":true,"href":"https:\/\/dermo.com\/pt\/wp-json\/wp\/v2\/media\/2690"}],"wp:attachment":[{"href":"https:\/\/dermo.com\/pt\/wp-json\/wp\/v2\/media?parent=2691"}],"wp:term":[{"taxonomy":"product_brand","embeddable":true,"href":"https:\/\/dermo.com\/pt\/wp-json\/wp\/v2\/product_brand?post=2691"},{"taxonomy":"product_cat","embeddable":true,"href":"https:\/\/dermo.com\/pt\/wp-json\/wp\/v2\/product_cat?post=2691"},{"taxonomy":"product_tag","embeddable":true,"href":"https:\/\/dermo.com\/pt\/wp-json\/wp\/v2\/product_tag?post=2691"}],"curies":[{"name":"wp","href":"https:\/\/api.w.org\/{rel}","templated":true}]}}