{"id":2699,"date":"2015-07-28T16:09:13","date_gmt":"2015-07-28T16:09:13","guid":{"rendered":"https:\/\/dermo.ultbit.com\/producto\/amonil\/"},"modified":"2025-04-11T10:14:39","modified_gmt":"2025-04-11T08:14:39","slug":"amonil","status":"publish","type":"product","link":"https:\/\/dermo.com\/pt\/catalogo\/amonil\/","title":{"rendered":"Amonil. Detergente amoniacal"},"content":{"rendered":"<p><b>MODO DE EMPREGO:<\/b><b><br \/>\n<\/b><strong>Para ser usado em casas de banho, cozinhas e azulejos:<\/strong> Diluir no produto at\u00e9 5-10%, passar um pano ou esponja embebida no produto e enxuagar-lo com \u00e1gua.<br \/>\n<strong>Para ser usado em ch\u00e3os e paredes:<\/strong> Diluir a 5% num balde com \u00e1gua. Aplicar com uma esfregona bem espremida. N\u00e3o necessita de enxaguamento posterior.<br \/>\n<strong>OBSERVA\u00c7\u00c3O:<\/strong> Se aconselha no usar AMONIL em pavimentos cristalizados porque pode matizarlos.<\/p>\n<p><b>CARACTER\u00cdSTICAS T\u00c9CNICAS<\/b><b><br \/>\n<\/b><span style=\"font-weight: 400;\">Aspecto: L\u00edquid viscoso.<\/span><span style=\"font-weight: 400;\"><br \/>\n<\/span><span style=\"font-weight: 400;\">Cor: Azul.<\/span><span style=\"font-weight: 400;\"><br \/>\n<\/span><span style=\"font-weight: 400;\">Cheiro: Caracter\u00edstico.<\/span><span style=\"font-weight: 400;\"><br \/>\n<\/span><span style=\"font-weight: 400;\">pH puro: 7,5 \u2013 8,5.<\/span><span style=\"font-weight: 400;\"><br \/>\n<\/span><span style=\"font-weight: 400;\">Solubilidade em agua: Soluble.<\/span><span style=\"font-weight: 400;\"><br \/>\n<\/span><span style=\"font-weight: 400;\">Concentra\u00e7\u00e3o em subst\u00e3ncia activa: 10-15%.<\/span><\/p>\n<p><strong>PRESENTA\u00c7\u00c3O:<br \/>\n<\/strong>Jerrican pl\u00e1stico<\/p>\n<table>\n<tbody>\n<tr>\n<td>FORMATO<\/td>\n<td>\u00a0 \u00a0 \u00a0 5kg<\/td>\n<\/tr>\n<tr>\n<td>C\u00d3DIGO<\/td>\n<td>\u00a0 \u00a0004AMO05<\/td>\n<\/tr>\n<\/tbody>\n<\/table>\n<p>&nbsp;<\/p>\n<p>&nbsp;<\/p>","protected":false},"excerpt":{"rendered":"<p class=\"Estndar\"><span lang=\"es\" xml:lang=\"es\">Detergente l\u00edquido amoniacal para limpar e deseengordurar todo o tipo de superf\u00edcies duras (sanit\u00e1rios, ch\u00e3os, cozinhas, azulejos, m\u00f3veis laminados, plastificados...).<\/span><\/p>\n<p class=\"Estndar\"><span lang=\"es\" xml:lang=\"es\">A sua elevada concentra\u00e7\u00e3o permite doses muito baixas, inclusive em ch\u00e3os muito sujos.<\/span><\/p>","protected":false},"featured_media":4206,"template":"","meta":{"neve_meta_sidebar":"","neve_meta_container":"","neve_meta_enable_content_width":"off","neve_meta_content_width":100,"neve_meta_title_alignment":"","neve_meta_author_avatar":"","neve_post_elements_order":"","neve_meta_disable_header":"","neve_meta_disable_footer":"","neve_meta_disable_title":""},"product_brand":[],"product_cat":[387,386,381],"product_tag":[],"class_list":{"0":"post-2699","1":"product","2":"type-product","3":"status-publish","4":"has-post-thumbnail","6":"product_cat-limpiadores-multiusos","7":"product_cat-limpieza-de-banos","8":"product_cat-tratamiento-de-suelos","10":"first","11":"instock","12":"shipping-taxable","13":"product-type-simple"},"yoast_head":"<!-- This site is optimized with the Yoast SEO plugin v27.0 - https:\/\/yoast.com\/product\/yoast-seo-wordpress\/ -->\n<title>Amonil. Detergente Amoniacal - Dermo | F\u00e1brica de detergentes<\/title>\n<meta name=\"robots\" content=\"index, follow, max-snippet:-1, max-image-preview:large, max-video-preview:-1\" \/>\n<link rel=\"canonical\" href=\"https:\/\/dermo.com\/pt\/catalogo\/amonil\/\" \/>\n<meta property=\"og:locale\" content=\"pt_PT\" \/>\n<meta property=\"og:type\" content=\"article\" \/>\n<meta property=\"og:title\" content=\"Amonil. Detergente Amoniacal - Dermo | F\u00e1brica de detergentes\" \/>\n<meta property=\"og:description\" content=\"Detergente l\u00edquido amoniacal para limpiar y desengrasar todo tipo de superficies duras (sanitarios, suelos, cocinas, azulejos, muebles laminados, plastificados, \u2026 ). Su alta concentraci\u00f3n permite dosis muy bajas incluso en suelos muy sucios.\" \/>\n<meta property=\"og:url\" content=\"https:\/\/dermo.com\/pt\/catalogo\/amonil\/\" \/>\n<meta property=\"og:site_name\" content=\"Dermo | F\u00e1brica de detergentes\" \/>\n<meta property=\"article:modified_time\" content=\"2025-04-11T08:14:39+00:00\" \/>\n<meta property=\"og:image\" content=\"https:\/\/dermo.com\/wp-content\/uploads\/2015\/07\/Amonil.-Detergente-Amoniacal.png\" \/>\n\t<meta property=\"og:image:width\" content=\"768\" \/>\n\t<meta property=\"og:image:height\" content=\"823\" \/>\n\t<meta property=\"og:image:type\" content=\"image\/png\" \/>\n<meta name=\"twitter:card\" content=\"summary_large_image\" \/>\n<meta name=\"twitter:label1\" content=\"Tempo estimado de leitura\" \/>\n\t<meta name=\"twitter:data1\" content=\"1 minuto\" \/>\n<script type=\"application\/ld+json\" class=\"yoast-schema-graph\">{\"@context\":\"https:\/\/schema.org\",\"@graph\":[{\"@type\":\"WebPage\",\"@id\":\"https:\/\/dermo.com\/catalogo\/amonil\/\",\"url\":\"https:\/\/dermo.com\/catalogo\/amonil\/\",\"name\":\"Amonil. Detergente Amoniacal - Dermo | F\u00e1brica de detergentes\",\"isPartOf\":{\"@id\":\"https:\/\/dermo.com\/#website\"},\"primaryImageOfPage\":{\"@id\":\"https:\/\/dermo.com\/catalogo\/amonil\/#primaryimage\"},\"image\":{\"@id\":\"https:\/\/dermo.com\/catalogo\/amonil\/#primaryimage\"},\"thumbnailUrl\":\"https:\/\/dermo.com\/wp-content\/uploads\/2015\/07\/Amonil.-Detergente-Amoniacal.png\",\"datePublished\":\"2015-07-28T16:09:13+00:00\",\"dateModified\":\"2025-04-11T08:14:39+00:00\",\"breadcrumb\":{\"@id\":\"https:\/\/dermo.com\/catalogo\/amonil\/#breadcrumb\"},\"inLanguage\":\"pt-PT\",\"potentialAction\":[{\"@type\":\"ReadAction\",\"target\":[\"https:\/\/dermo.com\/catalogo\/amonil\/\"]}]},{\"@type\":\"ImageObject\",\"inLanguage\":\"pt-PT\",\"@id\":\"https:\/\/dermo.com\/catalogo\/amonil\/#primaryimage\",\"url\":\"https:\/\/dermo.com\/wp-content\/uploads\/2015\/07\/Amonil.-Detergente-Amoniacal.png\",\"contentUrl\":\"https:\/\/dermo.com\/wp-content\/uploads\/2015\/07\/Amonil.-Detergente-Amoniacal.png\",\"width\":768,\"height\":823},{\"@type\":\"BreadcrumbList\",\"@id\":\"https:\/\/dermo.com\/catalogo\/amonil\/#breadcrumb\",\"itemListElement\":[{\"@type\":\"ListItem\",\"position\":1,\"name\":\"Portada\",\"item\":\"https:\/\/dermo.com\/\"},{\"@type\":\"ListItem\",\"position\":2,\"name\":\"Tienda\",\"item\":\"https:\/\/dermo.com\/tienda\/\"},{\"@type\":\"ListItem\",\"position\":3,\"name\":\"Amonil. Detergente Amoniacal\"}]},{\"@type\":\"WebSite\",\"@id\":\"https:\/\/dermo.com\/#website\",\"url\":\"https:\/\/dermo.com\/\",\"name\":\"Dermo | F\u00e1brica de detergentes\",\"description\":\"Tecnolog\u00eda avanzada, investigaci\u00f3n y desarrollo, respeto por el medio ambiente, competencia, formaci\u00f3n constante y alto nivel de profesionalidad en nuestro equipo humano, empe\u00f1ado en preservar la calidad de vida, la protecci\u00f3n del entorno natural contin\u00faan motiv\u00e1ndonos para desarrollar en nuestros laboratorios nuevos productos con ingredientes activos altamente biodegradables que hacen posible un desarrollo sostenible.\",\"potentialAction\":[{\"@type\":\"SearchAction\",\"target\":{\"@type\":\"EntryPoint\",\"urlTemplate\":\"https:\/\/dermo.com\/?s={search_term_string}\"},\"query-input\":{\"@type\":\"PropertyValueSpecification\",\"valueRequired\":true,\"valueName\":\"search_term_string\"}}],\"inLanguage\":\"pt-PT\"}]}<\/script>\n<!-- \/ Yoast SEO plugin. -->","yoast_head_json":{"title":"Amonil. Detergente Amoniacal - Dermo | f\u00e1brica de detergentes","robots":{"index":"index","follow":"follow","max-snippet":"max-snippet:-1","max-image-preview":"max-image-preview:large","max-video-preview":"max-video-preview:-1"},"canonical":"https:\/\/dermo.com\/pt\/catalogo\/amonil\/","og_locale":"pt_PT","og_type":"article","og_title":"Amonil. Detergente Amoniacal - Dermo | F\u00e1brica de detergentes","og_description":"Detergente l\u00edquido amoniacal para limpiar y desengrasar todo tipo de superficies duras (sanitarios, suelos, cocinas, azulejos, muebles laminados, plastificados, \u2026 ). Su alta concentraci\u00f3n permite dosis muy bajas incluso en suelos muy sucios.","og_url":"https:\/\/dermo.com\/pt\/catalogo\/amonil\/","og_site_name":"Dermo | F\u00e1brica de detergentes","article_modified_time":"2025-04-11T08:14:39+00:00","og_image":[{"width":768,"height":823,"url":"https:\/\/dermo.com\/wp-content\/uploads\/2015\/07\/Amonil.-Detergente-Amoniacal.png","type":"image\/png"}],"twitter_card":"summary_large_image","twitter_misc":{"Tempo estimado de leitura":"1 minuto"},"schema":{"@context":"https:\/\/schema.org","@graph":[{"@type":"WebPage","@id":"https:\/\/dermo.com\/catalogo\/amonil\/","url":"https:\/\/dermo.com\/catalogo\/amonil\/","name":"Amonil. Detergente Amoniacal - Dermo | f\u00e1brica de detergentes","isPartOf":{"@id":"https:\/\/dermo.com\/#website"},"primaryImageOfPage":{"@id":"https:\/\/dermo.com\/catalogo\/amonil\/#primaryimage"},"image":{"@id":"https:\/\/dermo.com\/catalogo\/amonil\/#primaryimage"},"thumbnailUrl":"https:\/\/dermo.com\/wp-content\/uploads\/2015\/07\/Amonil.-Detergente-Amoniacal.png","datePublished":"2015-07-28T16:09:13+00:00","dateModified":"2025-04-11T08:14:39+00:00","breadcrumb":{"@id":"https:\/\/dermo.com\/catalogo\/amonil\/#breadcrumb"},"inLanguage":"pt-PT","potentialAction":[{"@type":"ReadAction","target":["https:\/\/dermo.com\/catalogo\/amonil\/"]}]},{"@type":"ImageObject","inLanguage":"pt-PT","@id":"https:\/\/dermo.com\/catalogo\/amonil\/#primaryimage","url":"https:\/\/dermo.com\/wp-content\/uploads\/2015\/07\/Amonil.-Detergente-Amoniacal.png","contentUrl":"https:\/\/dermo.com\/wp-content\/uploads\/2015\/07\/Amonil.-Detergente-Amoniacal.png","width":768,"height":823},{"@type":"BreadcrumbList","@id":"https:\/\/dermo.com\/catalogo\/amonil\/#breadcrumb","itemListElement":[{"@type":"ListItem","position":1,"name":"Portada","item":"https:\/\/dermo.com\/"},{"@type":"ListItem","position":2,"name":"Tienda","item":"https:\/\/dermo.com\/tienda\/"},{"@type":"ListItem","position":3,"name":"Amonil. Detergente Amoniacal"}]},{"@type":"WebSite","@id":"https:\/\/dermo.com\/#website","url":"https:\/\/dermo.com\/","name":"Dermo | f\u00e1brica de detergentes","description":"A tecnologia avan\u00e7ada, a investiga\u00e7\u00e3o e desenvolvimento, o respeito pelo ambiente, a compet\u00eancia, a forma\u00e7\u00e3o constante e o elevado n\u00edvel de profissionalismo da nossa equipa humana, comprometida com a preserva\u00e7\u00e3o da qualidade de vida, a protec\u00e7\u00e3o do ambiente natural continuam a motivar-nos a desenvolver novos produtos nos nossos laborat\u00f3rios com princ\u00edpios ativos altamente biodegrad\u00e1veis que possibilitam o desenvolvimento sustent\u00e1vel.","potentialAction":[{"@type":"SearchAction","target":{"@type":"EntryPoint","urlTemplate":"https:\/\/dermo.com\/?s={search_term_string}"},"query-input":{"@type":"PropertyValueSpecification","valueRequired":true,"valueName":"search_term_string"}}],"inLanguage":"pt-PT"}]}},"_links":{"self":[{"href":"https:\/\/dermo.com\/pt\/wp-json\/wp\/v2\/product\/2699","targetHints":{"allow":["GET"]}}],"collection":[{"href":"https:\/\/dermo.com\/pt\/wp-json\/wp\/v2\/product"}],"about":[{"href":"https:\/\/dermo.com\/pt\/wp-json\/wp\/v2\/types\/product"}],"wp:featuredmedia":[{"embeddable":true,"href":"https:\/\/dermo.com\/pt\/wp-json\/wp\/v2\/media\/4206"}],"wp:attachment":[{"href":"https:\/\/dermo.com\/pt\/wp-json\/wp\/v2\/media?parent=2699"}],"wp:term":[{"taxonomy":"product_brand","embeddable":true,"href":"https:\/\/dermo.com\/pt\/wp-json\/wp\/v2\/product_brand?post=2699"},{"taxonomy":"product_cat","embeddable":true,"href":"https:\/\/dermo.com\/pt\/wp-json\/wp\/v2\/product_cat?post=2699"},{"taxonomy":"product_tag","embeddable":true,"href":"https:\/\/dermo.com\/pt\/wp-json\/wp\/v2\/product_tag?post=2699"}],"curies":[{"name":"wp","href":"https:\/\/api.w.org\/{rel}","templated":true}]}}