{"id":2705,"date":"2015-07-28T17:33:01","date_gmt":"2015-07-28T17:33:01","guid":{"rendered":"https:\/\/dermo.ultbit.com\/producto\/dl21-clorbac\/"},"modified":"2024-09-10T10:27:21","modified_gmt":"2024-09-10T08:27:21","slug":"dl21-clorbac","status":"publish","type":"product","link":"https:\/\/dermo.com\/pt\/catalogo\/dl21-clorbac\/","title":{"rendered":"DL 21 Clorbac. Detergente alcalino clorado fungicida bactericida"},"content":{"rendered":"<p><strong>MODO DE EMPREGO:<\/strong><\/p>\n<p class=\"Estilo2Sangria2detindependiente\">Antes de usar o produto, leia atentamente o r\u00f3tulo.<br \/>\nUsar em solu\u00e7\u00e3o aquosa (actividade fungicida eficaz em concentra\u00e7\u00f5es \u2265 2%, actividade batericida eficaz em concentra\u00e7\u00f5es \u2265 15%) dependendo do substrato, o tipo ea quantidade de sujidade e m\u00e9todo de requisitos de aplica\u00e7\u00e3o. A aplica\u00e7\u00e3o do produto na ind\u00fastria de alimentos para utiliza\u00e7\u00e3o em desinfec\u00e7\u00e3o por contacto: superf\u00edcies e equipamentos debe ser realizada na aus\u00eancia de alimentos.<\/p>\n<p>Utilizar o produto puro ou em solu\u00e7\u00e3o aquosa, dependendo do suporte, do tipo e quantidade de sujidade, do m\u00e9todo de aplica\u00e7\u00e3o pretendido e respeitando os tempos de contacto:<\/p>\n<table width=\"615\">\n<tbody>\n<tr>\n<td width=\"220\">ATIVIDADE<\/td>\n<td width=\"200\">DILUI\u00c7\u00c3O<\/td>\n<td width=\"195\">TEMPO DE CONTATO<\/td>\n<\/tr>\n<tr>\n<td>BACTERICIDA<\/td>\n<td>\u226515%<\/td>\n<td>M\u00ednimo 5 minutos<\/td>\n<\/tr>\n<tr>\n<td>FUNGICIDA<\/td>\n<td>\u22652,5%<\/td>\n<td>M\u00ednimo 15 minutos<\/td>\n<\/tr>\n<\/tbody>\n<\/table>\n<ul>\n<li>Desinfe\u00e7\u00e3o manual de superf\u00edcies e equipamentos, por pulveriza\u00e7\u00e3o direta ou pulveriza\u00e7\u00e3o do produto puro ou dilu\u00eddo de 2,5 a 15% (25 a 150 ml DL 21 CLORBAC por litro de \u00e1gua).<\/li>\n<li>Limpeza de utens\u00edlios em banho de imers\u00e3o: 2,5 a 15% (25 a 150 ml DL 21 CLORBAC por litro de \u00e1gua), deixando agir por pelo menos 30 min.<\/li>\n<li>Limpeza dos circuitos por recircula\u00e7\u00e3o: 25 a 150 ml DL 21 CLORBAC por litro de \u00e1gua.<\/li>\n<\/ul>\n<p>Pode ser aplicado em condi\u00e7\u00f5es sujas, para que a limpeza e desinfec\u00e7\u00e3o sejam realizadas numa \u00fanica opera\u00e7\u00e3o.<br \/>\nAs regras gerais de uso s\u00e3o:<\/p>\n<ol>\n<li>Limpar e desinfetar equipamentos, utens\u00edlios e\/ou superf\u00edcies com as solu\u00e7\u00f5es DL 21 CLORBAC recomendadas em cada caso, o mais r\u00e1pido poss\u00edvel ap\u00f3s cada processo de fabrica\u00e7\u00e3o.<\/li>\n<li>Deixar as solu\u00e7\u00f5es DL 21 CLORBAC permanecerem em contacto com as superf\u00edcies a desinfetar durante o maior tempo poss\u00edvel (tempo m\u00ednimo aconselh\u00e1vel: 15 min.).<\/li>\n<li>Enx\u00e1gue as superf\u00edcies, equipamentos ou utens\u00edlios com bastante \u00e1gua pot\u00e1vel at\u00e9 que fiquem livres de espuma.<\/li>\n<\/ol>\n<p class=\"Estilo2Sangria2detindependiente\"><strong>CARACTER\u00cdSTICAS T\u00c9CNICAS:<\/strong><\/p>\n<p class=\"Estilo2Sangria2detindependiente\">Apar\u00eancia: L\u00edquido viscoso transparente.<br \/>\nCor: Incolor ou amarelado.<br \/>\nOdor: Caracter\u00edstico do cloro.<br \/>\npH puro: 13 \u00b1 0,5<br \/>\nDensidade: 1,150 \u00b1 0,02 g\/cc<br \/>\nPonto de ebuli\u00e7\u00e3o: Decomp\u00f5e-se acima de 40oC.<\/p>\n<p><strong>COMPOSI\u00c7\u00c3O<\/strong><\/p>\n<p>Hipoclorito de s\u00f3dio (5%). Hidr\u00f3xido de s\u00f3dio (3%). Menos de 5%: Surfactantes e fosfonatos n\u00e3o i\u00f4nicos.<\/p>\n<p><strong>PRESENTA\u00c7\u00c3O:<\/strong><\/p>\n<table>\n<tbody>\n<tr>\n<td>FORMATO<\/td>\n<td>\u00a0 \u00a0 \u00a0 5kg<\/td>\n<\/tr>\n<tr>\n<td>C\u00d3DIGO<\/td>\n<td>\u00a0 \u00a0005DCL05<\/td>\n<\/tr>\n<\/tbody>\n<\/table>\n<p class=\"csfbc84d64\">","protected":false},"excerpt":{"rendered":"<h3>DL 21 Clorbac<\/h3>\n<p>DL 21 CLORBAC \u00e9 um produto alcalino clorado com elevado poder desinfetante frente prote\u00ednas, gorduras, sangue e detritos org\u00e2nicos em geral, especialmente formulado para utiliza\u00e7\u00e3o em limpeza e desinfec\u00e7\u00e3o em uma \u00fanica etapa de superf\u00edcies e utens\u00edlios muito fortemente contaminado na ind\u00fastria de alimentos e qualquer outra \u00e1rea da vida p\u00fablica e privada.<\/p>","protected":false},"featured_media":3850,"template":"","meta":{"neve_meta_sidebar":"","neve_meta_container":"","neve_meta_enable_content_width":"off","neve_meta_content_width":100,"neve_meta_title_alignment":"","neve_meta_author_avatar":"","neve_post_elements_order":"","neve_meta_disable_header":"","neve_meta_disable_footer":"","neve_meta_disable_title":""},"product_brand":[],"product_cat":[379,374],"product_tag":[],"class_list":{"0":"post-2705","1":"product","2":"type-product","3":"status-publish","4":"has-post-thumbnail","6":"product_cat-desinfectantes","7":"product_cat-restauracion","9":"first","10":"instock","11":"shipping-taxable","12":"product-type-simple"},"yoast_head":"<!-- This site is optimized with the Yoast SEO plugin v27.0 - https:\/\/yoast.com\/product\/yoast-seo-wordpress\/ -->\n<title>DL 21 Clorbac. Detergente alcalino clorado fungicida bactericida - Dermo | F\u00e1brica de detergentes<\/title>\n<meta name=\"robots\" content=\"index, follow, max-snippet:-1, max-image-preview:large, max-video-preview:-1\" \/>\n<link rel=\"canonical\" href=\"https:\/\/dermo.com\/pt\/catalogo\/dl21-clorbac\/\" \/>\n<meta property=\"og:locale\" content=\"pt_PT\" \/>\n<meta property=\"og:type\" content=\"article\" \/>\n<meta property=\"og:title\" content=\"DL 21 Clorbac. Detergente alcalino clorado fungicida bactericida - Dermo | F\u00e1brica de detergentes\" \/>\n<meta property=\"og:description\" content=\"DL 21 Clorbac DL 21 CLORBAC es un detergente alcalino bactericida y fungicida con elevado poder desinfectante frente a prote\u00ednas, grasas, sangre y restos org\u00e1nicos en general. Especialmente formulado para su uso en la limpieza integral y desinfecci\u00f3n por contacto en una sola operaci\u00f3n de superficies y utensilios muy fuertemente contaminados en la Industria Alimentaria, hosteler\u00eda, grandes colectividades y superficies e higiene institucional.\" \/>\n<meta property=\"og:url\" content=\"https:\/\/dermo.com\/pt\/catalogo\/dl21-clorbac\/\" \/>\n<meta property=\"og:site_name\" content=\"Dermo | F\u00e1brica de detergentes\" \/>\n<meta property=\"article:modified_time\" content=\"2024-09-10T08:27:21+00:00\" \/>\n<meta property=\"og:image\" content=\"https:\/\/dermo.com\/wp-content\/uploads\/2015\/07\/DL-21-Acibac-1.png\" \/>\n\t<meta property=\"og:image:width\" content=\"768\" \/>\n\t<meta property=\"og:image:height\" content=\"823\" \/>\n\t<meta property=\"og:image:type\" content=\"image\/png\" \/>\n<meta name=\"twitter:card\" content=\"summary_large_image\" \/>\n<meta name=\"twitter:label1\" content=\"Tempo estimado de leitura\" \/>\n\t<meta name=\"twitter:data1\" content=\"2 minutos\" \/>\n<script type=\"application\/ld+json\" class=\"yoast-schema-graph\">{\"@context\":\"https:\/\/schema.org\",\"@graph\":[{\"@type\":\"WebPage\",\"@id\":\"https:\/\/dermo.com\/catalogo\/dl21-clorbac\/\",\"url\":\"https:\/\/dermo.com\/catalogo\/dl21-clorbac\/\",\"name\":\"DL 21 Clorbac. Detergente alcalino clorado fungicida bactericida - Dermo | F\u00e1brica de detergentes\",\"isPartOf\":{\"@id\":\"https:\/\/dermo.com\/#website\"},\"primaryImageOfPage\":{\"@id\":\"https:\/\/dermo.com\/catalogo\/dl21-clorbac\/#primaryimage\"},\"image\":{\"@id\":\"https:\/\/dermo.com\/catalogo\/dl21-clorbac\/#primaryimage\"},\"thumbnailUrl\":\"https:\/\/dermo.com\/wp-content\/uploads\/2015\/07\/DL-21-Acibac-1.png\",\"datePublished\":\"2015-07-28T17:33:01+00:00\",\"dateModified\":\"2024-09-10T08:27:21+00:00\",\"breadcrumb\":{\"@id\":\"https:\/\/dermo.com\/catalogo\/dl21-clorbac\/#breadcrumb\"},\"inLanguage\":\"pt-PT\",\"potentialAction\":[{\"@type\":\"ReadAction\",\"target\":[\"https:\/\/dermo.com\/catalogo\/dl21-clorbac\/\"]}]},{\"@type\":\"ImageObject\",\"inLanguage\":\"pt-PT\",\"@id\":\"https:\/\/dermo.com\/catalogo\/dl21-clorbac\/#primaryimage\",\"url\":\"https:\/\/dermo.com\/wp-content\/uploads\/2015\/07\/DL-21-Acibac-1.png\",\"contentUrl\":\"https:\/\/dermo.com\/wp-content\/uploads\/2015\/07\/DL-21-Acibac-1.png\",\"width\":768,\"height\":823},{\"@type\":\"BreadcrumbList\",\"@id\":\"https:\/\/dermo.com\/catalogo\/dl21-clorbac\/#breadcrumb\",\"itemListElement\":[{\"@type\":\"ListItem\",\"position\":1,\"name\":\"Portada\",\"item\":\"https:\/\/dermo.com\/\"},{\"@type\":\"ListItem\",\"position\":2,\"name\":\"Tienda\",\"item\":\"https:\/\/dermo.com\/tienda\/\"},{\"@type\":\"ListItem\",\"position\":3,\"name\":\"DL 21 Clorbac. Detergente alcalino clorado fungicida bactericida\"}]},{\"@type\":\"WebSite\",\"@id\":\"https:\/\/dermo.com\/#website\",\"url\":\"https:\/\/dermo.com\/\",\"name\":\"Dermo | F\u00e1brica de detergentes\",\"description\":\"Tecnolog\u00eda avanzada, investigaci\u00f3n y desarrollo, respeto por el medio ambiente, competencia, formaci\u00f3n constante y alto nivel de profesionalidad en nuestro equipo humano, empe\u00f1ado en preservar la calidad de vida, la protecci\u00f3n del entorno natural contin\u00faan motiv\u00e1ndonos para desarrollar en nuestros laboratorios nuevos productos con ingredientes activos altamente biodegradables que hacen posible un desarrollo sostenible.\",\"potentialAction\":[{\"@type\":\"SearchAction\",\"target\":{\"@type\":\"EntryPoint\",\"urlTemplate\":\"https:\/\/dermo.com\/?s={search_term_string}\"},\"query-input\":{\"@type\":\"PropertyValueSpecification\",\"valueRequired\":true,\"valueName\":\"search_term_string\"}}],\"inLanguage\":\"pt-PT\"}]}<\/script>\n<!-- \/ Yoast SEO plugin. -->","yoast_head_json":{"title":"DL 21 Clorbac. Detergente alcalino clorado fungicida bactericida - Dermo | f\u00e1brica de detergentes","robots":{"index":"index","follow":"follow","max-snippet":"max-snippet:-1","max-image-preview":"max-image-preview:large","max-video-preview":"max-video-preview:-1"},"canonical":"https:\/\/dermo.com\/pt\/catalogo\/dl21-clorbac\/","og_locale":"pt_PT","og_type":"article","og_title":"DL 21 Clorbac. Detergente alcalino clorado fungicida bactericida - Dermo | F\u00e1brica de detergentes","og_description":"DL 21 Clorbac DL 21 CLORBAC es un detergente alcalino bactericida y fungicida con elevado poder desinfectante frente a prote\u00ednas, grasas, sangre y restos org\u00e1nicos en general. Especialmente formulado para su uso en la limpieza integral y desinfecci\u00f3n por contacto en una sola operaci\u00f3n de superficies y utensilios muy fuertemente contaminados en la Industria Alimentaria, hosteler\u00eda, grandes colectividades y superficies e higiene institucional.","og_url":"https:\/\/dermo.com\/pt\/catalogo\/dl21-clorbac\/","og_site_name":"Dermo | F\u00e1brica de detergentes","article_modified_time":"2024-09-10T08:27:21+00:00","og_image":[{"width":768,"height":823,"url":"https:\/\/dermo.com\/wp-content\/uploads\/2015\/07\/DL-21-Acibac-1.png","type":"image\/png"}],"twitter_card":"summary_large_image","twitter_misc":{"Tempo estimado de leitura":"2 minutos"},"schema":{"@context":"https:\/\/schema.org","@graph":[{"@type":"WebPage","@id":"https:\/\/dermo.com\/catalogo\/dl21-clorbac\/","url":"https:\/\/dermo.com\/catalogo\/dl21-clorbac\/","name":"DL 21 Clorbac. Detergente alcalino clorado fungicida bactericida - Dermo | f\u00e1brica de detergentes","isPartOf":{"@id":"https:\/\/dermo.com\/#website"},"primaryImageOfPage":{"@id":"https:\/\/dermo.com\/catalogo\/dl21-clorbac\/#primaryimage"},"image":{"@id":"https:\/\/dermo.com\/catalogo\/dl21-clorbac\/#primaryimage"},"thumbnailUrl":"https:\/\/dermo.com\/wp-content\/uploads\/2015\/07\/DL-21-Acibac-1.png","datePublished":"2015-07-28T17:33:01+00:00","dateModified":"2024-09-10T08:27:21+00:00","breadcrumb":{"@id":"https:\/\/dermo.com\/catalogo\/dl21-clorbac\/#breadcrumb"},"inLanguage":"pt-PT","potentialAction":[{"@type":"ReadAction","target":["https:\/\/dermo.com\/catalogo\/dl21-clorbac\/"]}]},{"@type":"ImageObject","inLanguage":"pt-PT","@id":"https:\/\/dermo.com\/catalogo\/dl21-clorbac\/#primaryimage","url":"https:\/\/dermo.com\/wp-content\/uploads\/2015\/07\/DL-21-Acibac-1.png","contentUrl":"https:\/\/dermo.com\/wp-content\/uploads\/2015\/07\/DL-21-Acibac-1.png","width":768,"height":823},{"@type":"BreadcrumbList","@id":"https:\/\/dermo.com\/catalogo\/dl21-clorbac\/#breadcrumb","itemListElement":[{"@type":"ListItem","position":1,"name":"Portada","item":"https:\/\/dermo.com\/"},{"@type":"ListItem","position":2,"name":"Tienda","item":"https:\/\/dermo.com\/tienda\/"},{"@type":"ListItem","position":3,"name":"DL 21 Clorbac. Detergente alcalino clorado fungicida bactericida"}]},{"@type":"WebSite","@id":"https:\/\/dermo.com\/#website","url":"https:\/\/dermo.com\/","name":"Dermo | f\u00e1brica de detergentes","description":"A tecnologia avan\u00e7ada, a investiga\u00e7\u00e3o e desenvolvimento, o respeito pelo ambiente, a compet\u00eancia, a forma\u00e7\u00e3o constante e o elevado n\u00edvel de profissionalismo da nossa equipa humana, comprometida com a preserva\u00e7\u00e3o da qualidade de vida, a protec\u00e7\u00e3o do ambiente natural continuam a motivar-nos a desenvolver novos produtos nos nossos laborat\u00f3rios com princ\u00edpios ativos altamente biodegrad\u00e1veis que possibilitam o desenvolvimento sustent\u00e1vel.","potentialAction":[{"@type":"SearchAction","target":{"@type":"EntryPoint","urlTemplate":"https:\/\/dermo.com\/?s={search_term_string}"},"query-input":{"@type":"PropertyValueSpecification","valueRequired":true,"valueName":"search_term_string"}}],"inLanguage":"pt-PT"}]}},"_links":{"self":[{"href":"https:\/\/dermo.com\/pt\/wp-json\/wp\/v2\/product\/2705","targetHints":{"allow":["GET"]}}],"collection":[{"href":"https:\/\/dermo.com\/pt\/wp-json\/wp\/v2\/product"}],"about":[{"href":"https:\/\/dermo.com\/pt\/wp-json\/wp\/v2\/types\/product"}],"wp:featuredmedia":[{"embeddable":true,"href":"https:\/\/dermo.com\/pt\/wp-json\/wp\/v2\/media\/3850"}],"wp:attachment":[{"href":"https:\/\/dermo.com\/pt\/wp-json\/wp\/v2\/media?parent=2705"}],"wp:term":[{"taxonomy":"product_brand","embeddable":true,"href":"https:\/\/dermo.com\/pt\/wp-json\/wp\/v2\/product_brand?post=2705"},{"taxonomy":"product_cat","embeddable":true,"href":"https:\/\/dermo.com\/pt\/wp-json\/wp\/v2\/product_cat?post=2705"},{"taxonomy":"product_tag","embeddable":true,"href":"https:\/\/dermo.com\/pt\/wp-json\/wp\/v2\/product_tag?post=2705"}],"curies":[{"name":"wp","href":"https:\/\/api.w.org\/{rel}","templated":true}]}}