{"id":2707,"date":"2015-07-28T17:43:53","date_gmt":"2015-07-28T17:43:53","guid":{"rendered":"https:\/\/dermo.ultbit.com\/producto\/dl21-fungibac\/"},"modified":"2025-03-18T09:57:07","modified_gmt":"2025-03-18T08:57:07","slug":"dl21-fungibac","status":"publish","type":"product","link":"https:\/\/dermo.com\/pt\/catalogo\/dl21-fungibac\/","title":{"rendered":"DL 21 Fungibac. Detergente fungicida bactericida e virucida"},"content":{"rendered":"<p><strong>MODO DE EMPREGO:<\/strong><br \/>\nUso em solu\u00e7\u00e3o aquosa (atividade fungicida efetiva em concentra\u00e7\u00f5es \u226515%, atividade bactericida efetiva em concentra\u00e7\u00f5es \u2265 2,5% e atividade virucida efetiva em concentra\u00e7\u00f5es \u226520%) dependendo do substrato, do tipo e quantidade de sujeira e do m\u00e9todo de aplica\u00e7\u00e3o necess\u00e1rio. Mais informa\u00e7\u00f5es<span lang=\"es\" xml:lang=\"es\">na guia\u00a0<span lang=\"es\" xml:lang=\"es\">t\u00e9cnica.<\/span><\/span><\/p>\n<p><strong>CARACTER\u00cdSTICAS T\u00c9CNICAS:<\/strong><br \/>\nApar\u00eancia: L\u00edquido leve.<br \/>\nCor: Azul.<br \/>\nCheiro: Caracter\u00edstico.<br \/>\npH puro: 10,0 \u00b1 0,5.<br \/>\nDensidade: 0,98 \u00b1 0,02 g\/cc<\/p>\n<p><strong>PRESENTA\u00c7\u00c3O:<\/strong><br \/>\nJerrican pl\u00e1stico<\/p>\n<table>\n<tbody>\n<tr>\n<td>FORMATO<\/td>\n<td>\u00a0 \u00a0 \u00a0 5kg<\/td>\n<\/tr>\n<tr>\n<td>C\u00d3DIGO<\/td>\n<td>\u00a0 \u00a0005DFU05<\/td>\n<\/tr>\n<\/tbody>\n<\/table>\n<p><span class=\"cs9b40b68f1\">Use biocidas com seguran\u00e7a. Leia sempre o r\u00f3tulo e as informa\u00e7\u00f5es do biocida antes de us\u00e1-lo.<\/span><span class=\"csb59941d21\">\u201d cumprindo sempre o regulamento (CE) n.\u00ba 1278\/2008.<\/span><\/p>","protected":false},"excerpt":{"rendered":"<h3>DL 21 Fungibac<\/h3>\n<p><span lang=\"es\" xml:lang=\"es\">DL 21 FUNGIBAC \u00e9 un produto com elevada concentra\u00e7\u00e3o de ingredientes activos, especialmente formuladopara uso nalimpeza b\u00e1sicae desinfec\u00e7\u00e3o por contacto das superf\u00edcies e utens\u00edliosfortemente contaminadona ind\u00fastria de alimentos, hostelaria,grandes colectividades.<\/span><\/p>","protected":false},"featured_media":3851,"template":"","meta":{"neve_meta_sidebar":"","neve_meta_container":"","neve_meta_enable_content_width":"off","neve_meta_content_width":100,"neve_meta_title_alignment":"","neve_meta_author_avatar":"","neve_post_elements_order":"","neve_meta_disable_header":"","neve_meta_disable_footer":"","neve_meta_disable_title":""},"product_brand":[],"product_cat":[379],"product_tag":[],"class_list":{"0":"post-2707","1":"product","2":"type-product","3":"status-publish","4":"has-post-thumbnail","6":"product_cat-desinfectantes","8":"first","9":"instock","10":"shipping-taxable","11":"product-type-simple"},"yoast_head":"<!-- This site is optimized with the Yoast SEO plugin v27.0 - https:\/\/yoast.com\/product\/yoast-seo-wordpress\/ -->\n<title>DL 21 Fungibac. Detergente fungicida bactericida viricida - Dermo | F\u00e1brica de detergentes<\/title>\n<meta name=\"robots\" content=\"index, follow, max-snippet:-1, max-image-preview:large, max-video-preview:-1\" \/>\n<link rel=\"canonical\" href=\"https:\/\/dermo.com\/pt\/catalogo\/dl21-fungibac\/\" \/>\n<meta property=\"og:locale\" content=\"pt_PT\" \/>\n<meta property=\"og:type\" content=\"article\" \/>\n<meta property=\"og:title\" content=\"DL 21 Fungibac. Detergente fungicida bactericida viricida - Dermo | F\u00e1brica de detergentes\" \/>\n<meta property=\"og:description\" content=\"DL 21 Fungibac DL 21 FUNGIBAC es un producto con elevada concentraci\u00f3n en principios activos, especialmente formulado para su uso en la limpieza integral y desinfecci\u00f3n por contacto de superficies y utensilios fuertemente contaminados en la industria alimentaria, hosteler\u00eda, grandes colectividades y superficies e higiene institucional.\" \/>\n<meta property=\"og:url\" content=\"https:\/\/dermo.com\/pt\/catalogo\/dl21-fungibac\/\" \/>\n<meta property=\"og:site_name\" content=\"Dermo | F\u00e1brica de detergentes\" \/>\n<meta property=\"article:modified_time\" content=\"2025-03-18T08:57:07+00:00\" \/>\n<meta property=\"og:image\" content=\"https:\/\/dermo.com\/wp-content\/uploads\/2015\/07\/DL-21-Fungibac.png\" \/>\n\t<meta property=\"og:image:width\" content=\"768\" \/>\n\t<meta property=\"og:image:height\" content=\"823\" \/>\n\t<meta property=\"og:image:type\" content=\"image\/png\" \/>\n<meta name=\"twitter:card\" content=\"summary_large_image\" \/>\n<meta name=\"twitter:label1\" content=\"Tempo estimado de leitura\" \/>\n\t<meta name=\"twitter:data1\" content=\"1 minuto\" \/>\n<script type=\"application\/ld+json\" class=\"yoast-schema-graph\">{\"@context\":\"https:\/\/schema.org\",\"@graph\":[{\"@type\":\"WebPage\",\"@id\":\"https:\/\/dermo.com\/catalogo\/dl21-fungibac\/\",\"url\":\"https:\/\/dermo.com\/catalogo\/dl21-fungibac\/\",\"name\":\"DL 21 Fungibac. Detergente fungicida bactericida viricida - Dermo | F\u00e1brica de detergentes\",\"isPartOf\":{\"@id\":\"https:\/\/dermo.com\/#website\"},\"primaryImageOfPage\":{\"@id\":\"https:\/\/dermo.com\/catalogo\/dl21-fungibac\/#primaryimage\"},\"image\":{\"@id\":\"https:\/\/dermo.com\/catalogo\/dl21-fungibac\/#primaryimage\"},\"thumbnailUrl\":\"https:\/\/dermo.com\/wp-content\/uploads\/2015\/07\/DL-21-Fungibac.png\",\"datePublished\":\"2015-07-28T17:43:53+00:00\",\"dateModified\":\"2025-03-18T08:57:07+00:00\",\"breadcrumb\":{\"@id\":\"https:\/\/dermo.com\/catalogo\/dl21-fungibac\/#breadcrumb\"},\"inLanguage\":\"pt-PT\",\"potentialAction\":[{\"@type\":\"ReadAction\",\"target\":[\"https:\/\/dermo.com\/catalogo\/dl21-fungibac\/\"]}]},{\"@type\":\"ImageObject\",\"inLanguage\":\"pt-PT\",\"@id\":\"https:\/\/dermo.com\/catalogo\/dl21-fungibac\/#primaryimage\",\"url\":\"https:\/\/dermo.com\/wp-content\/uploads\/2015\/07\/DL-21-Fungibac.png\",\"contentUrl\":\"https:\/\/dermo.com\/wp-content\/uploads\/2015\/07\/DL-21-Fungibac.png\",\"width\":768,\"height\":823},{\"@type\":\"BreadcrumbList\",\"@id\":\"https:\/\/dermo.com\/catalogo\/dl21-fungibac\/#breadcrumb\",\"itemListElement\":[{\"@type\":\"ListItem\",\"position\":1,\"name\":\"Portada\",\"item\":\"https:\/\/dermo.com\/\"},{\"@type\":\"ListItem\",\"position\":2,\"name\":\"Tienda\",\"item\":\"https:\/\/dermo.com\/tienda\/\"},{\"@type\":\"ListItem\",\"position\":3,\"name\":\"DL 21 Fungibac. Detergente fungicida bactericida viricida\"}]},{\"@type\":\"WebSite\",\"@id\":\"https:\/\/dermo.com\/#website\",\"url\":\"https:\/\/dermo.com\/\",\"name\":\"Dermo | F\u00e1brica de detergentes\",\"description\":\"Tecnolog\u00eda avanzada, investigaci\u00f3n y desarrollo, respeto por el medio ambiente, competencia, formaci\u00f3n constante y alto nivel de profesionalidad en nuestro equipo humano, empe\u00f1ado en preservar la calidad de vida, la protecci\u00f3n del entorno natural contin\u00faan motiv\u00e1ndonos para desarrollar en nuestros laboratorios nuevos productos con ingredientes activos altamente biodegradables que hacen posible un desarrollo sostenible.\",\"potentialAction\":[{\"@type\":\"SearchAction\",\"target\":{\"@type\":\"EntryPoint\",\"urlTemplate\":\"https:\/\/dermo.com\/?s={search_term_string}\"},\"query-input\":{\"@type\":\"PropertyValueSpecification\",\"valueRequired\":true,\"valueName\":\"search_term_string\"}}],\"inLanguage\":\"pt-PT\"}]}<\/script>\n<!-- \/ Yoast SEO plugin. -->","yoast_head_json":{"title":"DL 21 Fungibac. Detergente fungicida virucida bactericida - Dermo | F\u00e1brica de detergentes","robots":{"index":"index","follow":"follow","max-snippet":"max-snippet:-1","max-image-preview":"max-image-preview:large","max-video-preview":"max-video-preview:-1"},"canonical":"https:\/\/dermo.com\/pt\/catalogo\/dl21-fungibac\/","og_locale":"pt_PT","og_type":"article","og_title":"DL 21 Fungibac. Detergente fungicida bactericida viricida - Dermo | F\u00e1brica de detergentes","og_description":"DL 21 Fungibac DL 21 FUNGIBAC es un producto con elevada concentraci\u00f3n en principios activos, especialmente formulado para su uso en la limpieza integral y desinfecci\u00f3n por contacto de superficies y utensilios fuertemente contaminados en la industria alimentaria, hosteler\u00eda, grandes colectividades y superficies e higiene institucional.","og_url":"https:\/\/dermo.com\/pt\/catalogo\/dl21-fungibac\/","og_site_name":"Dermo | F\u00e1brica de detergentes","article_modified_time":"2025-03-18T08:57:07+00:00","og_image":[{"width":768,"height":823,"url":"https:\/\/dermo.com\/wp-content\/uploads\/2015\/07\/DL-21-Fungibac.png","type":"image\/png"}],"twitter_card":"summary_large_image","twitter_misc":{"Tempo estimado de leitura":"1 minuto"},"schema":{"@context":"https:\/\/schema.org","@graph":[{"@type":"WebPage","@id":"https:\/\/dermo.com\/catalogo\/dl21-fungibac\/","url":"https:\/\/dermo.com\/catalogo\/dl21-fungibac\/","name":"DL 21 Fungibac. Detergente fungicida virucida bactericida - Dermo | F\u00e1brica de detergentes","isPartOf":{"@id":"https:\/\/dermo.com\/#website"},"primaryImageOfPage":{"@id":"https:\/\/dermo.com\/catalogo\/dl21-fungibac\/#primaryimage"},"image":{"@id":"https:\/\/dermo.com\/catalogo\/dl21-fungibac\/#primaryimage"},"thumbnailUrl":"https:\/\/dermo.com\/wp-content\/uploads\/2015\/07\/DL-21-Fungibac.png","datePublished":"2015-07-28T17:43:53+00:00","dateModified":"2025-03-18T08:57:07+00:00","breadcrumb":{"@id":"https:\/\/dermo.com\/catalogo\/dl21-fungibac\/#breadcrumb"},"inLanguage":"pt-PT","potentialAction":[{"@type":"ReadAction","target":["https:\/\/dermo.com\/catalogo\/dl21-fungibac\/"]}]},{"@type":"ImageObject","inLanguage":"pt-PT","@id":"https:\/\/dermo.com\/catalogo\/dl21-fungibac\/#primaryimage","url":"https:\/\/dermo.com\/wp-content\/uploads\/2015\/07\/DL-21-Fungibac.png","contentUrl":"https:\/\/dermo.com\/wp-content\/uploads\/2015\/07\/DL-21-Fungibac.png","width":768,"height":823},{"@type":"BreadcrumbList","@id":"https:\/\/dermo.com\/catalogo\/dl21-fungibac\/#breadcrumb","itemListElement":[{"@type":"ListItem","position":1,"name":"Portada","item":"https:\/\/dermo.com\/"},{"@type":"ListItem","position":2,"name":"Tienda","item":"https:\/\/dermo.com\/tienda\/"},{"@type":"ListItem","position":3,"name":"DL 21 Fungibac. Detergente fungicida bactericida viricida"}]},{"@type":"WebSite","@id":"https:\/\/dermo.com\/#website","url":"https:\/\/dermo.com\/","name":"Dermo | f\u00e1brica de detergentes","description":"A tecnologia avan\u00e7ada, a investiga\u00e7\u00e3o e desenvolvimento, o respeito pelo ambiente, a compet\u00eancia, a forma\u00e7\u00e3o constante e o elevado n\u00edvel de profissionalismo da nossa equipa humana, comprometida com a preserva\u00e7\u00e3o da qualidade de vida, a protec\u00e7\u00e3o do ambiente natural continuam a motivar-nos a desenvolver novos produtos nos nossos laborat\u00f3rios com princ\u00edpios ativos altamente biodegrad\u00e1veis que possibilitam o desenvolvimento sustent\u00e1vel.","potentialAction":[{"@type":"SearchAction","target":{"@type":"EntryPoint","urlTemplate":"https:\/\/dermo.com\/?s={search_term_string}"},"query-input":{"@type":"PropertyValueSpecification","valueRequired":true,"valueName":"search_term_string"}}],"inLanguage":"pt-PT"}]}},"_links":{"self":[{"href":"https:\/\/dermo.com\/pt\/wp-json\/wp\/v2\/product\/2707","targetHints":{"allow":["GET"]}}],"collection":[{"href":"https:\/\/dermo.com\/pt\/wp-json\/wp\/v2\/product"}],"about":[{"href":"https:\/\/dermo.com\/pt\/wp-json\/wp\/v2\/types\/product"}],"wp:featuredmedia":[{"embeddable":true,"href":"https:\/\/dermo.com\/pt\/wp-json\/wp\/v2\/media\/3851"}],"wp:attachment":[{"href":"https:\/\/dermo.com\/pt\/wp-json\/wp\/v2\/media?parent=2707"}],"wp:term":[{"taxonomy":"product_brand","embeddable":true,"href":"https:\/\/dermo.com\/pt\/wp-json\/wp\/v2\/product_brand?post=2707"},{"taxonomy":"product_cat","embeddable":true,"href":"https:\/\/dermo.com\/pt\/wp-json\/wp\/v2\/product_cat?post=2707"},{"taxonomy":"product_tag","embeddable":true,"href":"https:\/\/dermo.com\/pt\/wp-json\/wp\/v2\/product_tag?post=2707"}],"curies":[{"name":"wp","href":"https:\/\/api.w.org\/{rel}","templated":true}]}}