{"id":2713,"date":"2015-07-29T11:29:34","date_gmt":"2015-07-29T11:29:34","guid":{"rendered":"https:\/\/dermo.ultbit.com\/producto\/dermoclor\/"},"modified":"2024-09-10T09:40:08","modified_gmt":"2024-09-10T07:40:08","slug":"dermocloro","status":"publish","type":"product","link":"https:\/\/dermo.com\/pt\/catalogo\/dermocloro\/","title":{"rendered":"Dermoclor. p\u00f3 descolorante"},"content":{"rendered":"<p><strong>MODO DE EMPREGO:<\/strong><br \/>\nDosificar na fase de blanqueo de 2 a 8 gramas por quilo de roupa seca a temperaturas entre 40 e 60\u00baC.<br \/>\nPara obter um bom rendimento do Dermoclor e um m\u00ednimo deterioro da roupa, a temperatura da solu\u00e7\u00e3o de lavagem deveria manter-se entre 40 e 60\u00baC e o pH por em cima de 10<br \/>\nEm pH inferior a 9,5 h\u00e1 maior concentra\u00e7\u00e3o de \u00e1cido hipocloroso, muito mais agressivo que o hipoclorito e pode causar deteriora\u00e7\u00e3o excessiva das roupas.<br \/>\nA um pH de 10.5 o blanqueo deveria realizar-se a 50-55\u00baC.<br \/>\nN\u00e3o usar em prendas com manchas de clorhexidina. O hipoclorito reage com a clorhexidina provocando umas manchas marrones que n\u00e3o podem ser eliminadas com nenhum tratamento posterior.<br \/>\nEvitar o contacto do Dermoclor com produtos que contenham enzimas na solu\u00e7\u00e3o de lavagem j\u00e1 que desactivar-se-iam pelo cloro.<br \/>\nAssegurar uma boa neutralizac\u00e3o ap\u00f3s terminar o blanqueo. Uma neutraliza\u00e7\u00e3o incompleta amarillear\u00eda e deterioraria a roupa no secado a altas temperaturas.<br \/>\nDermoclor cont\u00e9m dicloroisocianuratos e sais alcalinas que reduzem os maus cheiros. Comprovar que o produto se dissolve correctamente, j\u00e1 que as part\u00edculas n\u00e3o dissolvidas de isocianuratos podem causar pequenos danos.<br \/>\nN\u00e3o usas em prendas de nylon.<\/p>\n<p><strong>CARACTER\u00cdSTICAS T\u00c9CNICAS<\/strong><br \/>\nAspecto: P\u00f3.<br \/>\nCor: Branco.<br \/>\nCheiro: Caracter\u00edstico.<br \/>\nDensidade aparente: 0,75-0,94 g\/cc<\/p>\n<p><strong>COMPOSI\u00c7\u00c3O<\/strong><br \/>\nAlvejantes clorados, surfactantes n\u00e3o i\u00f4nicos.<\/p>\n<p><strong>PRESENTA\u00c7\u00c3O:<\/strong><br \/>\nCubos de plastico:<br \/>\nFORMATO 10kg<br \/>\nC\u00d3DIGO 002DEC10<\/p>\n<table>\n<tbody>\n<tr>\n<td>FORMATO<\/td>\n<td>\u00a0 \u00a0 \u00a010kg<\/td>\n<\/tr>\n<tr>\n<td>C\u00d3DIGO<\/td>\n<td>\u00a0 002DEZ10<\/td>\n<\/tr>\n<\/tbody>\n<\/table>\n<p><strong>SEGURAN\u00c7A \/ TOXICOLOGIA<\/strong><br \/>\nCausa irrita\u00e7\u00e3o ocular grave. Pode irritar o trato respirat\u00f3rio. T\u00f3xico para organismos aqu\u00e1ticos, com efeitos<br \/>\nprejudicial de longa dura\u00e7\u00e3o. N\u00e3o misture com \u00e1cidos. Mantenha fora do alcance das crian\u00e7as. Em caso de acidente consulte<br \/>\nServi\u00e7o de Informa\u00e7\u00f5es M\u00e9dicas Toxicol\u00f3gicas. Tel.: 915 620 420.<\/p>\n<p><strong>INFORMA\u00c7\u00d5ES ADICIONAIS<\/strong><br \/>\nPRODUTO INDUSTRIAL. USO PROFISSIONAL.<\/p>","protected":false},"excerpt":{"rendered":"<h3>Dermoclor<\/h3>\n<p class=\"Estndar\">Aditivo blanqueante clorado em p\u00f3 para a lavagem de roupa branca especialmente indicado para seu uso em lavander\u00edas comerciais, centros hospitalares, etc. Refor\u00e7a a ac\u00e7\u00e3o do produto de lavagem eliminando a sujeira al\u00e9m de ter propriedades oxidantes, desodorizantes, branqueadoras e quitamanchas. Pode utilizar-se em roupas de cor resistentes ao cloro tais como roupa para quir\u00f3fano.<\/p>","protected":false},"featured_media":3977,"template":"","meta":{"neve_meta_sidebar":"","neve_meta_container":"","neve_meta_enable_content_width":"off","neve_meta_content_width":100,"neve_meta_title_alignment":"","neve_meta_author_avatar":"","neve_post_elements_order":"","neve_meta_disable_header":"","neve_meta_disable_footer":"","neve_meta_disable_title":""},"product_brand":[],"product_cat":[393,369],"product_tag":[],"class_list":{"0":"post-2713","1":"product","2":"type-product","3":"status-publish","4":"has-post-thumbnail","6":"product_cat-complementos-de-lavado","7":"product_cat-lavanderia","9":"first","10":"instock","11":"shipping-taxable","12":"product-type-simple"},"yoast_head":"<!-- This site is optimized with the Yoast SEO plugin v27.0 - https:\/\/yoast.com\/product\/yoast-seo-wordpress\/ -->\n<title>Dermoclor. Blanqueante en polvo - Dermo | F\u00e1brica de detergentes<\/title>\n<meta name=\"robots\" content=\"index, follow, max-snippet:-1, max-image-preview:large, max-video-preview:-1\" \/>\n<link rel=\"canonical\" href=\"https:\/\/dermo.com\/pt\/catalogo\/dermocloro\/\" \/>\n<meta property=\"og:locale\" content=\"pt_PT\" \/>\n<meta property=\"og:type\" content=\"article\" \/>\n<meta property=\"og:title\" content=\"Dermoclor. Blanqueante en polvo - Dermo | F\u00e1brica de detergentes\" \/>\n<meta property=\"og:description\" content=\"Dermoclor Aditivo blanqueante clorado en polvo para el lavado de ropa blanca especialmente indicado para su uso en lavander\u00edas comerciales, centros hospitalarios, etc. Refuerza la acci\u00f3n del producto de lavado eliminando la suciedad adem\u00e1s de tener propiedades oxidantes, desodorizantes, blanqueadoras y quitamanchas. Puede utilizarse en ropas de color resistentes al cloro tales como ropa para quir\u00f3fano.\" \/>\n<meta property=\"og:url\" content=\"https:\/\/dermo.com\/pt\/catalogo\/dermocloro\/\" \/>\n<meta property=\"og:site_name\" content=\"Dermo | F\u00e1brica de detergentes\" \/>\n<meta property=\"article:modified_time\" content=\"2024-09-10T07:40:08+00:00\" \/>\n<meta property=\"og:image\" content=\"https:\/\/dermo.com\/wp-content\/uploads\/2015\/07\/DL-21-Acibac-10.png\" \/>\n\t<meta property=\"og:image:width\" content=\"768\" \/>\n\t<meta property=\"og:image:height\" content=\"823\" \/>\n\t<meta property=\"og:image:type\" content=\"image\/png\" \/>\n<meta name=\"twitter:card\" content=\"summary_large_image\" \/>\n<meta name=\"twitter:label1\" content=\"Tempo estimado de leitura\" \/>\n\t<meta name=\"twitter:data1\" content=\"2 minutos\" \/>\n<script type=\"application\/ld+json\" class=\"yoast-schema-graph\">{\"@context\":\"https:\/\/schema.org\",\"@graph\":[{\"@type\":\"WebPage\",\"@id\":\"https:\/\/dermo.com\/catalogo\/dermoclor\/\",\"url\":\"https:\/\/dermo.com\/catalogo\/dermoclor\/\",\"name\":\"Dermoclor. Blanqueante en polvo - Dermo | F\u00e1brica de detergentes\",\"isPartOf\":{\"@id\":\"https:\/\/dermo.com\/#website\"},\"primaryImageOfPage\":{\"@id\":\"https:\/\/dermo.com\/catalogo\/dermoclor\/#primaryimage\"},\"image\":{\"@id\":\"https:\/\/dermo.com\/catalogo\/dermoclor\/#primaryimage\"},\"thumbnailUrl\":\"https:\/\/dermo.com\/wp-content\/uploads\/2015\/07\/DL-21-Acibac-10.png\",\"datePublished\":\"2015-07-29T11:29:34+00:00\",\"dateModified\":\"2024-09-10T07:40:08+00:00\",\"breadcrumb\":{\"@id\":\"https:\/\/dermo.com\/catalogo\/dermoclor\/#breadcrumb\"},\"inLanguage\":\"pt-PT\",\"potentialAction\":[{\"@type\":\"ReadAction\",\"target\":[\"https:\/\/dermo.com\/catalogo\/dermoclor\/\"]}]},{\"@type\":\"ImageObject\",\"inLanguage\":\"pt-PT\",\"@id\":\"https:\/\/dermo.com\/catalogo\/dermoclor\/#primaryimage\",\"url\":\"https:\/\/dermo.com\/wp-content\/uploads\/2015\/07\/DL-21-Acibac-10.png\",\"contentUrl\":\"https:\/\/dermo.com\/wp-content\/uploads\/2015\/07\/DL-21-Acibac-10.png\",\"width\":768,\"height\":823},{\"@type\":\"BreadcrumbList\",\"@id\":\"https:\/\/dermo.com\/catalogo\/dermoclor\/#breadcrumb\",\"itemListElement\":[{\"@type\":\"ListItem\",\"position\":1,\"name\":\"Portada\",\"item\":\"https:\/\/dermo.com\/\"},{\"@type\":\"ListItem\",\"position\":2,\"name\":\"Tienda\",\"item\":\"https:\/\/dermo.com\/tienda\/\"},{\"@type\":\"ListItem\",\"position\":3,\"name\":\"Dermoclor. Blanqueante en polvo\"}]},{\"@type\":\"WebSite\",\"@id\":\"https:\/\/dermo.com\/#website\",\"url\":\"https:\/\/dermo.com\/\",\"name\":\"Dermo | F\u00e1brica de detergentes\",\"description\":\"Tecnolog\u00eda avanzada, investigaci\u00f3n y desarrollo, respeto por el medio ambiente, competencia, formaci\u00f3n constante y alto nivel de profesionalidad en nuestro equipo humano, empe\u00f1ado en preservar la calidad de vida, la protecci\u00f3n del entorno natural contin\u00faan motiv\u00e1ndonos para desarrollar en nuestros laboratorios nuevos productos con ingredientes activos altamente biodegradables que hacen posible un desarrollo sostenible.\",\"potentialAction\":[{\"@type\":\"SearchAction\",\"target\":{\"@type\":\"EntryPoint\",\"urlTemplate\":\"https:\/\/dermo.com\/?s={search_term_string}\"},\"query-input\":{\"@type\":\"PropertyValueSpecification\",\"valueRequired\":true,\"valueName\":\"search_term_string\"}}],\"inLanguage\":\"pt-PT\"}]}<\/script>\n<!-- \/ Yoast SEO plugin. -->","yoast_head_json":{"title":"Dermocloro. P\u00f3 branqueador - Dermo | f\u00e1brica de detergentes","robots":{"index":"index","follow":"follow","max-snippet":"max-snippet:-1","max-image-preview":"max-image-preview:large","max-video-preview":"max-video-preview:-1"},"canonical":"https:\/\/dermo.com\/pt\/catalogo\/dermocloro\/","og_locale":"pt_PT","og_type":"article","og_title":"Dermoclor. Blanqueante en polvo - Dermo | F\u00e1brica de detergentes","og_description":"Dermoclor Aditivo blanqueante clorado en polvo para el lavado de ropa blanca especialmente indicado para su uso en lavander\u00edas comerciales, centros hospitalarios, etc. Refuerza la acci\u00f3n del producto de lavado eliminando la suciedad adem\u00e1s de tener propiedades oxidantes, desodorizantes, blanqueadoras y quitamanchas. Puede utilizarse en ropas de color resistentes al cloro tales como ropa para quir\u00f3fano.","og_url":"https:\/\/dermo.com\/pt\/catalogo\/dermocloro\/","og_site_name":"Dermo | F\u00e1brica de detergentes","article_modified_time":"2024-09-10T07:40:08+00:00","og_image":[{"width":768,"height":823,"url":"https:\/\/dermo.com\/wp-content\/uploads\/2015\/07\/DL-21-Acibac-10.png","type":"image\/png"}],"twitter_card":"summary_large_image","twitter_misc":{"Tempo estimado de leitura":"2 minutos"},"schema":{"@context":"https:\/\/schema.org","@graph":[{"@type":"WebPage","@id":"https:\/\/dermo.com\/catalogo\/dermoclor\/","url":"https:\/\/dermo.com\/catalogo\/dermoclor\/","name":"Dermocloro. P\u00f3 branqueador - Dermo | f\u00e1brica de detergentes","isPartOf":{"@id":"https:\/\/dermo.com\/#website"},"primaryImageOfPage":{"@id":"https:\/\/dermo.com\/catalogo\/dermoclor\/#primaryimage"},"image":{"@id":"https:\/\/dermo.com\/catalogo\/dermoclor\/#primaryimage"},"thumbnailUrl":"https:\/\/dermo.com\/wp-content\/uploads\/2015\/07\/DL-21-Acibac-10.png","datePublished":"2015-07-29T11:29:34+00:00","dateModified":"2024-09-10T07:40:08+00:00","breadcrumb":{"@id":"https:\/\/dermo.com\/catalogo\/dermoclor\/#breadcrumb"},"inLanguage":"pt-PT","potentialAction":[{"@type":"ReadAction","target":["https:\/\/dermo.com\/catalogo\/dermoclor\/"]}]},{"@type":"ImageObject","inLanguage":"pt-PT","@id":"https:\/\/dermo.com\/catalogo\/dermoclor\/#primaryimage","url":"https:\/\/dermo.com\/wp-content\/uploads\/2015\/07\/DL-21-Acibac-10.png","contentUrl":"https:\/\/dermo.com\/wp-content\/uploads\/2015\/07\/DL-21-Acibac-10.png","width":768,"height":823},{"@type":"BreadcrumbList","@id":"https:\/\/dermo.com\/catalogo\/dermoclor\/#breadcrumb","itemListElement":[{"@type":"ListItem","position":1,"name":"Portada","item":"https:\/\/dermo.com\/"},{"@type":"ListItem","position":2,"name":"Tienda","item":"https:\/\/dermo.com\/tienda\/"},{"@type":"ListItem","position":3,"name":"Dermoclor. Blanqueante en polvo"}]},{"@type":"WebSite","@id":"https:\/\/dermo.com\/#website","url":"https:\/\/dermo.com\/","name":"Dermo | f\u00e1brica de detergentes","description":"A tecnologia avan\u00e7ada, a investiga\u00e7\u00e3o e desenvolvimento, o respeito pelo ambiente, a compet\u00eancia, a forma\u00e7\u00e3o constante e o elevado n\u00edvel de profissionalismo da nossa equipa humana, comprometida com a preserva\u00e7\u00e3o da qualidade de vida, a protec\u00e7\u00e3o do ambiente natural continuam a motivar-nos a desenvolver novos produtos nos nossos laborat\u00f3rios com princ\u00edpios ativos altamente biodegrad\u00e1veis que possibilitam o desenvolvimento sustent\u00e1vel.","potentialAction":[{"@type":"SearchAction","target":{"@type":"EntryPoint","urlTemplate":"https:\/\/dermo.com\/?s={search_term_string}"},"query-input":{"@type":"PropertyValueSpecification","valueRequired":true,"valueName":"search_term_string"}}],"inLanguage":"pt-PT"}]}},"_links":{"self":[{"href":"https:\/\/dermo.com\/pt\/wp-json\/wp\/v2\/product\/2713","targetHints":{"allow":["GET"]}}],"collection":[{"href":"https:\/\/dermo.com\/pt\/wp-json\/wp\/v2\/product"}],"about":[{"href":"https:\/\/dermo.com\/pt\/wp-json\/wp\/v2\/types\/product"}],"wp:featuredmedia":[{"embeddable":true,"href":"https:\/\/dermo.com\/pt\/wp-json\/wp\/v2\/media\/3977"}],"wp:attachment":[{"href":"https:\/\/dermo.com\/pt\/wp-json\/wp\/v2\/media?parent=2713"}],"wp:term":[{"taxonomy":"product_brand","embeddable":true,"href":"https:\/\/dermo.com\/pt\/wp-json\/wp\/v2\/product_brand?post=2713"},{"taxonomy":"product_cat","embeddable":true,"href":"https:\/\/dermo.com\/pt\/wp-json\/wp\/v2\/product_cat?post=2713"},{"taxonomy":"product_tag","embeddable":true,"href":"https:\/\/dermo.com\/pt\/wp-json\/wp\/v2\/product_tag?post=2713"}],"curies":[{"name":"wp","href":"https:\/\/api.w.org\/{rel}","templated":true}]}}