{"id":2740,"date":"2015-07-29T16:42:00","date_gmt":"2015-07-29T16:42:00","guid":{"rendered":"https:\/\/dermo.ultbit.com\/producto\/zeta\/"},"modified":"2025-05-14T12:43:24","modified_gmt":"2025-05-14T10:43:24","slug":"zeta","status":"publish","type":"product","link":"https:\/\/dermo.com\/pt\/catalogo\/zeta\/","title":{"rendered":"Lej\u00eda DL 21 CHLOR"},"content":{"rendered":"<p><strong>MODO DE EMPREGO:<\/strong><br \/>\nUtilizar puro ou dilu\u00eddo do 2 ao 4% em fun\u00e7\u00e3o da sujidade a eliminar.<br \/>\nEm caso de usar-se puro, aclarar ap\u00f3s sen uso e utilizar luvas.<\/p>\n<p><strong>CARACTER\u00cdSTICAS T\u00c9CNICAS:<\/strong><br \/>\nAspecto: L\u00edquido.<br \/>\nCor: Amarelo.<br \/>\nCheiro: Caracter\u00edstico.<br \/>\npH puro: 11,5 \u2013 13<br \/>\nDensidade: 1,00 \u2013 1,10g\/cc<br \/>\nSolubilidade em agua: soluble.<br \/>\nConcentra\u00e7\u00e3 de sustancia ativa: 10-13%<\/p>\n<p><strong>PRESENTA\u00c7\u00c3O:<\/strong><br \/>\nJerrican pl\u00e1stico<\/p>\n<table>\n<tbody>\n<tr>\n<td>FORMATO<\/td>\n<td><\/td>\n<td>\u00a0 \u00a0 \u00a0 5kg<\/td>\n<\/tr>\n<tr>\n<td>C\u00d3DIGO<\/td>\n<td><\/td>\n<td>\u00a0 \u00a0004ZET05<\/td>\n<\/tr>\n<\/tbody>\n<\/table>","protected":false},"excerpt":{"rendered":"<p class=\"Estndar\"><span lang=\"es\" xml:lang=\"es\">Producto formulado a base de hipoclorito de s\u00f3dio e detergente, altamente eficaz para a limpeza e higieni\u00e7a\u00e7\u00e3o de superf\u00edcies. N\u00e3o utilizar sobre superf\u00edcies suscept\u00edveis de ser agredidas pelo hipolorito (aluminio, madeira, t\u00eaxties, superf\u00edcies cristalizadas, etc.)<\/span><\/p>\n<p class=\"Estndar\">","protected":false},"featured_media":14159,"template":"","meta":{"neve_meta_sidebar":"","neve_meta_container":"","neve_meta_enable_content_width":"off","neve_meta_content_width":100,"neve_meta_title_alignment":"","neve_meta_author_avatar":"","neve_post_elements_order":"","neve_meta_disable_header":"","neve_meta_disable_footer":"","neve_meta_disable_title":""},"product_brand":[],"product_cat":[381],"product_tag":[],"class_list":{"0":"post-2740","1":"product","2":"type-product","3":"status-publish","4":"has-post-thumbnail","6":"product_cat-tratamiento-de-suelos","8":"first","9":"instock","10":"shipping-taxable","11":"product-type-simple"},"yoast_head":"<!-- This site is optimized with the Yoast SEO plugin v27.0 - https:\/\/yoast.com\/product\/yoast-seo-wordpress\/ -->\n<title>Lej\u00eda DL 21 CHLOR - Dermo | F\u00e1brica de detergentes<\/title>\n<meta name=\"robots\" content=\"index, follow, max-snippet:-1, max-image-preview:large, max-video-preview:-1\" \/>\n<link rel=\"canonical\" href=\"https:\/\/dermo.com\/pt\/catalogo\/zeta\/\" \/>\n<meta property=\"og:locale\" content=\"pt_PT\" \/>\n<meta property=\"og:type\" content=\"article\" \/>\n<meta property=\"og:title\" content=\"Lej\u00eda DL 21 CHLOR - Dermo | F\u00e1brica de detergentes\" \/>\n<meta property=\"og:description\" content=\"Producto formulado a base de hipoclorito s\u00f3dico y detergente, altamente eficaz para la limpieza e higienizaci\u00f3n de superf\u00edcies. No utilizar sobre superf\u00edcies susceptibles de ser agredidas por el hipoclorito (aluminio, madera, textiles, superficies cristalizadas, etc.)\" \/>\n<meta property=\"og:url\" content=\"https:\/\/dermo.com\/pt\/catalogo\/zeta\/\" \/>\n<meta property=\"og:site_name\" content=\"Dermo | F\u00e1brica de detergentes\" \/>\n<meta property=\"article:modified_time\" content=\"2025-05-14T10:43:24+00:00\" \/>\n<meta property=\"og:image\" content=\"https:\/\/dermo.com\/wp-content\/uploads\/2015\/07\/LEJIA-DL-21-CHLOR_DERMO-scaled.jpg\" \/>\n\t<meta property=\"og:image:width\" content=\"1707\" \/>\n\t<meta property=\"og:image:height\" content=\"2560\" \/>\n\t<meta property=\"og:image:type\" content=\"image\/jpeg\" \/>\n<meta name=\"twitter:card\" content=\"summary_large_image\" \/>\n<meta name=\"twitter:label1\" content=\"Tempo estimado de leitura\" \/>\n\t<meta name=\"twitter:data1\" content=\"1 minuto\" \/>\n<script type=\"application\/ld+json\" class=\"yoast-schema-graph\">{\"@context\":\"https:\/\/schema.org\",\"@graph\":[{\"@type\":\"WebPage\",\"@id\":\"https:\/\/dermo.com\/catalogo\/zeta\/\",\"url\":\"https:\/\/dermo.com\/catalogo\/zeta\/\",\"name\":\"Lej\u00eda DL 21 CHLOR - Dermo | F\u00e1brica de detergentes\",\"isPartOf\":{\"@id\":\"https:\/\/dermo.com\/#website\"},\"primaryImageOfPage\":{\"@id\":\"https:\/\/dermo.com\/catalogo\/zeta\/#primaryimage\"},\"image\":{\"@id\":\"https:\/\/dermo.com\/catalogo\/zeta\/#primaryimage\"},\"thumbnailUrl\":\"https:\/\/dermo.com\/wp-content\/uploads\/2015\/07\/LEJIA-DL-21-CHLOR_DERMO-scaled.jpg\",\"datePublished\":\"2015-07-29T16:42:00+00:00\",\"dateModified\":\"2025-05-14T10:43:24+00:00\",\"breadcrumb\":{\"@id\":\"https:\/\/dermo.com\/catalogo\/zeta\/#breadcrumb\"},\"inLanguage\":\"pt-PT\",\"potentialAction\":[{\"@type\":\"ReadAction\",\"target\":[\"https:\/\/dermo.com\/catalogo\/zeta\/\"]}]},{\"@type\":\"ImageObject\",\"inLanguage\":\"pt-PT\",\"@id\":\"https:\/\/dermo.com\/catalogo\/zeta\/#primaryimage\",\"url\":\"https:\/\/dermo.com\/wp-content\/uploads\/2015\/07\/LEJIA-DL-21-CHLOR_DERMO-scaled.jpg\",\"contentUrl\":\"https:\/\/dermo.com\/wp-content\/uploads\/2015\/07\/LEJIA-DL-21-CHLOR_DERMO-scaled.jpg\",\"width\":1707,\"height\":2560},{\"@type\":\"BreadcrumbList\",\"@id\":\"https:\/\/dermo.com\/catalogo\/zeta\/#breadcrumb\",\"itemListElement\":[{\"@type\":\"ListItem\",\"position\":1,\"name\":\"Portada\",\"item\":\"https:\/\/dermo.com\/\"},{\"@type\":\"ListItem\",\"position\":2,\"name\":\"Tienda\",\"item\":\"https:\/\/dermo.com\/tienda\/\"},{\"@type\":\"ListItem\",\"position\":3,\"name\":\"Lej\u00eda DL 21 CHLOR\"}]},{\"@type\":\"WebSite\",\"@id\":\"https:\/\/dermo.com\/#website\",\"url\":\"https:\/\/dermo.com\/\",\"name\":\"Dermo | F\u00e1brica de detergentes\",\"description\":\"Tecnolog\u00eda avanzada, investigaci\u00f3n y desarrollo, respeto por el medio ambiente, competencia, formaci\u00f3n constante y alto nivel de profesionalidad en nuestro equipo humano, empe\u00f1ado en preservar la calidad de vida, la protecci\u00f3n del entorno natural contin\u00faan motiv\u00e1ndonos para desarrollar en nuestros laboratorios nuevos productos con ingredientes activos altamente biodegradables que hacen posible un desarrollo sostenible.\",\"potentialAction\":[{\"@type\":\"SearchAction\",\"target\":{\"@type\":\"EntryPoint\",\"urlTemplate\":\"https:\/\/dermo.com\/?s={search_term_string}\"},\"query-input\":{\"@type\":\"PropertyValueSpecification\",\"valueRequired\":true,\"valueName\":\"search_term_string\"}}],\"inLanguage\":\"pt-PT\"}]}<\/script>\n<!-- \/ Yoast SEO plugin. -->","yoast_head_json":{"title":"Lix\u00edvia DL 21 CLORO - Dermo | f\u00e1brica de detergentes","robots":{"index":"index","follow":"follow","max-snippet":"max-snippet:-1","max-image-preview":"max-image-preview:large","max-video-preview":"max-video-preview:-1"},"canonical":"https:\/\/dermo.com\/pt\/catalogo\/zeta\/","og_locale":"pt_PT","og_type":"article","og_title":"Lej\u00eda DL 21 CHLOR - Dermo | F\u00e1brica de detergentes","og_description":"Producto formulado a base de hipoclorito s\u00f3dico y detergente, altamente eficaz para la limpieza e higienizaci\u00f3n de superf\u00edcies. No utilizar sobre superf\u00edcies susceptibles de ser agredidas por el hipoclorito (aluminio, madera, textiles, superficies cristalizadas, etc.)","og_url":"https:\/\/dermo.com\/pt\/catalogo\/zeta\/","og_site_name":"Dermo | F\u00e1brica de detergentes","article_modified_time":"2025-05-14T10:43:24+00:00","og_image":[{"width":1707,"height":2560,"url":"https:\/\/dermo.com\/wp-content\/uploads\/2015\/07\/LEJIA-DL-21-CHLOR_DERMO-scaled.jpg","type":"image\/jpeg"}],"twitter_card":"summary_large_image","twitter_misc":{"Tempo estimado de leitura":"1 minuto"},"schema":{"@context":"https:\/\/schema.org","@graph":[{"@type":"WebPage","@id":"https:\/\/dermo.com\/catalogo\/zeta\/","url":"https:\/\/dermo.com\/catalogo\/zeta\/","name":"Lix\u00edvia DL 21 CLORO - Dermo | f\u00e1brica de detergentes","isPartOf":{"@id":"https:\/\/dermo.com\/#website"},"primaryImageOfPage":{"@id":"https:\/\/dermo.com\/catalogo\/zeta\/#primaryimage"},"image":{"@id":"https:\/\/dermo.com\/catalogo\/zeta\/#primaryimage"},"thumbnailUrl":"https:\/\/dermo.com\/wp-content\/uploads\/2015\/07\/LEJIA-DL-21-CHLOR_DERMO-scaled.jpg","datePublished":"2015-07-29T16:42:00+00:00","dateModified":"2025-05-14T10:43:24+00:00","breadcrumb":{"@id":"https:\/\/dermo.com\/catalogo\/zeta\/#breadcrumb"},"inLanguage":"pt-PT","potentialAction":[{"@type":"ReadAction","target":["https:\/\/dermo.com\/catalogo\/zeta\/"]}]},{"@type":"ImageObject","inLanguage":"pt-PT","@id":"https:\/\/dermo.com\/catalogo\/zeta\/#primaryimage","url":"https:\/\/dermo.com\/wp-content\/uploads\/2015\/07\/LEJIA-DL-21-CHLOR_DERMO-scaled.jpg","contentUrl":"https:\/\/dermo.com\/wp-content\/uploads\/2015\/07\/LEJIA-DL-21-CHLOR_DERMO-scaled.jpg","width":1707,"height":2560},{"@type":"BreadcrumbList","@id":"https:\/\/dermo.com\/catalogo\/zeta\/#breadcrumb","itemListElement":[{"@type":"ListItem","position":1,"name":"Portada","item":"https:\/\/dermo.com\/"},{"@type":"ListItem","position":2,"name":"Tienda","item":"https:\/\/dermo.com\/tienda\/"},{"@type":"ListItem","position":3,"name":"Lej\u00eda DL 21 CHLOR"}]},{"@type":"WebSite","@id":"https:\/\/dermo.com\/#website","url":"https:\/\/dermo.com\/","name":"Dermo | f\u00e1brica de detergentes","description":"A tecnologia avan\u00e7ada, a investiga\u00e7\u00e3o e desenvolvimento, o respeito pelo ambiente, a compet\u00eancia, a forma\u00e7\u00e3o constante e o elevado n\u00edvel de profissionalismo da nossa equipa humana, comprometida com a preserva\u00e7\u00e3o da qualidade de vida, a protec\u00e7\u00e3o do ambiente natural continuam a motivar-nos a desenvolver novos produtos nos nossos laborat\u00f3rios com princ\u00edpios ativos altamente biodegrad\u00e1veis que possibilitam o desenvolvimento sustent\u00e1vel.","potentialAction":[{"@type":"SearchAction","target":{"@type":"EntryPoint","urlTemplate":"https:\/\/dermo.com\/?s={search_term_string}"},"query-input":{"@type":"PropertyValueSpecification","valueRequired":true,"valueName":"search_term_string"}}],"inLanguage":"pt-PT"}]}},"_links":{"self":[{"href":"https:\/\/dermo.com\/pt\/wp-json\/wp\/v2\/product\/2740","targetHints":{"allow":["GET"]}}],"collection":[{"href":"https:\/\/dermo.com\/pt\/wp-json\/wp\/v2\/product"}],"about":[{"href":"https:\/\/dermo.com\/pt\/wp-json\/wp\/v2\/types\/product"}],"wp:featuredmedia":[{"embeddable":true,"href":"https:\/\/dermo.com\/pt\/wp-json\/wp\/v2\/media\/14159"}],"wp:attachment":[{"href":"https:\/\/dermo.com\/pt\/wp-json\/wp\/v2\/media?parent=2740"}],"wp:term":[{"taxonomy":"product_brand","embeddable":true,"href":"https:\/\/dermo.com\/pt\/wp-json\/wp\/v2\/product_brand?post=2740"},{"taxonomy":"product_cat","embeddable":true,"href":"https:\/\/dermo.com\/pt\/wp-json\/wp\/v2\/product_cat?post=2740"},{"taxonomy":"product_tag","embeddable":true,"href":"https:\/\/dermo.com\/pt\/wp-json\/wp\/v2\/product_tag?post=2740"}],"curies":[{"name":"wp","href":"https:\/\/api.w.org\/{rel}","templated":true}]}}