{"id":2746,"date":"2015-07-31T10:17:42","date_gmt":"2015-07-31T10:17:42","guid":{"rendered":"https:\/\/dermo.ultbit.com\/producto\/bril1\/"},"modified":"2025-05-15T13:22:59","modified_gmt":"2025-05-15T11:22:59","slug":"brilhante1","status":"publish","type":"product","link":"https:\/\/dermo.com\/pt\/catalogo\/brilhante1\/","title":{"rendered":"Bril 1. Emuls\u00e3o acr\u00edlica autobrilhante"},"content":{"rendered":"<p><strong>MODO DE EMPREGO:<\/strong><br \/>\nEliminar da superf\u00edcie os restos de outros abrillantadores e restos jabonosos. Aplicar sobre a<br \/>\nsuperf\u00edcie Bril-1 puro com mocho, trapo, gamuza bem secos. Deixar secar a capa entre 15 e 20<br \/>\nminutos, e aplicar uma segunda capa em sentido perpendicular \u00e0 primeira. Deixar secar.<br \/>\nRecomenda-se aplicar 1 litro de produto pela cada 50m2 de superf\u00edcie a tratar.<\/p>\n<p><strong>CARACTER\u00cdSTICAS T\u00c9CNICAS<\/strong><br \/>\nAspecto: L\u00edquido.<br \/>\nCor: Blanco opaco.<br \/>\nCheiro: Caracter\u00edstico.<br \/>\npH puro: 8 \u2013  8.5<br \/>\nDensidade: 1,03 \u2013 1,05 g\/cc.<\/p>\n<p><strong>COMPOSI\u00c7\u00c3O<\/strong><br \/>\nCopol\u00edmero acr\u00edlico em emuls\u00e3o, glic\u00f3is, ceras, tensoativos n\u00e3o i\u00f4nicos e plastificantes.<\/p>\n<p><strong>PRESENTA\u00c7\u00c3O:<\/strong><br \/>\nJerrican pl\u00e1stico<\/p>\n<table>\n<tbody>\n<tr>\n<td>FORMATO<\/td>\n<td>\u00a0 \u00a0 \u00a0 5kg<\/td>\n<td><\/td>\n<\/tr>\n<tr>\n<td>C\u00d3DIGO<\/td>\n<td>\u00a0 \u00a0004BRI05<\/td>\n<td><\/td>\n<\/tr>\n<\/tbody>\n<\/table>\n<p><strong>SEGURAN\u00c7A \/ TOXICOLOGIA<\/strong><br \/>\nMantenha fora do alcance das crian\u00e7as.<br \/>\nEm caso de acidente consulte o Servi\u00e7o de Informa\u00e7\u00e3o M\u00e9dica Toxicol\u00f3gica. Tel.: 915 620 420.<\/p>\n<p><strong>INFORMA\u00c7\u00d5ES ADICIONAIS<\/strong><br \/>\nPRODUTO INDUSTRIAL. USO PROFISSIONAL.<\/p>\n<p>&nbsp;<\/p>","protected":false},"excerpt":{"rendered":"<h3><\/h3>\n<p class=\"Estndar\">Emuls\u00e3o acr\u00edlica autobrilhante que forma um filme incolor, transparente e antideslizante de grande resist\u00eancia ao tr\u00e1fico e \u00e0s marcas de zapatos.<br \/>\nProjetado para selar e polir superf\u00edcies feitas de sintasol, lin\u00f3leo, saypolam, borracha, terrazzo, etc., sem a necessidade de polimento.<\/p>","protected":false},"featured_media":4219,"template":"","meta":{"neve_meta_sidebar":"","neve_meta_container":"","neve_meta_enable_content_width":"off","neve_meta_content_width":100,"neve_meta_title_alignment":"","neve_meta_author_avatar":"","neve_post_elements_order":"","neve_meta_disable_header":"","neve_meta_disable_footer":"","neve_meta_disable_title":""},"product_brand":[],"product_cat":[381],"product_tag":[],"class_list":{"0":"post-2746","1":"product","2":"type-product","3":"status-publish","4":"has-post-thumbnail","6":"product_cat-tratamiento-de-suelos","8":"first","9":"instock","10":"shipping-taxable","11":"product-type-simple"},"yoast_head":"<!-- This site is optimized with the Yoast SEO plugin v27.0 - https:\/\/yoast.com\/product\/yoast-seo-wordpress\/ -->\n<title>Bril 1. Emulsi\u00f3n acr\u00edlica autobrillante - Dermo | F\u00e1brica de detergentes<\/title>\n<meta name=\"robots\" content=\"index, follow, max-snippet:-1, max-image-preview:large, max-video-preview:-1\" \/>\n<link rel=\"canonical\" href=\"https:\/\/dermo.com\/pt\/catalogo\/brilhante1\/\" \/>\n<meta property=\"og:locale\" content=\"pt_PT\" \/>\n<meta property=\"og:type\" content=\"article\" \/>\n<meta property=\"og:title\" content=\"Bril 1. Emulsi\u00f3n acr\u00edlica autobrillante - Dermo | F\u00e1brica de detergentes\" \/>\n<meta property=\"og:description\" content=\"Emulsi\u00f3n acr\u00edlica autobrillante que forma una pel\u00edcula incolora, transparente y antideslizante de gran resistencia al tr\u00e1fico y a las marcas de zapatos. Concebido para sellar y abrillantar superficies de sintasol, linoleum, saypolam, goma, terrazo, etc, sin necesidad de pulimentar.\" \/>\n<meta property=\"og:url\" content=\"https:\/\/dermo.com\/pt\/catalogo\/brilhante1\/\" \/>\n<meta property=\"og:site_name\" content=\"Dermo | F\u00e1brica de detergentes\" \/>\n<meta property=\"article:modified_time\" content=\"2025-05-15T11:22:59+00:00\" \/>\n<meta property=\"og:image\" content=\"https:\/\/dermo.com\/wp-content\/uploads\/2015\/07\/Bril-1.-Emulsion-Acrilica-Autobrillante.png\" \/>\n\t<meta property=\"og:image:width\" content=\"768\" \/>\n\t<meta property=\"og:image:height\" content=\"823\" \/>\n\t<meta property=\"og:image:type\" content=\"image\/png\" \/>\n<meta name=\"twitter:card\" content=\"summary_large_image\" \/>\n<meta name=\"twitter:label1\" content=\"Tempo estimado de leitura\" \/>\n\t<meta name=\"twitter:data1\" content=\"1 minuto\" \/>\n<script type=\"application\/ld+json\" class=\"yoast-schema-graph\">{\"@context\":\"https:\/\/schema.org\",\"@graph\":[{\"@type\":\"WebPage\",\"@id\":\"https:\/\/dermo.com\/catalogo\/bril1\/\",\"url\":\"https:\/\/dermo.com\/catalogo\/bril1\/\",\"name\":\"Bril 1. Emulsi\u00f3n acr\u00edlica autobrillante - Dermo | F\u00e1brica de detergentes\",\"isPartOf\":{\"@id\":\"https:\/\/dermo.com\/#website\"},\"primaryImageOfPage\":{\"@id\":\"https:\/\/dermo.com\/catalogo\/bril1\/#primaryimage\"},\"image\":{\"@id\":\"https:\/\/dermo.com\/catalogo\/bril1\/#primaryimage\"},\"thumbnailUrl\":\"https:\/\/dermo.com\/wp-content\/uploads\/2015\/07\/Bril-1.-Emulsion-Acrilica-Autobrillante.png\",\"datePublished\":\"2015-07-31T10:17:42+00:00\",\"dateModified\":\"2025-05-15T11:22:59+00:00\",\"breadcrumb\":{\"@id\":\"https:\/\/dermo.com\/catalogo\/bril1\/#breadcrumb\"},\"inLanguage\":\"pt-PT\",\"potentialAction\":[{\"@type\":\"ReadAction\",\"target\":[\"https:\/\/dermo.com\/catalogo\/bril1\/\"]}]},{\"@type\":\"ImageObject\",\"inLanguage\":\"pt-PT\",\"@id\":\"https:\/\/dermo.com\/catalogo\/bril1\/#primaryimage\",\"url\":\"https:\/\/dermo.com\/wp-content\/uploads\/2015\/07\/Bril-1.-Emulsion-Acrilica-Autobrillante.png\",\"contentUrl\":\"https:\/\/dermo.com\/wp-content\/uploads\/2015\/07\/Bril-1.-Emulsion-Acrilica-Autobrillante.png\",\"width\":768,\"height\":823},{\"@type\":\"BreadcrumbList\",\"@id\":\"https:\/\/dermo.com\/catalogo\/bril1\/#breadcrumb\",\"itemListElement\":[{\"@type\":\"ListItem\",\"position\":1,\"name\":\"Portada\",\"item\":\"https:\/\/dermo.com\/\"},{\"@type\":\"ListItem\",\"position\":2,\"name\":\"Tienda\",\"item\":\"https:\/\/dermo.com\/tienda\/\"},{\"@type\":\"ListItem\",\"position\":3,\"name\":\"Bril 1. Emulsi\u00f3n acr\u00edlica autobrillante\"}]},{\"@type\":\"WebSite\",\"@id\":\"https:\/\/dermo.com\/#website\",\"url\":\"https:\/\/dermo.com\/\",\"name\":\"Dermo | F\u00e1brica de detergentes\",\"description\":\"Tecnolog\u00eda avanzada, investigaci\u00f3n y desarrollo, respeto por el medio ambiente, competencia, formaci\u00f3n constante y alto nivel de profesionalidad en nuestro equipo humano, empe\u00f1ado en preservar la calidad de vida, la protecci\u00f3n del entorno natural contin\u00faan motiv\u00e1ndonos para desarrollar en nuestros laboratorios nuevos productos con ingredientes activos altamente biodegradables que hacen posible un desarrollo sostenible.\",\"potentialAction\":[{\"@type\":\"SearchAction\",\"target\":{\"@type\":\"EntryPoint\",\"urlTemplate\":\"https:\/\/dermo.com\/?s={search_term_string}\"},\"query-input\":{\"@type\":\"PropertyValueSpecification\",\"valueRequired\":true,\"valueName\":\"search_term_string\"}}],\"inLanguage\":\"pt-PT\"}]}<\/script>\n<!-- \/ Yoast SEO plugin. -->","yoast_head_json":{"title":"Bril 1. Emuls\u00e3o acr\u00edlica autobrilhante - Dermo | f\u00e1brica de detergentes","robots":{"index":"index","follow":"follow","max-snippet":"max-snippet:-1","max-image-preview":"max-image-preview:large","max-video-preview":"max-video-preview:-1"},"canonical":"https:\/\/dermo.com\/pt\/catalogo\/brilhante1\/","og_locale":"pt_PT","og_type":"article","og_title":"Bril 1. Emulsi\u00f3n acr\u00edlica autobrillante - Dermo | F\u00e1brica de detergentes","og_description":"Emulsi\u00f3n acr\u00edlica autobrillante que forma una pel\u00edcula incolora, transparente y antideslizante de gran resistencia al tr\u00e1fico y a las marcas de zapatos. Concebido para sellar y abrillantar superficies de sintasol, linoleum, saypolam, goma, terrazo, etc, sin necesidad de pulimentar.","og_url":"https:\/\/dermo.com\/pt\/catalogo\/brilhante1\/","og_site_name":"Dermo | F\u00e1brica de detergentes","article_modified_time":"2025-05-15T11:22:59+00:00","og_image":[{"width":768,"height":823,"url":"https:\/\/dermo.com\/wp-content\/uploads\/2015\/07\/Bril-1.-Emulsion-Acrilica-Autobrillante.png","type":"image\/png"}],"twitter_card":"summary_large_image","twitter_misc":{"Tempo estimado de leitura":"1 minuto"},"schema":{"@context":"https:\/\/schema.org","@graph":[{"@type":"WebPage","@id":"https:\/\/dermo.com\/catalogo\/bril1\/","url":"https:\/\/dermo.com\/catalogo\/bril1\/","name":"Bril 1. Emuls\u00e3o acr\u00edlica autobrilhante - Dermo | f\u00e1brica de detergentes","isPartOf":{"@id":"https:\/\/dermo.com\/#website"},"primaryImageOfPage":{"@id":"https:\/\/dermo.com\/catalogo\/bril1\/#primaryimage"},"image":{"@id":"https:\/\/dermo.com\/catalogo\/bril1\/#primaryimage"},"thumbnailUrl":"https:\/\/dermo.com\/wp-content\/uploads\/2015\/07\/Bril-1.-Emulsion-Acrilica-Autobrillante.png","datePublished":"2015-07-31T10:17:42+00:00","dateModified":"2025-05-15T11:22:59+00:00","breadcrumb":{"@id":"https:\/\/dermo.com\/catalogo\/bril1\/#breadcrumb"},"inLanguage":"pt-PT","potentialAction":[{"@type":"ReadAction","target":["https:\/\/dermo.com\/catalogo\/bril1\/"]}]},{"@type":"ImageObject","inLanguage":"pt-PT","@id":"https:\/\/dermo.com\/catalogo\/bril1\/#primaryimage","url":"https:\/\/dermo.com\/wp-content\/uploads\/2015\/07\/Bril-1.-Emulsion-Acrilica-Autobrillante.png","contentUrl":"https:\/\/dermo.com\/wp-content\/uploads\/2015\/07\/Bril-1.-Emulsion-Acrilica-Autobrillante.png","width":768,"height":823},{"@type":"BreadcrumbList","@id":"https:\/\/dermo.com\/catalogo\/bril1\/#breadcrumb","itemListElement":[{"@type":"ListItem","position":1,"name":"Portada","item":"https:\/\/dermo.com\/"},{"@type":"ListItem","position":2,"name":"Tienda","item":"https:\/\/dermo.com\/tienda\/"},{"@type":"ListItem","position":3,"name":"Bril 1. Emulsi\u00f3n acr\u00edlica autobrillante"}]},{"@type":"WebSite","@id":"https:\/\/dermo.com\/#website","url":"https:\/\/dermo.com\/","name":"Dermo | f\u00e1brica de detergentes","description":"A tecnologia avan\u00e7ada, a investiga\u00e7\u00e3o e desenvolvimento, o respeito pelo ambiente, a compet\u00eancia, a forma\u00e7\u00e3o constante e o elevado n\u00edvel de profissionalismo da nossa equipa humana, comprometida com a preserva\u00e7\u00e3o da qualidade de vida, a protec\u00e7\u00e3o do ambiente natural continuam a motivar-nos a desenvolver novos produtos nos nossos laborat\u00f3rios com princ\u00edpios ativos altamente biodegrad\u00e1veis que possibilitam o desenvolvimento sustent\u00e1vel.","potentialAction":[{"@type":"SearchAction","target":{"@type":"EntryPoint","urlTemplate":"https:\/\/dermo.com\/?s={search_term_string}"},"query-input":{"@type":"PropertyValueSpecification","valueRequired":true,"valueName":"search_term_string"}}],"inLanguage":"pt-PT"}]}},"_links":{"self":[{"href":"https:\/\/dermo.com\/pt\/wp-json\/wp\/v2\/product\/2746","targetHints":{"allow":["GET"]}}],"collection":[{"href":"https:\/\/dermo.com\/pt\/wp-json\/wp\/v2\/product"}],"about":[{"href":"https:\/\/dermo.com\/pt\/wp-json\/wp\/v2\/types\/product"}],"wp:featuredmedia":[{"embeddable":true,"href":"https:\/\/dermo.com\/pt\/wp-json\/wp\/v2\/media\/4219"}],"wp:attachment":[{"href":"https:\/\/dermo.com\/pt\/wp-json\/wp\/v2\/media?parent=2746"}],"wp:term":[{"taxonomy":"product_brand","embeddable":true,"href":"https:\/\/dermo.com\/pt\/wp-json\/wp\/v2\/product_brand?post=2746"},{"taxonomy":"product_cat","embeddable":true,"href":"https:\/\/dermo.com\/pt\/wp-json\/wp\/v2\/product_cat?post=2746"},{"taxonomy":"product_tag","embeddable":true,"href":"https:\/\/dermo.com\/pt\/wp-json\/wp\/v2\/product_tag?post=2746"}],"curies":[{"name":"wp","href":"https:\/\/api.w.org\/{rel}","templated":true}]}}