{"id":2760,"date":"2015-08-03T10:23:10","date_gmt":"2015-08-03T10:23:10","guid":{"rendered":"https:\/\/dermo.ultbit.com\/producto\/oven100\/"},"modified":"2025-04-11T09:48:15","modified_gmt":"2025-04-11T07:48:15","slug":"forno100","status":"publish","type":"product","link":"https:\/\/dermo.com\/pt\/catalogo\/forno100\/","title":{"rendered":"Oven 100. Limpador de fornos"},"content":{"rendered":"<p><strong>MODO DE EMPREGO:<\/strong><br \/>\nColocar o produto puro no deseador do sistema de auto-lavagem do forno (sitema de auto limpeza ou Limpeza por Robot).<\/p>\n<p><strong>CARACTER\u00cdSTICAS T\u00c9CNICAS<\/strong><br \/>\nAspecto: L\u00edquido.<br \/>\nCor: Amarelo<br \/>\nOdor: Caracter\u00edstico<br \/>\npH (10%, \u00e1gua): 12-14<br \/>\nDensidade: 1,00 \u2013 1,15 g\/cc<\/p>\n<p><strong>COMPOSI\u00c7\u00c3O<\/strong><br \/>\nAlcalis, surfactantes ani\u00f4nicos e anfot\u00e9ricos.<\/p>\n<p><strong>PRESENTA\u00c7\u00c3O:<\/strong><br \/>\nJerrican pl\u00e1stico<\/p>\n<table>\n<tbody>\n<tr>\n<td>FORMATO<\/td>\n<td>\u00a0 \u00a0 \u00a0 5kg<\/td>\n<\/tr>\n<tr>\n<td>C\u00d3DIGO<\/td>\n<td>\u00a0 \u00a0004O1005<\/td>\n<\/tr>\n<\/tbody>\n<\/table>\n<p><strong>SEGURAN\u00c7A \/ TOXICOLOGIA<\/strong><br \/>\nCausa queimaduras graves na pele e les\u00f5es oculares graves.<br \/>\nMantenha fora do alcance das crian\u00e7as. Em caso de acidente, consulte o Servi\u00e7o M\u00e9dico do<br \/>\nInforma\u00e7\u00f5es toxicol\u00f3gicas. Tel.: 915 620 420.<\/p>\n<p><strong>INFORMA\u00c7\u00d5ES ADICIONAIS<\/strong><br \/>\nPRODUTO INDUSTRIAL. USO PROFISSIONAL.<\/p>","protected":false},"excerpt":{"rendered":"<p class=\"Estndar\">Detergente desengordurante para fornos com sistema de limpeza integrada ou Conceito de limpeza Robot.<\/p>","protected":false},"featured_media":3995,"template":"","meta":{"neve_meta_sidebar":"","neve_meta_container":"","neve_meta_enable_content_width":"off","neve_meta_content_width":100,"neve_meta_title_alignment":"","neve_meta_author_avatar":"","neve_post_elements_order":"","neve_meta_disable_header":"","neve_meta_disable_footer":"","neve_meta_disable_title":""},"product_brand":[],"product_cat":[382],"product_tag":[],"class_list":{"0":"post-2760","1":"product","2":"type-product","3":"status-publish","4":"has-post-thumbnail","6":"product_cat-limpiadores-especificos","8":"first","9":"instock","10":"shipping-taxable","11":"product-type-simple"},"yoast_head":"<!-- This site is optimized with the Yoast SEO plugin v27.0 - https:\/\/yoast.com\/product\/yoast-seo-wordpress\/ -->\n<title>Oven 100. Limpiador de hornos - Dermo | F\u00e1brica de detergentes<\/title>\n<meta name=\"robots\" content=\"index, follow, max-snippet:-1, max-image-preview:large, max-video-preview:-1\" \/>\n<link rel=\"canonical\" href=\"https:\/\/dermo.com\/pt\/catalogo\/forno100\/\" \/>\n<meta property=\"og:locale\" content=\"pt_PT\" \/>\n<meta property=\"og:type\" content=\"article\" \/>\n<meta property=\"og:title\" content=\"Oven 100. Limpiador de hornos - Dermo | F\u00e1brica de detergentes\" \/>\n<meta property=\"og:description\" content=\"Detergente desengrasante espec\u00edfico para su utilizaci\u00f3n en hornos de convecci\u00f3n con sistema de lavado autom\u00e1tico o concepto Cleaning Robot.\" \/>\n<meta property=\"og:url\" content=\"https:\/\/dermo.com\/pt\/catalogo\/forno100\/\" \/>\n<meta property=\"og:site_name\" content=\"Dermo | F\u00e1brica de detergentes\" \/>\n<meta property=\"article:modified_time\" content=\"2025-04-11T07:48:15+00:00\" \/>\n<meta property=\"og:image\" content=\"https:\/\/dermo.com\/wp-content\/uploads\/2015\/08\/DL-21-Acibac-29.png\" \/>\n\t<meta property=\"og:image:width\" content=\"768\" \/>\n\t<meta property=\"og:image:height\" content=\"823\" \/>\n\t<meta property=\"og:image:type\" content=\"image\/png\" \/>\n<meta name=\"twitter:card\" content=\"summary_large_image\" \/>\n<meta name=\"twitter:label1\" content=\"Tempo estimado de leitura\" \/>\n\t<meta name=\"twitter:data1\" content=\"1 minuto\" \/>\n<script type=\"application\/ld+json\" class=\"yoast-schema-graph\">{\"@context\":\"https:\/\/schema.org\",\"@graph\":[{\"@type\":\"WebPage\",\"@id\":\"https:\/\/dermo.com\/catalogo\/oven100\/\",\"url\":\"https:\/\/dermo.com\/catalogo\/oven100\/\",\"name\":\"Oven 100. Limpiador de hornos - Dermo | F\u00e1brica de detergentes\",\"isPartOf\":{\"@id\":\"https:\/\/dermo.com\/#website\"},\"primaryImageOfPage\":{\"@id\":\"https:\/\/dermo.com\/catalogo\/oven100\/#primaryimage\"},\"image\":{\"@id\":\"https:\/\/dermo.com\/catalogo\/oven100\/#primaryimage\"},\"thumbnailUrl\":\"https:\/\/dermo.com\/wp-content\/uploads\/2015\/08\/DL-21-Acibac-29.png\",\"datePublished\":\"2015-08-03T10:23:10+00:00\",\"dateModified\":\"2025-04-11T07:48:15+00:00\",\"breadcrumb\":{\"@id\":\"https:\/\/dermo.com\/catalogo\/oven100\/#breadcrumb\"},\"inLanguage\":\"pt-PT\",\"potentialAction\":[{\"@type\":\"ReadAction\",\"target\":[\"https:\/\/dermo.com\/catalogo\/oven100\/\"]}]},{\"@type\":\"ImageObject\",\"inLanguage\":\"pt-PT\",\"@id\":\"https:\/\/dermo.com\/catalogo\/oven100\/#primaryimage\",\"url\":\"https:\/\/dermo.com\/wp-content\/uploads\/2015\/08\/DL-21-Acibac-29.png\",\"contentUrl\":\"https:\/\/dermo.com\/wp-content\/uploads\/2015\/08\/DL-21-Acibac-29.png\",\"width\":768,\"height\":823},{\"@type\":\"BreadcrumbList\",\"@id\":\"https:\/\/dermo.com\/catalogo\/oven100\/#breadcrumb\",\"itemListElement\":[{\"@type\":\"ListItem\",\"position\":1,\"name\":\"Portada\",\"item\":\"https:\/\/dermo.com\/\"},{\"@type\":\"ListItem\",\"position\":2,\"name\":\"Tienda\",\"item\":\"https:\/\/dermo.com\/tienda\/\"},{\"@type\":\"ListItem\",\"position\":3,\"name\":\"Oven 100. Limpiador de hornos\"}]},{\"@type\":\"WebSite\",\"@id\":\"https:\/\/dermo.com\/#website\",\"url\":\"https:\/\/dermo.com\/\",\"name\":\"Dermo | F\u00e1brica de detergentes\",\"description\":\"Tecnolog\u00eda avanzada, investigaci\u00f3n y desarrollo, respeto por el medio ambiente, competencia, formaci\u00f3n constante y alto nivel de profesionalidad en nuestro equipo humano, empe\u00f1ado en preservar la calidad de vida, la protecci\u00f3n del entorno natural contin\u00faan motiv\u00e1ndonos para desarrollar en nuestros laboratorios nuevos productos con ingredientes activos altamente biodegradables que hacen posible un desarrollo sostenible.\",\"potentialAction\":[{\"@type\":\"SearchAction\",\"target\":{\"@type\":\"EntryPoint\",\"urlTemplate\":\"https:\/\/dermo.com\/?s={search_term_string}\"},\"query-input\":{\"@type\":\"PropertyValueSpecification\",\"valueRequired\":true,\"valueName\":\"search_term_string\"}}],\"inLanguage\":\"pt-PT\"}]}<\/script>\n<!-- \/ Yoast SEO plugin. -->","yoast_head_json":{"title":"Forno 100. Limpador de Forno - Dermo | f\u00e1brica de detergentes","robots":{"index":"index","follow":"follow","max-snippet":"max-snippet:-1","max-image-preview":"max-image-preview:large","max-video-preview":"max-video-preview:-1"},"canonical":"https:\/\/dermo.com\/pt\/catalogo\/forno100\/","og_locale":"pt_PT","og_type":"article","og_title":"Oven 100. Limpiador de hornos - Dermo | F\u00e1brica de detergentes","og_description":"Detergente desengrasante espec\u00edfico para su utilizaci\u00f3n en hornos de convecci\u00f3n con sistema de lavado autom\u00e1tico o concepto Cleaning Robot.","og_url":"https:\/\/dermo.com\/pt\/catalogo\/forno100\/","og_site_name":"Dermo | F\u00e1brica de detergentes","article_modified_time":"2025-04-11T07:48:15+00:00","og_image":[{"width":768,"height":823,"url":"https:\/\/dermo.com\/wp-content\/uploads\/2015\/08\/DL-21-Acibac-29.png","type":"image\/png"}],"twitter_card":"summary_large_image","twitter_misc":{"Tempo estimado de leitura":"1 minuto"},"schema":{"@context":"https:\/\/schema.org","@graph":[{"@type":"WebPage","@id":"https:\/\/dermo.com\/catalogo\/oven100\/","url":"https:\/\/dermo.com\/catalogo\/oven100\/","name":"Forno 100. Limpador de Forno - Dermo | f\u00e1brica de detergentes","isPartOf":{"@id":"https:\/\/dermo.com\/#website"},"primaryImageOfPage":{"@id":"https:\/\/dermo.com\/catalogo\/oven100\/#primaryimage"},"image":{"@id":"https:\/\/dermo.com\/catalogo\/oven100\/#primaryimage"},"thumbnailUrl":"https:\/\/dermo.com\/wp-content\/uploads\/2015\/08\/DL-21-Acibac-29.png","datePublished":"2015-08-03T10:23:10+00:00","dateModified":"2025-04-11T07:48:15+00:00","breadcrumb":{"@id":"https:\/\/dermo.com\/catalogo\/oven100\/#breadcrumb"},"inLanguage":"pt-PT","potentialAction":[{"@type":"ReadAction","target":["https:\/\/dermo.com\/catalogo\/oven100\/"]}]},{"@type":"ImageObject","inLanguage":"pt-PT","@id":"https:\/\/dermo.com\/catalogo\/oven100\/#primaryimage","url":"https:\/\/dermo.com\/wp-content\/uploads\/2015\/08\/DL-21-Acibac-29.png","contentUrl":"https:\/\/dermo.com\/wp-content\/uploads\/2015\/08\/DL-21-Acibac-29.png","width":768,"height":823},{"@type":"BreadcrumbList","@id":"https:\/\/dermo.com\/catalogo\/oven100\/#breadcrumb","itemListElement":[{"@type":"ListItem","position":1,"name":"Portada","item":"https:\/\/dermo.com\/"},{"@type":"ListItem","position":2,"name":"Tienda","item":"https:\/\/dermo.com\/tienda\/"},{"@type":"ListItem","position":3,"name":"Oven 100. Limpiador de hornos"}]},{"@type":"WebSite","@id":"https:\/\/dermo.com\/#website","url":"https:\/\/dermo.com\/","name":"Dermo | f\u00e1brica de detergentes","description":"A tecnologia avan\u00e7ada, a investiga\u00e7\u00e3o e desenvolvimento, o respeito pelo ambiente, a compet\u00eancia, a forma\u00e7\u00e3o constante e o elevado n\u00edvel de profissionalismo da nossa equipa humana, comprometida com a preserva\u00e7\u00e3o da qualidade de vida, a protec\u00e7\u00e3o do ambiente natural continuam a motivar-nos a desenvolver novos produtos nos nossos laborat\u00f3rios com princ\u00edpios ativos altamente biodegrad\u00e1veis que possibilitam o desenvolvimento sustent\u00e1vel.","potentialAction":[{"@type":"SearchAction","target":{"@type":"EntryPoint","urlTemplate":"https:\/\/dermo.com\/?s={search_term_string}"},"query-input":{"@type":"PropertyValueSpecification","valueRequired":true,"valueName":"search_term_string"}}],"inLanguage":"pt-PT"}]}},"_links":{"self":[{"href":"https:\/\/dermo.com\/pt\/wp-json\/wp\/v2\/product\/2760","targetHints":{"allow":["GET"]}}],"collection":[{"href":"https:\/\/dermo.com\/pt\/wp-json\/wp\/v2\/product"}],"about":[{"href":"https:\/\/dermo.com\/pt\/wp-json\/wp\/v2\/types\/product"}],"wp:featuredmedia":[{"embeddable":true,"href":"https:\/\/dermo.com\/pt\/wp-json\/wp\/v2\/media\/3995"}],"wp:attachment":[{"href":"https:\/\/dermo.com\/pt\/wp-json\/wp\/v2\/media?parent=2760"}],"wp:term":[{"taxonomy":"product_brand","embeddable":true,"href":"https:\/\/dermo.com\/pt\/wp-json\/wp\/v2\/product_brand?post=2760"},{"taxonomy":"product_cat","embeddable":true,"href":"https:\/\/dermo.com\/pt\/wp-json\/wp\/v2\/product_cat?post=2760"},{"taxonomy":"product_tag","embeddable":true,"href":"https:\/\/dermo.com\/pt\/wp-json\/wp\/v2\/product_tag?post=2760"}],"curies":[{"name":"wp","href":"https:\/\/api.w.org\/{rel}","templated":true}]}}