{"id":2766,"date":"2015-08-03T10:35:57","date_gmt":"2015-08-03T10:35:57","guid":{"rendered":"https:\/\/dermo.ultbit.com\/producto\/gelmanf\/"},"modified":"2025-03-26T12:46:51","modified_gmt":"2025-03-26T11:46:51","slug":"gelmanf","status":"publish","type":"product","link":"https:\/\/dermo.com\/pt\/catalogo\/gelmanf\/","title":{"rendered":"Gelman F. Gel para as m\u00e3os"},"content":{"rendered":"<p><strong>MODO DE EMPREGO:<\/strong><br \/>\nAplicar diretamente sobre as m\u00e3os em quantidade suficiente dependendo do grau de sujeira das mesmas.<br \/>\neles mesmos. Pode aplicar-se com um aparelho de dosagem.<\/p>\n<p><strong>CARACTER\u00cdSTICAS T\u00c9CNICAS<\/strong><br \/>\nAspecto: L\u00edquid viscoso.<br \/>\nCor: Rosa.<br \/>\nCheiro: Morango.<br \/>\npH puro: 5,5 \u2013 6,5.<\/p>\n<p><strong>COMPOSI\u00c7\u00c3O<\/strong><br \/>\nAQUA, LAURETH SULFATE DE S\u00d3DIO, COCAMIDA DEA, CLORETO DE S\u00d3DIO, COCAMIDOPROPIL BETA\u00cdNA,<br \/>\nGLICERINA, EDTA TETRAS\u00d3DICO, \u00c1CIDO C\u00cdTRICO, PARFUM, METILCLOROISOTIAZOLINONA,<br \/>\nMETILISOTIAZOLINONA, CI 45100<\/p>\n<p><strong>PRESENTA\u00c7\u00c3O:<\/strong><br \/>\nJerrican pl\u00e1stico<\/p>\n<table>\n<tbody>\n<tr>\n<td>FORMATO<\/td>\n<td>\u00a0 \u00a0 \u00a0500ml<\/td>\n<td>\u00a0 \u00a0 \u00a0 \u00a0 5kg<\/td>\n<\/tr>\n<tr>\n<td>C\u00d3DIGO<\/td>\n<td>\u00a0 \u00a0006GEF00<\/td>\n<td>\u00a0 \u00a0 006GEF05<\/td>\n<\/tr>\n<\/tbody>\n<\/table>\n<p><strong>SEGURAN\u00c7A \/ TOXICOLOGIA<\/strong><br \/>\nEm caso de acidente consulte o Servi\u00e7o de Informa\u00e7\u00e3o M\u00e9dica Toxicol\u00f3gica. Tel.: 915 620 420.<\/p>\n<p><strong>INFORMA\u00c7\u00d5ES ADICIONAIS<\/strong><br \/>\nPRODUTO COSM\u00c9TICO.<\/p>","protected":false},"excerpt":{"rendered":"<h3>Gelman F.<\/h3>\n<p class=\"Estndar\">Gel de m\u00e3os especialmente perfumado para o seu uso constante em hot\u00e9is, gin\u00e1sios, infant\u00e1rios, etc...<\/p>\n<table>\n<tbody>\n<tr>\n<td style=\"width: 100%;\">\n<div class=\"video-section\">\n<p class=\"Estndar\"><span lang=\"es\" xml:lang=\"es\"><strong>V\u00eddeos de aplica\u00e7\u00e3o de higiene pessoal:<\/strong><\/span><\/p>\n<details>\n<summary>V\u00eddeo de Aplica\u00e7\u00e3o \u2013 Espanhol<\/summary>\n<p><iframe src=\"https:\/\/www.youtube.com\/embed\/zdXAXc_mG2U?rel=0\"><\/iframe><\/p>\n<\/details>\n<details>\n<summary>V\u00eddeo de Aplica\u00e7\u00e3o \u2013 Ingl\u00eas<\/summary>\n<p><iframe src=\"https:\/\/www.youtube.com\/embed\/zkaNIiD1MYI?rel=0\"><\/iframe><\/p>\n<\/details>\n<details>\n<summary>V\u00eddeo de Aplica\u00e7\u00e3o \u2013 Franc\u00eas<\/summary>\n<p><iframe src=\"https:\/\/www.youtube.com\/embed\/u4TYu1n9HKc?rel=0\"><\/iframe><\/p>\n<\/details>\n<details>\n<summary>V\u00eddeo de Aplica\u00e7\u00e3o \u2013 Portugu\u00eas<\/summary>\n<p><iframe src=\"https:\/\/www.youtube.com\/embed\/q0mEvOE3_Rw?rel=0\"><\/iframe><\/p>\n<\/details>\n<details>\n<summary>V\u00eddeo da Aplica\u00e7\u00e3o \u2013 Ingl\u00eas (segundo)<\/summary>\n<p><iframe src=\"https:\/\/www.youtube.com\/embed\/gm5igHf0Iw4?rel=0\"><\/iframe><\/p>\n<\/details>\n<\/div>\n<\/td>\n<\/tr>\n<\/tbody>\n<\/table>","protected":false},"featured_media":3855,"template":"","meta":{"neve_meta_sidebar":"","neve_meta_container":"","neve_meta_enable_content_width":"off","neve_meta_content_width":100,"neve_meta_title_alignment":"","neve_meta_author_avatar":"","neve_post_elements_order":"","neve_meta_disable_header":"","neve_meta_disable_footer":"","neve_meta_disable_title":""},"product_brand":[],"product_cat":[1095,372,384,370,374,376],"product_tag":[],"class_list":{"0":"post-2766","1":"product","2":"type-product","3":"status-publish","4":"has-post-thumbnail","6":"product_cat-escuelas-sectores","7":"product_cat-geriatricos","8":"product_cat-higiene-personal","9":"product_cat-hoteles","10":"product_cat-restauracion","11":"product_cat-servicios-de-limpieza","13":"first","14":"instock","15":"shipping-taxable","16":"product-type-simple"},"yoast_head":"<!-- This site is optimized with the Yoast SEO plugin v27.0 - https:\/\/yoast.com\/product\/yoast-seo-wordpress\/ -->\n<title>Gelman F. Gel de manos - Dermo | F\u00e1brica de detergentes<\/title>\n<meta name=\"robots\" content=\"index, follow, max-snippet:-1, max-image-preview:large, max-video-preview:-1\" \/>\n<link rel=\"canonical\" href=\"https:\/\/dermo.com\/pt\/catalogo\/gelmanf\/\" \/>\n<meta property=\"og:locale\" content=\"pt_PT\" \/>\n<meta property=\"og:type\" content=\"article\" \/>\n<meta property=\"og:title\" content=\"Gelman F. Gel de manos - Dermo | F\u00e1brica de detergentes\" \/>\n<meta property=\"og:description\" content=\"Gelman F Gel de manos especialmente perfumado para su uso constante en hoteles, gimnasios, guarder\u00edas, etc.       V\u00eddeos de Aplicaci\u00f3n Higiene personal:  V\u00eddeo de Aplicaci\u00f3n - Espa\u00f1ol  V\u00eddeo de Aplicaci\u00f3n - Ingl\u00e9s  V\u00eddeo de Aplicaci\u00f3n - Franc\u00e9s  V\u00eddeo de Aplicaci\u00f3n - Portugu\u00e9s  V\u00eddeo de Aplicaci\u00f3n - Ingl\u00e9s (segundo)\" \/>\n<meta property=\"og:url\" content=\"https:\/\/dermo.com\/pt\/catalogo\/gelmanf\/\" \/>\n<meta property=\"og:site_name\" content=\"Dermo | F\u00e1brica de detergentes\" \/>\n<meta property=\"article:modified_time\" content=\"2025-03-26T11:46:51+00:00\" \/>\n<meta property=\"og:image\" content=\"https:\/\/dermo.com\/wp-content\/uploads\/2015\/08\/Gelman-F.-Gel-de-manos.png\" \/>\n\t<meta property=\"og:image:width\" content=\"600\" \/>\n\t<meta property=\"og:image:height\" content=\"600\" \/>\n\t<meta property=\"og:image:type\" content=\"image\/png\" \/>\n<meta name=\"twitter:card\" content=\"summary_large_image\" \/>\n<meta name=\"twitter:label1\" content=\"Tempo estimado de leitura\" \/>\n\t<meta name=\"twitter:data1\" content=\"1 minuto\" \/>\n<script type=\"application\/ld+json\" class=\"yoast-schema-graph\">{\"@context\":\"https:\/\/schema.org\",\"@graph\":[{\"@type\":\"WebPage\",\"@id\":\"https:\/\/dermo.com\/catalogo\/gelmanf\/\",\"url\":\"https:\/\/dermo.com\/catalogo\/gelmanf\/\",\"name\":\"Gelman F. Gel de manos - Dermo | F\u00e1brica de detergentes\",\"isPartOf\":{\"@id\":\"https:\/\/dermo.com\/#website\"},\"primaryImageOfPage\":{\"@id\":\"https:\/\/dermo.com\/catalogo\/gelmanf\/#primaryimage\"},\"image\":{\"@id\":\"https:\/\/dermo.com\/catalogo\/gelmanf\/#primaryimage\"},\"thumbnailUrl\":\"https:\/\/dermo.com\/wp-content\/uploads\/2015\/08\/Gelman-F.-Gel-de-manos.png\",\"datePublished\":\"2015-08-03T10:35:57+00:00\",\"dateModified\":\"2025-03-26T11:46:51+00:00\",\"breadcrumb\":{\"@id\":\"https:\/\/dermo.com\/catalogo\/gelmanf\/#breadcrumb\"},\"inLanguage\":\"pt-PT\",\"potentialAction\":[{\"@type\":\"ReadAction\",\"target\":[\"https:\/\/dermo.com\/catalogo\/gelmanf\/\"]}]},{\"@type\":\"ImageObject\",\"inLanguage\":\"pt-PT\",\"@id\":\"https:\/\/dermo.com\/catalogo\/gelmanf\/#primaryimage\",\"url\":\"https:\/\/dermo.com\/wp-content\/uploads\/2015\/08\/Gelman-F.-Gel-de-manos.png\",\"contentUrl\":\"https:\/\/dermo.com\/wp-content\/uploads\/2015\/08\/Gelman-F.-Gel-de-manos.png\",\"width\":600,\"height\":600},{\"@type\":\"BreadcrumbList\",\"@id\":\"https:\/\/dermo.com\/catalogo\/gelmanf\/#breadcrumb\",\"itemListElement\":[{\"@type\":\"ListItem\",\"position\":1,\"name\":\"Portada\",\"item\":\"https:\/\/dermo.com\/\"},{\"@type\":\"ListItem\",\"position\":2,\"name\":\"Tienda\",\"item\":\"https:\/\/dermo.com\/tienda\/\"},{\"@type\":\"ListItem\",\"position\":3,\"name\":\"Gelman F. Gel de manos\"}]},{\"@type\":\"WebSite\",\"@id\":\"https:\/\/dermo.com\/#website\",\"url\":\"https:\/\/dermo.com\/\",\"name\":\"Dermo | F\u00e1brica de detergentes\",\"description\":\"Tecnolog\u00eda avanzada, investigaci\u00f3n y desarrollo, respeto por el medio ambiente, competencia, formaci\u00f3n constante y alto nivel de profesionalidad en nuestro equipo humano, empe\u00f1ado en preservar la calidad de vida, la protecci\u00f3n del entorno natural contin\u00faan motiv\u00e1ndonos para desarrollar en nuestros laboratorios nuevos productos con ingredientes activos altamente biodegradables que hacen posible un desarrollo sostenible.\",\"potentialAction\":[{\"@type\":\"SearchAction\",\"target\":{\"@type\":\"EntryPoint\",\"urlTemplate\":\"https:\/\/dermo.com\/?s={search_term_string}\"},\"query-input\":{\"@type\":\"PropertyValueSpecification\",\"valueRequired\":true,\"valueName\":\"search_term_string\"}}],\"inLanguage\":\"pt-PT\"}]}<\/script>\n<!-- \/ Yoast SEO plugin. -->","yoast_head_json":{"title":"Gelman F. Gel para m\u00e3os - Dermo | f\u00e1brica de detergentes","robots":{"index":"index","follow":"follow","max-snippet":"max-snippet:-1","max-image-preview":"max-image-preview:large","max-video-preview":"max-video-preview:-1"},"canonical":"https:\/\/dermo.com\/pt\/catalogo\/gelmanf\/","og_locale":"pt_PT","og_type":"article","og_title":"Gelman F. Gel de manos - Dermo | F\u00e1brica de detergentes","og_description":"Gelman F Gel de manos especialmente perfumado para su uso constante en hoteles, gimnasios, guarder\u00edas, etc.       V\u00eddeos de Aplicaci\u00f3n Higiene personal:  V\u00eddeo de Aplicaci\u00f3n - Espa\u00f1ol  V\u00eddeo de Aplicaci\u00f3n - Ingl\u00e9s  V\u00eddeo de Aplicaci\u00f3n - Franc\u00e9s  V\u00eddeo de Aplicaci\u00f3n - Portugu\u00e9s  V\u00eddeo de Aplicaci\u00f3n - Ingl\u00e9s (segundo)","og_url":"https:\/\/dermo.com\/pt\/catalogo\/gelmanf\/","og_site_name":"Dermo | F\u00e1brica de detergentes","article_modified_time":"2025-03-26T11:46:51+00:00","og_image":[{"width":600,"height":600,"url":"https:\/\/dermo.com\/wp-content\/uploads\/2015\/08\/Gelman-F.-Gel-de-manos.png","type":"image\/png"}],"twitter_card":"summary_large_image","twitter_misc":{"Tempo estimado de leitura":"1 minuto"},"schema":{"@context":"https:\/\/schema.org","@graph":[{"@type":"WebPage","@id":"https:\/\/dermo.com\/catalogo\/gelmanf\/","url":"https:\/\/dermo.com\/catalogo\/gelmanf\/","name":"Gelman F. Gel para m\u00e3os - Dermo | f\u00e1brica de detergentes","isPartOf":{"@id":"https:\/\/dermo.com\/#website"},"primaryImageOfPage":{"@id":"https:\/\/dermo.com\/catalogo\/gelmanf\/#primaryimage"},"image":{"@id":"https:\/\/dermo.com\/catalogo\/gelmanf\/#primaryimage"},"thumbnailUrl":"https:\/\/dermo.com\/wp-content\/uploads\/2015\/08\/Gelman-F.-Gel-de-manos.png","datePublished":"2015-08-03T10:35:57+00:00","dateModified":"2025-03-26T11:46:51+00:00","breadcrumb":{"@id":"https:\/\/dermo.com\/catalogo\/gelmanf\/#breadcrumb"},"inLanguage":"pt-PT","potentialAction":[{"@type":"ReadAction","target":["https:\/\/dermo.com\/catalogo\/gelmanf\/"]}]},{"@type":"ImageObject","inLanguage":"pt-PT","@id":"https:\/\/dermo.com\/catalogo\/gelmanf\/#primaryimage","url":"https:\/\/dermo.com\/wp-content\/uploads\/2015\/08\/Gelman-F.-Gel-de-manos.png","contentUrl":"https:\/\/dermo.com\/wp-content\/uploads\/2015\/08\/Gelman-F.-Gel-de-manos.png","width":600,"height":600},{"@type":"BreadcrumbList","@id":"https:\/\/dermo.com\/catalogo\/gelmanf\/#breadcrumb","itemListElement":[{"@type":"ListItem","position":1,"name":"Portada","item":"https:\/\/dermo.com\/"},{"@type":"ListItem","position":2,"name":"Tienda","item":"https:\/\/dermo.com\/tienda\/"},{"@type":"ListItem","position":3,"name":"Gelman F. Gel de manos"}]},{"@type":"WebSite","@id":"https:\/\/dermo.com\/#website","url":"https:\/\/dermo.com\/","name":"Dermo | f\u00e1brica de detergentes","description":"A tecnologia avan\u00e7ada, a investiga\u00e7\u00e3o e desenvolvimento, o respeito pelo ambiente, a compet\u00eancia, a forma\u00e7\u00e3o constante e o elevado n\u00edvel de profissionalismo da nossa equipa humana, comprometida com a preserva\u00e7\u00e3o da qualidade de vida, a protec\u00e7\u00e3o do ambiente natural continuam a motivar-nos a desenvolver novos produtos nos nossos laborat\u00f3rios com princ\u00edpios ativos altamente biodegrad\u00e1veis que possibilitam o desenvolvimento sustent\u00e1vel.","potentialAction":[{"@type":"SearchAction","target":{"@type":"EntryPoint","urlTemplate":"https:\/\/dermo.com\/?s={search_term_string}"},"query-input":{"@type":"PropertyValueSpecification","valueRequired":true,"valueName":"search_term_string"}}],"inLanguage":"pt-PT"}]}},"_links":{"self":[{"href":"https:\/\/dermo.com\/pt\/wp-json\/wp\/v2\/product\/2766","targetHints":{"allow":["GET"]}}],"collection":[{"href":"https:\/\/dermo.com\/pt\/wp-json\/wp\/v2\/product"}],"about":[{"href":"https:\/\/dermo.com\/pt\/wp-json\/wp\/v2\/types\/product"}],"wp:featuredmedia":[{"embeddable":true,"href":"https:\/\/dermo.com\/pt\/wp-json\/wp\/v2\/media\/3855"}],"wp:attachment":[{"href":"https:\/\/dermo.com\/pt\/wp-json\/wp\/v2\/media?parent=2766"}],"wp:term":[{"taxonomy":"product_brand","embeddable":true,"href":"https:\/\/dermo.com\/pt\/wp-json\/wp\/v2\/product_brand?post=2766"},{"taxonomy":"product_cat","embeddable":true,"href":"https:\/\/dermo.com\/pt\/wp-json\/wp\/v2\/product_cat?post=2766"},{"taxonomy":"product_tag","embeddable":true,"href":"https:\/\/dermo.com\/pt\/wp-json\/wp\/v2\/product_tag?post=2766"}],"curies":[{"name":"wp","href":"https:\/\/api.w.org\/{rel}","templated":true}]}}