{"id":2778,"date":"2015-08-03T11:02:40","date_gmt":"2015-08-03T11:02:40","guid":{"rendered":"https:\/\/dermo.ultbit.com\/producto\/car-clean\/"},"modified":"2025-03-26T15:55:38","modified_gmt":"2025-03-26T14:55:38","slug":"carro-limpo","status":"publish","type":"product","link":"https:\/\/dermo.com\/pt\/catalogo\/carro-limpo\/","title":{"rendered":"Car Clean. Detergente para carro\u00e7arias e jantes"},"content":{"rendered":"<p><strong>MODO DE EMPLEO:<\/strong><\/p>\n<p class=\"Estndar\"><span style=\"text-decoration: underline;\"><span lang=\"es\" xml:lang=\"es\">Lavado de carrocer\u00eda y bajos:<\/span><\/span><\/p>\n<p class=\"Estndar\"><!-- [if !supportLists]--><span lang=\"es\" xml:lang=\"es\">&#8211;\u00a0\u00a0\u00a0\u00a0\u00a0\u00a0 <\/span><!--[endif]--><span lang=\"es\" xml:lang=\"es\">Manual con m\u00e1quina a presi\u00f3n: Pulverizar diluido del 5 al 7% y dejar actuar 2-3 minutos. A continuaci\u00f3n enjuagar con m\u00e1quina a presi\u00f3n.<\/span><\/p>\n<p class=\"Estndar\"><!-- [if !supportLists]--><span lang=\"es\" xml:lang=\"es\">&#8211;\u00a0\u00a0\u00a0\u00a0\u00a0\u00a0 <\/span><!--[endif]--><span lang=\"es\" xml:lang=\"es\">T\u00fanel de lavado: Dosificar del 2 al 4%.<\/span><\/p>\n<p class=\"Estndar\"><!-- [if !supportLists]--><span lang=\"es\" xml:lang=\"es\">&#8211;\u00a0\u00a0\u00a0\u00a0\u00a0\u00a0 <\/span><!--[endif]--><span lang=\"es\" xml:lang=\"es\">Lavado manual: Pulverizar diluido al 2%. Dejar actuar 2-3 minutos, frotar con una esponja y a continuaci\u00f3n aclarar con agua abundante.<\/span><\/p>\n<p class=\"Estndar\"><span style=\"text-decoration: underline;\"><span lang=\"es\" xml:lang=\"es\">Limpieza de llantas:<\/span><\/span><\/p>\n<p class=\"Estndar\"><!-- [if !supportLists]--><span lang=\"es\" xml:lang=\"es\">&#8211;\u00a0\u00a0\u00a0\u00a0\u00a0\u00a0 <\/span><!--[endif]--><span lang=\"es\" xml:lang=\"es\">Manual con m\u00e1quina a presi\u00f3n: Pulverizar diluido al 30%. Dejar actuar 2-3 minutos y a continuaci\u00f3n enjuagar con m\u00e1quina a presi\u00f3n.<\/span><\/p>\n<p class=\"Estndar\"><strong>CARACTER\u00cdSTICAS T\u00c9CNICAS:<\/strong><\/p>\n<p>Aspecto: L\u00edquido.<br \/>\nColor: Ligeramente amarillento.<br \/>\nOlor: Caracter\u00edstico.<br \/>\npH puro: 12,5 \u2013 14.<br \/>\nDensidad: 1.00-1.20 g\/cc.<br \/>\nSolubilidad en agua: Soluble<br \/>\nConcentraci\u00f3n en sustancia activa: 15 &#8211; 20%<\/p>\n<p><strong>PRESENTACI\u00d3N:<br \/>\n<\/strong><\/p>\n<p>Envases de pl\u00e1stico.<\/p>\n<table>\n<tbody>\n<tr>\n<td>FORMATO<\/td>\n<td>\u00a0 \u00a0 \u00a05 kg<\/td>\n<td><\/td>\n<\/tr>\n<tr>\n<td>C\u00d3DIGO<\/td>\n<td>\u00a0 014CAC05<\/td>\n<td><\/td>\n<\/tr>\n<\/tbody>\n<\/table>\n","protected":false},"excerpt":{"rendered":"<h3>Carro limpo<\/h3>\n<p class=\"Estndar\"><span lang=\"es\" xml:lang=\"es\">Detergente l\u00edquido que elimina praticamente todo o tipo de sujidade em carro\u00e7arias e jantes sem necessidade de esfregar. Proporciona uma suma secagem r\u00e1pida e um acabamento repelindo a sujidade.<\/span><\/p>\n<p class=\"Estndar\"><span lang=\"es\" xml:lang=\"es\">Especialmente indicado para limpar e dar brilho numa s\u00f3 opera\u00e7\u00e3o em ve\u00edculos industrials, autocarros, camions, autom\u00f3veis, barco de recreio, etc.<\/span><\/p>\n<table>\n<tbody>\n<tr>\n<td style=\"width: 100%;\">\n<div class=\"video-section\">\n<p class=\"Estndar\"><span lang=\"es\" xml:lang=\"es\"><strong>V\u00eddeos de aplicativos de limpeza de carros:<\/strong><\/span><\/p>\n<details>\n<summary>V\u00eddeo de Aplica\u00e7\u00e3o \u2013 Espanhol<\/summary>\n<p><iframe src=\"https:\/\/www.youtube.com\/embed\/AwxX1xUlZu0?rel=0\"><\/iframe><\/p>\n<\/details>\n<details>\n<summary>V\u00eddeo de Aplica\u00e7\u00e3o \u2013 Ingl\u00eas<\/summary>\n<p><iframe src=\"https:\/\/www.youtube.com\/embed\/GRHLn3jhLAA?rel=0\"><\/iframe><\/p>\n<\/details>\n<details>\n<summary>V\u00eddeo de Aplica\u00e7\u00e3o \u2013 Franc\u00eas<\/summary>\n<p><iframe src=\"https:\/\/www.youtube.com\/embed\/N6jabX3rGnI?rel=0\"><\/iframe><\/p>\n<\/details>\n<details>\n<summary>V\u00eddeo de Aplica\u00e7\u00e3o \u2013 Portugu\u00eas<\/summary>\n<p><iframe src=\"https:\/\/www.youtube.com\/embed\/4vIn6eKuydI?rel=0\"><\/iframe><\/p>\n<\/details>\n<\/div>\n<\/td>\n<\/tr>\n<\/tbody>\n<\/table>","protected":false},"featured_media":3974,"template":"","meta":{"neve_meta_sidebar":"","neve_meta_container":"","neve_meta_enable_content_width":"off","neve_meta_content_width":100,"neve_meta_title_alignment":"","neve_meta_author_avatar":"","neve_post_elements_order":"","neve_meta_disable_header":"","neve_meta_disable_footer":"","neve_meta_disable_title":""},"product_brand":[],"product_cat":[378,385],"product_tag":[],"class_list":{"0":"post-2778","1":"product","2":"type-product","3":"status-publish","4":"has-post-thumbnail","6":"product_cat-industria-y-automocion","7":"product_cat-industria-y-automocion-productos","9":"first","10":"instock","11":"shipping-taxable","12":"product-type-simple"},"yoast_head":"<!-- This site is optimized with the Yoast SEO plugin v27.0 - https:\/\/yoast.com\/product\/yoast-seo-wordpress\/ -->\n<title>Car Clean. Detergente carrocer\u00edas y llantas - Dermo | F\u00e1brica de detergentes<\/title>\n<meta name=\"robots\" content=\"index, follow, max-snippet:-1, max-image-preview:large, max-video-preview:-1\" \/>\n<link rel=\"canonical\" href=\"https:\/\/dermo.com\/pt\/catalogo\/carro-limpo\/\" \/>\n<meta property=\"og:locale\" content=\"pt_PT\" \/>\n<meta property=\"og:type\" content=\"article\" \/>\n<meta property=\"og:title\" content=\"Car Clean. Detergente carrocer\u00edas y llantas - Dermo | F\u00e1brica de detergentes\" \/>\n<meta property=\"og:description\" content=\"Car Clean Detergente l\u00edquido concentrado, que elimina todo tipo de suciedad de carrocer\u00edas y llantas de aleaci\u00f3n sin frotar. Proporciona un secado r\u00e1pido y un acabado brillante que repele la suciedad. Creado para carrocer\u00edas de veh\u00edculos industriales, autocares, autom\u00f3viles y embarcaciones de recreo. Puede aplicarse manualmente, en trenes de lavado y a lavado a presi\u00f3n.       V\u00eddeos de aplicaci\u00f3n limpieza de coche:  V\u00eddeo de Aplicaci\u00f3n - Espa\u00f1ol  V\u00eddeo de Aplicaci\u00f3n - Ingl\u00e9s  V\u00eddeo de Aplicaci\u00f3n - Franc\u00e9s  V\u00eddeo de Aplicaci\u00f3n - Portugu\u00e9s\" \/>\n<meta property=\"og:url\" content=\"https:\/\/dermo.com\/pt\/catalogo\/carro-limpo\/\" \/>\n<meta property=\"og:site_name\" content=\"Dermo | F\u00e1brica de detergentes\" \/>\n<meta property=\"article:modified_time\" content=\"2025-03-26T14:55:38+00:00\" \/>\n<meta property=\"og:image\" content=\"https:\/\/dermo.com\/wp-content\/uploads\/2015\/08\/DL-21-Acibac-7.png\" \/>\n\t<meta property=\"og:image:width\" content=\"768\" \/>\n\t<meta property=\"og:image:height\" content=\"823\" \/>\n\t<meta property=\"og:image:type\" content=\"image\/png\" \/>\n<meta name=\"twitter:card\" content=\"summary_large_image\" \/>\n<meta name=\"twitter:label1\" content=\"Tempo estimado de leitura\" \/>\n\t<meta name=\"twitter:data1\" content=\"1 minuto\" \/>\n<script type=\"application\/ld+json\" class=\"yoast-schema-graph\">{\"@context\":\"https:\/\/schema.org\",\"@graph\":[{\"@type\":\"WebPage\",\"@id\":\"https:\/\/dermo.com\/catalogo\/car-clean\/\",\"url\":\"https:\/\/dermo.com\/catalogo\/car-clean\/\",\"name\":\"Car Clean. Detergente carrocer\u00edas y llantas - Dermo | F\u00e1brica de detergentes\",\"isPartOf\":{\"@id\":\"https:\/\/dermo.com\/#website\"},\"primaryImageOfPage\":{\"@id\":\"https:\/\/dermo.com\/catalogo\/car-clean\/#primaryimage\"},\"image\":{\"@id\":\"https:\/\/dermo.com\/catalogo\/car-clean\/#primaryimage\"},\"thumbnailUrl\":\"https:\/\/dermo.com\/wp-content\/uploads\/2015\/08\/DL-21-Acibac-7.png\",\"datePublished\":\"2015-08-03T11:02:40+00:00\",\"dateModified\":\"2025-03-26T14:55:38+00:00\",\"breadcrumb\":{\"@id\":\"https:\/\/dermo.com\/catalogo\/car-clean\/#breadcrumb\"},\"inLanguage\":\"pt-PT\",\"potentialAction\":[{\"@type\":\"ReadAction\",\"target\":[\"https:\/\/dermo.com\/catalogo\/car-clean\/\"]}]},{\"@type\":\"ImageObject\",\"inLanguage\":\"pt-PT\",\"@id\":\"https:\/\/dermo.com\/catalogo\/car-clean\/#primaryimage\",\"url\":\"https:\/\/dermo.com\/wp-content\/uploads\/2015\/08\/DL-21-Acibac-7.png\",\"contentUrl\":\"https:\/\/dermo.com\/wp-content\/uploads\/2015\/08\/DL-21-Acibac-7.png\",\"width\":768,\"height\":823},{\"@type\":\"BreadcrumbList\",\"@id\":\"https:\/\/dermo.com\/catalogo\/car-clean\/#breadcrumb\",\"itemListElement\":[{\"@type\":\"ListItem\",\"position\":1,\"name\":\"Portada\",\"item\":\"https:\/\/dermo.com\/\"},{\"@type\":\"ListItem\",\"position\":2,\"name\":\"Tienda\",\"item\":\"https:\/\/dermo.com\/tienda\/\"},{\"@type\":\"ListItem\",\"position\":3,\"name\":\"Car Clean. Detergente carrocer\u00edas y llantas\"}]},{\"@type\":\"WebSite\",\"@id\":\"https:\/\/dermo.com\/#website\",\"url\":\"https:\/\/dermo.com\/\",\"name\":\"Dermo | F\u00e1brica de detergentes\",\"description\":\"Tecnolog\u00eda avanzada, investigaci\u00f3n y desarrollo, respeto por el medio ambiente, competencia, formaci\u00f3n constante y alto nivel de profesionalidad en nuestro equipo humano, empe\u00f1ado en preservar la calidad de vida, la protecci\u00f3n del entorno natural contin\u00faan motiv\u00e1ndonos para desarrollar en nuestros laboratorios nuevos productos con ingredientes activos altamente biodegradables que hacen posible un desarrollo sostenible.\",\"potentialAction\":[{\"@type\":\"SearchAction\",\"target\":{\"@type\":\"EntryPoint\",\"urlTemplate\":\"https:\/\/dermo.com\/?s={search_term_string}\"},\"query-input\":{\"@type\":\"PropertyValueSpecification\",\"valueRequired\":true,\"valueName\":\"search_term_string\"}}],\"inLanguage\":\"pt-PT\"}]}<\/script>\n<!-- \/ Yoast SEO plugin. -->","yoast_head_json":{"title":"Carro limpo. Detergente para corpo e jantes - Dermo | f\u00e1brica de detergentes","robots":{"index":"index","follow":"follow","max-snippet":"max-snippet:-1","max-image-preview":"max-image-preview:large","max-video-preview":"max-video-preview:-1"},"canonical":"https:\/\/dermo.com\/pt\/catalogo\/carro-limpo\/","og_locale":"pt_PT","og_type":"article","og_title":"Car Clean. Detergente carrocer\u00edas y llantas - Dermo | F\u00e1brica de detergentes","og_description":"Car Clean Detergente l\u00edquido concentrado, que elimina todo tipo de suciedad de carrocer\u00edas y llantas de aleaci\u00f3n sin frotar. Proporciona un secado r\u00e1pido y un acabado brillante que repele la suciedad. Creado para carrocer\u00edas de veh\u00edculos industriales, autocares, autom\u00f3viles y embarcaciones de recreo. Puede aplicarse manualmente, en trenes de lavado y a lavado a presi\u00f3n.       V\u00eddeos de aplicaci\u00f3n limpieza de coche:  V\u00eddeo de Aplicaci\u00f3n - Espa\u00f1ol  V\u00eddeo de Aplicaci\u00f3n - Ingl\u00e9s  V\u00eddeo de Aplicaci\u00f3n - Franc\u00e9s  V\u00eddeo de Aplicaci\u00f3n - Portugu\u00e9s","og_url":"https:\/\/dermo.com\/pt\/catalogo\/carro-limpo\/","og_site_name":"Dermo | F\u00e1brica de detergentes","article_modified_time":"2025-03-26T14:55:38+00:00","og_image":[{"width":768,"height":823,"url":"https:\/\/dermo.com\/wp-content\/uploads\/2015\/08\/DL-21-Acibac-7.png","type":"image\/png"}],"twitter_card":"summary_large_image","twitter_misc":{"Tempo estimado de leitura":"1 minuto"},"schema":{"@context":"https:\/\/schema.org","@graph":[{"@type":"WebPage","@id":"https:\/\/dermo.com\/catalogo\/car-clean\/","url":"https:\/\/dermo.com\/catalogo\/car-clean\/","name":"Carro limpo. Detergente para corpo e jantes - Dermo | f\u00e1brica de detergentes","isPartOf":{"@id":"https:\/\/dermo.com\/#website"},"primaryImageOfPage":{"@id":"https:\/\/dermo.com\/catalogo\/car-clean\/#primaryimage"},"image":{"@id":"https:\/\/dermo.com\/catalogo\/car-clean\/#primaryimage"},"thumbnailUrl":"https:\/\/dermo.com\/wp-content\/uploads\/2015\/08\/DL-21-Acibac-7.png","datePublished":"2015-08-03T11:02:40+00:00","dateModified":"2025-03-26T14:55:38+00:00","breadcrumb":{"@id":"https:\/\/dermo.com\/catalogo\/car-clean\/#breadcrumb"},"inLanguage":"pt-PT","potentialAction":[{"@type":"ReadAction","target":["https:\/\/dermo.com\/catalogo\/car-clean\/"]}]},{"@type":"ImageObject","inLanguage":"pt-PT","@id":"https:\/\/dermo.com\/catalogo\/car-clean\/#primaryimage","url":"https:\/\/dermo.com\/wp-content\/uploads\/2015\/08\/DL-21-Acibac-7.png","contentUrl":"https:\/\/dermo.com\/wp-content\/uploads\/2015\/08\/DL-21-Acibac-7.png","width":768,"height":823},{"@type":"BreadcrumbList","@id":"https:\/\/dermo.com\/catalogo\/car-clean\/#breadcrumb","itemListElement":[{"@type":"ListItem","position":1,"name":"Portada","item":"https:\/\/dermo.com\/"},{"@type":"ListItem","position":2,"name":"Tienda","item":"https:\/\/dermo.com\/tienda\/"},{"@type":"ListItem","position":3,"name":"Car Clean. Detergente carrocer\u00edas y llantas"}]},{"@type":"WebSite","@id":"https:\/\/dermo.com\/#website","url":"https:\/\/dermo.com\/","name":"Dermo | f\u00e1brica de detergentes","description":"A tecnologia avan\u00e7ada, a investiga\u00e7\u00e3o e desenvolvimento, o respeito pelo ambiente, a compet\u00eancia, a forma\u00e7\u00e3o constante e o elevado n\u00edvel de profissionalismo da nossa equipa humana, comprometida com a preserva\u00e7\u00e3o da qualidade de vida, a protec\u00e7\u00e3o do ambiente natural continuam a motivar-nos a desenvolver novos produtos nos nossos laborat\u00f3rios com princ\u00edpios ativos altamente biodegrad\u00e1veis que possibilitam o desenvolvimento sustent\u00e1vel.","potentialAction":[{"@type":"SearchAction","target":{"@type":"EntryPoint","urlTemplate":"https:\/\/dermo.com\/?s={search_term_string}"},"query-input":{"@type":"PropertyValueSpecification","valueRequired":true,"valueName":"search_term_string"}}],"inLanguage":"pt-PT"}]}},"_links":{"self":[{"href":"https:\/\/dermo.com\/pt\/wp-json\/wp\/v2\/product\/2778","targetHints":{"allow":["GET"]}}],"collection":[{"href":"https:\/\/dermo.com\/pt\/wp-json\/wp\/v2\/product"}],"about":[{"href":"https:\/\/dermo.com\/pt\/wp-json\/wp\/v2\/types\/product"}],"wp:featuredmedia":[{"embeddable":true,"href":"https:\/\/dermo.com\/pt\/wp-json\/wp\/v2\/media\/3974"}],"wp:attachment":[{"href":"https:\/\/dermo.com\/pt\/wp-json\/wp\/v2\/media?parent=2778"}],"wp:term":[{"taxonomy":"product_brand","embeddable":true,"href":"https:\/\/dermo.com\/pt\/wp-json\/wp\/v2\/product_brand?post=2778"},{"taxonomy":"product_cat","embeddable":true,"href":"https:\/\/dermo.com\/pt\/wp-json\/wp\/v2\/product_cat?post=2778"},{"taxonomy":"product_tag","embeddable":true,"href":"https:\/\/dermo.com\/pt\/wp-json\/wp\/v2\/product_tag?post=2778"}],"curies":[{"name":"wp","href":"https:\/\/api.w.org\/{rel}","templated":true}]}}