{"id":2788,"date":"2015-08-03T11:24:47","date_gmt":"2015-08-03T11:24:47","guid":{"rendered":"https:\/\/dermo.ultbit.com\/producto\/lejia-lavadora\/"},"modified":"2024-09-10T09:41:02","modified_gmt":"2024-09-10T07:41:02","slug":"alvejante-para-maquina-de-lavar","status":"publish","type":"product","link":"https:\/\/dermo.com\/pt\/catalogo\/alvejante-para-maquina-de-lavar\/","title":{"rendered":"Alvejante especial para m\u00e1quina de lavar"},"content":{"rendered":"<p><strong>MODO DE EMPREGO:<\/strong><br \/>\nEm processos de lavagem, depois de verificar a resist\u00eancia dos tecidos ao hipoclorito, dosificar de 5 a 10cm3 por quilo de roupa seca.<sup>3<\/sup> por quilo de roupa suja.<br \/>\nPara a limpeza e desinfe\u00e7\u00e3o de solos: utilize-se 125cm3 por 10 litros de \u00e1gua.<sup>3<\/sup> para 10 litros de \u00e1gua.<br \/>\nPara a limpeza de inodoros: utilizar puro e transcurrios 5 minutos aclarar com \u00e1gua abundante.<\/p>\n<p><strong>CARACTER\u00cdSTICAS T\u00c9CNICAS:<\/strong><br \/>\nAspecto: L\u00edquido.<br \/>\nCor: Amarelo.<br \/>\nOdor: Picante caracter\u00edstico.<br \/>\npH puro: 10.<br \/>\nSolubilidade: sol\u00favel em \u00e1gua.<br \/>\nDensidade relativa: 1,05g\/l.<\/p>\n<p><strong>PRESENTA\u00c7\u00c3O:<\/strong><br \/>\n3 unidades retr\u00e1teis de 5 litros.<\/p>\n<table>\n<tbody>\n<tr>\n<td>FORMATO<\/td>\n<td>\u00a0 \u00a03\u00d75 litros<\/td>\n<\/tr>\n<tr>\n<td>C\u00d3DIGO<\/td>\n<td>\u00a0 \u00a0016SPEC<\/td>\n<\/tr>\n<\/tbody>\n<\/table>","protected":false},"excerpt":{"rendered":"<h3>Alvejante especial para m\u00e1quina de lavar<\/h3>\n<p class=\"Estndar\"><span lang=\"es\" xml:lang=\"es\">Lej\u00eda Especial Lavadora Dermo para o  blanqueo, desmanchado e desinfe\u00e7\u00e3o de tecidos em processos de lavagem. <\/span><\/p>\n<p class=\"Estndar\"><span lang=\"es\" xml:lang=\"es\">Pode ser utilizada tamb\u00e9m em processos de limpeza de superf\u00edcies.<\/span><\/p>","protected":false},"featured_media":4194,"template":"","meta":{"neve_meta_sidebar":"","neve_meta_container":"","neve_meta_enable_content_width":"off","neve_meta_content_width":100,"neve_meta_title_alignment":"","neve_meta_author_avatar":"","neve_post_elements_order":"","neve_meta_disable_header":"","neve_meta_disable_footer":"","neve_meta_disable_title":""},"product_brand":[],"product_cat":[393,369],"product_tag":[],"class_list":{"0":"post-2788","1":"product","2":"type-product","3":"status-publish","4":"has-post-thumbnail","6":"product_cat-complementos-de-lavado","7":"product_cat-lavanderia","9":"first","10":"instock","11":"shipping-taxable","12":"product-type-simple"},"yoast_head":"<!-- This site is optimized with the Yoast SEO plugin v27.0 - https:\/\/yoast.com\/product\/yoast-seo-wordpress\/ -->\n<title>Lej\u00eda especial lavadora - Dermo | F\u00e1brica de detergentes<\/title>\n<meta name=\"robots\" content=\"index, follow, max-snippet:-1, max-image-preview:large, max-video-preview:-1\" \/>\n<link rel=\"canonical\" href=\"https:\/\/dermo.com\/pt\/catalogo\/alvejante-para-maquina-de-lavar\/\" \/>\n<meta property=\"og:locale\" content=\"pt_PT\" \/>\n<meta property=\"og:type\" content=\"article\" \/>\n<meta property=\"og:title\" content=\"Lej\u00eda especial lavadora - Dermo | F\u00e1brica de detergentes\" \/>\n<meta property=\"og:description\" content=\"Lej\u00eda Especial Lavadora Lej\u00eda Especial Lavadora para el blanqueo, desmanchado y desinfecci\u00f3n de tejidos en procesos de lavado.  Puede ser utilizada tambi\u00e9n en procesos de limpieza de superficies.\" \/>\n<meta property=\"og:url\" content=\"https:\/\/dermo.com\/pt\/catalogo\/alvejante-para-maquina-de-lavar\/\" \/>\n<meta property=\"og:site_name\" content=\"Dermo | F\u00e1brica de detergentes\" \/>\n<meta property=\"article:modified_time\" content=\"2024-09-10T07:41:02+00:00\" \/>\n<meta property=\"og:image\" content=\"https:\/\/dermo.com\/wp-content\/uploads\/2015\/08\/Lejia-Especial-Lavadora.png\" \/>\n\t<meta property=\"og:image:width\" content=\"768\" \/>\n\t<meta property=\"og:image:height\" content=\"823\" \/>\n\t<meta property=\"og:image:type\" content=\"image\/png\" \/>\n<meta name=\"twitter:card\" content=\"summary_large_image\" \/>\n<meta name=\"twitter:label1\" content=\"Tempo estimado de leitura\" \/>\n\t<meta name=\"twitter:data1\" content=\"1 minuto\" \/>\n<script type=\"application\/ld+json\" class=\"yoast-schema-graph\">{\"@context\":\"https:\/\/schema.org\",\"@graph\":[{\"@type\":\"WebPage\",\"@id\":\"https:\/\/dermo.com\/catalogo\/lejia-lavadora\/\",\"url\":\"https:\/\/dermo.com\/catalogo\/lejia-lavadora\/\",\"name\":\"Lej\u00eda especial lavadora - Dermo | F\u00e1brica de detergentes\",\"isPartOf\":{\"@id\":\"https:\/\/dermo.com\/#website\"},\"primaryImageOfPage\":{\"@id\":\"https:\/\/dermo.com\/catalogo\/lejia-lavadora\/#primaryimage\"},\"image\":{\"@id\":\"https:\/\/dermo.com\/catalogo\/lejia-lavadora\/#primaryimage\"},\"thumbnailUrl\":\"https:\/\/dermo.com\/wp-content\/uploads\/2015\/08\/Lejia-Especial-Lavadora.png\",\"datePublished\":\"2015-08-03T11:24:47+00:00\",\"dateModified\":\"2024-09-10T07:41:02+00:00\",\"breadcrumb\":{\"@id\":\"https:\/\/dermo.com\/catalogo\/lejia-lavadora\/#breadcrumb\"},\"inLanguage\":\"pt-PT\",\"potentialAction\":[{\"@type\":\"ReadAction\",\"target\":[\"https:\/\/dermo.com\/catalogo\/lejia-lavadora\/\"]}]},{\"@type\":\"ImageObject\",\"inLanguage\":\"pt-PT\",\"@id\":\"https:\/\/dermo.com\/catalogo\/lejia-lavadora\/#primaryimage\",\"url\":\"https:\/\/dermo.com\/wp-content\/uploads\/2015\/08\/Lejia-Especial-Lavadora.png\",\"contentUrl\":\"https:\/\/dermo.com\/wp-content\/uploads\/2015\/08\/Lejia-Especial-Lavadora.png\",\"width\":768,\"height\":823},{\"@type\":\"BreadcrumbList\",\"@id\":\"https:\/\/dermo.com\/catalogo\/lejia-lavadora\/#breadcrumb\",\"itemListElement\":[{\"@type\":\"ListItem\",\"position\":1,\"name\":\"Portada\",\"item\":\"https:\/\/dermo.com\/\"},{\"@type\":\"ListItem\",\"position\":2,\"name\":\"Tienda\",\"item\":\"https:\/\/dermo.com\/tienda\/\"},{\"@type\":\"ListItem\",\"position\":3,\"name\":\"Lej\u00eda especial lavadora\"}]},{\"@type\":\"WebSite\",\"@id\":\"https:\/\/dermo.com\/#website\",\"url\":\"https:\/\/dermo.com\/\",\"name\":\"Dermo | F\u00e1brica de detergentes\",\"description\":\"Tecnolog\u00eda avanzada, investigaci\u00f3n y desarrollo, respeto por el medio ambiente, competencia, formaci\u00f3n constante y alto nivel de profesionalidad en nuestro equipo humano, empe\u00f1ado en preservar la calidad de vida, la protecci\u00f3n del entorno natural contin\u00faan motiv\u00e1ndonos para desarrollar en nuestros laboratorios nuevos productos con ingredientes activos altamente biodegradables que hacen posible un desarrollo sostenible.\",\"potentialAction\":[{\"@type\":\"SearchAction\",\"target\":{\"@type\":\"EntryPoint\",\"urlTemplate\":\"https:\/\/dermo.com\/?s={search_term_string}\"},\"query-input\":{\"@type\":\"PropertyValueSpecification\",\"valueRequired\":true,\"valueName\":\"search_term_string\"}}],\"inLanguage\":\"pt-PT\"}]}<\/script>\n<!-- \/ Yoast SEO plugin. -->","yoast_head_json":{"title":"Lix\u00edvia especial para m\u00e1quinas de lavar roupa - Dermo | f\u00e1brica de detergentes","robots":{"index":"index","follow":"follow","max-snippet":"max-snippet:-1","max-image-preview":"max-image-preview:large","max-video-preview":"max-video-preview:-1"},"canonical":"https:\/\/dermo.com\/pt\/catalogo\/alvejante-para-maquina-de-lavar\/","og_locale":"pt_PT","og_type":"article","og_title":"Lej\u00eda especial lavadora - Dermo | F\u00e1brica de detergentes","og_description":"Lej\u00eda Especial Lavadora Lej\u00eda Especial Lavadora para el blanqueo, desmanchado y desinfecci\u00f3n de tejidos en procesos de lavado.  Puede ser utilizada tambi\u00e9n en procesos de limpieza de superficies.","og_url":"https:\/\/dermo.com\/pt\/catalogo\/alvejante-para-maquina-de-lavar\/","og_site_name":"Dermo | F\u00e1brica de detergentes","article_modified_time":"2024-09-10T07:41:02+00:00","og_image":[{"width":768,"height":823,"url":"https:\/\/dermo.com\/wp-content\/uploads\/2015\/08\/Lejia-Especial-Lavadora.png","type":"image\/png"}],"twitter_card":"summary_large_image","twitter_misc":{"Tempo estimado de leitura":"1 minuto"},"schema":{"@context":"https:\/\/schema.org","@graph":[{"@type":"WebPage","@id":"https:\/\/dermo.com\/catalogo\/lejia-lavadora\/","url":"https:\/\/dermo.com\/catalogo\/lejia-lavadora\/","name":"Lix\u00edvia especial para m\u00e1quinas de lavar roupa - Dermo | f\u00e1brica de detergentes","isPartOf":{"@id":"https:\/\/dermo.com\/#website"},"primaryImageOfPage":{"@id":"https:\/\/dermo.com\/catalogo\/lejia-lavadora\/#primaryimage"},"image":{"@id":"https:\/\/dermo.com\/catalogo\/lejia-lavadora\/#primaryimage"},"thumbnailUrl":"https:\/\/dermo.com\/wp-content\/uploads\/2015\/08\/Lejia-Especial-Lavadora.png","datePublished":"2015-08-03T11:24:47+00:00","dateModified":"2024-09-10T07:41:02+00:00","breadcrumb":{"@id":"https:\/\/dermo.com\/catalogo\/lejia-lavadora\/#breadcrumb"},"inLanguage":"pt-PT","potentialAction":[{"@type":"ReadAction","target":["https:\/\/dermo.com\/catalogo\/lejia-lavadora\/"]}]},{"@type":"ImageObject","inLanguage":"pt-PT","@id":"https:\/\/dermo.com\/catalogo\/lejia-lavadora\/#primaryimage","url":"https:\/\/dermo.com\/wp-content\/uploads\/2015\/08\/Lejia-Especial-Lavadora.png","contentUrl":"https:\/\/dermo.com\/wp-content\/uploads\/2015\/08\/Lejia-Especial-Lavadora.png","width":768,"height":823},{"@type":"BreadcrumbList","@id":"https:\/\/dermo.com\/catalogo\/lejia-lavadora\/#breadcrumb","itemListElement":[{"@type":"ListItem","position":1,"name":"Portada","item":"https:\/\/dermo.com\/"},{"@type":"ListItem","position":2,"name":"Tienda","item":"https:\/\/dermo.com\/tienda\/"},{"@type":"ListItem","position":3,"name":"Lej\u00eda especial lavadora"}]},{"@type":"WebSite","@id":"https:\/\/dermo.com\/#website","url":"https:\/\/dermo.com\/","name":"Dermo | f\u00e1brica de detergentes","description":"A tecnologia avan\u00e7ada, a investiga\u00e7\u00e3o e desenvolvimento, o respeito pelo ambiente, a compet\u00eancia, a forma\u00e7\u00e3o constante e o elevado n\u00edvel de profissionalismo da nossa equipa humana, comprometida com a preserva\u00e7\u00e3o da qualidade de vida, a protec\u00e7\u00e3o do ambiente natural continuam a motivar-nos a desenvolver novos produtos nos nossos laborat\u00f3rios com princ\u00edpios ativos altamente biodegrad\u00e1veis que possibilitam o desenvolvimento sustent\u00e1vel.","potentialAction":[{"@type":"SearchAction","target":{"@type":"EntryPoint","urlTemplate":"https:\/\/dermo.com\/?s={search_term_string}"},"query-input":{"@type":"PropertyValueSpecification","valueRequired":true,"valueName":"search_term_string"}}],"inLanguage":"pt-PT"}]}},"_links":{"self":[{"href":"https:\/\/dermo.com\/pt\/wp-json\/wp\/v2\/product\/2788","targetHints":{"allow":["GET"]}}],"collection":[{"href":"https:\/\/dermo.com\/pt\/wp-json\/wp\/v2\/product"}],"about":[{"href":"https:\/\/dermo.com\/pt\/wp-json\/wp\/v2\/types\/product"}],"wp:featuredmedia":[{"embeddable":true,"href":"https:\/\/dermo.com\/pt\/wp-json\/wp\/v2\/media\/4194"}],"wp:attachment":[{"href":"https:\/\/dermo.com\/pt\/wp-json\/wp\/v2\/media?parent=2788"}],"wp:term":[{"taxonomy":"product_brand","embeddable":true,"href":"https:\/\/dermo.com\/pt\/wp-json\/wp\/v2\/product_brand?post=2788"},{"taxonomy":"product_cat","embeddable":true,"href":"https:\/\/dermo.com\/pt\/wp-json\/wp\/v2\/product_cat?post=2788"},{"taxonomy":"product_tag","embeddable":true,"href":"https:\/\/dermo.com\/pt\/wp-json\/wp\/v2\/product_tag?post=2788"}],"curies":[{"name":"wp","href":"https:\/\/api.w.org\/{rel}","templated":true}]}}