{"id":2822,"date":"2015-08-07T12:59:14","date_gmt":"2015-08-07T12:59:14","guid":{"rendered":"https:\/\/dermo.ultbit.com\/producto\/h-100\/"},"modified":"2024-09-10T09:40:50","modified_gmt":"2024-09-10T07:40:50","slug":"h-100","status":"publish","type":"product","link":"https:\/\/dermo.com\/pt\/catalogo\/h-100\/","title":{"rendered":"H-100. Alvejante Clorado"},"content":{"rendered":"<p><strong>MODO DE EMPREGO:<\/strong><br \/>\n\u2013 Dosificar na fase de blanqueo de 3 a 8 ml por quilo de roupa seca a temperaturas entre 20 e 45\u00baC.<br \/>\n\u2013 Para obter um bom rendimento do H-100 e um m\u00ednimo deterioro da roupa, a temperatura da solu\u00e7\u00e3o de lavagem deveria manter-se por embaixo dos 45\u00baC e o pH ao redor de 9.5.<br \/>\n\u2013 A pH menor de 9.5 h\u00e1 uma maior concentra\u00e7\u00e3o de \u00e1cido hipocloroso, bem mais agressivo que o hipoclorito e poderia causar um excessivo deterioro da roupa.<br \/>\n\u2013 A um pH de 10.5 o blanqueo deveria realizar-se a 50-55\u00baC.<br \/>\n\u2013 N\u00e3o usar em prendas com manchas de clorhexidina. O hipoclorito reage com a clorhexidina provocando umas manchas marrones que n\u00e3o podem ser eliminadas com nenhum tratamento posterior<br \/>\n\u2013 Evitar o contacto do H-100 com produtos que contenham enzimas na solu\u00e7\u00e3o de lavagem j\u00e1 que desactivar-se-iam pelo cloro.<br \/>\n\u2013 Assegurar uma boa neutralizaci\u00f3n ap\u00f3s terminar o blanqueo. Uma neutralizaci\u00f3n incompleta amarillear\u00eda e deterioraria a roupa no secado a altas temperaturas.<br \/>\n\u2013  N\u00e3o usas em prendas de nylon.<\/p>\n<p><strong>CARACTER\u00cdSTICAS T\u00c9CNICAS<\/strong><br \/>\nAspecto: L\u00edquido.<br \/>\nCor: Verde-amarelo.<br \/>\nCheiro: Caracter\u00edstico.&gt;<br \/>\npH puro: 11-13.<br \/>\nDensidade relativa: 1,25 kg\/l.<br \/>\nSolubilidade em agua: Soluble.<br \/>\nConcentra\u00e7\u00e3o de subst\u00e2ncia ativa: 150 g\/l de cloro ativo.<\/p>\n<p><strong>PRESENTA\u00c7\u00c3O:<\/strong><br \/>\nJerrican pl\u00e1stico<\/p>\n<table>\n<tbody>\n<tr>\n<td>FORMATO<\/td>\n<td>\u00a0 \u00a0 \u00a0 \u00a030kg<\/td>\n<\/tr>\n<tr>\n<td>C\u00d3DIGO<\/td>\n<td>\u00a0 \u00a0002HIP30<\/td>\n<\/tr>\n<\/tbody>\n<\/table>","protected":false},"excerpt":{"rendered":"<h3>H-100<\/h3>\n<p class=\"Estndar\"><span lang=\"es\" xml:lang=\"es\">Blanqueador auxiliar de lavagem de roupa branca especialmente indicado para seu uso em lavander\u00edas comerciais, centros hospitalares, etc.<\/span><\/p>\n<p class=\"Estndar\"><span lang=\"es\" xml:lang=\"es\">Tem propriedades oxidantes, desodorizantes, blanqueadoras e quitamanchas.\u00a0<\/span>Pode utilizar-se em roupas de cor resistentes ao cloro tais como roupa para quir\u00f3fano.<\/p>","protected":false},"featured_media":4193,"template":"","meta":{"neve_meta_sidebar":"","neve_meta_container":"","neve_meta_enable_content_width":"off","neve_meta_content_width":100,"neve_meta_title_alignment":"","neve_meta_author_avatar":"","neve_post_elements_order":"","neve_meta_disable_header":"","neve_meta_disable_footer":"","neve_meta_disable_title":""},"product_brand":[],"product_cat":[394,369],"product_tag":[],"class_list":{"0":"post-2822","1":"product","2":"type-product","3":"status-publish","4":"has-post-thumbnail","6":"product_cat-dosificacion-automatica","7":"product_cat-lavanderia","9":"first","10":"instock","11":"shipping-taxable","12":"product-type-simple"},"yoast_head":"<!-- This site is optimized with the Yoast SEO plugin v27.0 - https:\/\/yoast.com\/product\/yoast-seo-wordpress\/ -->\n<title>H-100. Blanqueador Clorado - Dermo | F\u00e1brica de detergentes<\/title>\n<meta name=\"robots\" content=\"index, follow, max-snippet:-1, max-image-preview:large, max-video-preview:-1\" \/>\n<link rel=\"canonical\" href=\"https:\/\/dermo.com\/pt\/catalogo\/h-100\/\" \/>\n<meta property=\"og:locale\" content=\"pt_PT\" \/>\n<meta property=\"og:type\" content=\"article\" \/>\n<meta property=\"og:title\" content=\"H-100. Blanqueador Clorado - Dermo | F\u00e1brica de detergentes\" \/>\n<meta property=\"og:description\" content=\"H-100 Blanqueador auxiliar de lavado de ropa blanca especialmente indicado para su uso en lavander\u00edas comerciales, centros hospitalarios, etc. Tiene propiedades oxidantes, desodorizantes, blanqueadoras y quitamanchas.\u00a0Puede utilizarse en ropas de color resistentes al cloro tales como ropa para quir\u00f3fano.\" \/>\n<meta property=\"og:url\" content=\"https:\/\/dermo.com\/pt\/catalogo\/h-100\/\" \/>\n<meta property=\"og:site_name\" content=\"Dermo | F\u00e1brica de detergentes\" \/>\n<meta property=\"article:modified_time\" content=\"2024-09-10T07:40:50+00:00\" \/>\n<meta property=\"og:image\" content=\"https:\/\/dermo.com\/wp-content\/uploads\/2015\/08\/H-100.-Blanqueador-Clorado.png\" \/>\n\t<meta property=\"og:image:width\" content=\"768\" \/>\n\t<meta property=\"og:image:height\" content=\"823\" \/>\n\t<meta property=\"og:image:type\" content=\"image\/png\" \/>\n<meta name=\"twitter:card\" content=\"summary_large_image\" \/>\n<meta name=\"twitter:label1\" content=\"Tempo estimado de leitura\" \/>\n\t<meta name=\"twitter:data1\" content=\"2 minutos\" \/>\n<script type=\"application\/ld+json\" class=\"yoast-schema-graph\">{\"@context\":\"https:\/\/schema.org\",\"@graph\":[{\"@type\":\"WebPage\",\"@id\":\"https:\/\/dermo.com\/catalogo\/h-100\/\",\"url\":\"https:\/\/dermo.com\/catalogo\/h-100\/\",\"name\":\"H-100. Blanqueador Clorado - Dermo | F\u00e1brica de detergentes\",\"isPartOf\":{\"@id\":\"https:\/\/dermo.com\/#website\"},\"primaryImageOfPage\":{\"@id\":\"https:\/\/dermo.com\/catalogo\/h-100\/#primaryimage\"},\"image\":{\"@id\":\"https:\/\/dermo.com\/catalogo\/h-100\/#primaryimage\"},\"thumbnailUrl\":\"https:\/\/dermo.com\/wp-content\/uploads\/2015\/08\/H-100.-Blanqueador-Clorado.png\",\"datePublished\":\"2015-08-07T12:59:14+00:00\",\"dateModified\":\"2024-09-10T07:40:50+00:00\",\"breadcrumb\":{\"@id\":\"https:\/\/dermo.com\/catalogo\/h-100\/#breadcrumb\"},\"inLanguage\":\"pt-PT\",\"potentialAction\":[{\"@type\":\"ReadAction\",\"target\":[\"https:\/\/dermo.com\/catalogo\/h-100\/\"]}]},{\"@type\":\"ImageObject\",\"inLanguage\":\"pt-PT\",\"@id\":\"https:\/\/dermo.com\/catalogo\/h-100\/#primaryimage\",\"url\":\"https:\/\/dermo.com\/wp-content\/uploads\/2015\/08\/H-100.-Blanqueador-Clorado.png\",\"contentUrl\":\"https:\/\/dermo.com\/wp-content\/uploads\/2015\/08\/H-100.-Blanqueador-Clorado.png\",\"width\":768,\"height\":823},{\"@type\":\"BreadcrumbList\",\"@id\":\"https:\/\/dermo.com\/catalogo\/h-100\/#breadcrumb\",\"itemListElement\":[{\"@type\":\"ListItem\",\"position\":1,\"name\":\"Portada\",\"item\":\"https:\/\/dermo.com\/\"},{\"@type\":\"ListItem\",\"position\":2,\"name\":\"Tienda\",\"item\":\"https:\/\/dermo.com\/tienda\/\"},{\"@type\":\"ListItem\",\"position\":3,\"name\":\"H-100. Blanqueador Clorado\"}]},{\"@type\":\"WebSite\",\"@id\":\"https:\/\/dermo.com\/#website\",\"url\":\"https:\/\/dermo.com\/\",\"name\":\"Dermo | F\u00e1brica de detergentes\",\"description\":\"Tecnolog\u00eda avanzada, investigaci\u00f3n y desarrollo, respeto por el medio ambiente, competencia, formaci\u00f3n constante y alto nivel de profesionalidad en nuestro equipo humano, empe\u00f1ado en preservar la calidad de vida, la protecci\u00f3n del entorno natural contin\u00faan motiv\u00e1ndonos para desarrollar en nuestros laboratorios nuevos productos con ingredientes activos altamente biodegradables que hacen posible un desarrollo sostenible.\",\"potentialAction\":[{\"@type\":\"SearchAction\",\"target\":{\"@type\":\"EntryPoint\",\"urlTemplate\":\"https:\/\/dermo.com\/?s={search_term_string}\"},\"query-input\":{\"@type\":\"PropertyValueSpecification\",\"valueRequired\":true,\"valueName\":\"search_term_string\"}}],\"inLanguage\":\"pt-PT\"}]}<\/script>\n<!-- \/ Yoast SEO plugin. -->","yoast_head_json":{"title":"H-100. Alvejante Clorado - Dermo | f\u00e1brica de detergentes","robots":{"index":"index","follow":"follow","max-snippet":"max-snippet:-1","max-image-preview":"max-image-preview:large","max-video-preview":"max-video-preview:-1"},"canonical":"https:\/\/dermo.com\/pt\/catalogo\/h-100\/","og_locale":"pt_PT","og_type":"article","og_title":"H-100. Blanqueador Clorado - Dermo | F\u00e1brica de detergentes","og_description":"H-100 Blanqueador auxiliar de lavado de ropa blanca especialmente indicado para su uso en lavander\u00edas comerciales, centros hospitalarios, etc. Tiene propiedades oxidantes, desodorizantes, blanqueadoras y quitamanchas.\u00a0Puede utilizarse en ropas de color resistentes al cloro tales como ropa para quir\u00f3fano.","og_url":"https:\/\/dermo.com\/pt\/catalogo\/h-100\/","og_site_name":"Dermo | F\u00e1brica de detergentes","article_modified_time":"2024-09-10T07:40:50+00:00","og_image":[{"width":768,"height":823,"url":"https:\/\/dermo.com\/wp-content\/uploads\/2015\/08\/H-100.-Blanqueador-Clorado.png","type":"image\/png"}],"twitter_card":"summary_large_image","twitter_misc":{"Tempo estimado de leitura":"2 minutos"},"schema":{"@context":"https:\/\/schema.org","@graph":[{"@type":"WebPage","@id":"https:\/\/dermo.com\/catalogo\/h-100\/","url":"https:\/\/dermo.com\/catalogo\/h-100\/","name":"H-100. Alvejante Clorado - Dermo | f\u00e1brica de detergentes","isPartOf":{"@id":"https:\/\/dermo.com\/#website"},"primaryImageOfPage":{"@id":"https:\/\/dermo.com\/catalogo\/h-100\/#primaryimage"},"image":{"@id":"https:\/\/dermo.com\/catalogo\/h-100\/#primaryimage"},"thumbnailUrl":"https:\/\/dermo.com\/wp-content\/uploads\/2015\/08\/H-100.-Blanqueador-Clorado.png","datePublished":"2015-08-07T12:59:14+00:00","dateModified":"2024-09-10T07:40:50+00:00","breadcrumb":{"@id":"https:\/\/dermo.com\/catalogo\/h-100\/#breadcrumb"},"inLanguage":"pt-PT","potentialAction":[{"@type":"ReadAction","target":["https:\/\/dermo.com\/catalogo\/h-100\/"]}]},{"@type":"ImageObject","inLanguage":"pt-PT","@id":"https:\/\/dermo.com\/catalogo\/h-100\/#primaryimage","url":"https:\/\/dermo.com\/wp-content\/uploads\/2015\/08\/H-100.-Blanqueador-Clorado.png","contentUrl":"https:\/\/dermo.com\/wp-content\/uploads\/2015\/08\/H-100.-Blanqueador-Clorado.png","width":768,"height":823},{"@type":"BreadcrumbList","@id":"https:\/\/dermo.com\/catalogo\/h-100\/#breadcrumb","itemListElement":[{"@type":"ListItem","position":1,"name":"Portada","item":"https:\/\/dermo.com\/"},{"@type":"ListItem","position":2,"name":"Tienda","item":"https:\/\/dermo.com\/tienda\/"},{"@type":"ListItem","position":3,"name":"H-100. Blanqueador Clorado"}]},{"@type":"WebSite","@id":"https:\/\/dermo.com\/#website","url":"https:\/\/dermo.com\/","name":"Dermo | f\u00e1brica de detergentes","description":"A tecnologia avan\u00e7ada, a investiga\u00e7\u00e3o e desenvolvimento, o respeito pelo ambiente, a compet\u00eancia, a forma\u00e7\u00e3o constante e o elevado n\u00edvel de profissionalismo da nossa equipa humana, comprometida com a preserva\u00e7\u00e3o da qualidade de vida, a protec\u00e7\u00e3o do ambiente natural continuam a motivar-nos a desenvolver novos produtos nos nossos laborat\u00f3rios com princ\u00edpios ativos altamente biodegrad\u00e1veis que possibilitam o desenvolvimento sustent\u00e1vel.","potentialAction":[{"@type":"SearchAction","target":{"@type":"EntryPoint","urlTemplate":"https:\/\/dermo.com\/?s={search_term_string}"},"query-input":{"@type":"PropertyValueSpecification","valueRequired":true,"valueName":"search_term_string"}}],"inLanguage":"pt-PT"}]}},"_links":{"self":[{"href":"https:\/\/dermo.com\/pt\/wp-json\/wp\/v2\/product\/2822","targetHints":{"allow":["GET"]}}],"collection":[{"href":"https:\/\/dermo.com\/pt\/wp-json\/wp\/v2\/product"}],"about":[{"href":"https:\/\/dermo.com\/pt\/wp-json\/wp\/v2\/types\/product"}],"wp:featuredmedia":[{"embeddable":true,"href":"https:\/\/dermo.com\/pt\/wp-json\/wp\/v2\/media\/4193"}],"wp:attachment":[{"href":"https:\/\/dermo.com\/pt\/wp-json\/wp\/v2\/media?parent=2822"}],"wp:term":[{"taxonomy":"product_brand","embeddable":true,"href":"https:\/\/dermo.com\/pt\/wp-json\/wp\/v2\/product_brand?post=2822"},{"taxonomy":"product_cat","embeddable":true,"href":"https:\/\/dermo.com\/pt\/wp-json\/wp\/v2\/product_cat?post=2822"},{"taxonomy":"product_tag","embeddable":true,"href":"https:\/\/dermo.com\/pt\/wp-json\/wp\/v2\/product_tag?post=2822"}],"curies":[{"name":"wp","href":"https:\/\/api.w.org\/{rel}","templated":true}]}}