{"id":2848,"date":"2015-10-02T10:09:39","date_gmt":"2015-10-02T10:09:39","guid":{"rendered":"https:\/\/dermo.ultbit.com\/producto\/pink-car-2\/"},"modified":"2025-03-27T16:02:03","modified_gmt":"2025-03-27T15:02:03","slug":"carro-rosa-2","status":"publish","type":"product","link":"https:\/\/dermo.com\/pt\/catalogo\/carro-rosa-2\/","title":{"rendered":"Pink Car. Carrocer\u00edas e painel do carro"},"content":{"rendered":"<p><strong>MODO DE EMPREGO:<\/strong><br \/>\nAplica-se directamente sobre a superf\u00edcie a limpar com a ajuda de um pano ou com um pulverizador at\u00e9 que fique uniformemente distribu\u00eddo. Secar com um pano limpo e seco.<\/p>\n<p><strong>CARACTER\u00cdSTICAS T\u00c9CNICAS:<\/strong><br \/>\nAspecto: L\u00edquido.<br \/>\nCor: Rosa.<br \/>\nCheiro: Caramelo.<br \/>\npH puro: 5,5-7.<br \/>\nDensidade: 0,97 \u2013 0,99 g\/cc.<\/p>\n<p><strong>PRESENTA\u00c7\u00c3O:<\/strong><br \/>\nJerrican pl\u00e1stico<\/p>\n<table>\n<tbody>\n<tr>\n<td>FORMATO<\/td>\n<td>\u00a0 \u00a0 500g<\/td>\n<\/tr>\n<tr>\n<td>C\u00d3DIGO<\/td>\n<td>014PCA00<\/td>\n<\/tr>\n<\/tbody>\n<\/table>","protected":false},"excerpt":{"rendered":"<h3>Carro Rosa<\/h3>\n<p>Limpiador de painel do carro e carrocer\u00edas de autom\u00f3veis com efeito antipolvo que renova e revigora as zonas tratadas dando um efeito a carro novo de longa dura\u00e7\u00e3o.  Protege e renova os paineles de autom\u00f3veis e todas as superf\u00edcies de pl\u00e1stico, borracha ou outro material sint\u00e9tico como pele, vinilo ou skay. Cont\u00e9m aditivos que protegem e real\u00e7am seu aspecto natural.<\/p>\n<table>\n<tbody>\n<tr>\n<td style=\"width: 50%;\">\n<div class=\"video-section\">\n<p class=\"Estndar\"><span lang=\"es\" xml:lang=\"es\"><strong>V\u00eddeos de aplicativos de limpeza de carros:<\/strong><\/span><\/p>\n<details>\n<summary>V\u00eddeo de Aplica\u00e7\u00e3o \u2013 Espanhol<\/summary>\n<p><iframe src=\"https:\/\/www.youtube.com\/embed\/AwxX1xUlZu0?rel=0\"><\/iframe><\/p>\n<\/details>\n<details>\n<summary>V\u00eddeo de Aplica\u00e7\u00e3o \u2013 Ingl\u00eas<\/summary>\n<p><iframe src=\"https:\/\/www.youtube.com\/embed\/GRHLn3jhLAA?rel=0\"><\/iframe><\/p>\n<\/details>\n<details>\n<summary>V\u00eddeo de Aplica\u00e7\u00e3o \u2013 Franc\u00eas<\/summary>\n<p><iframe src=\"https:\/\/www.youtube.com\/embed\/N6jabX3rGnI?rel=0\"><\/iframe><\/p>\n<\/details>\n<details>\n<summary>V\u00eddeo de Aplica\u00e7\u00e3o \u2013 Portugu\u00eas<\/summary>\n<p><iframe src=\"https:\/\/www.youtube.com\/embed\/4vIn6eKuydI?rel=0\"><\/iframe><\/p>\n<\/details>\n<\/div>\n<\/td>\n<\/tr>\n<\/tbody>\n<\/table>","protected":false},"featured_media":3967,"template":"","meta":{"neve_meta_sidebar":"","neve_meta_container":"","neve_meta_enable_content_width":"off","neve_meta_content_width":100,"neve_meta_title_alignment":"","neve_meta_author_avatar":"","neve_post_elements_order":"","neve_meta_disable_header":"","neve_meta_disable_footer":"","neve_meta_disable_title":""},"product_brand":[],"product_cat":[378,385,366],"product_tag":[],"class_list":{"0":"post-2848","1":"product","2":"type-product","3":"status-publish","4":"has-post-thumbnail","6":"product_cat-industria-y-automocion","7":"product_cat-industria-y-automocion-productos","8":"product_cat-sectores","10":"first","11":"instock","12":"shipping-taxable","13":"product-type-simple"},"yoast_head":"<!-- This site is optimized with the Yoast SEO plugin v27.0 - https:\/\/yoast.com\/product\/yoast-seo-wordpress\/ -->\n<title>Pink Car. Carrocer\u00edas y salpicaderos - Dermo | F\u00e1brica de detergentes<\/title>\n<meta name=\"robots\" content=\"index, follow, max-snippet:-1, max-image-preview:large, max-video-preview:-1\" \/>\n<link rel=\"canonical\" href=\"https:\/\/dermo.com\/pt\/catalogo\/carro-rosa-2\/\" \/>\n<meta property=\"og:locale\" content=\"pt_PT\" \/>\n<meta property=\"og:type\" content=\"article\" \/>\n<meta property=\"og:title\" content=\"Pink Car. Carrocer\u00edas y salpicaderos - Dermo | F\u00e1brica de detergentes\" \/>\n<meta property=\"og:description\" content=\"Pink Car Limpiador de salpicaderos y carrocer\u00edas de autom\u00f3viles con efecto antipolvo que renueva y revitaliza las zonas tratadas, dando un efecto de coche nuevo de larga duraci\u00f3n. Contiene aditivos que protegen y resaltan su aspecto natural.      V\u00eddeos de aplicaci\u00f3n limpieza de coche:  V\u00eddeo de Aplicaci\u00f3n - Espa\u00f1ol  V\u00eddeo de Aplicaci\u00f3n - Ingl\u00e9s  V\u00eddeo de Aplicaci\u00f3n - Franc\u00e9s  V\u00eddeo de Aplicaci\u00f3n - Portugu\u00e9s\" \/>\n<meta property=\"og:url\" content=\"https:\/\/dermo.com\/pt\/catalogo\/carro-rosa-2\/\" \/>\n<meta property=\"og:site_name\" content=\"Dermo | F\u00e1brica de detergentes\" \/>\n<meta property=\"article:modified_time\" content=\"2025-03-27T15:02:03+00:00\" \/>\n<meta property=\"og:image\" content=\"https:\/\/dermo.com\/wp-content\/uploads\/2015\/10\/Tropic-Style.-Amb-1.png\" \/>\n\t<meta property=\"og:image:width\" content=\"547\" \/>\n\t<meta property=\"og:image:height\" content=\"547\" \/>\n\t<meta property=\"og:image:type\" content=\"image\/png\" \/>\n<meta name=\"twitter:card\" content=\"summary_large_image\" \/>\n<meta name=\"twitter:label1\" content=\"Tempo estimado de leitura\" \/>\n\t<meta name=\"twitter:data1\" content=\"1 minuto\" \/>\n<script type=\"application\/ld+json\" class=\"yoast-schema-graph\">{\"@context\":\"https:\/\/schema.org\",\"@graph\":[{\"@type\":\"WebPage\",\"@id\":\"https:\/\/dermo.com\/catalogo\/pink-car-2\/\",\"url\":\"https:\/\/dermo.com\/catalogo\/pink-car-2\/\",\"name\":\"Pink Car. Carrocer\u00edas y salpicaderos - Dermo | F\u00e1brica de detergentes\",\"isPartOf\":{\"@id\":\"https:\/\/dermo.com\/#website\"},\"primaryImageOfPage\":{\"@id\":\"https:\/\/dermo.com\/catalogo\/pink-car-2\/#primaryimage\"},\"image\":{\"@id\":\"https:\/\/dermo.com\/catalogo\/pink-car-2\/#primaryimage\"},\"thumbnailUrl\":\"https:\/\/dermo.com\/wp-content\/uploads\/2015\/10\/Tropic-Style.-Amb-1.png\",\"datePublished\":\"2015-10-02T10:09:39+00:00\",\"dateModified\":\"2025-03-27T15:02:03+00:00\",\"breadcrumb\":{\"@id\":\"https:\/\/dermo.com\/catalogo\/pink-car-2\/#breadcrumb\"},\"inLanguage\":\"pt-PT\",\"potentialAction\":[{\"@type\":\"ReadAction\",\"target\":[\"https:\/\/dermo.com\/catalogo\/pink-car-2\/\"]}]},{\"@type\":\"ImageObject\",\"inLanguage\":\"pt-PT\",\"@id\":\"https:\/\/dermo.com\/catalogo\/pink-car-2\/#primaryimage\",\"url\":\"https:\/\/dermo.com\/wp-content\/uploads\/2015\/10\/Tropic-Style.-Amb-1.png\",\"contentUrl\":\"https:\/\/dermo.com\/wp-content\/uploads\/2015\/10\/Tropic-Style.-Amb-1.png\",\"width\":547,\"height\":547},{\"@type\":\"BreadcrumbList\",\"@id\":\"https:\/\/dermo.com\/catalogo\/pink-car-2\/#breadcrumb\",\"itemListElement\":[{\"@type\":\"ListItem\",\"position\":1,\"name\":\"Portada\",\"item\":\"https:\/\/dermo.com\/\"},{\"@type\":\"ListItem\",\"position\":2,\"name\":\"Tienda\",\"item\":\"https:\/\/dermo.com\/tienda\/\"},{\"@type\":\"ListItem\",\"position\":3,\"name\":\"Pink Car. Carrocer\u00edas y salpicaderos\"}]},{\"@type\":\"WebSite\",\"@id\":\"https:\/\/dermo.com\/#website\",\"url\":\"https:\/\/dermo.com\/\",\"name\":\"Dermo | F\u00e1brica de detergentes\",\"description\":\"Tecnolog\u00eda avanzada, investigaci\u00f3n y desarrollo, respeto por el medio ambiente, competencia, formaci\u00f3n constante y alto nivel de profesionalidad en nuestro equipo humano, empe\u00f1ado en preservar la calidad de vida, la protecci\u00f3n del entorno natural contin\u00faan motiv\u00e1ndonos para desarrollar en nuestros laboratorios nuevos productos con ingredientes activos altamente biodegradables que hacen posible un desarrollo sostenible.\",\"potentialAction\":[{\"@type\":\"SearchAction\",\"target\":{\"@type\":\"EntryPoint\",\"urlTemplate\":\"https:\/\/dermo.com\/?s={search_term_string}\"},\"query-input\":{\"@type\":\"PropertyValueSpecification\",\"valueRequired\":true,\"valueName\":\"search_term_string\"}}],\"inLanguage\":\"pt-PT\"}]}<\/script>\n<!-- \/ Yoast SEO plugin. -->","yoast_head_json":{"title":"Carro\u00e7aria e tabliers Rosa - Dermo | f\u00e1brica de detergentes","robots":{"index":"index","follow":"follow","max-snippet":"max-snippet:-1","max-image-preview":"max-image-preview:large","max-video-preview":"max-video-preview:-1"},"canonical":"https:\/\/dermo.com\/pt\/catalogo\/carro-rosa-2\/","og_locale":"pt_PT","og_type":"article","og_title":"Pink Car. Carrocer\u00edas y salpicaderos - Dermo | F\u00e1brica de detergentes","og_description":"Pink Car Limpiador de salpicaderos y carrocer\u00edas de autom\u00f3viles con efecto antipolvo que renueva y revitaliza las zonas tratadas, dando un efecto de coche nuevo de larga duraci\u00f3n. Contiene aditivos que protegen y resaltan su aspecto natural.      V\u00eddeos de aplicaci\u00f3n limpieza de coche:  V\u00eddeo de Aplicaci\u00f3n - Espa\u00f1ol  V\u00eddeo de Aplicaci\u00f3n - Ingl\u00e9s  V\u00eddeo de Aplicaci\u00f3n - Franc\u00e9s  V\u00eddeo de Aplicaci\u00f3n - Portugu\u00e9s","og_url":"https:\/\/dermo.com\/pt\/catalogo\/carro-rosa-2\/","og_site_name":"Dermo | F\u00e1brica de detergentes","article_modified_time":"2025-03-27T15:02:03+00:00","og_image":[{"width":547,"height":547,"url":"https:\/\/dermo.com\/wp-content\/uploads\/2015\/10\/Tropic-Style.-Amb-1.png","type":"image\/png"}],"twitter_card":"summary_large_image","twitter_misc":{"Tempo estimado de leitura":"1 minuto"},"schema":{"@context":"https:\/\/schema.org","@graph":[{"@type":"WebPage","@id":"https:\/\/dermo.com\/catalogo\/pink-car-2\/","url":"https:\/\/dermo.com\/catalogo\/pink-car-2\/","name":"Carro\u00e7aria e tabliers Rosa - Dermo | f\u00e1brica de detergentes","isPartOf":{"@id":"https:\/\/dermo.com\/#website"},"primaryImageOfPage":{"@id":"https:\/\/dermo.com\/catalogo\/pink-car-2\/#primaryimage"},"image":{"@id":"https:\/\/dermo.com\/catalogo\/pink-car-2\/#primaryimage"},"thumbnailUrl":"https:\/\/dermo.com\/wp-content\/uploads\/2015\/10\/Tropic-Style.-Amb-1.png","datePublished":"2015-10-02T10:09:39+00:00","dateModified":"2025-03-27T15:02:03+00:00","breadcrumb":{"@id":"https:\/\/dermo.com\/catalogo\/pink-car-2\/#breadcrumb"},"inLanguage":"pt-PT","potentialAction":[{"@type":"ReadAction","target":["https:\/\/dermo.com\/catalogo\/pink-car-2\/"]}]},{"@type":"ImageObject","inLanguage":"pt-PT","@id":"https:\/\/dermo.com\/catalogo\/pink-car-2\/#primaryimage","url":"https:\/\/dermo.com\/wp-content\/uploads\/2015\/10\/Tropic-Style.-Amb-1.png","contentUrl":"https:\/\/dermo.com\/wp-content\/uploads\/2015\/10\/Tropic-Style.-Amb-1.png","width":547,"height":547},{"@type":"BreadcrumbList","@id":"https:\/\/dermo.com\/catalogo\/pink-car-2\/#breadcrumb","itemListElement":[{"@type":"ListItem","position":1,"name":"Portada","item":"https:\/\/dermo.com\/"},{"@type":"ListItem","position":2,"name":"Tienda","item":"https:\/\/dermo.com\/tienda\/"},{"@type":"ListItem","position":3,"name":"Pink Car. Carrocer\u00edas y salpicaderos"}]},{"@type":"WebSite","@id":"https:\/\/dermo.com\/#website","url":"https:\/\/dermo.com\/","name":"Dermo | f\u00e1brica de detergentes","description":"A tecnologia avan\u00e7ada, a investiga\u00e7\u00e3o e desenvolvimento, o respeito pelo ambiente, a compet\u00eancia, a forma\u00e7\u00e3o constante e o elevado n\u00edvel de profissionalismo da nossa equipa humana, comprometida com a preserva\u00e7\u00e3o da qualidade de vida, a protec\u00e7\u00e3o do ambiente natural continuam a motivar-nos a desenvolver novos produtos nos nossos laborat\u00f3rios com princ\u00edpios ativos altamente biodegrad\u00e1veis que possibilitam o desenvolvimento sustent\u00e1vel.","potentialAction":[{"@type":"SearchAction","target":{"@type":"EntryPoint","urlTemplate":"https:\/\/dermo.com\/?s={search_term_string}"},"query-input":{"@type":"PropertyValueSpecification","valueRequired":true,"valueName":"search_term_string"}}],"inLanguage":"pt-PT"}]}},"_links":{"self":[{"href":"https:\/\/dermo.com\/pt\/wp-json\/wp\/v2\/product\/2848","targetHints":{"allow":["GET"]}}],"collection":[{"href":"https:\/\/dermo.com\/pt\/wp-json\/wp\/v2\/product"}],"about":[{"href":"https:\/\/dermo.com\/pt\/wp-json\/wp\/v2\/types\/product"}],"wp:featuredmedia":[{"embeddable":true,"href":"https:\/\/dermo.com\/pt\/wp-json\/wp\/v2\/media\/3967"}],"wp:attachment":[{"href":"https:\/\/dermo.com\/pt\/wp-json\/wp\/v2\/media?parent=2848"}],"wp:term":[{"taxonomy":"product_brand","embeddable":true,"href":"https:\/\/dermo.com\/pt\/wp-json\/wp\/v2\/product_brand?post=2848"},{"taxonomy":"product_cat","embeddable":true,"href":"https:\/\/dermo.com\/pt\/wp-json\/wp\/v2\/product_cat?post=2848"},{"taxonomy":"product_tag","embeddable":true,"href":"https:\/\/dermo.com\/pt\/wp-json\/wp\/v2\/product_tag?post=2848"}],"curies":[{"name":"wp","href":"https:\/\/api.w.org\/{rel}","templated":true}]}}