{"id":2864,"date":"2017-05-24T16:46:16","date_gmt":"2017-05-24T16:46:16","guid":{"rendered":"https:\/\/dermo.ultbit.com\/producto\/f-80-cherry-fregasuelos\/"},"modified":"2025-05-19T10:01:23","modified_gmt":"2025-05-19T08:01:23","slug":"limpador-de-piso-de-cerejeira-f-80","status":"publish","type":"product","link":"https:\/\/dermo.com\/pt\/catalogo\/limpador-de-piso-de-cerejeira-f-80\/","title":{"rendered":"F80 Cherry. Limpa pavimentos"},"content":{"rendered":"<p><strong>MODO DE EMPREGO:<\/strong><br \/>\nDeitar 50ml (aproximadamente uma ch\u00e1vena de caf\u00e9) num balde de \u00e1gua e aplicar sobre a superf\u00edcie a limpar. N\u00e3o necessita de enxaguar.<\/p>\n<p><strong>CARACTER\u00cdSTICAS T\u00c9CNICAS:<\/strong><br \/>\nAspecto: L\u00edquido.<br \/>\nColor: Vermelho.<br \/>\nOlor: Floral.<br \/>\npH puro: 5,5 -7,5.<br \/>\nDensidade: 0,99 \u2013 1,01 g\/cc.<br \/>\nSolubilidade em agua: Soluble.<\/p>\n<p><strong>PRESENTA\u00c7\u00c3O:<\/strong><br \/>\nJerrican pl\u00e1stico<\/p>\n<table>\n<tbody>\n<tr>\n<td>FORMATO<\/td>\n<td>\u00a0 \u00a0 \u00a0 5kg<\/td>\n<\/tr>\n<tr>\n<td>C\u00d3DIGO<\/td>\n<td>\u00a0 \u00a0004F8C05<\/td>\n<\/tr>\n<\/tbody>\n<\/table>","protected":false},"excerpt":{"rendered":"<p>Limpeza eficaz, alto poder de detergente, abrilhanta com brilho natural.<\/p>\n<p>Utilizable en suelos y superficies lavables: vinilo, cer\u00e1mica, caucho, terrazo, m\u00e1rmol, pvc,...<\/p>\n<p>Perfume agrad\u00e1vel e persistente.<\/p>","protected":false},"featured_media":14204,"template":"","meta":{"neve_meta_sidebar":"","neve_meta_container":"","neve_meta_enable_content_width":"off","neve_meta_content_width":100,"neve_meta_title_alignment":"","neve_meta_author_avatar":"","neve_post_elements_order":"","neve_meta_disable_header":"","neve_meta_disable_footer":"","neve_meta_disable_title":""},"product_brand":[],"product_cat":[372,370,374,376,381],"product_tag":[],"class_list":{"0":"post-2864","1":"product","2":"type-product","3":"status-publish","4":"has-post-thumbnail","6":"product_cat-geriatricos","7":"product_cat-hoteles","8":"product_cat-restauracion","9":"product_cat-servicios-de-limpieza","10":"product_cat-tratamiento-de-suelos","12":"first","13":"instock","14":"shipping-taxable","15":"product-type-simple"},"yoast_head":"<!-- This site is optimized with the Yoast SEO plugin v27.0 - https:\/\/yoast.com\/product\/yoast-seo-wordpress\/ -->\n<title>F 80 Cherry. Fregasuelos - Dermo | F\u00e1brica de detergentes<\/title>\n<meta name=\"robots\" content=\"index, follow, max-snippet:-1, max-image-preview:large, max-video-preview:-1\" \/>\n<link rel=\"canonical\" href=\"https:\/\/dermo.com\/pt\/catalogo\/limpador-de-piso-de-cerejeira-f-80\/\" \/>\n<meta property=\"og:locale\" content=\"pt_PT\" \/>\n<meta property=\"og:type\" content=\"article\" \/>\n<meta property=\"og:title\" content=\"F 80 Cherry. Fregasuelos - Dermo | F\u00e1brica de detergentes\" \/>\n<meta property=\"og:description\" content=\"Fregasuelos de limpieza eficaz, secado r\u00e1pido y sin marcas que conserva el brillo natural.  Utilizable en suelos y superficies lavables: vinilo, cer\u00e1mica, caucho, terrazo, m\u00e1rmol, pvc,...  Perfume agradable y persistente con efecto ambientador.\" \/>\n<meta property=\"og:url\" content=\"https:\/\/dermo.com\/pt\/catalogo\/limpador-de-piso-de-cerejeira-f-80\/\" \/>\n<meta property=\"og:site_name\" content=\"Dermo | F\u00e1brica de detergentes\" \/>\n<meta property=\"article:modified_time\" content=\"2025-05-19T08:01:23+00:00\" \/>\n<meta property=\"og:image\" content=\"https:\/\/dermo.com\/wp-content\/uploads\/2017\/05\/F80-CHERRY-scaled.jpg\" \/>\n\t<meta property=\"og:image:width\" content=\"1920\" \/>\n\t<meta property=\"og:image:height\" content=\"2560\" \/>\n\t<meta property=\"og:image:type\" content=\"image\/jpeg\" \/>\n<meta name=\"twitter:card\" content=\"summary_large_image\" \/>\n<meta name=\"twitter:label1\" content=\"Tempo estimado de leitura\" \/>\n\t<meta name=\"twitter:data1\" content=\"1 minuto\" \/>\n<script type=\"application\/ld+json\" class=\"yoast-schema-graph\">{\"@context\":\"https:\/\/schema.org\",\"@graph\":[{\"@type\":\"WebPage\",\"@id\":\"https:\/\/dermo.com\/catalogo\/f-80-cherry-fregasuelos\/\",\"url\":\"https:\/\/dermo.com\/catalogo\/f-80-cherry-fregasuelos\/\",\"name\":\"F 80 Cherry. Fregasuelos - Dermo | F\u00e1brica de detergentes\",\"isPartOf\":{\"@id\":\"https:\/\/dermo.com\/#website\"},\"primaryImageOfPage\":{\"@id\":\"https:\/\/dermo.com\/catalogo\/f-80-cherry-fregasuelos\/#primaryimage\"},\"image\":{\"@id\":\"https:\/\/dermo.com\/catalogo\/f-80-cherry-fregasuelos\/#primaryimage\"},\"thumbnailUrl\":\"https:\/\/dermo.com\/wp-content\/uploads\/2017\/05\/F80-CHERRY-scaled.jpg\",\"datePublished\":\"2017-05-24T16:46:16+00:00\",\"dateModified\":\"2025-05-19T08:01:23+00:00\",\"breadcrumb\":{\"@id\":\"https:\/\/dermo.com\/catalogo\/f-80-cherry-fregasuelos\/#breadcrumb\"},\"inLanguage\":\"pt-PT\",\"potentialAction\":[{\"@type\":\"ReadAction\",\"target\":[\"https:\/\/dermo.com\/catalogo\/f-80-cherry-fregasuelos\/\"]}]},{\"@type\":\"ImageObject\",\"inLanguage\":\"pt-PT\",\"@id\":\"https:\/\/dermo.com\/catalogo\/f-80-cherry-fregasuelos\/#primaryimage\",\"url\":\"https:\/\/dermo.com\/wp-content\/uploads\/2017\/05\/F80-CHERRY-scaled.jpg\",\"contentUrl\":\"https:\/\/dermo.com\/wp-content\/uploads\/2017\/05\/F80-CHERRY-scaled.jpg\",\"width\":1920,\"height\":2560},{\"@type\":\"BreadcrumbList\",\"@id\":\"https:\/\/dermo.com\/catalogo\/f-80-cherry-fregasuelos\/#breadcrumb\",\"itemListElement\":[{\"@type\":\"ListItem\",\"position\":1,\"name\":\"Portada\",\"item\":\"https:\/\/dermo.com\/\"},{\"@type\":\"ListItem\",\"position\":2,\"name\":\"Tienda\",\"item\":\"https:\/\/dermo.com\/tienda\/\"},{\"@type\":\"ListItem\",\"position\":3,\"name\":\"F 80 Cherry. Fregasuelos\"}]},{\"@type\":\"WebSite\",\"@id\":\"https:\/\/dermo.com\/#website\",\"url\":\"https:\/\/dermo.com\/\",\"name\":\"Dermo | F\u00e1brica de detergentes\",\"description\":\"Tecnolog\u00eda avanzada, investigaci\u00f3n y desarrollo, respeto por el medio ambiente, competencia, formaci\u00f3n constante y alto nivel de profesionalidad en nuestro equipo humano, empe\u00f1ado en preservar la calidad de vida, la protecci\u00f3n del entorno natural contin\u00faan motiv\u00e1ndonos para desarrollar en nuestros laboratorios nuevos productos con ingredientes activos altamente biodegradables que hacen posible un desarrollo sostenible.\",\"potentialAction\":[{\"@type\":\"SearchAction\",\"target\":{\"@type\":\"EntryPoint\",\"urlTemplate\":\"https:\/\/dermo.com\/?s={search_term_string}\"},\"query-input\":{\"@type\":\"PropertyValueSpecification\",\"valueRequired\":true,\"valueName\":\"search_term_string\"}}],\"inLanguage\":\"pt-PT\"}]}<\/script>\n<!-- \/ Yoast SEO plugin. -->","yoast_head_json":{"title":"F 80 Cereja. Limpador de piso - Dermo | f\u00e1brica de detergentes","robots":{"index":"index","follow":"follow","max-snippet":"max-snippet:-1","max-image-preview":"max-image-preview:large","max-video-preview":"max-video-preview:-1"},"canonical":"https:\/\/dermo.com\/pt\/catalogo\/limpador-de-piso-de-cerejeira-f-80\/","og_locale":"pt_PT","og_type":"article","og_title":"F 80 Cherry. Fregasuelos - Dermo | F\u00e1brica de detergentes","og_description":"Fregasuelos de limpieza eficaz, secado r\u00e1pido y sin marcas que conserva el brillo natural.  Utilizable en suelos y superficies lavables: vinilo, cer\u00e1mica, caucho, terrazo, m\u00e1rmol, pvc,...  Perfume agradable y persistente con efecto ambientador.","og_url":"https:\/\/dermo.com\/pt\/catalogo\/limpador-de-piso-de-cerejeira-f-80\/","og_site_name":"Dermo | F\u00e1brica de detergentes","article_modified_time":"2025-05-19T08:01:23+00:00","og_image":[{"width":1920,"height":2560,"url":"https:\/\/dermo.com\/wp-content\/uploads\/2017\/05\/F80-CHERRY-scaled.jpg","type":"image\/jpeg"}],"twitter_card":"summary_large_image","twitter_misc":{"Tempo estimado de leitura":"1 minuto"},"schema":{"@context":"https:\/\/schema.org","@graph":[{"@type":"WebPage","@id":"https:\/\/dermo.com\/catalogo\/f-80-cherry-fregasuelos\/","url":"https:\/\/dermo.com\/catalogo\/f-80-cherry-fregasuelos\/","name":"F 80 Cereja. Limpador de piso - Dermo | f\u00e1brica de detergentes","isPartOf":{"@id":"https:\/\/dermo.com\/#website"},"primaryImageOfPage":{"@id":"https:\/\/dermo.com\/catalogo\/f-80-cherry-fregasuelos\/#primaryimage"},"image":{"@id":"https:\/\/dermo.com\/catalogo\/f-80-cherry-fregasuelos\/#primaryimage"},"thumbnailUrl":"https:\/\/dermo.com\/wp-content\/uploads\/2017\/05\/F80-CHERRY-scaled.jpg","datePublished":"2017-05-24T16:46:16+00:00","dateModified":"2025-05-19T08:01:23+00:00","breadcrumb":{"@id":"https:\/\/dermo.com\/catalogo\/f-80-cherry-fregasuelos\/#breadcrumb"},"inLanguage":"pt-PT","potentialAction":[{"@type":"ReadAction","target":["https:\/\/dermo.com\/catalogo\/f-80-cherry-fregasuelos\/"]}]},{"@type":"ImageObject","inLanguage":"pt-PT","@id":"https:\/\/dermo.com\/catalogo\/f-80-cherry-fregasuelos\/#primaryimage","url":"https:\/\/dermo.com\/wp-content\/uploads\/2017\/05\/F80-CHERRY-scaled.jpg","contentUrl":"https:\/\/dermo.com\/wp-content\/uploads\/2017\/05\/F80-CHERRY-scaled.jpg","width":1920,"height":2560},{"@type":"BreadcrumbList","@id":"https:\/\/dermo.com\/catalogo\/f-80-cherry-fregasuelos\/#breadcrumb","itemListElement":[{"@type":"ListItem","position":1,"name":"Portada","item":"https:\/\/dermo.com\/"},{"@type":"ListItem","position":2,"name":"Tienda","item":"https:\/\/dermo.com\/tienda\/"},{"@type":"ListItem","position":3,"name":"F 80 Cherry. Fregasuelos"}]},{"@type":"WebSite","@id":"https:\/\/dermo.com\/#website","url":"https:\/\/dermo.com\/","name":"Dermo | f\u00e1brica de detergentes","description":"A tecnologia avan\u00e7ada, a investiga\u00e7\u00e3o e desenvolvimento, o respeito pelo ambiente, a compet\u00eancia, a forma\u00e7\u00e3o constante e o elevado n\u00edvel de profissionalismo da nossa equipa humana, comprometida com a preserva\u00e7\u00e3o da qualidade de vida, a protec\u00e7\u00e3o do ambiente natural continuam a motivar-nos a desenvolver novos produtos nos nossos laborat\u00f3rios com princ\u00edpios ativos altamente biodegrad\u00e1veis que possibilitam o desenvolvimento sustent\u00e1vel.","potentialAction":[{"@type":"SearchAction","target":{"@type":"EntryPoint","urlTemplate":"https:\/\/dermo.com\/?s={search_term_string}"},"query-input":{"@type":"PropertyValueSpecification","valueRequired":true,"valueName":"search_term_string"}}],"inLanguage":"pt-PT"}]}},"_links":{"self":[{"href":"https:\/\/dermo.com\/pt\/wp-json\/wp\/v2\/product\/2864","targetHints":{"allow":["GET"]}}],"collection":[{"href":"https:\/\/dermo.com\/pt\/wp-json\/wp\/v2\/product"}],"about":[{"href":"https:\/\/dermo.com\/pt\/wp-json\/wp\/v2\/types\/product"}],"wp:featuredmedia":[{"embeddable":true,"href":"https:\/\/dermo.com\/pt\/wp-json\/wp\/v2\/media\/14204"}],"wp:attachment":[{"href":"https:\/\/dermo.com\/pt\/wp-json\/wp\/v2\/media?parent=2864"}],"wp:term":[{"taxonomy":"product_brand","embeddable":true,"href":"https:\/\/dermo.com\/pt\/wp-json\/wp\/v2\/product_brand?post=2864"},{"taxonomy":"product_cat","embeddable":true,"href":"https:\/\/dermo.com\/pt\/wp-json\/wp\/v2\/product_cat?post=2864"},{"taxonomy":"product_tag","embeddable":true,"href":"https:\/\/dermo.com\/pt\/wp-json\/wp\/v2\/product_tag?post=2864"}],"curies":[{"name":"wp","href":"https:\/\/api.w.org\/{rel}","templated":true}]}}