{"id":2887,"date":"2020-02-28T07:36:26","date_gmt":"2020-02-28T07:36:26","guid":{"rendered":"https:\/\/dermo.ultbit.com\/producto\/f200-blue-fregasuelos\/"},"modified":"2025-05-15T16:11:45","modified_gmt":"2025-05-15T14:11:45","slug":"limpador-de-piso-azul-f200","status":"publish","type":"product","link":"https:\/\/dermo.com\/pt\/catalogo\/limpador-de-piso-azul-f200\/","title":{"rendered":"F-200 Blue. Esfregar"},"content":{"rendered":"<p><strong>MODO DE EMPREGO:<\/strong><br \/>\nDeitar 50ml (aproximadamente uma ch\u00e1vena de caf\u00e9) num balde de \u00e1gua e aplicar sobre a superf\u00edcie a limpar. N\u00e3o necessita de enxaguar.<\/p>\n<p><strong>CARACTER\u00cdSTICAS T\u00c9CNICAS<\/strong><br \/>\nAspecto: L\u00edquido.<br \/>\nCor: Azul.<br \/>\nCheiro: Limpo.<br \/>\npH puro: 5,5 -7,5<br \/>\nDensidade: 0,99 \u2013 1,00 g\/cc<br \/>\nSolubilidade em agua: Soluble.<\/p>\n<p><strong>COMPOSI\u00c7\u00c3O<\/strong><br \/>\nSurfactantes, perfumes e corantes.<\/p>\n<p><strong>PRESENTA\u00c7\u00c3O:<\/strong><br \/>\nJerrican pl\u00e1stico<\/p>\n<table>\n<tbody>\n<tr>\n<td>FORMATO<\/td>\n<td>5L<\/td>\n<\/tr>\n<tr>\n<td>C\u00d3DIGO<\/td>\n<td>004F20B5<\/td>\n<\/tr>\n<\/tbody>\n<\/table>\n<p><strong>SEGURAN\u00c7A \/ TOXICOLOGIA<\/strong><br \/>\nEM CASO DE CONTATO COM OS OLHOS: Enxaguar cuidadosamente com \u00e1gua durante v\u00e1rios minutos. Remover<br \/>\nlentes de contato quando presentes e podem ser feitas facilmente. Continue com a lavagem.<br \/>\nMantenha fora do alcance das crian\u00e7as. Em caso de acidente, consulte o Servi\u00e7o de Informa\u00e7\u00e3o M\u00e9dica<br \/>\nToxicol\u00f3gico. Tel.: 915 620 420.<\/p>\n<p><strong>INFORMA\u00c7\u00d5ES ADICIONAIS<\/strong><br \/>\nPRODUTO INDUSTRIAL. USO PROFISSIONAL.<\/p>","protected":false},"excerpt":{"rendered":"<p><strong>F 200 Azul<\/strong><\/p>\n<p class=\"Estndar\">Limpador de pisos de limpeza eficaz, de secagem r\u00e1pida e sem riscos que preserva o brilho natural. Utiliz\u00e1vel em pisos e superf\u00edcies lav\u00e1veis: vinil, cer\u00e2mica, borracha, tijoleira, m\u00e1rmore, PVC...<br \/>\nPerfume agrad\u00e1vel e persistente.<\/p>","protected":false},"featured_media":4220,"template":"","meta":{"neve_meta_sidebar":"","neve_meta_container":"","neve_meta_enable_content_width":"off","neve_meta_content_width":100,"neve_meta_title_alignment":"","neve_meta_author_avatar":"","neve_post_elements_order":"","neve_meta_disable_header":"","neve_meta_disable_footer":"","neve_meta_disable_title":""},"product_brand":[],"product_cat":[367,1095,381],"product_tag":[],"class_list":{"0":"post-2887","1":"product","2":"type-product","3":"status-publish","4":"has-post-thumbnail","6":"product_cat-catalogo","7":"product_cat-escuelas-sectores","8":"product_cat-tratamiento-de-suelos","10":"first","11":"instock","12":"shipping-taxable","13":"product-type-simple"},"yoast_head":"<!-- This site is optimized with the Yoast SEO plugin v27.0 - https:\/\/yoast.com\/product\/yoast-seo-wordpress\/ -->\n<title>F-200 Blue. Fregasuelos - Dermo | F\u00e1brica de detergentes<\/title>\n<meta name=\"robots\" content=\"index, follow, max-snippet:-1, max-image-preview:large, max-video-preview:-1\" \/>\n<link rel=\"canonical\" href=\"https:\/\/dermo.com\/pt\/catalogo\/limpador-de-piso-azul-f200\/\" \/>\n<meta property=\"og:locale\" content=\"pt_PT\" \/>\n<meta property=\"og:type\" content=\"article\" \/>\n<meta property=\"og:title\" content=\"F-200 Blue. Fregasuelos - Dermo | F\u00e1brica de detergentes\" \/>\n<meta property=\"og:description\" content=\"F 200 Blue Fregasuelos de limpieza eficaz, secado r\u00e1pido y sin marcas que conserva el brillo natural. Utilizable en suelos y superficies lavables: vinilo, cer\u00e1mica, caucho, terrazo, m\u00e1rmol, PVC... Perfume agradable y persistente con efecto ambientador.\" \/>\n<meta property=\"og:url\" content=\"https:\/\/dermo.com\/pt\/catalogo\/limpador-de-piso-azul-f200\/\" \/>\n<meta property=\"og:site_name\" content=\"Dermo | F\u00e1brica de detergentes\" \/>\n<meta property=\"article:modified_time\" content=\"2025-05-15T14:11:45+00:00\" \/>\n<meta property=\"og:image\" content=\"https:\/\/dermo.com\/wp-content\/uploads\/2020\/02\/F200-Blue.-Fregasuelos-1.png\" \/>\n\t<meta property=\"og:image:width\" content=\"768\" \/>\n\t<meta property=\"og:image:height\" content=\"823\" \/>\n\t<meta property=\"og:image:type\" content=\"image\/png\" \/>\n<meta name=\"twitter:card\" content=\"summary_large_image\" \/>\n<meta name=\"twitter:label1\" content=\"Tempo estimado de leitura\" \/>\n\t<meta name=\"twitter:data1\" content=\"1 minuto\" \/>\n<script type=\"application\/ld+json\" class=\"yoast-schema-graph\">{\"@context\":\"https:\/\/schema.org\",\"@graph\":[{\"@type\":\"WebPage\",\"@id\":\"https:\/\/dermo.com\/catalogo\/f200-blue-fregasuelos\/\",\"url\":\"https:\/\/dermo.com\/catalogo\/f200-blue-fregasuelos\/\",\"name\":\"F-200 Blue. Fregasuelos - Dermo | F\u00e1brica de detergentes\",\"isPartOf\":{\"@id\":\"https:\/\/dermo.com\/#website\"},\"primaryImageOfPage\":{\"@id\":\"https:\/\/dermo.com\/catalogo\/f200-blue-fregasuelos\/#primaryimage\"},\"image\":{\"@id\":\"https:\/\/dermo.com\/catalogo\/f200-blue-fregasuelos\/#primaryimage\"},\"thumbnailUrl\":\"https:\/\/dermo.com\/wp-content\/uploads\/2020\/02\/F200-Blue.-Fregasuelos-1.png\",\"datePublished\":\"2020-02-28T07:36:26+00:00\",\"dateModified\":\"2025-05-15T14:11:45+00:00\",\"breadcrumb\":{\"@id\":\"https:\/\/dermo.com\/catalogo\/f200-blue-fregasuelos\/#breadcrumb\"},\"inLanguage\":\"pt-PT\",\"potentialAction\":[{\"@type\":\"ReadAction\",\"target\":[\"https:\/\/dermo.com\/catalogo\/f200-blue-fregasuelos\/\"]}]},{\"@type\":\"ImageObject\",\"inLanguage\":\"pt-PT\",\"@id\":\"https:\/\/dermo.com\/catalogo\/f200-blue-fregasuelos\/#primaryimage\",\"url\":\"https:\/\/dermo.com\/wp-content\/uploads\/2020\/02\/F200-Blue.-Fregasuelos-1.png\",\"contentUrl\":\"https:\/\/dermo.com\/wp-content\/uploads\/2020\/02\/F200-Blue.-Fregasuelos-1.png\",\"width\":768,\"height\":823},{\"@type\":\"BreadcrumbList\",\"@id\":\"https:\/\/dermo.com\/catalogo\/f200-blue-fregasuelos\/#breadcrumb\",\"itemListElement\":[{\"@type\":\"ListItem\",\"position\":1,\"name\":\"Portada\",\"item\":\"https:\/\/dermo.com\/\"},{\"@type\":\"ListItem\",\"position\":2,\"name\":\"Tienda\",\"item\":\"https:\/\/dermo.com\/tienda\/\"},{\"@type\":\"ListItem\",\"position\":3,\"name\":\"F-200 Blue. Fregasuelos\"}]},{\"@type\":\"WebSite\",\"@id\":\"https:\/\/dermo.com\/#website\",\"url\":\"https:\/\/dermo.com\/\",\"name\":\"Dermo | F\u00e1brica de detergentes\",\"description\":\"Tecnolog\u00eda avanzada, investigaci\u00f3n y desarrollo, respeto por el medio ambiente, competencia, formaci\u00f3n constante y alto nivel de profesionalidad en nuestro equipo humano, empe\u00f1ado en preservar la calidad de vida, la protecci\u00f3n del entorno natural contin\u00faan motiv\u00e1ndonos para desarrollar en nuestros laboratorios nuevos productos con ingredientes activos altamente biodegradables que hacen posible un desarrollo sostenible.\",\"potentialAction\":[{\"@type\":\"SearchAction\",\"target\":{\"@type\":\"EntryPoint\",\"urlTemplate\":\"https:\/\/dermo.com\/?s={search_term_string}\"},\"query-input\":{\"@type\":\"PropertyValueSpecification\",\"valueRequired\":true,\"valueName\":\"search_term_string\"}}],\"inLanguage\":\"pt-PT\"}]}<\/script>\n<!-- \/ Yoast SEO plugin. -->","yoast_head_json":{"title":"F-200 Azul. Limpador de piso - Dermo | f\u00e1brica de detergentes","robots":{"index":"index","follow":"follow","max-snippet":"max-snippet:-1","max-image-preview":"max-image-preview:large","max-video-preview":"max-video-preview:-1"},"canonical":"https:\/\/dermo.com\/pt\/catalogo\/limpador-de-piso-azul-f200\/","og_locale":"pt_PT","og_type":"article","og_title":"F-200 Blue. Fregasuelos - Dermo | F\u00e1brica de detergentes","og_description":"F 200 Blue Fregasuelos de limpieza eficaz, secado r\u00e1pido y sin marcas que conserva el brillo natural. Utilizable en suelos y superficies lavables: vinilo, cer\u00e1mica, caucho, terrazo, m\u00e1rmol, PVC... Perfume agradable y persistente con efecto ambientador.","og_url":"https:\/\/dermo.com\/pt\/catalogo\/limpador-de-piso-azul-f200\/","og_site_name":"Dermo | F\u00e1brica de detergentes","article_modified_time":"2025-05-15T14:11:45+00:00","og_image":[{"width":768,"height":823,"url":"https:\/\/dermo.com\/wp-content\/uploads\/2020\/02\/F200-Blue.-Fregasuelos-1.png","type":"image\/png"}],"twitter_card":"summary_large_image","twitter_misc":{"Tempo estimado de leitura":"1 minuto"},"schema":{"@context":"https:\/\/schema.org","@graph":[{"@type":"WebPage","@id":"https:\/\/dermo.com\/catalogo\/f200-blue-fregasuelos\/","url":"https:\/\/dermo.com\/catalogo\/f200-blue-fregasuelos\/","name":"F-200 Azul. Limpador de piso - Dermo | f\u00e1brica de detergentes","isPartOf":{"@id":"https:\/\/dermo.com\/#website"},"primaryImageOfPage":{"@id":"https:\/\/dermo.com\/catalogo\/f200-blue-fregasuelos\/#primaryimage"},"image":{"@id":"https:\/\/dermo.com\/catalogo\/f200-blue-fregasuelos\/#primaryimage"},"thumbnailUrl":"https:\/\/dermo.com\/wp-content\/uploads\/2020\/02\/F200-Blue.-Fregasuelos-1.png","datePublished":"2020-02-28T07:36:26+00:00","dateModified":"2025-05-15T14:11:45+00:00","breadcrumb":{"@id":"https:\/\/dermo.com\/catalogo\/f200-blue-fregasuelos\/#breadcrumb"},"inLanguage":"pt-PT","potentialAction":[{"@type":"ReadAction","target":["https:\/\/dermo.com\/catalogo\/f200-blue-fregasuelos\/"]}]},{"@type":"ImageObject","inLanguage":"pt-PT","@id":"https:\/\/dermo.com\/catalogo\/f200-blue-fregasuelos\/#primaryimage","url":"https:\/\/dermo.com\/wp-content\/uploads\/2020\/02\/F200-Blue.-Fregasuelos-1.png","contentUrl":"https:\/\/dermo.com\/wp-content\/uploads\/2020\/02\/F200-Blue.-Fregasuelos-1.png","width":768,"height":823},{"@type":"BreadcrumbList","@id":"https:\/\/dermo.com\/catalogo\/f200-blue-fregasuelos\/#breadcrumb","itemListElement":[{"@type":"ListItem","position":1,"name":"Portada","item":"https:\/\/dermo.com\/"},{"@type":"ListItem","position":2,"name":"Tienda","item":"https:\/\/dermo.com\/tienda\/"},{"@type":"ListItem","position":3,"name":"F-200 Blue. Fregasuelos"}]},{"@type":"WebSite","@id":"https:\/\/dermo.com\/#website","url":"https:\/\/dermo.com\/","name":"Dermo | f\u00e1brica de detergentes","description":"A tecnologia avan\u00e7ada, a investiga\u00e7\u00e3o e desenvolvimento, o respeito pelo ambiente, a compet\u00eancia, a forma\u00e7\u00e3o constante e o elevado n\u00edvel de profissionalismo da nossa equipa humana, comprometida com a preserva\u00e7\u00e3o da qualidade de vida, a protec\u00e7\u00e3o do ambiente natural continuam a motivar-nos a desenvolver novos produtos nos nossos laborat\u00f3rios com princ\u00edpios ativos altamente biodegrad\u00e1veis que possibilitam o desenvolvimento sustent\u00e1vel.","potentialAction":[{"@type":"SearchAction","target":{"@type":"EntryPoint","urlTemplate":"https:\/\/dermo.com\/?s={search_term_string}"},"query-input":{"@type":"PropertyValueSpecification","valueRequired":true,"valueName":"search_term_string"}}],"inLanguage":"pt-PT"}]}},"_links":{"self":[{"href":"https:\/\/dermo.com\/pt\/wp-json\/wp\/v2\/product\/2887","targetHints":{"allow":["GET"]}}],"collection":[{"href":"https:\/\/dermo.com\/pt\/wp-json\/wp\/v2\/product"}],"about":[{"href":"https:\/\/dermo.com\/pt\/wp-json\/wp\/v2\/types\/product"}],"wp:featuredmedia":[{"embeddable":true,"href":"https:\/\/dermo.com\/pt\/wp-json\/wp\/v2\/media\/4220"}],"wp:attachment":[{"href":"https:\/\/dermo.com\/pt\/wp-json\/wp\/v2\/media?parent=2887"}],"wp:term":[{"taxonomy":"product_brand","embeddable":true,"href":"https:\/\/dermo.com\/pt\/wp-json\/wp\/v2\/product_brand?post=2887"},{"taxonomy":"product_cat","embeddable":true,"href":"https:\/\/dermo.com\/pt\/wp-json\/wp\/v2\/product_cat?post=2887"},{"taxonomy":"product_tag","embeddable":true,"href":"https:\/\/dermo.com\/pt\/wp-json\/wp\/v2\/product_tag?post=2887"}],"curies":[{"name":"wp","href":"https:\/\/api.w.org\/{rel}","templated":true}]}}