{"id":2914,"date":"2020-11-03T10:33:14","date_gmt":"2020-11-03T10:33:14","guid":{"rendered":"https:\/\/dermo.ultbit.com\/producto\/fial-fregadoras-lemon\/"},"modified":"2025-05-15T16:40:06","modified_gmt":"2025-05-15T14:40:06","slug":"fial-purificadores-limao","status":"publish","type":"product","link":"https:\/\/dermo.com\/pt\/catalogo\/fial-purificadores-limao\/","title":{"rendered":"Purificadores de Lemon Fial"},"content":{"rendered":"<p><strong>MODO DE EMPREGO:<\/strong><br \/>\nSeguir as instru\u00e7\u00f5es do fabricante da m\u00e1quina ou, em caso de defeito, dispensar 1 a 3% do produto dependendo da sujeira a ser removida.<\/p>\n<p class=\"Estndar\"><strong><span lang=\"es\" xml:lang=\"es\">CARACTER\u00cdSTICAS T\u00c9CNICAS:<\/span>CARACTER\u00cdSTICAS T\u00c9CNICAS:<\/strong><br \/>\nAspecto: L\u00edquido.<br \/>\nCor: Amarelo.<br \/>\nCheiro: Lim\u00e3o.<br \/>\npH puro: 13-14.<br \/>\nDensidade: 1,02-1,04 g\/cc<\/p>\n<p><strong>COMPOSI\u00c7\u00c3O:<\/strong><br \/>\nTensoativos anfot\u00e9ricos, conservantes, corantes e perfumes.<\/p>\n<p><strong>PRESENTA\u00c7\u00c3O:<\/strong><br \/>\nJerrican pl\u00e1stico<\/p>\n<table>\n<tbody>\n<tr>\n<td>FORMATO<\/td>\n<td>\u00a0 \u00a0 \u00a0 \u00a010kg<\/td>\n<\/tr>\n<tr>\n<td>C\u00d3DIGO<\/td>\n<td>\u00a0 \u00a0014FFP10<\/td>\n<\/tr>\n<\/tbody>\n<\/table>","protected":false},"excerpt":{"rendered":"<p>Limpador de pisos perfumado, sem espuma, especialmente desenvolvido para uso em lavadoras autom\u00e1ticas de pisos.<\/p>","protected":false},"featured_media":5051,"template":"","meta":{"neve_meta_sidebar":"","neve_meta_container":"","neve_meta_enable_content_width":"off","neve_meta_content_width":100,"neve_meta_title_alignment":"","neve_meta_author_avatar":"","neve_post_elements_order":"","neve_meta_disable_header":"","neve_meta_disable_footer":"","neve_meta_disable_title":""},"product_brand":[],"product_cat":[381],"product_tag":[],"class_list":{"0":"post-2914","1":"product","2":"type-product","3":"status-publish","4":"has-post-thumbnail","6":"product_cat-tratamiento-de-suelos","8":"first","9":"instock","10":"shipping-taxable","11":"product-type-simple"},"yoast_head":"<!-- This site is optimized with the Yoast SEO plugin v27.0 - https:\/\/yoast.com\/product\/yoast-seo-wordpress\/ -->\n<title>Fial Fregadoras Lemon - Dermo | F\u00e1brica de detergentes<\/title>\n<meta name=\"robots\" content=\"index, follow, max-snippet:-1, max-image-preview:large, max-video-preview:-1\" \/>\n<link rel=\"canonical\" href=\"https:\/\/dermo.com\/pt\/catalogo\/fial-purificadores-limao\/\" \/>\n<meta property=\"og:locale\" content=\"pt_PT\" \/>\n<meta property=\"og:type\" content=\"article\" \/>\n<meta property=\"og:title\" content=\"Fial Fregadoras Lemon - Dermo | F\u00e1brica de detergentes\" \/>\n<meta property=\"og:description\" content=\"Fregasuelos perfumado sin espuma concebido especialmente para su utilizaci\u00f3n en fregadora autom\u00e1tica.\" \/>\n<meta property=\"og:url\" content=\"https:\/\/dermo.com\/pt\/catalogo\/fial-purificadores-limao\/\" \/>\n<meta property=\"og:site_name\" content=\"Dermo | F\u00e1brica de detergentes\" \/>\n<meta property=\"article:modified_time\" content=\"2025-05-15T14:40:06+00:00\" \/>\n<meta property=\"og:image\" content=\"https:\/\/dermo.com\/wp-content\/uploads\/2020\/11\/Dermobril.-Limpiador-abrillantador.jpg-1.png\" \/>\n\t<meta property=\"og:image:width\" content=\"547\" \/>\n\t<meta property=\"og:image:height\" content=\"547\" \/>\n\t<meta property=\"og:image:type\" content=\"image\/png\" \/>\n<meta name=\"twitter:card\" content=\"summary_large_image\" \/>\n<meta name=\"twitter:label1\" content=\"Tempo estimado de leitura\" \/>\n\t<meta name=\"twitter:data1\" content=\"1 minuto\" \/>\n<script type=\"application\/ld+json\" class=\"yoast-schema-graph\">{\"@context\":\"https:\/\/schema.org\",\"@graph\":[{\"@type\":\"WebPage\",\"@id\":\"https:\/\/dermo.com\/catalogo\/fial-fregadoras-lemon\/\",\"url\":\"https:\/\/dermo.com\/catalogo\/fial-fregadoras-lemon\/\",\"name\":\"Fial Fregadoras Lemon - Dermo | F\u00e1brica de detergentes\",\"isPartOf\":{\"@id\":\"https:\/\/dermo.com\/#website\"},\"primaryImageOfPage\":{\"@id\":\"https:\/\/dermo.com\/catalogo\/fial-fregadoras-lemon\/#primaryimage\"},\"image\":{\"@id\":\"https:\/\/dermo.com\/catalogo\/fial-fregadoras-lemon\/#primaryimage\"},\"thumbnailUrl\":\"https:\/\/dermo.com\/wp-content\/uploads\/2020\/11\/Dermobril.-Limpiador-abrillantador.jpg-1.png\",\"datePublished\":\"2020-11-03T10:33:14+00:00\",\"dateModified\":\"2025-05-15T14:40:06+00:00\",\"breadcrumb\":{\"@id\":\"https:\/\/dermo.com\/catalogo\/fial-fregadoras-lemon\/#breadcrumb\"},\"inLanguage\":\"pt-PT\",\"potentialAction\":[{\"@type\":\"ReadAction\",\"target\":[\"https:\/\/dermo.com\/catalogo\/fial-fregadoras-lemon\/\"]}]},{\"@type\":\"ImageObject\",\"inLanguage\":\"pt-PT\",\"@id\":\"https:\/\/dermo.com\/catalogo\/fial-fregadoras-lemon\/#primaryimage\",\"url\":\"https:\/\/dermo.com\/wp-content\/uploads\/2020\/11\/Dermobril.-Limpiador-abrillantador.jpg-1.png\",\"contentUrl\":\"https:\/\/dermo.com\/wp-content\/uploads\/2020\/11\/Dermobril.-Limpiador-abrillantador.jpg-1.png\",\"width\":547,\"height\":547},{\"@type\":\"BreadcrumbList\",\"@id\":\"https:\/\/dermo.com\/catalogo\/fial-fregadoras-lemon\/#breadcrumb\",\"itemListElement\":[{\"@type\":\"ListItem\",\"position\":1,\"name\":\"Portada\",\"item\":\"https:\/\/dermo.com\/\"},{\"@type\":\"ListItem\",\"position\":2,\"name\":\"Tienda\",\"item\":\"https:\/\/dermo.com\/tienda\/\"},{\"@type\":\"ListItem\",\"position\":3,\"name\":\"Fial Fregadoras Lemon\"}]},{\"@type\":\"WebSite\",\"@id\":\"https:\/\/dermo.com\/#website\",\"url\":\"https:\/\/dermo.com\/\",\"name\":\"Dermo | F\u00e1brica de detergentes\",\"description\":\"Tecnolog\u00eda avanzada, investigaci\u00f3n y desarrollo, respeto por el medio ambiente, competencia, formaci\u00f3n constante y alto nivel de profesionalidad en nuestro equipo humano, empe\u00f1ado en preservar la calidad de vida, la protecci\u00f3n del entorno natural contin\u00faan motiv\u00e1ndonos para desarrollar en nuestros laboratorios nuevos productos con ingredientes activos altamente biodegradables que hacen posible un desarrollo sostenible.\",\"potentialAction\":[{\"@type\":\"SearchAction\",\"target\":{\"@type\":\"EntryPoint\",\"urlTemplate\":\"https:\/\/dermo.com\/?s={search_term_string}\"},\"query-input\":{\"@type\":\"PropertyValueSpecification\",\"valueRequired\":true,\"valueName\":\"search_term_string\"}}],\"inLanguage\":\"pt-PT\"}]}<\/script>\n<!-- \/ Yoast SEO plugin. -->","yoast_head_json":{"title":"Esfoliante Lim\u00e3o Fial - Dermo | f\u00e1brica de detergentes","robots":{"index":"index","follow":"follow","max-snippet":"max-snippet:-1","max-image-preview":"max-image-preview:large","max-video-preview":"max-video-preview:-1"},"canonical":"https:\/\/dermo.com\/pt\/catalogo\/fial-purificadores-limao\/","og_locale":"pt_PT","og_type":"article","og_title":"Fial Fregadoras Lemon - Dermo | F\u00e1brica de detergentes","og_description":"Fregasuelos perfumado sin espuma concebido especialmente para su utilizaci\u00f3n en fregadora autom\u00e1tica.","og_url":"https:\/\/dermo.com\/pt\/catalogo\/fial-purificadores-limao\/","og_site_name":"Dermo | F\u00e1brica de detergentes","article_modified_time":"2025-05-15T14:40:06+00:00","og_image":[{"width":547,"height":547,"url":"https:\/\/dermo.com\/wp-content\/uploads\/2020\/11\/Dermobril.-Limpiador-abrillantador.jpg-1.png","type":"image\/png"}],"twitter_card":"summary_large_image","twitter_misc":{"Tempo estimado de leitura":"1 minuto"},"schema":{"@context":"https:\/\/schema.org","@graph":[{"@type":"WebPage","@id":"https:\/\/dermo.com\/catalogo\/fial-fregadoras-lemon\/","url":"https:\/\/dermo.com\/catalogo\/fial-fregadoras-lemon\/","name":"Esfoliante Lim\u00e3o Fial - Dermo | f\u00e1brica de detergentes","isPartOf":{"@id":"https:\/\/dermo.com\/#website"},"primaryImageOfPage":{"@id":"https:\/\/dermo.com\/catalogo\/fial-fregadoras-lemon\/#primaryimage"},"image":{"@id":"https:\/\/dermo.com\/catalogo\/fial-fregadoras-lemon\/#primaryimage"},"thumbnailUrl":"https:\/\/dermo.com\/wp-content\/uploads\/2020\/11\/Dermobril.-Limpiador-abrillantador.jpg-1.png","datePublished":"2020-11-03T10:33:14+00:00","dateModified":"2025-05-15T14:40:06+00:00","breadcrumb":{"@id":"https:\/\/dermo.com\/catalogo\/fial-fregadoras-lemon\/#breadcrumb"},"inLanguage":"pt-PT","potentialAction":[{"@type":"ReadAction","target":["https:\/\/dermo.com\/catalogo\/fial-fregadoras-lemon\/"]}]},{"@type":"ImageObject","inLanguage":"pt-PT","@id":"https:\/\/dermo.com\/catalogo\/fial-fregadoras-lemon\/#primaryimage","url":"https:\/\/dermo.com\/wp-content\/uploads\/2020\/11\/Dermobril.-Limpiador-abrillantador.jpg-1.png","contentUrl":"https:\/\/dermo.com\/wp-content\/uploads\/2020\/11\/Dermobril.-Limpiador-abrillantador.jpg-1.png","width":547,"height":547},{"@type":"BreadcrumbList","@id":"https:\/\/dermo.com\/catalogo\/fial-fregadoras-lemon\/#breadcrumb","itemListElement":[{"@type":"ListItem","position":1,"name":"Portada","item":"https:\/\/dermo.com\/"},{"@type":"ListItem","position":2,"name":"Tienda","item":"https:\/\/dermo.com\/tienda\/"},{"@type":"ListItem","position":3,"name":"Fial Fregadoras Lemon"}]},{"@type":"WebSite","@id":"https:\/\/dermo.com\/#website","url":"https:\/\/dermo.com\/","name":"Dermo | f\u00e1brica de detergentes","description":"A tecnologia avan\u00e7ada, a investiga\u00e7\u00e3o e desenvolvimento, o respeito pelo ambiente, a compet\u00eancia, a forma\u00e7\u00e3o constante e o elevado n\u00edvel de profissionalismo da nossa equipa humana, comprometida com a preserva\u00e7\u00e3o da qualidade de vida, a protec\u00e7\u00e3o do ambiente natural continuam a motivar-nos a desenvolver novos produtos nos nossos laborat\u00f3rios com princ\u00edpios ativos altamente biodegrad\u00e1veis que possibilitam o desenvolvimento sustent\u00e1vel.","potentialAction":[{"@type":"SearchAction","target":{"@type":"EntryPoint","urlTemplate":"https:\/\/dermo.com\/?s={search_term_string}"},"query-input":{"@type":"PropertyValueSpecification","valueRequired":true,"valueName":"search_term_string"}}],"inLanguage":"pt-PT"}]}},"_links":{"self":[{"href":"https:\/\/dermo.com\/pt\/wp-json\/wp\/v2\/product\/2914","targetHints":{"allow":["GET"]}}],"collection":[{"href":"https:\/\/dermo.com\/pt\/wp-json\/wp\/v2\/product"}],"about":[{"href":"https:\/\/dermo.com\/pt\/wp-json\/wp\/v2\/types\/product"}],"wp:featuredmedia":[{"embeddable":true,"href":"https:\/\/dermo.com\/pt\/wp-json\/wp\/v2\/media\/5051"}],"wp:attachment":[{"href":"https:\/\/dermo.com\/pt\/wp-json\/wp\/v2\/media?parent=2914"}],"wp:term":[{"taxonomy":"product_brand","embeddable":true,"href":"https:\/\/dermo.com\/pt\/wp-json\/wp\/v2\/product_brand?post=2914"},{"taxonomy":"product_cat","embeddable":true,"href":"https:\/\/dermo.com\/pt\/wp-json\/wp\/v2\/product_cat?post=2914"},{"taxonomy":"product_tag","embeddable":true,"href":"https:\/\/dermo.com\/pt\/wp-json\/wp\/v2\/product_tag?post=2914"}],"curies":[{"name":"wp","href":"https:\/\/api.w.org\/{rel}","templated":true}]}}