{"id":2924,"date":"2021-03-25T08:12:59","date_gmt":"2021-03-25T08:12:59","guid":{"rendered":"https:\/\/dermo.ultbit.com\/producto\/dl-21-viricide-2\/"},"modified":"2024-11-21T09:33:30","modified_gmt":"2024-11-21T08:33:30","slug":"dl-21-viricida-2","status":"publish","type":"product","link":"https:\/\/dermo.com\/pt\/catalogo\/dl-21-viricida-2\/","title":{"rendered":"DL 21 VIRICIDA"},"content":{"rendered":"<p><span class=\"cs9b40b68f1\">Use biocidas com seguran\u00e7a. Leia sempre o r\u00f3tulo e as informa\u00e7\u00f5es do biocida antes de us\u00e1-lo.<\/span><span class=\"csb59941d21\">\u201d cumprindo sempre o regulamento (CE) n.\u00ba 1278\/2008.<\/span><\/p>\n<p><strong>MODO DE EMPREGO:<\/strong><br \/>\nAntes de usar o produto, leia atentamente o r\u00f3tulo. N\u00e3o aplique em alimentos ou utens\u00edlios de cozinha. Utilizar puro e aplicar por pulveriza\u00e7\u00e3o (aprox. 20 cm de dist\u00e2ncia), imers\u00e3o, pano ou esfregona. Deixe agir por pelo menos 5 minutos, passe um esfreg\u00e3o, pano ou papel para retirar qualquer sujeira ou contamina\u00e7\u00e3o restante at\u00e9 secar. Superf\u00edcies tratadas ou expostas que estar\u00e3o em contato com pessoas, alimentos ou ra\u00e7\u00f5es devem ser enxaguadas com \u00e1gua pot\u00e1vel. Evite o contato com superf\u00edcies tratadas ou expostas. Antes de aplicar o produto deve ser realizada uma limpeza completa. Ventile-se adequadamente ap\u00f3s realizar o tratamento de desinfec\u00e7\u00e3o. N\u00e3o misture com outros produtos qu\u00edmicos. Incompat\u00edvel com mat\u00e9ria org\u00e2nica, detergentes ani\u00f4nicos, derivados de am\u00f4nia e hipocloritos, cromo, chumbo, alum\u00ednio, estanho, zinco e suas ligas (bronze, lat\u00e3o, etc.). Deve ser realizado um teste antes do tratamento para verificar a compatibilidade do produto com os materiais. N\u00e3o lan\u00e7ar em terreno n\u00e3o pavimentado ou em cursos de \u00e1gua. Mantenha o produto em sua embalagem original e n\u00e3o reutilize a embalagem. Recipientes vazios, restos de produtos e outros res\u00edduos gerados durante a aplica\u00e7\u00e3o s\u00e3o considerados res\u00edduos perigosos. Descarte esses res\u00edduos de acordo com as normas vigentes.<\/p>\n<p><strong>CARACTER\u00cdSTICAS T\u00c9CNICAS<\/strong><br \/>\nApar\u00eancia: L\u00edquido leve.<br \/>\nCor: Azul.<br \/>\nCheiro: Perfume.<br \/>\npH puro: 8,5-9,5<br \/>\nDensidade: 0,98 0,2 g\/cc<\/p>\n<p><strong>COMPOSI\u00c7\u00c3O<\/strong><br \/>\nIsopropanol (10&#039;30%), cloreto de didecildimetilam\u00f4nio (1&#039;00%), excipientes (csp 100%)<\/p>\n<p><strong>PRESENTA\u00c7\u00c3O:<\/strong><\/p>\n<table width=\"620\">\n<tbody>\n<tr>\n<td width=\"220\">FORMATO<\/td>\n<td width=\"200\">Caixas de 12 x 1 L<\/td>\n<\/tr>\n<tr>\n<td width=\"220\">C\u00d3DIGO<\/td>\n<td width=\"200\">005DV101<\/td>\n<\/tr>\n<\/tbody>\n<\/table>","protected":false},"excerpt":{"rendered":"<h3>DL 21 VIRICIDA<\/h3>\n<p>Limpador desinfetante pronto para uso\u00a0<strong>inclu\u00eddo na lista de viricidas autorizados do Minist\u00e9rio da Sa\u00fade.\u00a0<\/strong>Especialmente recomendado para:<\/p>\n<p>\u2013 Bancadas, utens\u00edlios de cozinha, eletrodom\u00e9sticos, latas de lixo, etc.<\/p>\n<p>\u2013 Superf\u00edcies de banheiro e toalete.<\/p>\n<p>\u2013 Todos os tipos de objetos e superf\u00edcies da casa, incluindo m\u00f3veis.<\/p>","protected":false},"featured_media":3827,"template":"","meta":{"neve_meta_sidebar":"","neve_meta_container":"","neve_meta_enable_content_width":"off","neve_meta_content_width":100,"neve_meta_title_alignment":"","neve_meta_author_avatar":"","neve_post_elements_order":"","neve_meta_disable_header":"","neve_meta_disable_footer":"","neve_meta_disable_title":""},"product_brand":[],"product_cat":[379,1095],"product_tag":[],"class_list":{"0":"post-2924","1":"product","2":"type-product","3":"status-publish","4":"has-post-thumbnail","6":"product_cat-desinfectantes","7":"product_cat-escuelas-sectores","9":"first","10":"instock","11":"shipping-taxable","12":"product-type-simple"},"yoast_head":"<!-- This site is optimized with the Yoast SEO plugin v27.0 - https:\/\/yoast.com\/product\/yoast-seo-wordpress\/ -->\n<title>DL 21 VIRICIDE - Dermo | F\u00e1brica de detergentes<\/title>\n<meta name=\"robots\" content=\"index, follow, max-snippet:-1, max-image-preview:large, max-video-preview:-1\" \/>\n<link rel=\"canonical\" href=\"https:\/\/dermo.com\/pt\/catalogo\/dl-21-viricida-2\/\" \/>\n<meta property=\"og:locale\" content=\"pt_PT\" \/>\n<meta property=\"og:type\" content=\"article\" \/>\n<meta property=\"og:title\" content=\"DL 21 VIRICIDE - Dermo | F\u00e1brica de detergentes\" \/>\n<meta property=\"og:description\" content=\"DL 21 VIRICIDE Limpiador desinfectante listo al uso\u00a0incluido en el listado de viricidas autorizados del Ministerio de Sanidad.\u00a0Especialmente recomendado para:  -\u00a0 Encimeras, utensilios de cocina, electrodom\u00e9sticos, cubos de basura, etc.  -\u00a0 Superficies de ba\u00f1os y aseos.  -\u00a0 Todo tipo de objetos y superficies en el hogar incluido el mobiliario.\" \/>\n<meta property=\"og:url\" content=\"https:\/\/dermo.com\/pt\/catalogo\/dl-21-viricida-2\/\" \/>\n<meta property=\"og:site_name\" content=\"Dermo | F\u00e1brica de detergentes\" \/>\n<meta property=\"article:modified_time\" content=\"2024-11-21T08:33:30+00:00\" \/>\n<meta property=\"og:image\" content=\"https:\/\/dermo.com\/wp-content\/uploads\/2021\/03\/1.png\" \/>\n\t<meta property=\"og:image:width\" content=\"547\" \/>\n\t<meta property=\"og:image:height\" content=\"547\" \/>\n\t<meta property=\"og:image:type\" content=\"image\/png\" \/>\n<meta name=\"twitter:card\" content=\"summary_large_image\" \/>\n<meta name=\"twitter:label1\" content=\"Tempo estimado de leitura\" \/>\n\t<meta name=\"twitter:data1\" content=\"2 minutos\" \/>\n<script type=\"application\/ld+json\" class=\"yoast-schema-graph\">{\"@context\":\"https:\/\/schema.org\",\"@graph\":[{\"@type\":\"WebPage\",\"@id\":\"https:\/\/dermo.com\/catalogo\/dl-21-viricide-2\/\",\"url\":\"https:\/\/dermo.com\/catalogo\/dl-21-viricide-2\/\",\"name\":\"DL 21 VIRICIDE - Dermo | F\u00e1brica de detergentes\",\"isPartOf\":{\"@id\":\"https:\/\/dermo.com\/#website\"},\"primaryImageOfPage\":{\"@id\":\"https:\/\/dermo.com\/catalogo\/dl-21-viricide-2\/#primaryimage\"},\"image\":{\"@id\":\"https:\/\/dermo.com\/catalogo\/dl-21-viricide-2\/#primaryimage\"},\"thumbnailUrl\":\"https:\/\/dermo.com\/wp-content\/uploads\/2021\/03\/1.png\",\"datePublished\":\"2021-03-25T08:12:59+00:00\",\"dateModified\":\"2024-11-21T08:33:30+00:00\",\"breadcrumb\":{\"@id\":\"https:\/\/dermo.com\/catalogo\/dl-21-viricide-2\/#breadcrumb\"},\"inLanguage\":\"pt-PT\",\"potentialAction\":[{\"@type\":\"ReadAction\",\"target\":[\"https:\/\/dermo.com\/catalogo\/dl-21-viricide-2\/\"]}]},{\"@type\":\"ImageObject\",\"inLanguage\":\"pt-PT\",\"@id\":\"https:\/\/dermo.com\/catalogo\/dl-21-viricide-2\/#primaryimage\",\"url\":\"https:\/\/dermo.com\/wp-content\/uploads\/2021\/03\/1.png\",\"contentUrl\":\"https:\/\/dermo.com\/wp-content\/uploads\/2021\/03\/1.png\",\"width\":547,\"height\":547},{\"@type\":\"BreadcrumbList\",\"@id\":\"https:\/\/dermo.com\/catalogo\/dl-21-viricide-2\/#breadcrumb\",\"itemListElement\":[{\"@type\":\"ListItem\",\"position\":1,\"name\":\"Portada\",\"item\":\"https:\/\/dermo.com\/\"},{\"@type\":\"ListItem\",\"position\":2,\"name\":\"Tienda\",\"item\":\"https:\/\/dermo.com\/tienda\/\"},{\"@type\":\"ListItem\",\"position\":3,\"name\":\"DL 21 VIRICIDE\"}]},{\"@type\":\"WebSite\",\"@id\":\"https:\/\/dermo.com\/#website\",\"url\":\"https:\/\/dermo.com\/\",\"name\":\"Dermo | F\u00e1brica de detergentes\",\"description\":\"Tecnolog\u00eda avanzada, investigaci\u00f3n y desarrollo, respeto por el medio ambiente, competencia, formaci\u00f3n constante y alto nivel de profesionalidad en nuestro equipo humano, empe\u00f1ado en preservar la calidad de vida, la protecci\u00f3n del entorno natural contin\u00faan motiv\u00e1ndonos para desarrollar en nuestros laboratorios nuevos productos con ingredientes activos altamente biodegradables que hacen posible un desarrollo sostenible.\",\"potentialAction\":[{\"@type\":\"SearchAction\",\"target\":{\"@type\":\"EntryPoint\",\"urlTemplate\":\"https:\/\/dermo.com\/?s={search_term_string}\"},\"query-input\":{\"@type\":\"PropertyValueSpecification\",\"valueRequired\":true,\"valueName\":\"search_term_string\"}}],\"inLanguage\":\"pt-PT\"}]}<\/script>\n<!-- \/ Yoast SEO plugin. -->","yoast_head_json":{"title":"DL 21 VIRICIDA - Dermo | f\u00e1brica de detergentes","robots":{"index":"index","follow":"follow","max-snippet":"max-snippet:-1","max-image-preview":"max-image-preview:large","max-video-preview":"max-video-preview:-1"},"canonical":"https:\/\/dermo.com\/pt\/catalogo\/dl-21-viricida-2\/","og_locale":"pt_PT","og_type":"article","og_title":"DL 21 VIRICIDE - Dermo | F\u00e1brica de detergentes","og_description":"DL 21 VIRICIDE Limpiador desinfectante listo al uso\u00a0incluido en el listado de viricidas autorizados del Ministerio de Sanidad.\u00a0Especialmente recomendado para:  -\u00a0 Encimeras, utensilios de cocina, electrodom\u00e9sticos, cubos de basura, etc.  -\u00a0 Superficies de ba\u00f1os y aseos.  -\u00a0 Todo tipo de objetos y superficies en el hogar incluido el mobiliario.","og_url":"https:\/\/dermo.com\/pt\/catalogo\/dl-21-viricida-2\/","og_site_name":"Dermo | F\u00e1brica de detergentes","article_modified_time":"2024-11-21T08:33:30+00:00","og_image":[{"width":547,"height":547,"url":"https:\/\/dermo.com\/wp-content\/uploads\/2021\/03\/1.png","type":"image\/png"}],"twitter_card":"summary_large_image","twitter_misc":{"Tempo estimado de leitura":"2 minutos"},"schema":{"@context":"https:\/\/schema.org","@graph":[{"@type":"WebPage","@id":"https:\/\/dermo.com\/catalogo\/dl-21-viricide-2\/","url":"https:\/\/dermo.com\/catalogo\/dl-21-viricide-2\/","name":"DL 21 VIRICIDA - Dermo | f\u00e1brica de detergentes","isPartOf":{"@id":"https:\/\/dermo.com\/#website"},"primaryImageOfPage":{"@id":"https:\/\/dermo.com\/catalogo\/dl-21-viricide-2\/#primaryimage"},"image":{"@id":"https:\/\/dermo.com\/catalogo\/dl-21-viricide-2\/#primaryimage"},"thumbnailUrl":"https:\/\/dermo.com\/wp-content\/uploads\/2021\/03\/1.png","datePublished":"2021-03-25T08:12:59+00:00","dateModified":"2024-11-21T08:33:30+00:00","breadcrumb":{"@id":"https:\/\/dermo.com\/catalogo\/dl-21-viricide-2\/#breadcrumb"},"inLanguage":"pt-PT","potentialAction":[{"@type":"ReadAction","target":["https:\/\/dermo.com\/catalogo\/dl-21-viricide-2\/"]}]},{"@type":"ImageObject","inLanguage":"pt-PT","@id":"https:\/\/dermo.com\/catalogo\/dl-21-viricide-2\/#primaryimage","url":"https:\/\/dermo.com\/wp-content\/uploads\/2021\/03\/1.png","contentUrl":"https:\/\/dermo.com\/wp-content\/uploads\/2021\/03\/1.png","width":547,"height":547},{"@type":"BreadcrumbList","@id":"https:\/\/dermo.com\/catalogo\/dl-21-viricide-2\/#breadcrumb","itemListElement":[{"@type":"ListItem","position":1,"name":"Portada","item":"https:\/\/dermo.com\/"},{"@type":"ListItem","position":2,"name":"Tienda","item":"https:\/\/dermo.com\/tienda\/"},{"@type":"ListItem","position":3,"name":"DL 21 VIRICIDE"}]},{"@type":"WebSite","@id":"https:\/\/dermo.com\/#website","url":"https:\/\/dermo.com\/","name":"Dermo | f\u00e1brica de detergentes","description":"A tecnologia avan\u00e7ada, a investiga\u00e7\u00e3o e desenvolvimento, o respeito pelo ambiente, a compet\u00eancia, a forma\u00e7\u00e3o constante e o elevado n\u00edvel de profissionalismo da nossa equipa humana, comprometida com a preserva\u00e7\u00e3o da qualidade de vida, a protec\u00e7\u00e3o do ambiente natural continuam a motivar-nos a desenvolver novos produtos nos nossos laborat\u00f3rios com princ\u00edpios ativos altamente biodegrad\u00e1veis que possibilitam o desenvolvimento sustent\u00e1vel.","potentialAction":[{"@type":"SearchAction","target":{"@type":"EntryPoint","urlTemplate":"https:\/\/dermo.com\/?s={search_term_string}"},"query-input":{"@type":"PropertyValueSpecification","valueRequired":true,"valueName":"search_term_string"}}],"inLanguage":"pt-PT"}]}},"_links":{"self":[{"href":"https:\/\/dermo.com\/pt\/wp-json\/wp\/v2\/product\/2924","targetHints":{"allow":["GET"]}}],"collection":[{"href":"https:\/\/dermo.com\/pt\/wp-json\/wp\/v2\/product"}],"about":[{"href":"https:\/\/dermo.com\/pt\/wp-json\/wp\/v2\/types\/product"}],"wp:featuredmedia":[{"embeddable":true,"href":"https:\/\/dermo.com\/pt\/wp-json\/wp\/v2\/media\/3827"}],"wp:attachment":[{"href":"https:\/\/dermo.com\/pt\/wp-json\/wp\/v2\/media?parent=2924"}],"wp:term":[{"taxonomy":"product_brand","embeddable":true,"href":"https:\/\/dermo.com\/pt\/wp-json\/wp\/v2\/product_brand?post=2924"},{"taxonomy":"product_cat","embeddable":true,"href":"https:\/\/dermo.com\/pt\/wp-json\/wp\/v2\/product_cat?post=2924"},{"taxonomy":"product_tag","embeddable":true,"href":"https:\/\/dermo.com\/pt\/wp-json\/wp\/v2\/product_tag?post=2924"}],"curies":[{"name":"wp","href":"https:\/\/api.w.org\/{rel}","templated":true}]}}